{"id":54214,"date":"2026-01-28T10:16:42","date_gmt":"2026-01-28T09:16:42","guid":{"rendered":"https:\/\/librairie7l.com\/?post_type=product&#038;p=54214"},"modified":"2026-04-21T02:16:16","modified_gmt":"2026-04-21T00:16:16","slug":"elegantly-wasted-2","status":"publish","type":"product","link":"https:\/\/librairie7l.com\/en\/produit\/elegantly-wasted-2\/","title":{"rendered":"ELEGANTLY WASTED"},"content":{"rendered":"<p>\u00ab Danses-y \u00bb ou \u00ab viens voir et laisse-toi aller \u00bb, \u00ab Ton cerveau a un besoin urgent de vacances \u00bb, peut-on lire sur les flyers du Ritter Butzke avec comme r\u00e9sultat \u00e9vident \u00ab de l&#8217;euphorie \u00e0 l&#8217;\u00e9puisement \u00bb. Le club a \u00e9t\u00e9 cr\u00e9\u00e9 par Johann von Jena et plusieurs amis en 2006, lorsqu&#8217;en cherchant un espace temporaire o\u00f9 faire la f\u00eate, ils sont tomb\u00e9s sur le terrain abandonn\u00e9 de l&#8217;usine Aqua Butzke Werke dans la Ritterstra\u00dfe, \u00e0 Kreuzberg. L&#8217;\u00e9tablissement a fonctionn\u00e9 ill\u00e9galement de mars 2007 \u00e0 janvier 2009, il a \u00e9t\u00e9 ferm\u00e9 par les autorit\u00e9s et a r\u00e9-ouvert l\u00e9galement en 2010. \u00ab C&#8217;\u00e9tait sans doute le plus grand club clandestin du monde&#8230; Je pensais alors d\u00e9j\u00e0 que nous vivions les plus beaux moments de notre vie avec cet immense speakeasy &#8211; sans bureaucratie, ni comptabilit\u00e9, r\u00e8glements et plans de personnel. Je m&#8217;inqui\u00e9tais \u00e0 l&#8217;id\u00e9e que le plaisir, qui allait de pair avec la libert\u00e9, dispara\u00eetrait assez rapidement. \u00bb Cela n&#8217;a nullement \u00e9t\u00e9 le cas car dans les ann\u00e9es 2010, Berlin est consid\u00e9r\u00e9e \u00ab comme la ville qui a r\u00e9invent\u00e9 la culture de la f\u00eate du 21\u00e8me si\u00e8cle \u00bb, selon les mots de Max Dax dans son interview avec Johannes von Jena et Ben de Biel. Ce dernier est l&#8217;auteur des s\u00e9ries de photos de l&#8217;ouvrage, il a photographi\u00e9 au Ritter Butzke depuis ses d\u00e9buts. La pratique \u00e9tait alors r\u00e9prouv\u00e9e par les clubs, mais aussi r\u00e9ellement interdite car ils passaient aux yeux de tous pour des \u00ab espaces prot\u00e9g\u00e9s \u00bb. Mais avec Ben de Biel, le fondateur du club l\u00e9gendaire Maria \u00e0 Ostbahnhof, cette sc\u00e8ne est immortalis\u00e9e avec tout ce qui y est profond\u00e9ment enracin\u00e9. Il a d&#8217;abord photographi\u00e9 dans les ann\u00e9es 1990 le monde des squatteurs de Friedrichshain, puis \u00ab 10 ans plus tard, mes courses nocturnes en taxi du Club Maria \u00e0 chez moi. C&#8217;est au Ritter Butzke que j&#8217;ai commenc\u00e9 \u00e0 photographier la typologie des f\u00eates elles-m\u00eames, car c&#8217;est pour la culture des clubs que j&#8217;\u00e9tais venu \u00e0 Berlin il y a plus de 35 ans. Je savais aussi que personne avant moi n&#8217;avait autant photographi\u00e9 les clubs berlinois et j&#8217;ai un appareil-photo, mais surtout je dispose d&#8217;un acc\u00e8s tr\u00e8s personnel&#8230; Je savais que la culture des clubs est une partie essentielle de Berlin. Depuis que Heiko Hoffmann, le r\u00e9dacteur en chef de \u00ab Groove \u00bb a organis\u00e9 en 2019 chez C\/O Berlin l&#8217;exposition \u00ab Pas de photos sur la piste de danse \u00bb, raconte Ben de Biel, \u00ab le dernier des visiteurs a compris comme il existe peu de photos des d\u00e9buts, du premier WMF, du premier Tresor, du Mauerloch et de tous les autres clubs qui ont exist\u00e9 peu apr\u00e8s la chute du Mur. \u00bb<\/p>\n","protected":false},"excerpt":{"rendered":"<p>\u00ab Danses-y \u00bb ou \u00ab viens voir et laisse-toi aller \u00bb, \u00ab Ton cerveau a un besoin urgent de vacances \u00bb, peut-on lire sur les flyers du Ritter Butzke avec comme r\u00e9sultat \u00e9vident \u00ab de l&#8217;euphorie \u00e0 l&#8217;\u00e9puisement \u00bb. Le club a \u00e9t\u00e9 cr\u00e9\u00e9 par Johann von Jena et plusieurs amis en 2006, lorsqu&#8217;en cherchant [&hellip;]<\/p>\n","protected":false},"featured_media":54212,"template":"","meta":[],"product_cat":[2948],"product_tag":[],"acf":[],"yoast_head":"<!-- This site is optimized with the Yoast SEO plugin v20.11 - https:\/\/yoast.com\/wordpress\/plugins\/seo\/ -->\n<title>Elegantly Wasted - Librairie 7L<\/title>\n<meta name=\"robots\" content=\"index, follow, max-snippet:-1, max-image-preview:large, max-video-preview:-1\" \/>\n<link rel=\"canonical\" href=\"https:\/\/librairie7l.com\/en\/produit\/elegantly-wasted-2\/\" \/>\n<meta property=\"og:locale\" content=\"en_US\" \/>\n<meta property=\"og:type\" content=\"article\" \/>\n<meta property=\"og:title\" content=\"Elegantly Wasted - Librairie 7L\" \/>\n<meta property=\"og:description\" content=\"\u00ab Danses-y \u00bb ou \u00ab viens voir et laisse-toi aller \u00bb, \u00ab Ton cerveau a un besoin urgent de vacances \u00bb, peut-on lire sur les flyers du Ritter Butzke avec comme r\u00e9sultat \u00e9vident \u00ab de l&#8217;euphorie \u00e0 l&#8217;\u00e9puisement \u00bb. Le club a \u00e9t\u00e9 cr\u00e9\u00e9 par Johann von Jena et plusieurs amis en 2006, lorsqu&#8217;en cherchant [&hellip;]\" \/>\n<meta property=\"og:url\" content=\"https:\/\/librairie7l.com\/en\/produit\/elegantly-wasted-2\/\" \/>\n<meta property=\"og:site_name\" content=\"Librairie 7L\" \/>\n<meta property=\"article:modified_time\" content=\"2026-04-21T00:16:16+00:00\" \/>\n<meta property=\"og:image\" content=\"https:\/\/librairie7l.com\/wp-content\/uploads\/2025\/10\/9783864424717_1_75.jpg\" \/>\n\t<meta property=\"og:image:width\" content=\"257\" \/>\n\t<meta property=\"og:image:height\" content=\"300\" \/>\n\t<meta property=\"og:image:type\" content=\"image\/jpeg\" \/>\n<meta name=\"twitter:card\" content=\"summary_large_image\" \/>\n<meta name=\"twitter:label1\" content=\"Est. reading time\" \/>\n\t<meta name=\"twitter:data1\" content=\"2 minutes\" \/>\n<script type=\"application\/ld+json\" class=\"yoast-schema-graph\">{\"@context\":\"https:\/\/schema.org\",\"@graph\":[{\"@type\":\"WebPage\",\"@id\":\"https:\/\/librairie7l.com\/en\/produit\/elegantly-wasted-2\/\",\"url\":\"https:\/\/librairie7l.com\/en\/produit\/elegantly-wasted-2\/\",\"name\":\"Elegantly Wasted - Librairie 7L\",\"isPartOf\":{\"@id\":\"https:\/\/librairie7l.com\/en\/#website\"},\"datePublished\":\"2026-01-28T09:16:42+00:00\",\"dateModified\":\"2026-04-21T00:16:16+00:00\",\"breadcrumb\":{\"@id\":\"https:\/\/librairie7l.com\/en\/produit\/elegantly-wasted-2\/#breadcrumb\"},\"inLanguage\":\"en-US\",\"potentialAction\":[{\"@type\":\"ReadAction\",\"target\":[\"https:\/\/librairie7l.com\/en\/produit\/elegantly-wasted-2\/\"]}]},{\"@type\":\"BreadcrumbList\",\"@id\":\"https:\/\/librairie7l.com\/en\/produit\/elegantly-wasted-2\/#breadcrumb\",\"itemListElement\":[{\"@type\":\"ListItem\",\"position\":1,\"name\":\"Accueil\",\"item\":\"https:\/\/librairie7l.com\/en\/\"},{\"@type\":\"ListItem\",\"position\":2,\"name\":\"Shop\",\"item\":\"https:\/\/librairie7l.com\/en\/shop\/\"},{\"@type\":\"ListItem\",\"position\":3,\"name\":\"ELEGANTLY WASTED\"}]},{\"@type\":\"WebSite\",\"@id\":\"https:\/\/librairie7l.com\/en\/#website\",\"url\":\"https:\/\/librairie7l.com\/en\/\",\"name\":\"Librairie 7L\",\"description\":\"Librairie fond\u00e9e en 1999 par Karl Lagerfeld \u00e0 Paris\",\"publisher\":{\"@id\":\"https:\/\/librairie7l.com\/en\/#organization\"},\"potentialAction\":[{\"@type\":\"SearchAction\",\"target\":{\"@type\":\"EntryPoint\",\"urlTemplate\":\"https:\/\/librairie7l.com\/en\/?s={search_term_string}\"},\"query-input\":\"required name=search_term_string\"}],\"inLanguage\":\"en-US\"},{\"@type\":\"Organization\",\"@id\":\"https:\/\/librairie7l.com\/en\/#organization\",\"name\":\"Librairie 7L\",\"url\":\"https:\/\/librairie7l.com\/en\/\",\"logo\":{\"@type\":\"ImageObject\",\"inLanguage\":\"en-US\",\"@id\":\"https:\/\/librairie7l.com\/en\/#\/schema\/logo\/image\/\",\"url\":\"https:\/\/librairie7l.com\/wp-content\/uploads\/2022\/08\/logo-1.png\",\"contentUrl\":\"https:\/\/librairie7l.com\/wp-content\/uploads\/2022\/08\/logo-1.png\",\"width\":227,\"height\":301,\"caption\":\"Librairie 7L\"},\"image\":{\"@id\":\"https:\/\/librairie7l.com\/en\/#\/schema\/logo\/image\/\"}}]}<\/script>\n<!-- \/ Yoast SEO plugin. -->","yoast_head_json":{"title":"Elegantly Wasted - Librairie 7L","robots":{"index":"index","follow":"follow","max-snippet":"max-snippet:-1","max-image-preview":"max-image-preview:large","max-video-preview":"max-video-preview:-1"},"canonical":"https:\/\/librairie7l.com\/en\/produit\/elegantly-wasted-2\/","og_locale":"en_US","og_type":"article","og_title":"Elegantly Wasted - Librairie 7L","og_description":"\u00ab Danses-y \u00bb ou \u00ab viens voir et laisse-toi aller \u00bb, \u00ab Ton cerveau a un besoin urgent de vacances \u00bb, peut-on lire sur les flyers du Ritter Butzke avec comme r\u00e9sultat \u00e9vident \u00ab de l&#8217;euphorie \u00e0 l&#8217;\u00e9puisement \u00bb. Le club a \u00e9t\u00e9 cr\u00e9\u00e9 par Johann von Jena et plusieurs amis en 2006, lorsqu&#8217;en cherchant [&hellip;]","og_url":"https:\/\/librairie7l.com\/en\/produit\/elegantly-wasted-2\/","og_site_name":"Librairie 7L","article_modified_time":"2026-04-21T00:16:16+00:00","og_image":[{"width":257,"height":300,"url":"https:\/\/librairie7l.com\/wp-content\/uploads\/2025\/10\/9783864424717_1_75.jpg","type":"image\/jpeg"}],"twitter_card":"summary_large_image","twitter_misc":{"Est. reading time":"2 minutes"},"schema":{"@context":"https:\/\/schema.org","@graph":[{"@type":"WebPage","@id":"https:\/\/librairie7l.com\/en\/produit\/elegantly-wasted-2\/","url":"https:\/\/librairie7l.com\/en\/produit\/elegantly-wasted-2\/","name":"Elegantly Wasted - Librairie 7L","isPartOf":{"@id":"https:\/\/librairie7l.com\/en\/#website"},"datePublished":"2026-01-28T09:16:42+00:00","dateModified":"2026-04-21T00:16:16+00:00","breadcrumb":{"@id":"https:\/\/librairie7l.com\/en\/produit\/elegantly-wasted-2\/#breadcrumb"},"inLanguage":"en-US","potentialAction":[{"@type":"ReadAction","target":["https:\/\/librairie7l.com\/en\/produit\/elegantly-wasted-2\/"]}]},{"@type":"BreadcrumbList","@id":"https:\/\/librairie7l.com\/en\/produit\/elegantly-wasted-2\/#breadcrumb","itemListElement":[{"@type":"ListItem","position":1,"name":"Accueil","item":"https:\/\/librairie7l.com\/en\/"},{"@type":"ListItem","position":2,"name":"Shop","item":"https:\/\/librairie7l.com\/en\/shop\/"},{"@type":"ListItem","position":3,"name":"ELEGANTLY WASTED"}]},{"@type":"WebSite","@id":"https:\/\/librairie7l.com\/en\/#website","url":"https:\/\/librairie7l.com\/en\/","name":"Librairie 7L","description":"Librairie fond\u00e9e en 1999 par Karl Lagerfeld \u00e0 Paris","publisher":{"@id":"https:\/\/librairie7l.com\/en\/#organization"},"potentialAction":[{"@type":"SearchAction","target":{"@type":"EntryPoint","urlTemplate":"https:\/\/librairie7l.com\/en\/?s={search_term_string}"},"query-input":"required name=search_term_string"}],"inLanguage":"en-US"},{"@type":"Organization","@id":"https:\/\/librairie7l.com\/en\/#organization","name":"Librairie 7L","url":"https:\/\/librairie7l.com\/en\/","logo":{"@type":"ImageObject","inLanguage":"en-US","@id":"https:\/\/librairie7l.com\/en\/#\/schema\/logo\/image\/","url":"https:\/\/librairie7l.com\/wp-content\/uploads\/2022\/08\/logo-1.png","contentUrl":"https:\/\/librairie7l.com\/wp-content\/uploads\/2022\/08\/logo-1.png","width":227,"height":301,"caption":"Librairie 7L"},"image":{"@id":"https:\/\/librairie7l.com\/en\/#\/schema\/logo\/image\/"}}]}},"_links":{"self":[{"href":"https:\/\/librairie7l.com\/en\/wp-json\/wp\/v2\/product\/54214"}],"collection":[{"href":"https:\/\/librairie7l.com\/en\/wp-json\/wp\/v2\/product"}],"about":[{"href":"https:\/\/librairie7l.com\/en\/wp-json\/wp\/v2\/types\/product"}],"wp:featuredmedia":[{"embeddable":true,"href":"https:\/\/librairie7l.com\/en\/wp-json\/wp\/v2\/media\/54212"}],"wp:attachment":[{"href":"https:\/\/librairie7l.com\/en\/wp-json\/wp\/v2\/media?parent=54214"}],"wp:term":[{"taxonomy":"product_cat","embeddable":true,"href":"https:\/\/librairie7l.com\/en\/wp-json\/wp\/v2\/product_cat?post=54214"},{"taxonomy":"product_tag","embeddable":true,"href":"https:\/\/librairie7l.com\/en\/wp-json\/wp\/v2\/product_tag?post=54214"}],"curies":[{"name":"wp","href":"https:\/\/api.w.org\/{rel}","templated":true}]}}