{"id":54218,"date":"2026-01-28T10:16:44","date_gmt":"2026-01-28T09:16:44","guid":{"rendered":"https:\/\/librairie7l.com\/?post_type=product&#038;p=54218"},"modified":"2026-04-20T08:06:58","modified_gmt":"2026-04-20T06:06:58","slug":"textiles-x-art-how-textiles-are-shaping-contemporary-art-2","status":"publish","type":"product","link":"https:\/\/librairie7l.com\/en\/produit\/textiles-x-art-how-textiles-are-shaping-contemporary-art-2\/","title":{"rendered":"TEXTILES X ART : HOW TEXTILES ARE SHAPING CONTEMPORARY ART"},"content":{"rendered":"<p>Pourquoi tant dartistes contemporains se tournent-ils vers le fil, le tissu et la fibre pour cr\u00e9er leurs oeuvres les plus puissantes ? Lart textile sest impos\u00e9 sous les projecteurs, quittant son association traditionnelle avec le domestique et lartisanat pour occuper une place centrale dans les galeries, les biennales et le discours critique. Ramona Barry et Beck Jobson explorent ce renouveau dynamique, montrant comment les artistes du monde entier r\u00e9inventent des techniques traditionnelles tissage, broderie, quilting, teinture et les poussent vers de nouveaux territoires audacieux. Bien loin d\u00eatre d\u00e9coratives ou nostalgiques, ces oeuvres abordent des th\u00e8mes contemporains urgents : identit\u00e9, genre, migration et environnement. Le textile devient un espace de r\u00e9sistance, de narration et dinnovation. Cette enqu\u00eate mondiale sur quarante-quatre artistes r\u00e9v\u00e8le les fronti\u00e8res mouvantes entre artisanat et art contemporain, et la puissance expressive du tissu entre les mains des cr\u00e9ateurs les plus avant-gardistes. Lart textile nest pas quune mode : il red\u00e9finit la conversation artistique.<\/p>\n","protected":false},"excerpt":{"rendered":"<p>Pourquoi tant dartistes contemporains se tournent-ils vers le fil, le tissu et la fibre pour cr\u00e9er leurs oeuvres les plus puissantes ? Lart textile sest impos\u00e9 sous les projecteurs, quittant son association traditionnelle avec le domestique et lartisanat pour occuper une place centrale dans les galeries, les biennales et le discours critique. Ramona Barry et [&hellip;]<\/p>\n","protected":false},"featured_media":54216,"template":"","meta":[],"product_cat":[2948],"product_tag":[],"acf":[],"yoast_head":"<!-- This site is optimized with the Yoast SEO plugin v20.11 - https:\/\/yoast.com\/wordpress\/plugins\/seo\/ -->\n<title>Textiles x art : How textiles are shaping contemporary art - Librairie 7L<\/title>\n<meta name=\"robots\" content=\"index, follow, max-snippet:-1, max-image-preview:large, max-video-preview:-1\" \/>\n<link rel=\"canonical\" href=\"https:\/\/librairie7l.com\/en\/produit\/textiles-x-art-how-textiles-are-shaping-contemporary-art-2\/\" \/>\n<meta property=\"og:locale\" content=\"en_US\" \/>\n<meta property=\"og:type\" content=\"article\" \/>\n<meta property=\"og:title\" content=\"Textiles x art : How textiles are shaping contemporary art - Librairie 7L\" \/>\n<meta property=\"og:description\" content=\"Pourquoi tant dartistes contemporains se tournent-ils vers le fil, le tissu et la fibre pour cr\u00e9er leurs oeuvres les plus puissantes ? Lart textile sest impos\u00e9 sous les projecteurs, quittant son association traditionnelle avec le domestique et lartisanat pour occuper une place centrale dans les galeries, les biennales et le discours critique. Ramona Barry et [&hellip;]\" \/>\n<meta property=\"og:url\" content=\"https:\/\/librairie7l.com\/en\/produit\/textiles-x-art-how-textiles-are-shaping-contemporary-art-2\/\" \/>\n<meta property=\"og:site_name\" content=\"Librairie 7L\" \/>\n<meta property=\"article:modified_time\" content=\"2026-04-20T06:06:58+00:00\" \/>\n<meta property=\"og:image\" content=\"https:\/\/librairie7l.com\/wp-content\/uploads\/2025\/12\/9781760764999_1_75.jpg\" \/>\n\t<meta property=\"og:image:width\" content=\"395\" \/>\n\t<meta property=\"og:image:height\" content=\"500\" \/>\n\t<meta property=\"og:image:type\" content=\"image\/jpeg\" \/>\n<meta name=\"twitter:card\" content=\"summary_large_image\" \/>\n<meta name=\"twitter:label1\" content=\"Est. reading time\" \/>\n\t<meta name=\"twitter:data1\" content=\"1 minute\" \/>\n<script type=\"application\/ld+json\" class=\"yoast-schema-graph\">{\"@context\":\"https:\/\/schema.org\",\"@graph\":[{\"@type\":\"WebPage\",\"@id\":\"https:\/\/librairie7l.com\/en\/produit\/textiles-x-art-how-textiles-are-shaping-contemporary-art-2\/\",\"url\":\"https:\/\/librairie7l.com\/en\/produit\/textiles-x-art-how-textiles-are-shaping-contemporary-art-2\/\",\"name\":\"Textiles x art : How textiles are shaping contemporary art - Librairie 7L\",\"isPartOf\":{\"@id\":\"https:\/\/librairie7l.com\/en\/#website\"},\"datePublished\":\"2026-01-28T09:16:44+00:00\",\"dateModified\":\"2026-04-20T06:06:58+00:00\",\"breadcrumb\":{\"@id\":\"https:\/\/librairie7l.com\/en\/produit\/textiles-x-art-how-textiles-are-shaping-contemporary-art-2\/#breadcrumb\"},\"inLanguage\":\"en-US\",\"potentialAction\":[{\"@type\":\"ReadAction\",\"target\":[\"https:\/\/librairie7l.com\/en\/produit\/textiles-x-art-how-textiles-are-shaping-contemporary-art-2\/\"]}]},{\"@type\":\"BreadcrumbList\",\"@id\":\"https:\/\/librairie7l.com\/en\/produit\/textiles-x-art-how-textiles-are-shaping-contemporary-art-2\/#breadcrumb\",\"itemListElement\":[{\"@type\":\"ListItem\",\"position\":1,\"name\":\"Accueil\",\"item\":\"https:\/\/librairie7l.com\/en\/\"},{\"@type\":\"ListItem\",\"position\":2,\"name\":\"Shop\",\"item\":\"https:\/\/librairie7l.com\/en\/shop\/\"},{\"@type\":\"ListItem\",\"position\":3,\"name\":\"TEXTILES X ART : HOW TEXTILES ARE SHAPING CONTEMPORARY ART\"}]},{\"@type\":\"WebSite\",\"@id\":\"https:\/\/librairie7l.com\/en\/#website\",\"url\":\"https:\/\/librairie7l.com\/en\/\",\"name\":\"Librairie 7L\",\"description\":\"Librairie fond\u00e9e en 1999 par Karl Lagerfeld \u00e0 Paris\",\"publisher\":{\"@id\":\"https:\/\/librairie7l.com\/en\/#organization\"},\"potentialAction\":[{\"@type\":\"SearchAction\",\"target\":{\"@type\":\"EntryPoint\",\"urlTemplate\":\"https:\/\/librairie7l.com\/en\/?s={search_term_string}\"},\"query-input\":\"required name=search_term_string\"}],\"inLanguage\":\"en-US\"},{\"@type\":\"Organization\",\"@id\":\"https:\/\/librairie7l.com\/en\/#organization\",\"name\":\"Librairie 7L\",\"url\":\"https:\/\/librairie7l.com\/en\/\",\"logo\":{\"@type\":\"ImageObject\",\"inLanguage\":\"en-US\",\"@id\":\"https:\/\/librairie7l.com\/en\/#\/schema\/logo\/image\/\",\"url\":\"https:\/\/librairie7l.com\/wp-content\/uploads\/2022\/08\/logo-1.png\",\"contentUrl\":\"https:\/\/librairie7l.com\/wp-content\/uploads\/2022\/08\/logo-1.png\",\"width\":227,\"height\":301,\"caption\":\"Librairie 7L\"},\"image\":{\"@id\":\"https:\/\/librairie7l.com\/en\/#\/schema\/logo\/image\/\"}}]}<\/script>\n<!-- \/ Yoast SEO plugin. -->","yoast_head_json":{"title":"Textiles x art : How textiles are shaping contemporary art - Librairie 7L","robots":{"index":"index","follow":"follow","max-snippet":"max-snippet:-1","max-image-preview":"max-image-preview:large","max-video-preview":"max-video-preview:-1"},"canonical":"https:\/\/librairie7l.com\/en\/produit\/textiles-x-art-how-textiles-are-shaping-contemporary-art-2\/","og_locale":"en_US","og_type":"article","og_title":"Textiles x art : How textiles are shaping contemporary art - Librairie 7L","og_description":"Pourquoi tant dartistes contemporains se tournent-ils vers le fil, le tissu et la fibre pour cr\u00e9er leurs oeuvres les plus puissantes ? Lart textile sest impos\u00e9 sous les projecteurs, quittant son association traditionnelle avec le domestique et lartisanat pour occuper une place centrale dans les galeries, les biennales et le discours critique. Ramona Barry et [&hellip;]","og_url":"https:\/\/librairie7l.com\/en\/produit\/textiles-x-art-how-textiles-are-shaping-contemporary-art-2\/","og_site_name":"Librairie 7L","article_modified_time":"2026-04-20T06:06:58+00:00","og_image":[{"width":395,"height":500,"url":"https:\/\/librairie7l.com\/wp-content\/uploads\/2025\/12\/9781760764999_1_75.jpg","type":"image\/jpeg"}],"twitter_card":"summary_large_image","twitter_misc":{"Est. reading time":"1 minute"},"schema":{"@context":"https:\/\/schema.org","@graph":[{"@type":"WebPage","@id":"https:\/\/librairie7l.com\/en\/produit\/textiles-x-art-how-textiles-are-shaping-contemporary-art-2\/","url":"https:\/\/librairie7l.com\/en\/produit\/textiles-x-art-how-textiles-are-shaping-contemporary-art-2\/","name":"Textiles x art : How textiles are shaping contemporary art - Librairie 7L","isPartOf":{"@id":"https:\/\/librairie7l.com\/en\/#website"},"datePublished":"2026-01-28T09:16:44+00:00","dateModified":"2026-04-20T06:06:58+00:00","breadcrumb":{"@id":"https:\/\/librairie7l.com\/en\/produit\/textiles-x-art-how-textiles-are-shaping-contemporary-art-2\/#breadcrumb"},"inLanguage":"en-US","potentialAction":[{"@type":"ReadAction","target":["https:\/\/librairie7l.com\/en\/produit\/textiles-x-art-how-textiles-are-shaping-contemporary-art-2\/"]}]},{"@type":"BreadcrumbList","@id":"https:\/\/librairie7l.com\/en\/produit\/textiles-x-art-how-textiles-are-shaping-contemporary-art-2\/#breadcrumb","itemListElement":[{"@type":"ListItem","position":1,"name":"Accueil","item":"https:\/\/librairie7l.com\/en\/"},{"@type":"ListItem","position":2,"name":"Shop","item":"https:\/\/librairie7l.com\/en\/shop\/"},{"@type":"ListItem","position":3,"name":"TEXTILES X ART : HOW TEXTILES ARE SHAPING CONTEMPORARY ART"}]},{"@type":"WebSite","@id":"https:\/\/librairie7l.com\/en\/#website","url":"https:\/\/librairie7l.com\/en\/","name":"Librairie 7L","description":"Librairie fond\u00e9e en 1999 par Karl Lagerfeld \u00e0 Paris","publisher":{"@id":"https:\/\/librairie7l.com\/en\/#organization"},"potentialAction":[{"@type":"SearchAction","target":{"@type":"EntryPoint","urlTemplate":"https:\/\/librairie7l.com\/en\/?s={search_term_string}"},"query-input":"required name=search_term_string"}],"inLanguage":"en-US"},{"@type":"Organization","@id":"https:\/\/librairie7l.com\/en\/#organization","name":"Librairie 7L","url":"https:\/\/librairie7l.com\/en\/","logo":{"@type":"ImageObject","inLanguage":"en-US","@id":"https:\/\/librairie7l.com\/en\/#\/schema\/logo\/image\/","url":"https:\/\/librairie7l.com\/wp-content\/uploads\/2022\/08\/logo-1.png","contentUrl":"https:\/\/librairie7l.com\/wp-content\/uploads\/2022\/08\/logo-1.png","width":227,"height":301,"caption":"Librairie 7L"},"image":{"@id":"https:\/\/librairie7l.com\/en\/#\/schema\/logo\/image\/"}}]}},"_links":{"self":[{"href":"https:\/\/librairie7l.com\/en\/wp-json\/wp\/v2\/product\/54218"}],"collection":[{"href":"https:\/\/librairie7l.com\/en\/wp-json\/wp\/v2\/product"}],"about":[{"href":"https:\/\/librairie7l.com\/en\/wp-json\/wp\/v2\/types\/product"}],"wp:featuredmedia":[{"embeddable":true,"href":"https:\/\/librairie7l.com\/en\/wp-json\/wp\/v2\/media\/54216"}],"wp:attachment":[{"href":"https:\/\/librairie7l.com\/en\/wp-json\/wp\/v2\/media?parent=54218"}],"wp:term":[{"taxonomy":"product_cat","embeddable":true,"href":"https:\/\/librairie7l.com\/en\/wp-json\/wp\/v2\/product_cat?post=54218"},{"taxonomy":"product_tag","embeddable":true,"href":"https:\/\/librairie7l.com\/en\/wp-json\/wp\/v2\/product_tag?post=54218"}],"curies":[{"name":"wp","href":"https:\/\/api.w.org\/{rel}","templated":true}]}}