{"id":54233,"date":"2026-01-29T10:16:23","date_gmt":"2026-01-29T09:16:23","guid":{"rendered":"https:\/\/librairie7l.com\/?post_type=product&#038;p=54233"},"modified":"2026-04-20T16:06:57","modified_gmt":"2026-04-20T14:06:57","slug":"global-warning-2","status":"publish","type":"product","link":"https:\/\/librairie7l.com\/en\/produit\/global-warning-2\/","title":{"rendered":"GLOBAL WARNING"},"content":{"rendered":"<p>Depuis plus de cinquante ans, le photographe britannique Martin Parr saisit les absurdit\u00e9s du monde contemporain, que ce soit la fr\u00e9n\u00e9sie de la surconsommation, les ravages du tourisme de masse, la d\u00e9pendance toujours croissante de l&#8217;humanit\u00e9 \u00e0 la technologie ou sa relation complexe au r\u00e8gne animal.<\/p>\n<p>Publi\u00e9 conjointement avec le Jeu de Paume, Global Warning propose une r\u00e9interpr\u00e9tation de l&#8217;oeuvre de Martin Parr, \u00e0 une \u00e9poque marqu\u00e9e par de nombreux bouleversements soci\u00e9taux. En reproduisant certaines des images les plus connues de Martin Parr aux c\u00f4t\u00e9s d&#8217;autres clich\u00e9s rarement publi\u00e9s, Global Warning retrace cinq d\u00e9cennies du regard incisif de l&#8217;un des photographes les plus c\u00e9l\u00e8bres au monde.<\/p>\n","protected":false},"excerpt":{"rendered":"<p>Depuis plus de cinquante ans, le photographe britannique Martin Parr saisit les absurdit\u00e9s du monde contemporain, que ce soit la fr\u00e9n\u00e9sie de la surconsommation, les ravages du tourisme de masse, la d\u00e9pendance toujours croissante de l&#8217;humanit\u00e9 \u00e0 la technologie ou sa relation complexe au r\u00e8gne animal. Publi\u00e9 conjointement avec le Jeu de Paume, Global Warning [&hellip;]<\/p>\n","protected":false},"featured_media":54231,"template":"","meta":[],"product_cat":[2948],"product_tag":[],"acf":[],"yoast_head":"<!-- This site is optimized with the Yoast SEO plugin v20.11 - https:\/\/yoast.com\/wordpress\/plugins\/seo\/ -->\n<title>Global Warning - Librairie 7L<\/title>\n<meta name=\"robots\" content=\"index, follow, max-snippet:-1, max-image-preview:large, max-video-preview:-1\" \/>\n<link rel=\"canonical\" href=\"https:\/\/librairie7l.com\/en\/produit\/global-warning-2\/\" \/>\n<meta property=\"og:locale\" content=\"en_US\" \/>\n<meta property=\"og:type\" content=\"article\" \/>\n<meta property=\"og:title\" content=\"Global Warning - Librairie 7L\" \/>\n<meta property=\"og:description\" content=\"Depuis plus de cinquante ans, le photographe britannique Martin Parr saisit les absurdit\u00e9s du monde contemporain, que ce soit la fr\u00e9n\u00e9sie de la surconsommation, les ravages du tourisme de masse, la d\u00e9pendance toujours croissante de l&#8217;humanit\u00e9 \u00e0 la technologie ou sa relation complexe au r\u00e8gne animal. Publi\u00e9 conjointement avec le Jeu de Paume, Global Warning [&hellip;]\" \/>\n<meta property=\"og:url\" content=\"https:\/\/librairie7l.com\/en\/produit\/global-warning-2\/\" \/>\n<meta property=\"og:site_name\" content=\"Librairie 7L\" \/>\n<meta property=\"article:modified_time\" content=\"2026-04-20T14:06:57+00:00\" \/>\n<meta property=\"og:image\" content=\"https:\/\/librairie7l.com\/wp-content\/uploads\/2025\/12\/9781837291915_1_75.jpg\" \/>\n\t<meta property=\"og:image:width\" content=\"600\" \/>\n\t<meta property=\"og:image:height\" content=\"800\" \/>\n\t<meta property=\"og:image:type\" content=\"image\/jpeg\" \/>\n<meta name=\"twitter:card\" content=\"summary_large_image\" \/>\n<meta name=\"twitter:label1\" content=\"Est. reading time\" \/>\n\t<meta name=\"twitter:data1\" content=\"1 minute\" \/>\n<script type=\"application\/ld+json\" class=\"yoast-schema-graph\">{\"@context\":\"https:\/\/schema.org\",\"@graph\":[{\"@type\":\"WebPage\",\"@id\":\"https:\/\/librairie7l.com\/en\/produit\/global-warning-2\/\",\"url\":\"https:\/\/librairie7l.com\/en\/produit\/global-warning-2\/\",\"name\":\"Global Warning - Librairie 7L\",\"isPartOf\":{\"@id\":\"https:\/\/librairie7l.com\/en\/#website\"},\"datePublished\":\"2026-01-29T09:16:23+00:00\",\"dateModified\":\"2026-04-20T14:06:57+00:00\",\"breadcrumb\":{\"@id\":\"https:\/\/librairie7l.com\/en\/produit\/global-warning-2\/#breadcrumb\"},\"inLanguage\":\"en-US\",\"potentialAction\":[{\"@type\":\"ReadAction\",\"target\":[\"https:\/\/librairie7l.com\/en\/produit\/global-warning-2\/\"]}]},{\"@type\":\"BreadcrumbList\",\"@id\":\"https:\/\/librairie7l.com\/en\/produit\/global-warning-2\/#breadcrumb\",\"itemListElement\":[{\"@type\":\"ListItem\",\"position\":1,\"name\":\"Accueil\",\"item\":\"https:\/\/librairie7l.com\/en\/\"},{\"@type\":\"ListItem\",\"position\":2,\"name\":\"Shop\",\"item\":\"https:\/\/librairie7l.com\/en\/shop\/\"},{\"@type\":\"ListItem\",\"position\":3,\"name\":\"GLOBAL WARNING\"}]},{\"@type\":\"WebSite\",\"@id\":\"https:\/\/librairie7l.com\/en\/#website\",\"url\":\"https:\/\/librairie7l.com\/en\/\",\"name\":\"Librairie 7L\",\"description\":\"Librairie fond\u00e9e en 1999 par Karl Lagerfeld \u00e0 Paris\",\"publisher\":{\"@id\":\"https:\/\/librairie7l.com\/en\/#organization\"},\"potentialAction\":[{\"@type\":\"SearchAction\",\"target\":{\"@type\":\"EntryPoint\",\"urlTemplate\":\"https:\/\/librairie7l.com\/en\/?s={search_term_string}\"},\"query-input\":\"required name=search_term_string\"}],\"inLanguage\":\"en-US\"},{\"@type\":\"Organization\",\"@id\":\"https:\/\/librairie7l.com\/en\/#organization\",\"name\":\"Librairie 7L\",\"url\":\"https:\/\/librairie7l.com\/en\/\",\"logo\":{\"@type\":\"ImageObject\",\"inLanguage\":\"en-US\",\"@id\":\"https:\/\/librairie7l.com\/en\/#\/schema\/logo\/image\/\",\"url\":\"https:\/\/librairie7l.com\/wp-content\/uploads\/2022\/08\/logo-1.png\",\"contentUrl\":\"https:\/\/librairie7l.com\/wp-content\/uploads\/2022\/08\/logo-1.png\",\"width\":227,\"height\":301,\"caption\":\"Librairie 7L\"},\"image\":{\"@id\":\"https:\/\/librairie7l.com\/en\/#\/schema\/logo\/image\/\"}}]}<\/script>\n<!-- \/ Yoast SEO plugin. -->","yoast_head_json":{"title":"Global Warning - Librairie 7L","robots":{"index":"index","follow":"follow","max-snippet":"max-snippet:-1","max-image-preview":"max-image-preview:large","max-video-preview":"max-video-preview:-1"},"canonical":"https:\/\/librairie7l.com\/en\/produit\/global-warning-2\/","og_locale":"en_US","og_type":"article","og_title":"Global Warning - Librairie 7L","og_description":"Depuis plus de cinquante ans, le photographe britannique Martin Parr saisit les absurdit\u00e9s du monde contemporain, que ce soit la fr\u00e9n\u00e9sie de la surconsommation, les ravages du tourisme de masse, la d\u00e9pendance toujours croissante de l&#8217;humanit\u00e9 \u00e0 la technologie ou sa relation complexe au r\u00e8gne animal. Publi\u00e9 conjointement avec le Jeu de Paume, Global Warning [&hellip;]","og_url":"https:\/\/librairie7l.com\/en\/produit\/global-warning-2\/","og_site_name":"Librairie 7L","article_modified_time":"2026-04-20T14:06:57+00:00","og_image":[{"width":600,"height":800,"url":"https:\/\/librairie7l.com\/wp-content\/uploads\/2025\/12\/9781837291915_1_75.jpg","type":"image\/jpeg"}],"twitter_card":"summary_large_image","twitter_misc":{"Est. reading time":"1 minute"},"schema":{"@context":"https:\/\/schema.org","@graph":[{"@type":"WebPage","@id":"https:\/\/librairie7l.com\/en\/produit\/global-warning-2\/","url":"https:\/\/librairie7l.com\/en\/produit\/global-warning-2\/","name":"Global Warning - Librairie 7L","isPartOf":{"@id":"https:\/\/librairie7l.com\/en\/#website"},"datePublished":"2026-01-29T09:16:23+00:00","dateModified":"2026-04-20T14:06:57+00:00","breadcrumb":{"@id":"https:\/\/librairie7l.com\/en\/produit\/global-warning-2\/#breadcrumb"},"inLanguage":"en-US","potentialAction":[{"@type":"ReadAction","target":["https:\/\/librairie7l.com\/en\/produit\/global-warning-2\/"]}]},{"@type":"BreadcrumbList","@id":"https:\/\/librairie7l.com\/en\/produit\/global-warning-2\/#breadcrumb","itemListElement":[{"@type":"ListItem","position":1,"name":"Accueil","item":"https:\/\/librairie7l.com\/en\/"},{"@type":"ListItem","position":2,"name":"Shop","item":"https:\/\/librairie7l.com\/en\/shop\/"},{"@type":"ListItem","position":3,"name":"GLOBAL WARNING"}]},{"@type":"WebSite","@id":"https:\/\/librairie7l.com\/en\/#website","url":"https:\/\/librairie7l.com\/en\/","name":"Librairie 7L","description":"Librairie fond\u00e9e en 1999 par Karl Lagerfeld \u00e0 Paris","publisher":{"@id":"https:\/\/librairie7l.com\/en\/#organization"},"potentialAction":[{"@type":"SearchAction","target":{"@type":"EntryPoint","urlTemplate":"https:\/\/librairie7l.com\/en\/?s={search_term_string}"},"query-input":"required name=search_term_string"}],"inLanguage":"en-US"},{"@type":"Organization","@id":"https:\/\/librairie7l.com\/en\/#organization","name":"Librairie 7L","url":"https:\/\/librairie7l.com\/en\/","logo":{"@type":"ImageObject","inLanguage":"en-US","@id":"https:\/\/librairie7l.com\/en\/#\/schema\/logo\/image\/","url":"https:\/\/librairie7l.com\/wp-content\/uploads\/2022\/08\/logo-1.png","contentUrl":"https:\/\/librairie7l.com\/wp-content\/uploads\/2022\/08\/logo-1.png","width":227,"height":301,"caption":"Librairie 7L"},"image":{"@id":"https:\/\/librairie7l.com\/en\/#\/schema\/logo\/image\/"}}]}},"_links":{"self":[{"href":"https:\/\/librairie7l.com\/en\/wp-json\/wp\/v2\/product\/54233"}],"collection":[{"href":"https:\/\/librairie7l.com\/en\/wp-json\/wp\/v2\/product"}],"about":[{"href":"https:\/\/librairie7l.com\/en\/wp-json\/wp\/v2\/types\/product"}],"wp:featuredmedia":[{"embeddable":true,"href":"https:\/\/librairie7l.com\/en\/wp-json\/wp\/v2\/media\/54231"}],"wp:attachment":[{"href":"https:\/\/librairie7l.com\/en\/wp-json\/wp\/v2\/media?parent=54233"}],"wp:term":[{"taxonomy":"product_cat","embeddable":true,"href":"https:\/\/librairie7l.com\/en\/wp-json\/wp\/v2\/product_cat?post=54233"},{"taxonomy":"product_tag","embeddable":true,"href":"https:\/\/librairie7l.com\/en\/wp-json\/wp\/v2\/product_tag?post=54233"}],"curies":[{"name":"wp","href":"https:\/\/api.w.org\/{rel}","templated":true}]}}