{"id":54314,"date":"2026-02-02T00:28:06","date_gmt":"2026-02-01T23:28:06","guid":{"rendered":"https:\/\/librairie7l.com\/?post_type=product&#038;p=54314"},"modified":"2026-04-17T14:10:01","modified_gmt":"2026-04-17T12:10:01","slug":"i-know-nigo-2","status":"publish","type":"product","link":"https:\/\/librairie7l.com\/en\/produit\/i-know-nigo-2\/","title":{"rendered":"I KNOW NIGO"},"content":{"rendered":"<p>\u00c0 cheval sur les mondes de la mode et du hip-hop, Nigo\u00ae est un g\u00e9ant de la culture streetwear. Cr\u00e9ateur de mode, DJ, producteur de disques et entrepreneur japonais, il est surtout connu comme \u00e9tant le cr\u00e9ateur des marques de mode BAPE et Human Made avec Pharrel, ainsi que pour etre l&#8217;un des pionniers du tr\u00e8s influent mouvement de style Harajuku et fondateur de *A Swimming Ape\u00ae. Actuellement directeur cr\u00e9atif de Kenzo, il est l&#8217;une des figures transformationnelles de la mode contemporaine, contribuant \u00e0 traduire les tendances du streetwear en luxe moderne. Ce volume documente ses collaborations et de nombreux artistes internationaux dont Pharrell, AAP Rocky et Tyler the Creator, pr\u00e9sentant une riche s\u00e9lection de v\u00eatements, baskets, accessoires, couvertures d&#8217;albums et objets de collection en \u00e9dition limit\u00e9e.<\/p>\n","protected":false},"excerpt":{"rendered":"<p>\u00c0 cheval sur les mondes de la mode et du hip-hop, Nigo\u00ae est un g\u00e9ant de la culture streetwear. Cr\u00e9ateur de mode, DJ, producteur de disques et entrepreneur japonais, il est surtout connu comme \u00e9tant le cr\u00e9ateur des marques de mode BAPE et Human Made avec Pharrel, ainsi que pour etre l&#8217;un des pionniers du [&hellip;]<\/p>\n","protected":false},"featured_media":54312,"template":"","meta":[],"product_cat":[7364,2948],"product_tag":[],"acf":[],"yoast_head":"<!-- This site is optimized with the Yoast SEO plugin v20.11 - https:\/\/yoast.com\/wordpress\/plugins\/seo\/ -->\n<title>I know Nigo - Librairie 7L<\/title>\n<meta name=\"robots\" content=\"index, follow, max-snippet:-1, max-image-preview:large, max-video-preview:-1\" \/>\n<link rel=\"canonical\" href=\"https:\/\/librairie7l.com\/en\/produit\/i-know-nigo-2\/\" \/>\n<meta property=\"og:locale\" content=\"en_US\" \/>\n<meta property=\"og:type\" content=\"article\" \/>\n<meta property=\"og:title\" content=\"I know Nigo - Librairie 7L\" \/>\n<meta property=\"og:description\" content=\"\u00c0 cheval sur les mondes de la mode et du hip-hop, Nigo\u00ae est un g\u00e9ant de la culture streetwear. Cr\u00e9ateur de mode, DJ, producteur de disques et entrepreneur japonais, il est surtout connu comme \u00e9tant le cr\u00e9ateur des marques de mode BAPE et Human Made avec Pharrel, ainsi que pour etre l&#8217;un des pionniers du [&hellip;]\" \/>\n<meta property=\"og:url\" content=\"https:\/\/librairie7l.com\/en\/produit\/i-know-nigo-2\/\" \/>\n<meta property=\"og:site_name\" content=\"Librairie 7L\" \/>\n<meta property=\"article:modified_time\" content=\"2026-04-17T12:10:01+00:00\" \/>\n<meta property=\"og:image\" content=\"https:\/\/librairie7l.com\/wp-content\/uploads\/2024\/01\/9780847899180_1_75.jpg\" \/>\n\t<meta property=\"og:image:width\" content=\"373\" \/>\n\t<meta property=\"og:image:height\" content=\"500\" \/>\n\t<meta property=\"og:image:type\" content=\"image\/jpeg\" \/>\n<meta name=\"twitter:card\" content=\"summary_large_image\" \/>\n<meta name=\"twitter:label1\" content=\"Est. reading time\" \/>\n\t<meta name=\"twitter:data1\" content=\"1 minute\" \/>\n<script type=\"application\/ld+json\" class=\"yoast-schema-graph\">{\"@context\":\"https:\/\/schema.org\",\"@graph\":[{\"@type\":\"WebPage\",\"@id\":\"https:\/\/librairie7l.com\/en\/produit\/i-know-nigo-2\/\",\"url\":\"https:\/\/librairie7l.com\/en\/produit\/i-know-nigo-2\/\",\"name\":\"I know Nigo - Librairie 7L\",\"isPartOf\":{\"@id\":\"https:\/\/librairie7l.com\/en\/#website\"},\"datePublished\":\"2026-02-01T23:28:06+00:00\",\"dateModified\":\"2026-04-17T12:10:01+00:00\",\"breadcrumb\":{\"@id\":\"https:\/\/librairie7l.com\/en\/produit\/i-know-nigo-2\/#breadcrumb\"},\"inLanguage\":\"en-US\",\"potentialAction\":[{\"@type\":\"ReadAction\",\"target\":[\"https:\/\/librairie7l.com\/en\/produit\/i-know-nigo-2\/\"]}]},{\"@type\":\"BreadcrumbList\",\"@id\":\"https:\/\/librairie7l.com\/en\/produit\/i-know-nigo-2\/#breadcrumb\",\"itemListElement\":[{\"@type\":\"ListItem\",\"position\":1,\"name\":\"Accueil\",\"item\":\"https:\/\/librairie7l.com\/en\/\"},{\"@type\":\"ListItem\",\"position\":2,\"name\":\"Shop\",\"item\":\"https:\/\/librairie7l.com\/en\/shop\/\"},{\"@type\":\"ListItem\",\"position\":3,\"name\":\"I KNOW NIGO\"}]},{\"@type\":\"WebSite\",\"@id\":\"https:\/\/librairie7l.com\/en\/#website\",\"url\":\"https:\/\/librairie7l.com\/en\/\",\"name\":\"Librairie 7L\",\"description\":\"Librairie fond\u00e9e en 1999 par Karl Lagerfeld \u00e0 Paris\",\"publisher\":{\"@id\":\"https:\/\/librairie7l.com\/en\/#organization\"},\"potentialAction\":[{\"@type\":\"SearchAction\",\"target\":{\"@type\":\"EntryPoint\",\"urlTemplate\":\"https:\/\/librairie7l.com\/en\/?s={search_term_string}\"},\"query-input\":\"required name=search_term_string\"}],\"inLanguage\":\"en-US\"},{\"@type\":\"Organization\",\"@id\":\"https:\/\/librairie7l.com\/en\/#organization\",\"name\":\"Librairie 7L\",\"url\":\"https:\/\/librairie7l.com\/en\/\",\"logo\":{\"@type\":\"ImageObject\",\"inLanguage\":\"en-US\",\"@id\":\"https:\/\/librairie7l.com\/en\/#\/schema\/logo\/image\/\",\"url\":\"https:\/\/librairie7l.com\/wp-content\/uploads\/2022\/08\/logo-1.png\",\"contentUrl\":\"https:\/\/librairie7l.com\/wp-content\/uploads\/2022\/08\/logo-1.png\",\"width\":227,\"height\":301,\"caption\":\"Librairie 7L\"},\"image\":{\"@id\":\"https:\/\/librairie7l.com\/en\/#\/schema\/logo\/image\/\"}}]}<\/script>\n<!-- \/ Yoast SEO plugin. -->","yoast_head_json":{"title":"I know Nigo - Librairie 7L","robots":{"index":"index","follow":"follow","max-snippet":"max-snippet:-1","max-image-preview":"max-image-preview:large","max-video-preview":"max-video-preview:-1"},"canonical":"https:\/\/librairie7l.com\/en\/produit\/i-know-nigo-2\/","og_locale":"en_US","og_type":"article","og_title":"I know Nigo - Librairie 7L","og_description":"\u00c0 cheval sur les mondes de la mode et du hip-hop, Nigo\u00ae est un g\u00e9ant de la culture streetwear. Cr\u00e9ateur de mode, DJ, producteur de disques et entrepreneur japonais, il est surtout connu comme \u00e9tant le cr\u00e9ateur des marques de mode BAPE et Human Made avec Pharrel, ainsi que pour etre l&#8217;un des pionniers du [&hellip;]","og_url":"https:\/\/librairie7l.com\/en\/produit\/i-know-nigo-2\/","og_site_name":"Librairie 7L","article_modified_time":"2026-04-17T12:10:01+00:00","og_image":[{"width":373,"height":500,"url":"https:\/\/librairie7l.com\/wp-content\/uploads\/2024\/01\/9780847899180_1_75.jpg","type":"image\/jpeg"}],"twitter_card":"summary_large_image","twitter_misc":{"Est. reading time":"1 minute"},"schema":{"@context":"https:\/\/schema.org","@graph":[{"@type":"WebPage","@id":"https:\/\/librairie7l.com\/en\/produit\/i-know-nigo-2\/","url":"https:\/\/librairie7l.com\/en\/produit\/i-know-nigo-2\/","name":"I know Nigo - Librairie 7L","isPartOf":{"@id":"https:\/\/librairie7l.com\/en\/#website"},"datePublished":"2026-02-01T23:28:06+00:00","dateModified":"2026-04-17T12:10:01+00:00","breadcrumb":{"@id":"https:\/\/librairie7l.com\/en\/produit\/i-know-nigo-2\/#breadcrumb"},"inLanguage":"en-US","potentialAction":[{"@type":"ReadAction","target":["https:\/\/librairie7l.com\/en\/produit\/i-know-nigo-2\/"]}]},{"@type":"BreadcrumbList","@id":"https:\/\/librairie7l.com\/en\/produit\/i-know-nigo-2\/#breadcrumb","itemListElement":[{"@type":"ListItem","position":1,"name":"Accueil","item":"https:\/\/librairie7l.com\/en\/"},{"@type":"ListItem","position":2,"name":"Shop","item":"https:\/\/librairie7l.com\/en\/shop\/"},{"@type":"ListItem","position":3,"name":"I KNOW NIGO"}]},{"@type":"WebSite","@id":"https:\/\/librairie7l.com\/en\/#website","url":"https:\/\/librairie7l.com\/en\/","name":"Librairie 7L","description":"Librairie fond\u00e9e en 1999 par Karl Lagerfeld \u00e0 Paris","publisher":{"@id":"https:\/\/librairie7l.com\/en\/#organization"},"potentialAction":[{"@type":"SearchAction","target":{"@type":"EntryPoint","urlTemplate":"https:\/\/librairie7l.com\/en\/?s={search_term_string}"},"query-input":"required name=search_term_string"}],"inLanguage":"en-US"},{"@type":"Organization","@id":"https:\/\/librairie7l.com\/en\/#organization","name":"Librairie 7L","url":"https:\/\/librairie7l.com\/en\/","logo":{"@type":"ImageObject","inLanguage":"en-US","@id":"https:\/\/librairie7l.com\/en\/#\/schema\/logo\/image\/","url":"https:\/\/librairie7l.com\/wp-content\/uploads\/2022\/08\/logo-1.png","contentUrl":"https:\/\/librairie7l.com\/wp-content\/uploads\/2022\/08\/logo-1.png","width":227,"height":301,"caption":"Librairie 7L"},"image":{"@id":"https:\/\/librairie7l.com\/en\/#\/schema\/logo\/image\/"}}]}},"_links":{"self":[{"href":"https:\/\/librairie7l.com\/en\/wp-json\/wp\/v2\/product\/54314"}],"collection":[{"href":"https:\/\/librairie7l.com\/en\/wp-json\/wp\/v2\/product"}],"about":[{"href":"https:\/\/librairie7l.com\/en\/wp-json\/wp\/v2\/types\/product"}],"wp:featuredmedia":[{"embeddable":true,"href":"https:\/\/librairie7l.com\/en\/wp-json\/wp\/v2\/media\/54312"}],"wp:attachment":[{"href":"https:\/\/librairie7l.com\/en\/wp-json\/wp\/v2\/media?parent=54314"}],"wp:term":[{"taxonomy":"product_cat","embeddable":true,"href":"https:\/\/librairie7l.com\/en\/wp-json\/wp\/v2\/product_cat?post=54314"},{"taxonomy":"product_tag","embeddable":true,"href":"https:\/\/librairie7l.com\/en\/wp-json\/wp\/v2\/product_tag?post=54314"}],"curies":[{"name":"wp","href":"https:\/\/api.w.org\/{rel}","templated":true}]}}