{"id":54342,"date":"2026-02-04T07:49:29","date_gmt":"2026-02-04T06:49:29","guid":{"rendered":"https:\/\/librairie7l.com\/?post_type=product&#038;p=54342"},"modified":"2026-05-13T22:35:58","modified_gmt":"2026-05-13T20:35:58","slug":"archipel-des-passions-2","status":"publish","type":"product","link":"https:\/\/librairie7l.com\/en\/produit\/archipel-des-passions-2\/","title":{"rendered":"ARCHIPEL DES PASSIONS"},"content":{"rendered":"<p>Une \u00e9l\u00e8ve, un professeur, une rencontre, une infinit\u00e9 de discussions. Et l&#8217;id\u00e9e est venue \u00e0 Charlotte Casiraghi et Robert Maggiori de mettre par \u00e9crit ce qui germait de leurs dialogues, lesquels revenaient toujours \u00e0 la question du sensible, de ce qui nous affecte, des fronti\u00e8res ou de l&#8217;absence de fronti\u00e8re entre les \u00e9motions, de leur logique, de leur confusion parfois.<\/p>\n<p>Il leur est alors apparu que tous nos \u00e9tats d&#8217;\u00e2mes formaient un ensemble d&#8217;\u00eelots solidaires, reli\u00e9s par le courant magn\u00e9tique du d\u00e9sir, qui tisse entre eux d&#8217;invisibles cha\u00eenes. C&#8217;est cet archipel qu&#8217;ils ont entrepris de dessiner.<\/p>\n<p>Ce petit trait\u00e9 des passions se compose d&#8217;une quarantaine d&#8217;entr\u00e9es (Amour, Cruaut\u00e9, Patience, Modestie, D\u00e9go\u00fbt, Adoration, Admiration, Arrogance, Piti\u00e9, Fraternit\u00e9, Douceur, Ennui, Tristesse, Jalousie, etc.), ancr\u00e9es dans le savoir philosophique et r\u00e9dig\u00e9es dans un style simple et accessible.<\/p>\n","protected":false},"excerpt":{"rendered":"<p>Une \u00e9l\u00e8ve, un professeur, une rencontre, une infinit\u00e9 de discussions. Et l&#8217;id\u00e9e est venue \u00e0 Charlotte Casiraghi et Robert Maggiori de mettre par \u00e9crit ce qui germait de leurs dialogues, lesquels revenaient toujours \u00e0 la question du sensible, de ce qui nous affecte, des fronti\u00e8res ou de l&#8217;absence de fronti\u00e8re entre les \u00e9motions, de leur [&hellip;]<\/p>\n","protected":false},"featured_media":54340,"template":"","meta":[],"product_cat":[7364,2948],"product_tag":[],"acf":[],"yoast_head":"<!-- This site is optimized with the Yoast SEO plugin v20.11 - https:\/\/yoast.com\/wordpress\/plugins\/seo\/ -->\n<title>Archipel des passions - Librairie 7L<\/title>\n<meta name=\"robots\" content=\"index, follow, max-snippet:-1, max-image-preview:large, max-video-preview:-1\" \/>\n<link rel=\"canonical\" href=\"https:\/\/librairie7l.com\/en\/produit\/archipel-des-passions-2\/\" \/>\n<meta property=\"og:locale\" content=\"en_US\" \/>\n<meta property=\"og:type\" content=\"article\" \/>\n<meta property=\"og:title\" content=\"Archipel des passions - Librairie 7L\" \/>\n<meta property=\"og:description\" content=\"Une \u00e9l\u00e8ve, un professeur, une rencontre, une infinit\u00e9 de discussions. Et l&#8217;id\u00e9e est venue \u00e0 Charlotte Casiraghi et Robert Maggiori de mettre par \u00e9crit ce qui germait de leurs dialogues, lesquels revenaient toujours \u00e0 la question du sensible, de ce qui nous affecte, des fronti\u00e8res ou de l&#8217;absence de fronti\u00e8re entre les \u00e9motions, de leur [&hellip;]\" \/>\n<meta property=\"og:url\" content=\"https:\/\/librairie7l.com\/en\/produit\/archipel-des-passions-2\/\" \/>\n<meta property=\"og:site_name\" content=\"Librairie 7L\" \/>\n<meta property=\"article:modified_time\" content=\"2026-05-13T20:35:58+00:00\" \/>\n<meta property=\"og:image\" content=\"https:\/\/librairie7l.com\/wp-content\/uploads\/2020\/02\/9782757885307_1_75.jpg\" \/>\n\t<meta property=\"og:image:width\" content=\"600\" \/>\n\t<meta property=\"og:image:height\" content=\"980\" \/>\n\t<meta property=\"og:image:type\" content=\"image\/jpeg\" \/>\n<meta name=\"twitter:card\" content=\"summary_large_image\" \/>\n<meta name=\"twitter:label1\" content=\"Est. reading time\" \/>\n\t<meta name=\"twitter:data1\" content=\"1 minute\" \/>\n<script type=\"application\/ld+json\" class=\"yoast-schema-graph\">{\"@context\":\"https:\/\/schema.org\",\"@graph\":[{\"@type\":\"WebPage\",\"@id\":\"https:\/\/librairie7l.com\/en\/produit\/archipel-des-passions-2\/\",\"url\":\"https:\/\/librairie7l.com\/en\/produit\/archipel-des-passions-2\/\",\"name\":\"Archipel des passions - Librairie 7L\",\"isPartOf\":{\"@id\":\"https:\/\/librairie7l.com\/en\/#website\"},\"datePublished\":\"2026-02-04T06:49:29+00:00\",\"dateModified\":\"2026-05-13T20:35:58+00:00\",\"breadcrumb\":{\"@id\":\"https:\/\/librairie7l.com\/en\/produit\/archipel-des-passions-2\/#breadcrumb\"},\"inLanguage\":\"en-US\",\"potentialAction\":[{\"@type\":\"ReadAction\",\"target\":[\"https:\/\/librairie7l.com\/en\/produit\/archipel-des-passions-2\/\"]}]},{\"@type\":\"BreadcrumbList\",\"@id\":\"https:\/\/librairie7l.com\/en\/produit\/archipel-des-passions-2\/#breadcrumb\",\"itemListElement\":[{\"@type\":\"ListItem\",\"position\":1,\"name\":\"Accueil\",\"item\":\"https:\/\/librairie7l.com\/en\/\"},{\"@type\":\"ListItem\",\"position\":2,\"name\":\"Shop\",\"item\":\"https:\/\/librairie7l.com\/en\/shop\/\"},{\"@type\":\"ListItem\",\"position\":3,\"name\":\"ARCHIPEL DES PASSIONS\"}]},{\"@type\":\"WebSite\",\"@id\":\"https:\/\/librairie7l.com\/en\/#website\",\"url\":\"https:\/\/librairie7l.com\/en\/\",\"name\":\"Librairie 7L\",\"description\":\"Librairie fond\u00e9e en 1999 par Karl Lagerfeld \u00e0 Paris\",\"publisher\":{\"@id\":\"https:\/\/librairie7l.com\/en\/#organization\"},\"potentialAction\":[{\"@type\":\"SearchAction\",\"target\":{\"@type\":\"EntryPoint\",\"urlTemplate\":\"https:\/\/librairie7l.com\/en\/?s={search_term_string}\"},\"query-input\":\"required name=search_term_string\"}],\"inLanguage\":\"en-US\"},{\"@type\":\"Organization\",\"@id\":\"https:\/\/librairie7l.com\/en\/#organization\",\"name\":\"Librairie 7L\",\"url\":\"https:\/\/librairie7l.com\/en\/\",\"logo\":{\"@type\":\"ImageObject\",\"inLanguage\":\"en-US\",\"@id\":\"https:\/\/librairie7l.com\/en\/#\/schema\/logo\/image\/\",\"url\":\"https:\/\/librairie7l.com\/wp-content\/uploads\/2022\/08\/logo-1.png\",\"contentUrl\":\"https:\/\/librairie7l.com\/wp-content\/uploads\/2022\/08\/logo-1.png\",\"width\":227,\"height\":301,\"caption\":\"Librairie 7L\"},\"image\":{\"@id\":\"https:\/\/librairie7l.com\/en\/#\/schema\/logo\/image\/\"}}]}<\/script>\n<!-- \/ Yoast SEO plugin. -->","yoast_head_json":{"title":"Archipel des passions - Librairie 7L","robots":{"index":"index","follow":"follow","max-snippet":"max-snippet:-1","max-image-preview":"max-image-preview:large","max-video-preview":"max-video-preview:-1"},"canonical":"https:\/\/librairie7l.com\/en\/produit\/archipel-des-passions-2\/","og_locale":"en_US","og_type":"article","og_title":"Archipel des passions - Librairie 7L","og_description":"Une \u00e9l\u00e8ve, un professeur, une rencontre, une infinit\u00e9 de discussions. Et l&#8217;id\u00e9e est venue \u00e0 Charlotte Casiraghi et Robert Maggiori de mettre par \u00e9crit ce qui germait de leurs dialogues, lesquels revenaient toujours \u00e0 la question du sensible, de ce qui nous affecte, des fronti\u00e8res ou de l&#8217;absence de fronti\u00e8re entre les \u00e9motions, de leur [&hellip;]","og_url":"https:\/\/librairie7l.com\/en\/produit\/archipel-des-passions-2\/","og_site_name":"Librairie 7L","article_modified_time":"2026-05-13T20:35:58+00:00","og_image":[{"width":600,"height":980,"url":"https:\/\/librairie7l.com\/wp-content\/uploads\/2020\/02\/9782757885307_1_75.jpg","type":"image\/jpeg"}],"twitter_card":"summary_large_image","twitter_misc":{"Est. reading time":"1 minute"},"schema":{"@context":"https:\/\/schema.org","@graph":[{"@type":"WebPage","@id":"https:\/\/librairie7l.com\/en\/produit\/archipel-des-passions-2\/","url":"https:\/\/librairie7l.com\/en\/produit\/archipel-des-passions-2\/","name":"Archipel des passions - Librairie 7L","isPartOf":{"@id":"https:\/\/librairie7l.com\/en\/#website"},"datePublished":"2026-02-04T06:49:29+00:00","dateModified":"2026-05-13T20:35:58+00:00","breadcrumb":{"@id":"https:\/\/librairie7l.com\/en\/produit\/archipel-des-passions-2\/#breadcrumb"},"inLanguage":"en-US","potentialAction":[{"@type":"ReadAction","target":["https:\/\/librairie7l.com\/en\/produit\/archipel-des-passions-2\/"]}]},{"@type":"BreadcrumbList","@id":"https:\/\/librairie7l.com\/en\/produit\/archipel-des-passions-2\/#breadcrumb","itemListElement":[{"@type":"ListItem","position":1,"name":"Accueil","item":"https:\/\/librairie7l.com\/en\/"},{"@type":"ListItem","position":2,"name":"Shop","item":"https:\/\/librairie7l.com\/en\/shop\/"},{"@type":"ListItem","position":3,"name":"ARCHIPEL DES PASSIONS"}]},{"@type":"WebSite","@id":"https:\/\/librairie7l.com\/en\/#website","url":"https:\/\/librairie7l.com\/en\/","name":"Librairie 7L","description":"Librairie fond\u00e9e en 1999 par Karl Lagerfeld \u00e0 Paris","publisher":{"@id":"https:\/\/librairie7l.com\/en\/#organization"},"potentialAction":[{"@type":"SearchAction","target":{"@type":"EntryPoint","urlTemplate":"https:\/\/librairie7l.com\/en\/?s={search_term_string}"},"query-input":"required name=search_term_string"}],"inLanguage":"en-US"},{"@type":"Organization","@id":"https:\/\/librairie7l.com\/en\/#organization","name":"Librairie 7L","url":"https:\/\/librairie7l.com\/en\/","logo":{"@type":"ImageObject","inLanguage":"en-US","@id":"https:\/\/librairie7l.com\/en\/#\/schema\/logo\/image\/","url":"https:\/\/librairie7l.com\/wp-content\/uploads\/2022\/08\/logo-1.png","contentUrl":"https:\/\/librairie7l.com\/wp-content\/uploads\/2022\/08\/logo-1.png","width":227,"height":301,"caption":"Librairie 7L"},"image":{"@id":"https:\/\/librairie7l.com\/en\/#\/schema\/logo\/image\/"}}]}},"_links":{"self":[{"href":"https:\/\/librairie7l.com\/en\/wp-json\/wp\/v2\/product\/54342"}],"collection":[{"href":"https:\/\/librairie7l.com\/en\/wp-json\/wp\/v2\/product"}],"about":[{"href":"https:\/\/librairie7l.com\/en\/wp-json\/wp\/v2\/types\/product"}],"wp:featuredmedia":[{"embeddable":true,"href":"https:\/\/librairie7l.com\/en\/wp-json\/wp\/v2\/media\/54340"}],"wp:attachment":[{"href":"https:\/\/librairie7l.com\/en\/wp-json\/wp\/v2\/media?parent=54342"}],"wp:term":[{"taxonomy":"product_cat","embeddable":true,"href":"https:\/\/librairie7l.com\/en\/wp-json\/wp\/v2\/product_cat?post=54342"},{"taxonomy":"product_tag","embeddable":true,"href":"https:\/\/librairie7l.com\/en\/wp-json\/wp\/v2\/product_tag?post=54342"}],"curies":[{"name":"wp","href":"https:\/\/api.w.org\/{rel}","templated":true}]}}