{"id":54346,"date":"2026-02-04T09:18:15","date_gmt":"2026-02-04T08:18:15","guid":{"rendered":"https:\/\/librairie7l.com\/?post_type=product&#038;p=54346"},"modified":"2026-04-21T00:42:50","modified_gmt":"2026-04-20T22:42:50","slug":"art-nouveau-cinq-villas-et-hotels-particuliers-2","status":"publish","type":"product","link":"https:\/\/librairie7l.com\/en\/produit\/art-nouveau-cinq-villas-et-hotels-particuliers-2\/","title":{"rendered":"ART NOUVEAU \/ CINQ VILLAS ET H\u00d4TELS PARTICULIERS"},"content":{"rendered":"<p>Apparu \u00e0 la fin du XX\u00b0 si\u00e8cle, l&#8217;Art nouveau se revendique comme un \u00ab art total \u00bb rassemblant toutes les disciplines, mobilisant tout autant des comp\u00e9tences artisanales que des techniques nouvelles. Rompant avec le classicisme acad\u00e9mique, le mouvement annonce le bouleversement intense que va conna\u00eetre l&#8217;architecture au cours des d\u00e9cennies suivantes ; mais l&#8217;\u00e9lan de libert\u00e9 qu&#8217;il insuffle, et qui se manifeste tant dans l&#8217;expression formelle de ses r\u00e9alisations que dans le d\u00e9cloisonnement disciplinaire qu&#8217;il provoque, ne conna\u00eetra pas d&#8217;\u00e9quivalent.<br \/>\nPeu \u00e0 peu \u00e9clips\u00e9 \u00e0 partir des ann\u00e9es 1910 par l&#8217;av\u00e8nement du Mouvement moderne, l&#8217;Art nouveau laisse derri\u00e8re lui des joyaux dont la qualit\u00e9 de mise en oeuvre et l&#8217;attention accord\u00e9e aux d\u00e9tails (mobilier, luminaires, vitraux, ferronnerie&#8230;) ne cessent de nous surprendre.<br \/>\nPoursuivant la s\u00e9rie initi\u00e9e par Jean Prouv\u00e9 \/ Cinq maisons sur mesure, cet ouvrage offre un panorama in\u00e9dit de l&#8217;Art nouveau \u00e0 travers cinq r\u00e9alisations embl\u00e9matiques, \u00e0 Bruxelles, berceau du mouvement, et Nancy, o\u00f9 \u00e9merge l&#8217;\u00c9cole de Nancy, son fer de lance en France. Chacun des h\u00f4tels particuliers, villas et maison pr\u00e9sent\u00e9s fait l&#8217;objet d&#8217;une description d\u00e9taill\u00e9e, exposant le contexte de la construction, la composition du plan et des fa\u00e7ades, ainsi que la vie de l&#8217;\u00e9difice. Les photographies accompagnant ces textes, sp\u00e9cialement prises pour les besoins de l&#8217;ouvrage, retranscrivent toute la beaut\u00e9 et la po\u00e9sie de cette architecture hors du commun.<\/p>\n","protected":false},"excerpt":{"rendered":"<p>Apparu \u00e0 la fin du XX\u00b0 si\u00e8cle, l&#8217;Art nouveau se revendique comme un \u00ab art total \u00bb rassemblant toutes les disciplines, mobilisant tout autant des comp\u00e9tences artisanales que des techniques nouvelles. Rompant avec le classicisme acad\u00e9mique, le mouvement annonce le bouleversement intense que va conna\u00eetre l&#8217;architecture au cours des d\u00e9cennies suivantes ; mais l&#8217;\u00e9lan de [&hellip;]<\/p>\n","protected":false},"featured_media":54344,"template":"","meta":[],"product_cat":[2948],"product_tag":[],"acf":[],"yoast_head":"<!-- This site is optimized with the Yoast SEO plugin v20.11 - https:\/\/yoast.com\/wordpress\/plugins\/seo\/ -->\n<title>Art nouveau \/ cinq villas et h\u00f4tels particuliers - Librairie 7L<\/title>\n<meta name=\"robots\" content=\"index, follow, max-snippet:-1, max-image-preview:large, max-video-preview:-1\" \/>\n<link rel=\"canonical\" href=\"https:\/\/librairie7l.com\/en\/produit\/art-nouveau-cinq-villas-et-hotels-particuliers-2\/\" \/>\n<meta property=\"og:locale\" content=\"en_US\" \/>\n<meta property=\"og:type\" content=\"article\" \/>\n<meta property=\"og:title\" content=\"Art nouveau \/ cinq villas et h\u00f4tels particuliers - Librairie 7L\" \/>\n<meta property=\"og:description\" content=\"Apparu \u00e0 la fin du XX\u00b0 si\u00e8cle, l&#8217;Art nouveau se revendique comme un \u00ab art total \u00bb rassemblant toutes les disciplines, mobilisant tout autant des comp\u00e9tences artisanales que des techniques nouvelles. Rompant avec le classicisme acad\u00e9mique, le mouvement annonce le bouleversement intense que va conna\u00eetre l&#8217;architecture au cours des d\u00e9cennies suivantes ; mais l&#8217;\u00e9lan de [&hellip;]\" \/>\n<meta property=\"og:url\" content=\"https:\/\/librairie7l.com\/en\/produit\/art-nouveau-cinq-villas-et-hotels-particuliers-2\/\" \/>\n<meta property=\"og:site_name\" content=\"Librairie 7L\" \/>\n<meta property=\"article:modified_time\" content=\"2026-04-20T22:42:50+00:00\" \/>\n<meta property=\"og:image\" content=\"https:\/\/librairie7l.com\/wp-content\/uploads\/2022\/06\/9782281145762_1_75.jpg\" \/>\n\t<meta property=\"og:image:width\" content=\"600\" \/>\n\t<meta property=\"og:image:height\" content=\"800\" \/>\n\t<meta property=\"og:image:type\" content=\"image\/jpeg\" \/>\n<meta name=\"twitter:card\" content=\"summary_large_image\" \/>\n<meta name=\"twitter:label1\" content=\"Est. reading time\" \/>\n\t<meta name=\"twitter:data1\" content=\"1 minute\" \/>\n<script type=\"application\/ld+json\" class=\"yoast-schema-graph\">{\"@context\":\"https:\/\/schema.org\",\"@graph\":[{\"@type\":\"WebPage\",\"@id\":\"https:\/\/librairie7l.com\/en\/produit\/art-nouveau-cinq-villas-et-hotels-particuliers-2\/\",\"url\":\"https:\/\/librairie7l.com\/en\/produit\/art-nouveau-cinq-villas-et-hotels-particuliers-2\/\",\"name\":\"Art nouveau \/ cinq villas et h\u00f4tels particuliers - Librairie 7L\",\"isPartOf\":{\"@id\":\"https:\/\/librairie7l.com\/en\/#website\"},\"datePublished\":\"2026-02-04T08:18:15+00:00\",\"dateModified\":\"2026-04-20T22:42:50+00:00\",\"breadcrumb\":{\"@id\":\"https:\/\/librairie7l.com\/en\/produit\/art-nouveau-cinq-villas-et-hotels-particuliers-2\/#breadcrumb\"},\"inLanguage\":\"en-US\",\"potentialAction\":[{\"@type\":\"ReadAction\",\"target\":[\"https:\/\/librairie7l.com\/en\/produit\/art-nouveau-cinq-villas-et-hotels-particuliers-2\/\"]}]},{\"@type\":\"BreadcrumbList\",\"@id\":\"https:\/\/librairie7l.com\/en\/produit\/art-nouveau-cinq-villas-et-hotels-particuliers-2\/#breadcrumb\",\"itemListElement\":[{\"@type\":\"ListItem\",\"position\":1,\"name\":\"Accueil\",\"item\":\"https:\/\/librairie7l.com\/en\/\"},{\"@type\":\"ListItem\",\"position\":2,\"name\":\"Shop\",\"item\":\"https:\/\/librairie7l.com\/en\/shop\/\"},{\"@type\":\"ListItem\",\"position\":3,\"name\":\"ART NOUVEAU \/ CINQ VILLAS ET H\u00d4TELS PARTICULIERS\"}]},{\"@type\":\"WebSite\",\"@id\":\"https:\/\/librairie7l.com\/en\/#website\",\"url\":\"https:\/\/librairie7l.com\/en\/\",\"name\":\"Librairie 7L\",\"description\":\"Librairie fond\u00e9e en 1999 par Karl Lagerfeld \u00e0 Paris\",\"publisher\":{\"@id\":\"https:\/\/librairie7l.com\/en\/#organization\"},\"potentialAction\":[{\"@type\":\"SearchAction\",\"target\":{\"@type\":\"EntryPoint\",\"urlTemplate\":\"https:\/\/librairie7l.com\/en\/?s={search_term_string}\"},\"query-input\":\"required name=search_term_string\"}],\"inLanguage\":\"en-US\"},{\"@type\":\"Organization\",\"@id\":\"https:\/\/librairie7l.com\/en\/#organization\",\"name\":\"Librairie 7L\",\"url\":\"https:\/\/librairie7l.com\/en\/\",\"logo\":{\"@type\":\"ImageObject\",\"inLanguage\":\"en-US\",\"@id\":\"https:\/\/librairie7l.com\/en\/#\/schema\/logo\/image\/\",\"url\":\"https:\/\/librairie7l.com\/wp-content\/uploads\/2022\/08\/logo-1.png\",\"contentUrl\":\"https:\/\/librairie7l.com\/wp-content\/uploads\/2022\/08\/logo-1.png\",\"width\":227,\"height\":301,\"caption\":\"Librairie 7L\"},\"image\":{\"@id\":\"https:\/\/librairie7l.com\/en\/#\/schema\/logo\/image\/\"}}]}<\/script>\n<!-- \/ Yoast SEO plugin. -->","yoast_head_json":{"title":"Art nouveau \/ cinq villas et h\u00f4tels particuliers - Librairie 7L","robots":{"index":"index","follow":"follow","max-snippet":"max-snippet:-1","max-image-preview":"max-image-preview:large","max-video-preview":"max-video-preview:-1"},"canonical":"https:\/\/librairie7l.com\/en\/produit\/art-nouveau-cinq-villas-et-hotels-particuliers-2\/","og_locale":"en_US","og_type":"article","og_title":"Art nouveau \/ cinq villas et h\u00f4tels particuliers - Librairie 7L","og_description":"Apparu \u00e0 la fin du XX\u00b0 si\u00e8cle, l&#8217;Art nouveau se revendique comme un \u00ab art total \u00bb rassemblant toutes les disciplines, mobilisant tout autant des comp\u00e9tences artisanales que des techniques nouvelles. Rompant avec le classicisme acad\u00e9mique, le mouvement annonce le bouleversement intense que va conna\u00eetre l&#8217;architecture au cours des d\u00e9cennies suivantes ; mais l&#8217;\u00e9lan de [&hellip;]","og_url":"https:\/\/librairie7l.com\/en\/produit\/art-nouveau-cinq-villas-et-hotels-particuliers-2\/","og_site_name":"Librairie 7L","article_modified_time":"2026-04-20T22:42:50+00:00","og_image":[{"width":600,"height":800,"url":"https:\/\/librairie7l.com\/wp-content\/uploads\/2022\/06\/9782281145762_1_75.jpg","type":"image\/jpeg"}],"twitter_card":"summary_large_image","twitter_misc":{"Est. reading time":"1 minute"},"schema":{"@context":"https:\/\/schema.org","@graph":[{"@type":"WebPage","@id":"https:\/\/librairie7l.com\/en\/produit\/art-nouveau-cinq-villas-et-hotels-particuliers-2\/","url":"https:\/\/librairie7l.com\/en\/produit\/art-nouveau-cinq-villas-et-hotels-particuliers-2\/","name":"Art nouveau \/ cinq villas et h\u00f4tels particuliers - Librairie 7L","isPartOf":{"@id":"https:\/\/librairie7l.com\/en\/#website"},"datePublished":"2026-02-04T08:18:15+00:00","dateModified":"2026-04-20T22:42:50+00:00","breadcrumb":{"@id":"https:\/\/librairie7l.com\/en\/produit\/art-nouveau-cinq-villas-et-hotels-particuliers-2\/#breadcrumb"},"inLanguage":"en-US","potentialAction":[{"@type":"ReadAction","target":["https:\/\/librairie7l.com\/en\/produit\/art-nouveau-cinq-villas-et-hotels-particuliers-2\/"]}]},{"@type":"BreadcrumbList","@id":"https:\/\/librairie7l.com\/en\/produit\/art-nouveau-cinq-villas-et-hotels-particuliers-2\/#breadcrumb","itemListElement":[{"@type":"ListItem","position":1,"name":"Accueil","item":"https:\/\/librairie7l.com\/en\/"},{"@type":"ListItem","position":2,"name":"Shop","item":"https:\/\/librairie7l.com\/en\/shop\/"},{"@type":"ListItem","position":3,"name":"ART NOUVEAU \/ CINQ VILLAS ET H\u00d4TELS PARTICULIERS"}]},{"@type":"WebSite","@id":"https:\/\/librairie7l.com\/en\/#website","url":"https:\/\/librairie7l.com\/en\/","name":"Librairie 7L","description":"Librairie fond\u00e9e en 1999 par Karl Lagerfeld \u00e0 Paris","publisher":{"@id":"https:\/\/librairie7l.com\/en\/#organization"},"potentialAction":[{"@type":"SearchAction","target":{"@type":"EntryPoint","urlTemplate":"https:\/\/librairie7l.com\/en\/?s={search_term_string}"},"query-input":"required name=search_term_string"}],"inLanguage":"en-US"},{"@type":"Organization","@id":"https:\/\/librairie7l.com\/en\/#organization","name":"Librairie 7L","url":"https:\/\/librairie7l.com\/en\/","logo":{"@type":"ImageObject","inLanguage":"en-US","@id":"https:\/\/librairie7l.com\/en\/#\/schema\/logo\/image\/","url":"https:\/\/librairie7l.com\/wp-content\/uploads\/2022\/08\/logo-1.png","contentUrl":"https:\/\/librairie7l.com\/wp-content\/uploads\/2022\/08\/logo-1.png","width":227,"height":301,"caption":"Librairie 7L"},"image":{"@id":"https:\/\/librairie7l.com\/en\/#\/schema\/logo\/image\/"}}]}},"_links":{"self":[{"href":"https:\/\/librairie7l.com\/en\/wp-json\/wp\/v2\/product\/54346"}],"collection":[{"href":"https:\/\/librairie7l.com\/en\/wp-json\/wp\/v2\/product"}],"about":[{"href":"https:\/\/librairie7l.com\/en\/wp-json\/wp\/v2\/types\/product"}],"wp:featuredmedia":[{"embeddable":true,"href":"https:\/\/librairie7l.com\/en\/wp-json\/wp\/v2\/media\/54344"}],"wp:attachment":[{"href":"https:\/\/librairie7l.com\/en\/wp-json\/wp\/v2\/media?parent=54346"}],"wp:term":[{"taxonomy":"product_cat","embeddable":true,"href":"https:\/\/librairie7l.com\/en\/wp-json\/wp\/v2\/product_cat?post=54346"},{"taxonomy":"product_tag","embeddable":true,"href":"https:\/\/librairie7l.com\/en\/wp-json\/wp\/v2\/product_tag?post=54346"}],"curies":[{"name":"wp","href":"https:\/\/api.w.org\/{rel}","templated":true}]}}