{"id":54367,"date":"2026-02-04T14:50:25","date_gmt":"2026-02-04T13:50:25","guid":{"rendered":"https:\/\/librairie7l.com\/?post_type=product&#038;p=54367"},"modified":"2026-04-17T09:39:32","modified_gmt":"2026-04-17T07:39:32","slug":"la-felure-et-autres-recits-the-crack-up-and-other-stories-2","status":"publish","type":"product","link":"https:\/\/librairie7l.com\/en\/produit\/la-felure-et-autres-recits-the-crack-up-and-other-stories-2\/","title":{"rendered":"LA F\u00caLURE ET AUTRES R\u00c9CITS\/THE CRACK-UP AND OTHER STORIES"},"content":{"rendered":"<p>\u00abScott Fitzgerald ne pouvait pas \u00e9crire sans y mettre toute son histoire. D\u00e8s ses d\u00e9buts, d\u00e8s qu&#8217;il r\u00e9ussit \u00e0 placer quelques nouvelles dans les magazines, il pense que d\u00e9sormais sa vie, ses souvenirs, ses passions, ses malheurs et ceux de ses proches doivent servir son oeuvre. Il disait\u00a0:\u00a0&#8220;On doit vendre son coeur.&#8221; [&#8230;] La l\u00e9g\u00e8ret\u00e9 et la fantaisie de Vivre avec trente-six mille dollars par an et de Vivre avec presque rien, l&#8217;ironie d\u00e9sabus\u00e9e de L&#8217;apr\u00e8s-midi d&#8217;un \u00e9crivain, rendent ces textes difficils \u00e0 classer\u00a0:\u00a0ce ne sont pas tout \u00e0 fait des nouvelles, et pas tout \u00e0 fait de vrais r\u00e9cits autobiographiques. Mais, en ce qui concerne La f\u00ealure, il n&#8217;y a pas de doute. Il s&#8217;agit d&#8217;une des confessions les plus poignantes de toute la litt\u00e9rature.\u00bb Roger Grenier.<\/p>\n","protected":false},"excerpt":{"rendered":"<p>\u00abScott Fitzgerald ne pouvait pas \u00e9crire sans y mettre toute son histoire. D\u00e8s ses d\u00e9buts, d\u00e8s qu&#8217;il r\u00e9ussit \u00e0 placer quelques nouvelles dans les magazines, il pense que d\u00e9sormais sa vie, ses souvenirs, ses passions, ses malheurs et ceux de ses proches doivent servir son oeuvre. Il disait\u00a0:\u00a0&#8220;On doit vendre son coeur.&#8221; [&#8230;] La l\u00e9g\u00e8ret\u00e9 [&hellip;]<\/p>\n","protected":false},"featured_media":54365,"template":"","meta":[],"product_cat":[7364,2948],"product_tag":[],"acf":[],"yoast_head":"<!-- This site is optimized with the Yoast SEO plugin v20.11 - https:\/\/yoast.com\/wordpress\/plugins\/seo\/ -->\n<title>La F\u00ealure et autres r\u00e9cits\/The Crack-Up and other stories - Librairie 7L<\/title>\n<meta name=\"robots\" content=\"index, follow, max-snippet:-1, max-image-preview:large, max-video-preview:-1\" \/>\n<link rel=\"canonical\" href=\"https:\/\/librairie7l.com\/en\/produit\/la-felure-et-autres-recits-the-crack-up-and-other-stories-2\/\" \/>\n<meta property=\"og:locale\" content=\"en_US\" \/>\n<meta property=\"og:type\" content=\"article\" \/>\n<meta property=\"og:title\" content=\"La F\u00ealure et autres r\u00e9cits\/The Crack-Up and other stories - Librairie 7L\" \/>\n<meta property=\"og:description\" content=\"\u00abScott Fitzgerald ne pouvait pas \u00e9crire sans y mettre toute son histoire. D\u00e8s ses d\u00e9buts, d\u00e8s qu&#8217;il r\u00e9ussit \u00e0 placer quelques nouvelles dans les magazines, il pense que d\u00e9sormais sa vie, ses souvenirs, ses passions, ses malheurs et ceux de ses proches doivent servir son oeuvre. Il disait\u00a0:\u00a0&#8220;On doit vendre son coeur.&#8221; [&#8230;] La l\u00e9g\u00e8ret\u00e9 [&hellip;]\" \/>\n<meta property=\"og:url\" content=\"https:\/\/librairie7l.com\/en\/produit\/la-felure-et-autres-recits-the-crack-up-and-other-stories-2\/\" \/>\n<meta property=\"og:site_name\" content=\"Librairie 7L\" \/>\n<meta property=\"article:modified_time\" content=\"2026-04-17T07:39:32+00:00\" \/>\n<meta property=\"og:image\" content=\"https:\/\/librairie7l.com\/wp-content\/uploads\/2025\/01\/9782073094551_1_75.jpg\" \/>\n\t<meta property=\"og:image:width\" content=\"600\" \/>\n\t<meta property=\"og:image:height\" content=\"988\" \/>\n\t<meta property=\"og:image:type\" content=\"image\/jpeg\" \/>\n<meta name=\"twitter:card\" content=\"summary_large_image\" \/>\n<meta name=\"twitter:label1\" content=\"Est. reading time\" \/>\n\t<meta name=\"twitter:data1\" content=\"1 minute\" \/>\n<script type=\"application\/ld+json\" class=\"yoast-schema-graph\">{\"@context\":\"https:\/\/schema.org\",\"@graph\":[{\"@type\":\"WebPage\",\"@id\":\"https:\/\/librairie7l.com\/en\/produit\/la-felure-et-autres-recits-the-crack-up-and-other-stories-2\/\",\"url\":\"https:\/\/librairie7l.com\/en\/produit\/la-felure-et-autres-recits-the-crack-up-and-other-stories-2\/\",\"name\":\"La F\u00ealure et autres r\u00e9cits\/The Crack-Up and other stories - Librairie 7L\",\"isPartOf\":{\"@id\":\"https:\/\/librairie7l.com\/en\/#website\"},\"datePublished\":\"2026-02-04T13:50:25+00:00\",\"dateModified\":\"2026-04-17T07:39:32+00:00\",\"breadcrumb\":{\"@id\":\"https:\/\/librairie7l.com\/en\/produit\/la-felure-et-autres-recits-the-crack-up-and-other-stories-2\/#breadcrumb\"},\"inLanguage\":\"en-US\",\"potentialAction\":[{\"@type\":\"ReadAction\",\"target\":[\"https:\/\/librairie7l.com\/en\/produit\/la-felure-et-autres-recits-the-crack-up-and-other-stories-2\/\"]}]},{\"@type\":\"BreadcrumbList\",\"@id\":\"https:\/\/librairie7l.com\/en\/produit\/la-felure-et-autres-recits-the-crack-up-and-other-stories-2\/#breadcrumb\",\"itemListElement\":[{\"@type\":\"ListItem\",\"position\":1,\"name\":\"Accueil\",\"item\":\"https:\/\/librairie7l.com\/en\/\"},{\"@type\":\"ListItem\",\"position\":2,\"name\":\"Shop\",\"item\":\"https:\/\/librairie7l.com\/en\/shop\/\"},{\"@type\":\"ListItem\",\"position\":3,\"name\":\"LA F\u00caLURE ET AUTRES R\u00c9CITS\/THE CRACK-UP AND OTHER STORIES\"}]},{\"@type\":\"WebSite\",\"@id\":\"https:\/\/librairie7l.com\/en\/#website\",\"url\":\"https:\/\/librairie7l.com\/en\/\",\"name\":\"Librairie 7L\",\"description\":\"Librairie fond\u00e9e en 1999 par Karl Lagerfeld \u00e0 Paris\",\"publisher\":{\"@id\":\"https:\/\/librairie7l.com\/en\/#organization\"},\"potentialAction\":[{\"@type\":\"SearchAction\",\"target\":{\"@type\":\"EntryPoint\",\"urlTemplate\":\"https:\/\/librairie7l.com\/en\/?s={search_term_string}\"},\"query-input\":\"required name=search_term_string\"}],\"inLanguage\":\"en-US\"},{\"@type\":\"Organization\",\"@id\":\"https:\/\/librairie7l.com\/en\/#organization\",\"name\":\"Librairie 7L\",\"url\":\"https:\/\/librairie7l.com\/en\/\",\"logo\":{\"@type\":\"ImageObject\",\"inLanguage\":\"en-US\",\"@id\":\"https:\/\/librairie7l.com\/en\/#\/schema\/logo\/image\/\",\"url\":\"https:\/\/librairie7l.com\/wp-content\/uploads\/2022\/08\/logo-1.png\",\"contentUrl\":\"https:\/\/librairie7l.com\/wp-content\/uploads\/2022\/08\/logo-1.png\",\"width\":227,\"height\":301,\"caption\":\"Librairie 7L\"},\"image\":{\"@id\":\"https:\/\/librairie7l.com\/en\/#\/schema\/logo\/image\/\"}}]}<\/script>\n<!-- \/ Yoast SEO plugin. -->","yoast_head_json":{"title":"La F\u00ealure et autres r\u00e9cits\/The Crack-Up and other stories - Librairie 7L","robots":{"index":"index","follow":"follow","max-snippet":"max-snippet:-1","max-image-preview":"max-image-preview:large","max-video-preview":"max-video-preview:-1"},"canonical":"https:\/\/librairie7l.com\/en\/produit\/la-felure-et-autres-recits-the-crack-up-and-other-stories-2\/","og_locale":"en_US","og_type":"article","og_title":"La F\u00ealure et autres r\u00e9cits\/The Crack-Up and other stories - Librairie 7L","og_description":"\u00abScott Fitzgerald ne pouvait pas \u00e9crire sans y mettre toute son histoire. D\u00e8s ses d\u00e9buts, d\u00e8s qu&#8217;il r\u00e9ussit \u00e0 placer quelques nouvelles dans les magazines, il pense que d\u00e9sormais sa vie, ses souvenirs, ses passions, ses malheurs et ceux de ses proches doivent servir son oeuvre. Il disait\u00a0:\u00a0&#8220;On doit vendre son coeur.&#8221; [&#8230;] La l\u00e9g\u00e8ret\u00e9 [&hellip;]","og_url":"https:\/\/librairie7l.com\/en\/produit\/la-felure-et-autres-recits-the-crack-up-and-other-stories-2\/","og_site_name":"Librairie 7L","article_modified_time":"2026-04-17T07:39:32+00:00","og_image":[{"width":600,"height":988,"url":"https:\/\/librairie7l.com\/wp-content\/uploads\/2025\/01\/9782073094551_1_75.jpg","type":"image\/jpeg"}],"twitter_card":"summary_large_image","twitter_misc":{"Est. reading time":"1 minute"},"schema":{"@context":"https:\/\/schema.org","@graph":[{"@type":"WebPage","@id":"https:\/\/librairie7l.com\/en\/produit\/la-felure-et-autres-recits-the-crack-up-and-other-stories-2\/","url":"https:\/\/librairie7l.com\/en\/produit\/la-felure-et-autres-recits-the-crack-up-and-other-stories-2\/","name":"La F\u00ealure et autres r\u00e9cits\/The Crack-Up and other stories - Librairie 7L","isPartOf":{"@id":"https:\/\/librairie7l.com\/en\/#website"},"datePublished":"2026-02-04T13:50:25+00:00","dateModified":"2026-04-17T07:39:32+00:00","breadcrumb":{"@id":"https:\/\/librairie7l.com\/en\/produit\/la-felure-et-autres-recits-the-crack-up-and-other-stories-2\/#breadcrumb"},"inLanguage":"en-US","potentialAction":[{"@type":"ReadAction","target":["https:\/\/librairie7l.com\/en\/produit\/la-felure-et-autres-recits-the-crack-up-and-other-stories-2\/"]}]},{"@type":"BreadcrumbList","@id":"https:\/\/librairie7l.com\/en\/produit\/la-felure-et-autres-recits-the-crack-up-and-other-stories-2\/#breadcrumb","itemListElement":[{"@type":"ListItem","position":1,"name":"Accueil","item":"https:\/\/librairie7l.com\/en\/"},{"@type":"ListItem","position":2,"name":"Shop","item":"https:\/\/librairie7l.com\/en\/shop\/"},{"@type":"ListItem","position":3,"name":"LA F\u00caLURE ET AUTRES R\u00c9CITS\/THE CRACK-UP AND OTHER STORIES"}]},{"@type":"WebSite","@id":"https:\/\/librairie7l.com\/en\/#website","url":"https:\/\/librairie7l.com\/en\/","name":"Librairie 7L","description":"Librairie fond\u00e9e en 1999 par Karl Lagerfeld \u00e0 Paris","publisher":{"@id":"https:\/\/librairie7l.com\/en\/#organization"},"potentialAction":[{"@type":"SearchAction","target":{"@type":"EntryPoint","urlTemplate":"https:\/\/librairie7l.com\/en\/?s={search_term_string}"},"query-input":"required name=search_term_string"}],"inLanguage":"en-US"},{"@type":"Organization","@id":"https:\/\/librairie7l.com\/en\/#organization","name":"Librairie 7L","url":"https:\/\/librairie7l.com\/en\/","logo":{"@type":"ImageObject","inLanguage":"en-US","@id":"https:\/\/librairie7l.com\/en\/#\/schema\/logo\/image\/","url":"https:\/\/librairie7l.com\/wp-content\/uploads\/2022\/08\/logo-1.png","contentUrl":"https:\/\/librairie7l.com\/wp-content\/uploads\/2022\/08\/logo-1.png","width":227,"height":301,"caption":"Librairie 7L"},"image":{"@id":"https:\/\/librairie7l.com\/en\/#\/schema\/logo\/image\/"}}]}},"_links":{"self":[{"href":"https:\/\/librairie7l.com\/en\/wp-json\/wp\/v2\/product\/54367"}],"collection":[{"href":"https:\/\/librairie7l.com\/en\/wp-json\/wp\/v2\/product"}],"about":[{"href":"https:\/\/librairie7l.com\/en\/wp-json\/wp\/v2\/types\/product"}],"wp:featuredmedia":[{"embeddable":true,"href":"https:\/\/librairie7l.com\/en\/wp-json\/wp\/v2\/media\/54365"}],"wp:attachment":[{"href":"https:\/\/librairie7l.com\/en\/wp-json\/wp\/v2\/media?parent=54367"}],"wp:term":[{"taxonomy":"product_cat","embeddable":true,"href":"https:\/\/librairie7l.com\/en\/wp-json\/wp\/v2\/product_cat?post=54367"},{"taxonomy":"product_tag","embeddable":true,"href":"https:\/\/librairie7l.com\/en\/wp-json\/wp\/v2\/product_tag?post=54367"}],"curies":[{"name":"wp","href":"https:\/\/api.w.org\/{rel}","templated":true}]}}