{"id":54394,"date":"2026-02-04T17:02:21","date_gmt":"2026-02-04T16:02:21","guid":{"rendered":"https:\/\/librairie7l.com\/produit\/boite-aux-livres-hanna-rochereau\/"},"modified":"2026-04-12T02:27:00","modified_gmt":"2026-04-12T00:27:00","slug":"boite-aux-livres-hanna-rochereau","status":"publish","type":"product","link":"https:\/\/librairie7l.com\/en\/produit\/boite-aux-livres-hanna-rochereau\/","title":{"rendered":"BO\u00ceTE AUX LIVRES HANNA ROCHEREAU"},"content":{"rendered":"<p>Hanna Rochereau est une artiste fran\u00e7aise qui vit et travaille \u00e0 Marseille.\u00a0Sa pratique de peinture et d\u2019installation s\u2019ancre dans une observation des espaces, des tactiques et des gestes associ\u00e9s \u00e0 la marchandisation du d\u00e9sir. Articulant des recherches autour de la mise en sc\u00e8ne et du display, elle observe comment la tentation, la frustration ou l\u2019absence circulent et se mat\u00e9rialisent. La vitrine ou le storage, l\u2019archive ou le packaging servent alors de points de d\u00e9part \u00e0 un questionnement formel autour des affects que cristallisent certains objets.<\/p>\n<p>La <strong>Bo\u00eete aux livres Hanna Rochereau<\/strong> est compos\u00e9e de :<\/p>\n<ul>\n<li>un tirage photographique original, sign\u00e9 et num\u00e9rot\u00e9 par l&#8217;artiste,<br \/>\nr\u00e9alis\u00e9 en collaboration avec Atelier Idem<\/li>\n<li><em>1887-2058<\/em>, Dominique Gonzalez-Foerster,\u00a0\u00c9ditions du\u00a0Centre Pompidou, 2015<\/li>\n<li><em>Ch\u00e8re Dr. Mueller<\/em>, Cookie Mueller, \u00c9ditions Finitude, 2024<\/li>\n<li><em>\u0152<\/em><em>uvres 1: Dans ma chambre &#8211; Je sors ce soir &#8211; Plus fort que moi<\/em>, Guillaume Dustan, P.O.L, 2013<\/li>\n<li><em>Precious Okoyomon: One Either Loves Oneself or Knows Oneself<\/em>, Kunsthaus Bregenz, 2025<\/li>\n<li>le tote bag <em>The Great<\/em><\/li>\n<\/ul>\n","protected":false},"excerpt":{"rendered":"<p>Hanna Rochereau est une artiste fran\u00e7aise qui vit et travaille \u00e0 Marseille.\u00a0Sa pratique de peinture et d\u2019installation s\u2019ancre dans une observation des espaces, des tactiques et des gestes associ\u00e9s \u00e0 la marchandisation du d\u00e9sir. Articulant des recherches autour de la mise en sc\u00e8ne et du display, elle observe comment la tentation, la frustration ou l\u2019absence [&hellip;]<\/p>\n","protected":false},"featured_media":54376,"template":"","meta":[],"product_cat":[2993],"product_tag":[],"acf":[],"yoast_head":"<!-- This site is optimized with the Yoast SEO plugin v20.11 - https:\/\/yoast.com\/wordpress\/plugins\/seo\/ -->\n<title>BO\u00ceTE AUX LIVRES HANNA ROCHEREAU - Librairie 7L<\/title>\n<meta name=\"robots\" content=\"index, follow, max-snippet:-1, max-image-preview:large, max-video-preview:-1\" \/>\n<link rel=\"canonical\" href=\"https:\/\/librairie7l.com\/en\/produit\/boite-aux-livres-hanna-rochereau\/\" \/>\n<meta property=\"og:locale\" content=\"en_US\" \/>\n<meta property=\"og:type\" content=\"article\" \/>\n<meta property=\"og:title\" content=\"BO\u00ceTE AUX LIVRES HANNA ROCHEREAU - Librairie 7L\" \/>\n<meta property=\"og:description\" content=\"Hanna Rochereau est une artiste fran\u00e7aise qui vit et travaille \u00e0 Marseille.\u00a0Sa pratique de peinture et d\u2019installation s\u2019ancre dans une observation des espaces, des tactiques et des gestes associ\u00e9s \u00e0 la marchandisation du d\u00e9sir. Articulant des recherches autour de la mise en sc\u00e8ne et du display, elle observe comment la tentation, la frustration ou l\u2019absence [&hellip;]\" \/>\n<meta property=\"og:url\" content=\"https:\/\/librairie7l.com\/en\/produit\/boite-aux-livres-hanna-rochereau\/\" \/>\n<meta property=\"og:site_name\" content=\"Librairie 7L\" \/>\n<meta property=\"article:modified_time\" content=\"2026-04-12T00:27:00+00:00\" \/>\n<meta property=\"og:image\" content=\"https:\/\/librairie7l.com\/wp-content\/uploads\/2026\/02\/Boite-a-livres-fev2026-7L-9971.jpg\" \/>\n\t<meta property=\"og:image:width\" content=\"1\" \/>\n\t<meta property=\"og:image:height\" content=\"1\" \/>\n\t<meta property=\"og:image:type\" content=\"image\/jpeg\" \/>\n<meta name=\"twitter:card\" content=\"summary_large_image\" \/>\n<meta name=\"twitter:label1\" content=\"Est. reading time\" \/>\n\t<meta name=\"twitter:data1\" content=\"1 minute\" \/>\n<script type=\"application\/ld+json\" class=\"yoast-schema-graph\">{\"@context\":\"https:\/\/schema.org\",\"@graph\":[{\"@type\":\"WebPage\",\"@id\":\"https:\/\/librairie7l.com\/en\/produit\/boite-aux-livres-hanna-rochereau\/\",\"url\":\"https:\/\/librairie7l.com\/en\/produit\/boite-aux-livres-hanna-rochereau\/\",\"name\":\"BO\u00ceTE AUX LIVRES HANNA ROCHEREAU - Librairie 7L\",\"isPartOf\":{\"@id\":\"https:\/\/librairie7l.com\/en\/#website\"},\"datePublished\":\"2026-02-04T16:02:21+00:00\",\"dateModified\":\"2026-04-12T00:27:00+00:00\",\"breadcrumb\":{\"@id\":\"https:\/\/librairie7l.com\/en\/produit\/boite-aux-livres-hanna-rochereau\/#breadcrumb\"},\"inLanguage\":\"en-US\",\"potentialAction\":[{\"@type\":\"ReadAction\",\"target\":[\"https:\/\/librairie7l.com\/en\/produit\/boite-aux-livres-hanna-rochereau\/\"]}]},{\"@type\":\"BreadcrumbList\",\"@id\":\"https:\/\/librairie7l.com\/en\/produit\/boite-aux-livres-hanna-rochereau\/#breadcrumb\",\"itemListElement\":[{\"@type\":\"ListItem\",\"position\":1,\"name\":\"Accueil\",\"item\":\"https:\/\/librairie7l.com\/en\/\"},{\"@type\":\"ListItem\",\"position\":2,\"name\":\"Shop\",\"item\":\"https:\/\/librairie7l.com\/en\/shop\/\"},{\"@type\":\"ListItem\",\"position\":3,\"name\":\"BO\u00ceTE AUX LIVRES HANNA ROCHEREAU\"}]},{\"@type\":\"WebSite\",\"@id\":\"https:\/\/librairie7l.com\/en\/#website\",\"url\":\"https:\/\/librairie7l.com\/en\/\",\"name\":\"Librairie 7L\",\"description\":\"Librairie fond\u00e9e en 1999 par Karl Lagerfeld \u00e0 Paris\",\"publisher\":{\"@id\":\"https:\/\/librairie7l.com\/en\/#organization\"},\"potentialAction\":[{\"@type\":\"SearchAction\",\"target\":{\"@type\":\"EntryPoint\",\"urlTemplate\":\"https:\/\/librairie7l.com\/en\/?s={search_term_string}\"},\"query-input\":\"required name=search_term_string\"}],\"inLanguage\":\"en-US\"},{\"@type\":\"Organization\",\"@id\":\"https:\/\/librairie7l.com\/en\/#organization\",\"name\":\"Librairie 7L\",\"url\":\"https:\/\/librairie7l.com\/en\/\",\"logo\":{\"@type\":\"ImageObject\",\"inLanguage\":\"en-US\",\"@id\":\"https:\/\/librairie7l.com\/en\/#\/schema\/logo\/image\/\",\"url\":\"https:\/\/librairie7l.com\/wp-content\/uploads\/2022\/08\/logo-1.png\",\"contentUrl\":\"https:\/\/librairie7l.com\/wp-content\/uploads\/2022\/08\/logo-1.png\",\"width\":227,\"height\":301,\"caption\":\"Librairie 7L\"},\"image\":{\"@id\":\"https:\/\/librairie7l.com\/en\/#\/schema\/logo\/image\/\"}}]}<\/script>\n<!-- \/ Yoast SEO plugin. -->","yoast_head_json":{"title":"BO\u00ceTE AUX LIVRES HANNA ROCHEREAU - Librairie 7L","robots":{"index":"index","follow":"follow","max-snippet":"max-snippet:-1","max-image-preview":"max-image-preview:large","max-video-preview":"max-video-preview:-1"},"canonical":"https:\/\/librairie7l.com\/en\/produit\/boite-aux-livres-hanna-rochereau\/","og_locale":"en_US","og_type":"article","og_title":"BO\u00ceTE AUX LIVRES HANNA ROCHEREAU - Librairie 7L","og_description":"Hanna Rochereau est une artiste fran\u00e7aise qui vit et travaille \u00e0 Marseille.\u00a0Sa pratique de peinture et d\u2019installation s\u2019ancre dans une observation des espaces, des tactiques et des gestes associ\u00e9s \u00e0 la marchandisation du d\u00e9sir. Articulant des recherches autour de la mise en sc\u00e8ne et du display, elle observe comment la tentation, la frustration ou l\u2019absence [&hellip;]","og_url":"https:\/\/librairie7l.com\/en\/produit\/boite-aux-livres-hanna-rochereau\/","og_site_name":"Librairie 7L","article_modified_time":"2026-04-12T00:27:00+00:00","og_image":[{"url":"https:\/\/librairie7l.com\/wp-content\/uploads\/2026\/02\/Boite-a-livres-fev2026-7L-9971.jpg","width":1,"height":1,"type":"image\/jpeg"}],"twitter_card":"summary_large_image","twitter_misc":{"Est. reading time":"1 minute"},"schema":{"@context":"https:\/\/schema.org","@graph":[{"@type":"WebPage","@id":"https:\/\/librairie7l.com\/en\/produit\/boite-aux-livres-hanna-rochereau\/","url":"https:\/\/librairie7l.com\/en\/produit\/boite-aux-livres-hanna-rochereau\/","name":"BO\u00ceTE AUX LIVRES HANNA ROCHEREAU - Librairie 7L","isPartOf":{"@id":"https:\/\/librairie7l.com\/en\/#website"},"datePublished":"2026-02-04T16:02:21+00:00","dateModified":"2026-04-12T00:27:00+00:00","breadcrumb":{"@id":"https:\/\/librairie7l.com\/en\/produit\/boite-aux-livres-hanna-rochereau\/#breadcrumb"},"inLanguage":"en-US","potentialAction":[{"@type":"ReadAction","target":["https:\/\/librairie7l.com\/en\/produit\/boite-aux-livres-hanna-rochereau\/"]}]},{"@type":"BreadcrumbList","@id":"https:\/\/librairie7l.com\/en\/produit\/boite-aux-livres-hanna-rochereau\/#breadcrumb","itemListElement":[{"@type":"ListItem","position":1,"name":"Accueil","item":"https:\/\/librairie7l.com\/en\/"},{"@type":"ListItem","position":2,"name":"Shop","item":"https:\/\/librairie7l.com\/en\/shop\/"},{"@type":"ListItem","position":3,"name":"BO\u00ceTE AUX LIVRES HANNA ROCHEREAU"}]},{"@type":"WebSite","@id":"https:\/\/librairie7l.com\/en\/#website","url":"https:\/\/librairie7l.com\/en\/","name":"Librairie 7L","description":"Librairie fond\u00e9e en 1999 par Karl Lagerfeld \u00e0 Paris","publisher":{"@id":"https:\/\/librairie7l.com\/en\/#organization"},"potentialAction":[{"@type":"SearchAction","target":{"@type":"EntryPoint","urlTemplate":"https:\/\/librairie7l.com\/en\/?s={search_term_string}"},"query-input":"required name=search_term_string"}],"inLanguage":"en-US"},{"@type":"Organization","@id":"https:\/\/librairie7l.com\/en\/#organization","name":"Librairie 7L","url":"https:\/\/librairie7l.com\/en\/","logo":{"@type":"ImageObject","inLanguage":"en-US","@id":"https:\/\/librairie7l.com\/en\/#\/schema\/logo\/image\/","url":"https:\/\/librairie7l.com\/wp-content\/uploads\/2022\/08\/logo-1.png","contentUrl":"https:\/\/librairie7l.com\/wp-content\/uploads\/2022\/08\/logo-1.png","width":227,"height":301,"caption":"Librairie 7L"},"image":{"@id":"https:\/\/librairie7l.com\/en\/#\/schema\/logo\/image\/"}}]}},"_links":{"self":[{"href":"https:\/\/librairie7l.com\/en\/wp-json\/wp\/v2\/product\/54394"}],"collection":[{"href":"https:\/\/librairie7l.com\/en\/wp-json\/wp\/v2\/product"}],"about":[{"href":"https:\/\/librairie7l.com\/en\/wp-json\/wp\/v2\/types\/product"}],"wp:featuredmedia":[{"embeddable":true,"href":"https:\/\/librairie7l.com\/en\/wp-json\/wp\/v2\/media\/54376"}],"wp:attachment":[{"href":"https:\/\/librairie7l.com\/en\/wp-json\/wp\/v2\/media?parent=54394"}],"wp:term":[{"taxonomy":"product_cat","embeddable":true,"href":"https:\/\/librairie7l.com\/en\/wp-json\/wp\/v2\/product_cat?post=54394"},{"taxonomy":"product_tag","embeddable":true,"href":"https:\/\/librairie7l.com\/en\/wp-json\/wp\/v2\/product_tag?post=54394"}],"curies":[{"name":"wp","href":"https:\/\/api.w.org\/{rel}","templated":true}]}}