{"id":54398,"date":"2026-02-05T09:18:16","date_gmt":"2026-02-05T08:18:16","guid":{"rendered":"https:\/\/librairie7l.com\/?post_type=product&#038;p=54398"},"modified":"2026-04-21T02:14:09","modified_gmt":"2026-04-21T00:14:09","slug":"mouches-un-portrait-2","status":"publish","type":"product","link":"https:\/\/librairie7l.com\/en\/produit\/mouches-un-portrait-2\/","title":{"rendered":"MOUCHES : UN PORTRAIT"},"content":{"rendered":"<p>\u00ab Aucun animal &#8211; on peut le dire sans exag\u00e9ration &#8211; n&#8217;est pour l&#8217;homme [&#8230;] un compagnon aussi fid\u00e8le, en r\u00e8gle g\u00e9n\u00e9rale importun, et m\u00eame dans certaines circonstances insupportables, que la mouche commune (musca domestica) [&#8230;]. Nous connaissons tous ses d\u00e9fauts, ses intrusions aga\u00e7antes, sa gourmandise et son besoin de tout salir ; personne ne saurait vanter une seule de ses qualit\u00e9s \u00bb. Voici comment, en 1877, Alfred Edmund Brehm d\u00e9crit cet insecte parfaitement impopulaire, qui nous importune et nous d\u00e9range. Depuis l&#8217;Antiquit\u00e9, une v\u00e9ritable litt\u00e9rature de condamnation s&#8217;est \u00e9tablie \u00e0 l&#8217;encontre de ces insectes sans d\u00e9fense au point de les utiliser \u00e0 contre-emploi pour d\u00e9signer quelqu&#8217;un d&#8217;inoffensif : \u00ab Il ne ferait pas de mal \u00e0 une mouche ! \u00bb<br \/>\nPeter Geimer brosse une histoire culturelle de cet insecte apparemment superflu. Au fil des chapitres, le lecteur d\u00e9couvre l&#8217;\u00e9tonnante richesse du monde des mouches tout comme l&#8217;agacement ou la r\u00e9pulsion qu&#8217;elles peuvent susciter chez l&#8217;humain. On d\u00e9couvre ainsi la fascination pour son appareil visuel (en particulier dans l&#8217;histoire du cin\u00e9ma, de la t\u00e9l\u00e9vision et de la photographie), son r\u00f4le central dans la recherche sur les g\u00e8nes, en passant par ses diff\u00e9rentes repr\u00e9sentations picturales.<br \/>\nDans ce texte renseign\u00e9 et plein d&#8217;humour, l&#8217;auteur \u00e9crit : \u00ab Le pouvoir des mouches se mesure \u00e0 leur insouciance sto\u00efque. \u00bb Depuis des si\u00e8cles, cet insecte est l&#8217;objet d&#8217;attributions tout \u00e0 la fois magiques, m\u00e9prisantes et parfois haineuses. La force de cet ouvrage r\u00e9side dans les diff\u00e9rences d&#8217;\u00e9chelles &#8211; une toute petite b\u00eate peut engendrer un vrai carnage &#8211; et les variations de tons &#8211; charmantes gravures de diff\u00e9rentes esp\u00e8ces, court-m\u00e9trage r\u00e9alis\u00e9 du point de vue d&#8217;une mouche ou Vanit\u00e9s du XVIIe si\u00e8cle.<\/p>\n","protected":false},"excerpt":{"rendered":"<p>\u00ab Aucun animal &#8211; on peut le dire sans exag\u00e9ration &#8211; n&#8217;est pour l&#8217;homme [&#8230;] un compagnon aussi fid\u00e8le, en r\u00e8gle g\u00e9n\u00e9rale importun, et m\u00eame dans certaines circonstances insupportables, que la mouche commune (musca domestica) [&#8230;]. Nous connaissons tous ses d\u00e9fauts, ses intrusions aga\u00e7antes, sa gourmandise et son besoin de tout salir ; personne ne [&hellip;]<\/p>\n","protected":false},"featured_media":54396,"template":"","meta":[],"product_cat":[2948],"product_tag":[],"acf":[],"yoast_head":"<!-- This site is optimized with the Yoast SEO plugin v20.11 - https:\/\/yoast.com\/wordpress\/plugins\/seo\/ -->\n<title>Mouches : Un portrait - Librairie 7L<\/title>\n<meta name=\"robots\" content=\"index, follow, max-snippet:-1, max-image-preview:large, max-video-preview:-1\" \/>\n<link rel=\"canonical\" href=\"https:\/\/librairie7l.com\/en\/produit\/mouches-un-portrait-2\/\" \/>\n<meta property=\"og:locale\" content=\"en_US\" \/>\n<meta property=\"og:type\" content=\"article\" \/>\n<meta property=\"og:title\" content=\"Mouches : Un portrait - Librairie 7L\" \/>\n<meta property=\"og:description\" content=\"\u00ab Aucun animal &#8211; on peut le dire sans exag\u00e9ration &#8211; n&#8217;est pour l&#8217;homme [&#8230;] un compagnon aussi fid\u00e8le, en r\u00e8gle g\u00e9n\u00e9rale importun, et m\u00eame dans certaines circonstances insupportables, que la mouche commune (musca domestica) [&#8230;]. Nous connaissons tous ses d\u00e9fauts, ses intrusions aga\u00e7antes, sa gourmandise et son besoin de tout salir ; personne ne [&hellip;]\" \/>\n<meta property=\"og:url\" content=\"https:\/\/librairie7l.com\/en\/produit\/mouches-un-portrait-2\/\" \/>\n<meta property=\"og:site_name\" content=\"Librairie 7L\" \/>\n<meta property=\"article:modified_time\" content=\"2026-04-21T00:14:09+00:00\" \/>\n<meta property=\"og:image\" content=\"https:\/\/librairie7l.com\/wp-content\/uploads\/2025\/09\/9782865891733_1_75.jpg\" \/>\n\t<meta property=\"og:image:width\" content=\"600\" \/>\n\t<meta property=\"og:image:height\" content=\"900\" \/>\n\t<meta property=\"og:image:type\" content=\"image\/jpeg\" \/>\n<meta name=\"twitter:card\" content=\"summary_large_image\" \/>\n<meta name=\"twitter:label1\" content=\"Est. reading time\" \/>\n\t<meta name=\"twitter:data1\" content=\"1 minute\" \/>\n<script type=\"application\/ld+json\" class=\"yoast-schema-graph\">{\"@context\":\"https:\/\/schema.org\",\"@graph\":[{\"@type\":\"WebPage\",\"@id\":\"https:\/\/librairie7l.com\/en\/produit\/mouches-un-portrait-2\/\",\"url\":\"https:\/\/librairie7l.com\/en\/produit\/mouches-un-portrait-2\/\",\"name\":\"Mouches : Un portrait - Librairie 7L\",\"isPartOf\":{\"@id\":\"https:\/\/librairie7l.com\/en\/#website\"},\"datePublished\":\"2026-02-05T08:18:16+00:00\",\"dateModified\":\"2026-04-21T00:14:09+00:00\",\"breadcrumb\":{\"@id\":\"https:\/\/librairie7l.com\/en\/produit\/mouches-un-portrait-2\/#breadcrumb\"},\"inLanguage\":\"en-US\",\"potentialAction\":[{\"@type\":\"ReadAction\",\"target\":[\"https:\/\/librairie7l.com\/en\/produit\/mouches-un-portrait-2\/\"]}]},{\"@type\":\"BreadcrumbList\",\"@id\":\"https:\/\/librairie7l.com\/en\/produit\/mouches-un-portrait-2\/#breadcrumb\",\"itemListElement\":[{\"@type\":\"ListItem\",\"position\":1,\"name\":\"Accueil\",\"item\":\"https:\/\/librairie7l.com\/en\/\"},{\"@type\":\"ListItem\",\"position\":2,\"name\":\"Shop\",\"item\":\"https:\/\/librairie7l.com\/en\/shop\/\"},{\"@type\":\"ListItem\",\"position\":3,\"name\":\"MOUCHES : UN PORTRAIT\"}]},{\"@type\":\"WebSite\",\"@id\":\"https:\/\/librairie7l.com\/en\/#website\",\"url\":\"https:\/\/librairie7l.com\/en\/\",\"name\":\"Librairie 7L\",\"description\":\"Librairie fond\u00e9e en 1999 par Karl Lagerfeld \u00e0 Paris\",\"publisher\":{\"@id\":\"https:\/\/librairie7l.com\/en\/#organization\"},\"potentialAction\":[{\"@type\":\"SearchAction\",\"target\":{\"@type\":\"EntryPoint\",\"urlTemplate\":\"https:\/\/librairie7l.com\/en\/?s={search_term_string}\"},\"query-input\":\"required name=search_term_string\"}],\"inLanguage\":\"en-US\"},{\"@type\":\"Organization\",\"@id\":\"https:\/\/librairie7l.com\/en\/#organization\",\"name\":\"Librairie 7L\",\"url\":\"https:\/\/librairie7l.com\/en\/\",\"logo\":{\"@type\":\"ImageObject\",\"inLanguage\":\"en-US\",\"@id\":\"https:\/\/librairie7l.com\/en\/#\/schema\/logo\/image\/\",\"url\":\"https:\/\/librairie7l.com\/wp-content\/uploads\/2022\/08\/logo-1.png\",\"contentUrl\":\"https:\/\/librairie7l.com\/wp-content\/uploads\/2022\/08\/logo-1.png\",\"width\":227,\"height\":301,\"caption\":\"Librairie 7L\"},\"image\":{\"@id\":\"https:\/\/librairie7l.com\/en\/#\/schema\/logo\/image\/\"}}]}<\/script>\n<!-- \/ Yoast SEO plugin. -->","yoast_head_json":{"title":"Mouches : Un portrait - Librairie 7L","robots":{"index":"index","follow":"follow","max-snippet":"max-snippet:-1","max-image-preview":"max-image-preview:large","max-video-preview":"max-video-preview:-1"},"canonical":"https:\/\/librairie7l.com\/en\/produit\/mouches-un-portrait-2\/","og_locale":"en_US","og_type":"article","og_title":"Mouches : Un portrait - Librairie 7L","og_description":"\u00ab Aucun animal &#8211; on peut le dire sans exag\u00e9ration &#8211; n&#8217;est pour l&#8217;homme [&#8230;] un compagnon aussi fid\u00e8le, en r\u00e8gle g\u00e9n\u00e9rale importun, et m\u00eame dans certaines circonstances insupportables, que la mouche commune (musca domestica) [&#8230;]. Nous connaissons tous ses d\u00e9fauts, ses intrusions aga\u00e7antes, sa gourmandise et son besoin de tout salir ; personne ne [&hellip;]","og_url":"https:\/\/librairie7l.com\/en\/produit\/mouches-un-portrait-2\/","og_site_name":"Librairie 7L","article_modified_time":"2026-04-21T00:14:09+00:00","og_image":[{"width":600,"height":900,"url":"https:\/\/librairie7l.com\/wp-content\/uploads\/2025\/09\/9782865891733_1_75.jpg","type":"image\/jpeg"}],"twitter_card":"summary_large_image","twitter_misc":{"Est. reading time":"1 minute"},"schema":{"@context":"https:\/\/schema.org","@graph":[{"@type":"WebPage","@id":"https:\/\/librairie7l.com\/en\/produit\/mouches-un-portrait-2\/","url":"https:\/\/librairie7l.com\/en\/produit\/mouches-un-portrait-2\/","name":"Mouches : Un portrait - Librairie 7L","isPartOf":{"@id":"https:\/\/librairie7l.com\/en\/#website"},"datePublished":"2026-02-05T08:18:16+00:00","dateModified":"2026-04-21T00:14:09+00:00","breadcrumb":{"@id":"https:\/\/librairie7l.com\/en\/produit\/mouches-un-portrait-2\/#breadcrumb"},"inLanguage":"en-US","potentialAction":[{"@type":"ReadAction","target":["https:\/\/librairie7l.com\/en\/produit\/mouches-un-portrait-2\/"]}]},{"@type":"BreadcrumbList","@id":"https:\/\/librairie7l.com\/en\/produit\/mouches-un-portrait-2\/#breadcrumb","itemListElement":[{"@type":"ListItem","position":1,"name":"Accueil","item":"https:\/\/librairie7l.com\/en\/"},{"@type":"ListItem","position":2,"name":"Shop","item":"https:\/\/librairie7l.com\/en\/shop\/"},{"@type":"ListItem","position":3,"name":"MOUCHES : UN PORTRAIT"}]},{"@type":"WebSite","@id":"https:\/\/librairie7l.com\/en\/#website","url":"https:\/\/librairie7l.com\/en\/","name":"Librairie 7L","description":"Librairie fond\u00e9e en 1999 par Karl Lagerfeld \u00e0 Paris","publisher":{"@id":"https:\/\/librairie7l.com\/en\/#organization"},"potentialAction":[{"@type":"SearchAction","target":{"@type":"EntryPoint","urlTemplate":"https:\/\/librairie7l.com\/en\/?s={search_term_string}"},"query-input":"required name=search_term_string"}],"inLanguage":"en-US"},{"@type":"Organization","@id":"https:\/\/librairie7l.com\/en\/#organization","name":"Librairie 7L","url":"https:\/\/librairie7l.com\/en\/","logo":{"@type":"ImageObject","inLanguage":"en-US","@id":"https:\/\/librairie7l.com\/en\/#\/schema\/logo\/image\/","url":"https:\/\/librairie7l.com\/wp-content\/uploads\/2022\/08\/logo-1.png","contentUrl":"https:\/\/librairie7l.com\/wp-content\/uploads\/2022\/08\/logo-1.png","width":227,"height":301,"caption":"Librairie 7L"},"image":{"@id":"https:\/\/librairie7l.com\/en\/#\/schema\/logo\/image\/"}}]}},"_links":{"self":[{"href":"https:\/\/librairie7l.com\/en\/wp-json\/wp\/v2\/product\/54398"}],"collection":[{"href":"https:\/\/librairie7l.com\/en\/wp-json\/wp\/v2\/product"}],"about":[{"href":"https:\/\/librairie7l.com\/en\/wp-json\/wp\/v2\/types\/product"}],"wp:featuredmedia":[{"embeddable":true,"href":"https:\/\/librairie7l.com\/en\/wp-json\/wp\/v2\/media\/54396"}],"wp:attachment":[{"href":"https:\/\/librairie7l.com\/en\/wp-json\/wp\/v2\/media?parent=54398"}],"wp:term":[{"taxonomy":"product_cat","embeddable":true,"href":"https:\/\/librairie7l.com\/en\/wp-json\/wp\/v2\/product_cat?post=54398"},{"taxonomy":"product_tag","embeddable":true,"href":"https:\/\/librairie7l.com\/en\/wp-json\/wp\/v2\/product_tag?post=54398"}],"curies":[{"name":"wp","href":"https:\/\/api.w.org\/{rel}","templated":true}]}}