{"id":54402,"date":"2026-02-05T09:18:18","date_gmt":"2026-02-05T08:18:18","guid":{"rendered":"https:\/\/librairie7l.com\/?post_type=product&#038;p=54402"},"modified":"2026-04-17T02:57:09","modified_gmt":"2026-04-17T00:57:09","slug":"porcelaine-chefs-doeuvre-de-la-collection-ise-2","status":"publish","type":"product","link":"https:\/\/librairie7l.com\/en\/produit\/porcelaine-chefs-doeuvre-de-la-collection-ise-2\/","title":{"rendered":"PORCELAINE ; CHEFS-D&#8217;OEUVRE DE LA COLLECTION ISE"},"content":{"rendered":"<p>Hikonobu Ise, riche agro-industriel japonais et philanthrope est collectionneur. Des peintres impressionnistes fran\u00e7ais \u00e0 l&#8217;art contemporain am\u00e9ricain, en passant par l&#8217;art oriental, sa v\u00e9ritable passion est de collectionner les c\u00e9ramiques chinoises, avec un go\u00fbt prononc\u00e9 pour les porcelaines sorties des fours offi ciels et destin\u00e9es \u00e0 la cour imp\u00e9riale, dont les formes \u00e9l\u00e9gantes et la surface aux nuances profondes pr\u00e9sentent un haut degr\u00e9 de perfection.<br \/>\nCette collection de c\u00e9ramique, qui couvre les productions du 5 e si\u00e8cle avant notre \u00e8re jusqu&#8217;au  XIX e si\u00e8cle, des p\u00e9riodes antiques aux Qing, permet de dresser un panorama de l&#8217;\u00e9volution des techniques et des d\u00e9cors. Elle est aussi l&#8217;occasion de saisir ce ph\u00e9nom\u00e8ne remarquable qu&#8217;est le go\u00fbt des Japonais pour la c\u00e9r\u00e9monie du th\u00e9, qu&#8217;ils ont transform\u00e9 en un art de vivre \u00e0 forte dimension cultuelle. C&#8217;est dans cette fi liation que s&#8217;inscrit le collectionnisme d&#8217;Hikonobu Ise, port\u00e9 notamment par son admiration pour la culture lettr\u00e9e chinoise : pr\u00e9senter cette collection, c&#8217;est ainsi convier chacun \u00e0 un voyage sensoriel et esth\u00e9tique, dans l&#8217;intimit\u00e9 d&#8217;un passionn\u00e9.<\/p>\n","protected":false},"excerpt":{"rendered":"<p>Hikonobu Ise, riche agro-industriel japonais et philanthrope est collectionneur. Des peintres impressionnistes fran\u00e7ais \u00e0 l&#8217;art contemporain am\u00e9ricain, en passant par l&#8217;art oriental, sa v\u00e9ritable passion est de collectionner les c\u00e9ramiques chinoises, avec un go\u00fbt prononc\u00e9 pour les porcelaines sorties des fours offi ciels et destin\u00e9es \u00e0 la cour imp\u00e9riale, dont les formes \u00e9l\u00e9gantes et la [&hellip;]<\/p>\n","protected":false},"featured_media":54400,"template":"","meta":[],"product_cat":[2948],"product_tag":[],"acf":[],"yoast_head":"<!-- This site is optimized with the Yoast SEO plugin v20.11 - https:\/\/yoast.com\/wordpress\/plugins\/seo\/ -->\n<title>Porcelaine ; chefs-d&#039;oeuvre de la collection Ise - Librairie 7L<\/title>\n<meta name=\"robots\" content=\"index, follow, max-snippet:-1, max-image-preview:large, max-video-preview:-1\" \/>\n<link rel=\"canonical\" href=\"https:\/\/librairie7l.com\/en\/produit\/porcelaine-chefs-doeuvre-de-la-collection-ise-2\/\" \/>\n<meta property=\"og:locale\" content=\"en_US\" \/>\n<meta property=\"og:type\" content=\"article\" \/>\n<meta property=\"og:title\" content=\"Porcelaine ; chefs-d&#039;oeuvre de la collection Ise - Librairie 7L\" \/>\n<meta property=\"og:description\" content=\"Hikonobu Ise, riche agro-industriel japonais et philanthrope est collectionneur. Des peintres impressionnistes fran\u00e7ais \u00e0 l&#8217;art contemporain am\u00e9ricain, en passant par l&#8217;art oriental, sa v\u00e9ritable passion est de collectionner les c\u00e9ramiques chinoises, avec un go\u00fbt prononc\u00e9 pour les porcelaines sorties des fours offi ciels et destin\u00e9es \u00e0 la cour imp\u00e9riale, dont les formes \u00e9l\u00e9gantes et la [&hellip;]\" \/>\n<meta property=\"og:url\" content=\"https:\/\/librairie7l.com\/en\/produit\/porcelaine-chefs-doeuvre-de-la-collection-ise-2\/\" \/>\n<meta property=\"og:site_name\" content=\"Librairie 7L\" \/>\n<meta property=\"article:modified_time\" content=\"2026-04-17T00:57:09+00:00\" \/>\n<meta property=\"og:image\" content=\"https:\/\/librairie7l.com\/wp-content\/uploads\/2017\/03\/9782359062137_1_75.jpg\" \/>\n\t<meta property=\"og:image:width\" content=\"600\" \/>\n\t<meta property=\"og:image:height\" content=\"728\" \/>\n\t<meta property=\"og:image:type\" content=\"image\/jpeg\" \/>\n<meta name=\"twitter:card\" content=\"summary_large_image\" \/>\n<meta name=\"twitter:label1\" content=\"Est. reading time\" \/>\n\t<meta name=\"twitter:data1\" content=\"1 minute\" \/>\n<script type=\"application\/ld+json\" class=\"yoast-schema-graph\">{\"@context\":\"https:\/\/schema.org\",\"@graph\":[{\"@type\":\"WebPage\",\"@id\":\"https:\/\/librairie7l.com\/en\/produit\/porcelaine-chefs-doeuvre-de-la-collection-ise-2\/\",\"url\":\"https:\/\/librairie7l.com\/en\/produit\/porcelaine-chefs-doeuvre-de-la-collection-ise-2\/\",\"name\":\"Porcelaine ; chefs-d'oeuvre de la collection Ise - Librairie 7L\",\"isPartOf\":{\"@id\":\"https:\/\/librairie7l.com\/en\/#website\"},\"datePublished\":\"2026-02-05T08:18:18+00:00\",\"dateModified\":\"2026-04-17T00:57:09+00:00\",\"breadcrumb\":{\"@id\":\"https:\/\/librairie7l.com\/en\/produit\/porcelaine-chefs-doeuvre-de-la-collection-ise-2\/#breadcrumb\"},\"inLanguage\":\"en-US\",\"potentialAction\":[{\"@type\":\"ReadAction\",\"target\":[\"https:\/\/librairie7l.com\/en\/produit\/porcelaine-chefs-doeuvre-de-la-collection-ise-2\/\"]}]},{\"@type\":\"BreadcrumbList\",\"@id\":\"https:\/\/librairie7l.com\/en\/produit\/porcelaine-chefs-doeuvre-de-la-collection-ise-2\/#breadcrumb\",\"itemListElement\":[{\"@type\":\"ListItem\",\"position\":1,\"name\":\"Accueil\",\"item\":\"https:\/\/librairie7l.com\/en\/\"},{\"@type\":\"ListItem\",\"position\":2,\"name\":\"Shop\",\"item\":\"https:\/\/librairie7l.com\/en\/shop\/\"},{\"@type\":\"ListItem\",\"position\":3,\"name\":\"PORCELAINE ; CHEFS-D&#8217;OEUVRE DE LA COLLECTION ISE\"}]},{\"@type\":\"WebSite\",\"@id\":\"https:\/\/librairie7l.com\/en\/#website\",\"url\":\"https:\/\/librairie7l.com\/en\/\",\"name\":\"Librairie 7L\",\"description\":\"Librairie fond\u00e9e en 1999 par Karl Lagerfeld \u00e0 Paris\",\"publisher\":{\"@id\":\"https:\/\/librairie7l.com\/en\/#organization\"},\"potentialAction\":[{\"@type\":\"SearchAction\",\"target\":{\"@type\":\"EntryPoint\",\"urlTemplate\":\"https:\/\/librairie7l.com\/en\/?s={search_term_string}\"},\"query-input\":\"required name=search_term_string\"}],\"inLanguage\":\"en-US\"},{\"@type\":\"Organization\",\"@id\":\"https:\/\/librairie7l.com\/en\/#organization\",\"name\":\"Librairie 7L\",\"url\":\"https:\/\/librairie7l.com\/en\/\",\"logo\":{\"@type\":\"ImageObject\",\"inLanguage\":\"en-US\",\"@id\":\"https:\/\/librairie7l.com\/en\/#\/schema\/logo\/image\/\",\"url\":\"https:\/\/librairie7l.com\/wp-content\/uploads\/2022\/08\/logo-1.png\",\"contentUrl\":\"https:\/\/librairie7l.com\/wp-content\/uploads\/2022\/08\/logo-1.png\",\"width\":227,\"height\":301,\"caption\":\"Librairie 7L\"},\"image\":{\"@id\":\"https:\/\/librairie7l.com\/en\/#\/schema\/logo\/image\/\"}}]}<\/script>\n<!-- \/ Yoast SEO plugin. -->","yoast_head_json":{"title":"Porcelaine ; chefs-d'oeuvre de la collection Ise - Librairie 7L","robots":{"index":"index","follow":"follow","max-snippet":"max-snippet:-1","max-image-preview":"max-image-preview:large","max-video-preview":"max-video-preview:-1"},"canonical":"https:\/\/librairie7l.com\/en\/produit\/porcelaine-chefs-doeuvre-de-la-collection-ise-2\/","og_locale":"en_US","og_type":"article","og_title":"Porcelaine ; chefs-d'oeuvre de la collection Ise - Librairie 7L","og_description":"Hikonobu Ise, riche agro-industriel japonais et philanthrope est collectionneur. Des peintres impressionnistes fran\u00e7ais \u00e0 l&#8217;art contemporain am\u00e9ricain, en passant par l&#8217;art oriental, sa v\u00e9ritable passion est de collectionner les c\u00e9ramiques chinoises, avec un go\u00fbt prononc\u00e9 pour les porcelaines sorties des fours offi ciels et destin\u00e9es \u00e0 la cour imp\u00e9riale, dont les formes \u00e9l\u00e9gantes et la [&hellip;]","og_url":"https:\/\/librairie7l.com\/en\/produit\/porcelaine-chefs-doeuvre-de-la-collection-ise-2\/","og_site_name":"Librairie 7L","article_modified_time":"2026-04-17T00:57:09+00:00","og_image":[{"width":600,"height":728,"url":"https:\/\/librairie7l.com\/wp-content\/uploads\/2017\/03\/9782359062137_1_75.jpg","type":"image\/jpeg"}],"twitter_card":"summary_large_image","twitter_misc":{"Est. reading time":"1 minute"},"schema":{"@context":"https:\/\/schema.org","@graph":[{"@type":"WebPage","@id":"https:\/\/librairie7l.com\/en\/produit\/porcelaine-chefs-doeuvre-de-la-collection-ise-2\/","url":"https:\/\/librairie7l.com\/en\/produit\/porcelaine-chefs-doeuvre-de-la-collection-ise-2\/","name":"Porcelaine ; chefs-d'oeuvre de la collection Ise - Librairie 7L","isPartOf":{"@id":"https:\/\/librairie7l.com\/en\/#website"},"datePublished":"2026-02-05T08:18:18+00:00","dateModified":"2026-04-17T00:57:09+00:00","breadcrumb":{"@id":"https:\/\/librairie7l.com\/en\/produit\/porcelaine-chefs-doeuvre-de-la-collection-ise-2\/#breadcrumb"},"inLanguage":"en-US","potentialAction":[{"@type":"ReadAction","target":["https:\/\/librairie7l.com\/en\/produit\/porcelaine-chefs-doeuvre-de-la-collection-ise-2\/"]}]},{"@type":"BreadcrumbList","@id":"https:\/\/librairie7l.com\/en\/produit\/porcelaine-chefs-doeuvre-de-la-collection-ise-2\/#breadcrumb","itemListElement":[{"@type":"ListItem","position":1,"name":"Accueil","item":"https:\/\/librairie7l.com\/en\/"},{"@type":"ListItem","position":2,"name":"Shop","item":"https:\/\/librairie7l.com\/en\/shop\/"},{"@type":"ListItem","position":3,"name":"PORCELAINE ; CHEFS-D&#8217;OEUVRE DE LA COLLECTION ISE"}]},{"@type":"WebSite","@id":"https:\/\/librairie7l.com\/en\/#website","url":"https:\/\/librairie7l.com\/en\/","name":"Librairie 7L","description":"Librairie fond\u00e9e en 1999 par Karl Lagerfeld \u00e0 Paris","publisher":{"@id":"https:\/\/librairie7l.com\/en\/#organization"},"potentialAction":[{"@type":"SearchAction","target":{"@type":"EntryPoint","urlTemplate":"https:\/\/librairie7l.com\/en\/?s={search_term_string}"},"query-input":"required name=search_term_string"}],"inLanguage":"en-US"},{"@type":"Organization","@id":"https:\/\/librairie7l.com\/en\/#organization","name":"Librairie 7L","url":"https:\/\/librairie7l.com\/en\/","logo":{"@type":"ImageObject","inLanguage":"en-US","@id":"https:\/\/librairie7l.com\/en\/#\/schema\/logo\/image\/","url":"https:\/\/librairie7l.com\/wp-content\/uploads\/2022\/08\/logo-1.png","contentUrl":"https:\/\/librairie7l.com\/wp-content\/uploads\/2022\/08\/logo-1.png","width":227,"height":301,"caption":"Librairie 7L"},"image":{"@id":"https:\/\/librairie7l.com\/en\/#\/schema\/logo\/image\/"}}]}},"_links":{"self":[{"href":"https:\/\/librairie7l.com\/en\/wp-json\/wp\/v2\/product\/54402"}],"collection":[{"href":"https:\/\/librairie7l.com\/en\/wp-json\/wp\/v2\/product"}],"about":[{"href":"https:\/\/librairie7l.com\/en\/wp-json\/wp\/v2\/types\/product"}],"wp:featuredmedia":[{"embeddable":true,"href":"https:\/\/librairie7l.com\/en\/wp-json\/wp\/v2\/media\/54400"}],"wp:attachment":[{"href":"https:\/\/librairie7l.com\/en\/wp-json\/wp\/v2\/media?parent=54402"}],"wp:term":[{"taxonomy":"product_cat","embeddable":true,"href":"https:\/\/librairie7l.com\/en\/wp-json\/wp\/v2\/product_cat?post=54402"},{"taxonomy":"product_tag","embeddable":true,"href":"https:\/\/librairie7l.com\/en\/wp-json\/wp\/v2\/product_tag?post=54402"}],"curies":[{"name":"wp","href":"https:\/\/api.w.org\/{rel}","templated":true}]}}