{"id":54410,"date":"2026-02-05T09:18:24","date_gmt":"2026-02-05T08:18:24","guid":{"rendered":"https:\/\/librairie7l.com\/?post_type=product&#038;p=54410"},"modified":"2026-04-22T14:34:13","modified_gmt":"2026-04-22T12:34:13","slug":"passionnement-ceramique-collection-frank-nievergelt-2","status":"publish","type":"product","link":"https:\/\/librairie7l.com\/en\/produit\/passionnement-ceramique-collection-frank-nievergelt-2\/","title":{"rendered":"PASSIONNEMENT C\u00c9RAMIQUE ; COLLECTION FRANK NIEVERGELT"},"content":{"rendered":"<p>Depuis quarante-cinq ans, l&#8217;historien de l&#8217;art Frank Nievergelt a constitu\u00e9 avec passion et discernement une impressionnante collection de plus de 900 c\u00e9ramiques contemporaines, tant dans le domaine du contenant que de la sculpture, de l&#8217;objet de vitrine que de l&#8217;oeuvre monumentale. Les acteurs majeurs de la sc\u00e8ne c\u00e9ramique internationale des XXe et XXIe si\u00e8cles sont repr\u00e9sent\u00e9s. Loin de vouloir rassembler un simple \u00e9ventail de c\u00e9ramistes, Frank Nievergelt c\u00f4toie les artistes avec fid\u00e9lit\u00e9 et amiti\u00e9, suivant leur \u00e9volution et cherchant \u00e0 former pour certains d&#8217;entre eux un v\u00e9ritable corpus de leur parcours artistique.<br \/>\nLa pr\u00e9sente publication, qui accompagne une exposition au mus\u00e9e Ariana, le mus\u00e9e suisse de la c\u00e9ramique et du verre, pr\u00e9sente les oeuvres principales de cette collection.<\/p>\n","protected":false},"excerpt":{"rendered":"<p>Depuis quarante-cinq ans, l&#8217;historien de l&#8217;art Frank Nievergelt a constitu\u00e9 avec passion et discernement une impressionnante collection de plus de 900 c\u00e9ramiques contemporaines, tant dans le domaine du contenant que de la sculpture, de l&#8217;objet de vitrine que de l&#8217;oeuvre monumentale. Les acteurs majeurs de la sc\u00e8ne c\u00e9ramique internationale des XXe et XXIe si\u00e8cles sont [&hellip;]<\/p>\n","protected":false},"featured_media":54408,"template":"","meta":[],"product_cat":[2948],"product_tag":[],"acf":[],"yoast_head":"<!-- This site is optimized with the Yoast SEO plugin v20.11 - https:\/\/yoast.com\/wordpress\/plugins\/seo\/ -->\n<title>Passionnement c\u00e9ramique ; collection Frank Nievergelt - Librairie 7L<\/title>\n<meta name=\"robots\" content=\"index, follow, max-snippet:-1, max-image-preview:large, max-video-preview:-1\" \/>\n<link rel=\"canonical\" href=\"https:\/\/librairie7l.com\/en\/produit\/passionnement-ceramique-collection-frank-nievergelt-2\/\" \/>\n<meta property=\"og:locale\" content=\"en_US\" \/>\n<meta property=\"og:type\" content=\"article\" \/>\n<meta property=\"og:title\" content=\"Passionnement c\u00e9ramique ; collection Frank Nievergelt - Librairie 7L\" \/>\n<meta property=\"og:description\" content=\"Depuis quarante-cinq ans, l&#8217;historien de l&#8217;art Frank Nievergelt a constitu\u00e9 avec passion et discernement une impressionnante collection de plus de 900 c\u00e9ramiques contemporaines, tant dans le domaine du contenant que de la sculpture, de l&#8217;objet de vitrine que de l&#8217;oeuvre monumentale. Les acteurs majeurs de la sc\u00e8ne c\u00e9ramique internationale des XXe et XXIe si\u00e8cles sont [&hellip;]\" \/>\n<meta property=\"og:url\" content=\"https:\/\/librairie7l.com\/en\/produit\/passionnement-ceramique-collection-frank-nievergelt-2\/\" \/>\n<meta property=\"og:site_name\" content=\"Librairie 7L\" \/>\n<meta property=\"article:modified_time\" content=\"2026-04-22T12:34:13+00:00\" \/>\n<meta property=\"og:image\" content=\"https:\/\/librairie7l.com\/wp-content\/uploads\/2015\/10\/9788874397341_1_75.jpg\" \/>\n\t<meta property=\"og:image:width\" content=\"1000\" \/>\n\t<meta property=\"og:image:height\" content=\"1098\" \/>\n\t<meta property=\"og:image:type\" content=\"image\/jpeg\" \/>\n<meta name=\"twitter:card\" content=\"summary_large_image\" \/>\n<meta name=\"twitter:label1\" content=\"Est. reading time\" \/>\n\t<meta name=\"twitter:data1\" content=\"1 minute\" \/>\n<script type=\"application\/ld+json\" class=\"yoast-schema-graph\">{\"@context\":\"https:\/\/schema.org\",\"@graph\":[{\"@type\":\"WebPage\",\"@id\":\"https:\/\/librairie7l.com\/en\/produit\/passionnement-ceramique-collection-frank-nievergelt-2\/\",\"url\":\"https:\/\/librairie7l.com\/en\/produit\/passionnement-ceramique-collection-frank-nievergelt-2\/\",\"name\":\"Passionnement c\u00e9ramique ; collection Frank Nievergelt - Librairie 7L\",\"isPartOf\":{\"@id\":\"https:\/\/librairie7l.com\/en\/#website\"},\"datePublished\":\"2026-02-05T08:18:24+00:00\",\"dateModified\":\"2026-04-22T12:34:13+00:00\",\"breadcrumb\":{\"@id\":\"https:\/\/librairie7l.com\/en\/produit\/passionnement-ceramique-collection-frank-nievergelt-2\/#breadcrumb\"},\"inLanguage\":\"en-US\",\"potentialAction\":[{\"@type\":\"ReadAction\",\"target\":[\"https:\/\/librairie7l.com\/en\/produit\/passionnement-ceramique-collection-frank-nievergelt-2\/\"]}]},{\"@type\":\"BreadcrumbList\",\"@id\":\"https:\/\/librairie7l.com\/en\/produit\/passionnement-ceramique-collection-frank-nievergelt-2\/#breadcrumb\",\"itemListElement\":[{\"@type\":\"ListItem\",\"position\":1,\"name\":\"Accueil\",\"item\":\"https:\/\/librairie7l.com\/en\/\"},{\"@type\":\"ListItem\",\"position\":2,\"name\":\"Shop\",\"item\":\"https:\/\/librairie7l.com\/en\/shop\/\"},{\"@type\":\"ListItem\",\"position\":3,\"name\":\"PASSIONNEMENT C\u00c9RAMIQUE ; COLLECTION FRANK NIEVERGELT\"}]},{\"@type\":\"WebSite\",\"@id\":\"https:\/\/librairie7l.com\/en\/#website\",\"url\":\"https:\/\/librairie7l.com\/en\/\",\"name\":\"Librairie 7L\",\"description\":\"Librairie fond\u00e9e en 1999 par Karl Lagerfeld \u00e0 Paris\",\"publisher\":{\"@id\":\"https:\/\/librairie7l.com\/en\/#organization\"},\"potentialAction\":[{\"@type\":\"SearchAction\",\"target\":{\"@type\":\"EntryPoint\",\"urlTemplate\":\"https:\/\/librairie7l.com\/en\/?s={search_term_string}\"},\"query-input\":\"required name=search_term_string\"}],\"inLanguage\":\"en-US\"},{\"@type\":\"Organization\",\"@id\":\"https:\/\/librairie7l.com\/en\/#organization\",\"name\":\"Librairie 7L\",\"url\":\"https:\/\/librairie7l.com\/en\/\",\"logo\":{\"@type\":\"ImageObject\",\"inLanguage\":\"en-US\",\"@id\":\"https:\/\/librairie7l.com\/en\/#\/schema\/logo\/image\/\",\"url\":\"https:\/\/librairie7l.com\/wp-content\/uploads\/2022\/08\/logo-1.png\",\"contentUrl\":\"https:\/\/librairie7l.com\/wp-content\/uploads\/2022\/08\/logo-1.png\",\"width\":227,\"height\":301,\"caption\":\"Librairie 7L\"},\"image\":{\"@id\":\"https:\/\/librairie7l.com\/en\/#\/schema\/logo\/image\/\"}}]}<\/script>\n<!-- \/ Yoast SEO plugin. -->","yoast_head_json":{"title":"Passionnement c\u00e9ramique ; collection Frank Nievergelt - Librairie 7L","robots":{"index":"index","follow":"follow","max-snippet":"max-snippet:-1","max-image-preview":"max-image-preview:large","max-video-preview":"max-video-preview:-1"},"canonical":"https:\/\/librairie7l.com\/en\/produit\/passionnement-ceramique-collection-frank-nievergelt-2\/","og_locale":"en_US","og_type":"article","og_title":"Passionnement c\u00e9ramique ; collection Frank Nievergelt - Librairie 7L","og_description":"Depuis quarante-cinq ans, l&#8217;historien de l&#8217;art Frank Nievergelt a constitu\u00e9 avec passion et discernement une impressionnante collection de plus de 900 c\u00e9ramiques contemporaines, tant dans le domaine du contenant que de la sculpture, de l&#8217;objet de vitrine que de l&#8217;oeuvre monumentale. Les acteurs majeurs de la sc\u00e8ne c\u00e9ramique internationale des XXe et XXIe si\u00e8cles sont [&hellip;]","og_url":"https:\/\/librairie7l.com\/en\/produit\/passionnement-ceramique-collection-frank-nievergelt-2\/","og_site_name":"Librairie 7L","article_modified_time":"2026-04-22T12:34:13+00:00","og_image":[{"width":1000,"height":1098,"url":"https:\/\/librairie7l.com\/wp-content\/uploads\/2015\/10\/9788874397341_1_75.jpg","type":"image\/jpeg"}],"twitter_card":"summary_large_image","twitter_misc":{"Est. reading time":"1 minute"},"schema":{"@context":"https:\/\/schema.org","@graph":[{"@type":"WebPage","@id":"https:\/\/librairie7l.com\/en\/produit\/passionnement-ceramique-collection-frank-nievergelt-2\/","url":"https:\/\/librairie7l.com\/en\/produit\/passionnement-ceramique-collection-frank-nievergelt-2\/","name":"Passionnement c\u00e9ramique ; collection Frank Nievergelt - Librairie 7L","isPartOf":{"@id":"https:\/\/librairie7l.com\/en\/#website"},"datePublished":"2026-02-05T08:18:24+00:00","dateModified":"2026-04-22T12:34:13+00:00","breadcrumb":{"@id":"https:\/\/librairie7l.com\/en\/produit\/passionnement-ceramique-collection-frank-nievergelt-2\/#breadcrumb"},"inLanguage":"en-US","potentialAction":[{"@type":"ReadAction","target":["https:\/\/librairie7l.com\/en\/produit\/passionnement-ceramique-collection-frank-nievergelt-2\/"]}]},{"@type":"BreadcrumbList","@id":"https:\/\/librairie7l.com\/en\/produit\/passionnement-ceramique-collection-frank-nievergelt-2\/#breadcrumb","itemListElement":[{"@type":"ListItem","position":1,"name":"Accueil","item":"https:\/\/librairie7l.com\/en\/"},{"@type":"ListItem","position":2,"name":"Shop","item":"https:\/\/librairie7l.com\/en\/shop\/"},{"@type":"ListItem","position":3,"name":"PASSIONNEMENT C\u00c9RAMIQUE ; COLLECTION FRANK NIEVERGELT"}]},{"@type":"WebSite","@id":"https:\/\/librairie7l.com\/en\/#website","url":"https:\/\/librairie7l.com\/en\/","name":"Librairie 7L","description":"Librairie fond\u00e9e en 1999 par Karl Lagerfeld \u00e0 Paris","publisher":{"@id":"https:\/\/librairie7l.com\/en\/#organization"},"potentialAction":[{"@type":"SearchAction","target":{"@type":"EntryPoint","urlTemplate":"https:\/\/librairie7l.com\/en\/?s={search_term_string}"},"query-input":"required name=search_term_string"}],"inLanguage":"en-US"},{"@type":"Organization","@id":"https:\/\/librairie7l.com\/en\/#organization","name":"Librairie 7L","url":"https:\/\/librairie7l.com\/en\/","logo":{"@type":"ImageObject","inLanguage":"en-US","@id":"https:\/\/librairie7l.com\/en\/#\/schema\/logo\/image\/","url":"https:\/\/librairie7l.com\/wp-content\/uploads\/2022\/08\/logo-1.png","contentUrl":"https:\/\/librairie7l.com\/wp-content\/uploads\/2022\/08\/logo-1.png","width":227,"height":301,"caption":"Librairie 7L"},"image":{"@id":"https:\/\/librairie7l.com\/en\/#\/schema\/logo\/image\/"}}]}},"_links":{"self":[{"href":"https:\/\/librairie7l.com\/en\/wp-json\/wp\/v2\/product\/54410"}],"collection":[{"href":"https:\/\/librairie7l.com\/en\/wp-json\/wp\/v2\/product"}],"about":[{"href":"https:\/\/librairie7l.com\/en\/wp-json\/wp\/v2\/types\/product"}],"wp:featuredmedia":[{"embeddable":true,"href":"https:\/\/librairie7l.com\/en\/wp-json\/wp\/v2\/media\/54408"}],"wp:attachment":[{"href":"https:\/\/librairie7l.com\/en\/wp-json\/wp\/v2\/media?parent=54410"}],"wp:term":[{"taxonomy":"product_cat","embeddable":true,"href":"https:\/\/librairie7l.com\/en\/wp-json\/wp\/v2\/product_cat?post=54410"},{"taxonomy":"product_tag","embeddable":true,"href":"https:\/\/librairie7l.com\/en\/wp-json\/wp\/v2\/product_tag?post=54410"}],"curies":[{"name":"wp","href":"https:\/\/api.w.org\/{rel}","templated":true}]}}