{"id":54442,"date":"2026-02-05T10:16:30","date_gmt":"2026-02-05T09:16:30","guid":{"rendered":"https:\/\/librairie7l.com\/?post_type=product&#038;p=54442"},"modified":"2026-04-20T23:02:53","modified_gmt":"2026-04-20T21:02:53","slug":"eames-hollywood-2","status":"publish","type":"product","link":"https:\/\/librairie7l.com\/en\/produit\/eames-hollywood-2\/","title":{"rendered":"EAMES &AMP; HOLLYWOOD"},"content":{"rendered":"<p>L&#8217;ouvrage accompagne l&#8217;exposition organis\u00e9e du 10 mars au 04 septembre 2016 au Art and Design Atomium Museum (ADAM) \u00e0 Bruxelles. <\/p>\n<p>Cet ouvrage d\u00e9voile une facette m\u00e9connue du couple de designers Ray et Charles Eames : celle de chroniqueurs de leur temps. Bien qu&#8217;ils soient surtout connus pour leur mobilier, tous deux ont aussi \u00e9t\u00e9 des pionniers dans les domaines de l&#8217;architecture, du design textile, de la photographie et du cin\u00e9ma. <\/p>\n<p>Pour Charles &amp; Ray Eames, le design n&#8217;est pas seulement affaire d&#8217;objets ou d&#8217;architecture, m\u00eame s&#8217;ils figurent \u00e0 juste titre parmi les plus grands designers am\u00e9ricains du 20e si\u00e8cle. Arm\u00e9s d&#8217;appareils photo, d\u00e8s les ann\u00e9es 1950, le couple se rend sur les plateaux de tournage de leur ami, le cin\u00e9aste Billy Wilder (Certains l&#8217;aiment chaud, Sept ans de r\u00e9flexion, Sabrina.). Dans les studios hollywoodiens et les d\u00e9cors naturels, ils r\u00e9alisent des milliers de clich\u00e9s d&#8217;acteurs et d&#8217;actrices, de figurants, de techniciens et de machines. Eames &amp; Hollywood pr\u00e9sente 160 fascinants clich\u00e9s m\u00e9connus et souvent in\u00e9dits qui d\u00e9voilent la mani\u00e8re dont les Eames, en artistes, ont non seulement plac\u00e9 la photographie au centre de leur oeuvre, mais aussi pris le cin\u00e9ma de Wilder comme mod\u00e8le pour leur design. <\/p>\n<p>Docteur en histoire de l&#8217;art, Alexandra Midal est commissaire d&#8217;exposition ind\u00e9pendante et professeur \u00e0 la HEAD &#8211; Gen\u00e8ve. Elle a notamment publi\u00e9 : Design, l&#8217;anthologie ; Antidesign ; Design. Introduction \u00e0 l&#8217;histoire d&#8217;une discipline,. et des essais visuels: Hocus Pocus, Politique-Fiction, Domestic Psycho, etc.<\/p>\n","protected":false},"excerpt":{"rendered":"<p>L&#8217;ouvrage accompagne l&#8217;exposition organis\u00e9e du 10 mars au 04 septembre 2016 au Art and Design Atomium Museum (ADAM) \u00e0 Bruxelles. Cet ouvrage d\u00e9voile une facette m\u00e9connue du couple de designers Ray et Charles Eames : celle de chroniqueurs de leur temps. Bien qu&#8217;ils soient surtout connus pour leur mobilier, tous deux ont aussi \u00e9t\u00e9 des [&hellip;]<\/p>\n","protected":false},"featured_media":54440,"template":"","meta":[],"product_cat":[2948],"product_tag":[],"acf":[],"yoast_head":"<!-- This site is optimized with the Yoast SEO plugin v20.11 - https:\/\/yoast.com\/wordpress\/plugins\/seo\/ -->\n<title>Eames &amp; Hollywood - Librairie 7L<\/title>\n<meta name=\"robots\" content=\"index, follow, max-snippet:-1, max-image-preview:large, max-video-preview:-1\" \/>\n<link rel=\"canonical\" href=\"https:\/\/librairie7l.com\/en\/produit\/eames-hollywood-2\/\" \/>\n<meta property=\"og:locale\" content=\"en_US\" \/>\n<meta property=\"og:type\" content=\"article\" \/>\n<meta property=\"og:title\" content=\"Eames &amp; Hollywood - Librairie 7L\" \/>\n<meta property=\"og:description\" content=\"L&#8217;ouvrage accompagne l&#8217;exposition organis\u00e9e du 10 mars au 04 septembre 2016 au Art and Design Atomium Museum (ADAM) \u00e0 Bruxelles. Cet ouvrage d\u00e9voile une facette m\u00e9connue du couple de designers Ray et Charles Eames : celle de chroniqueurs de leur temps. Bien qu&#8217;ils soient surtout connus pour leur mobilier, tous deux ont aussi \u00e9t\u00e9 des [&hellip;]\" \/>\n<meta property=\"og:url\" content=\"https:\/\/librairie7l.com\/en\/produit\/eames-hollywood-2\/\" \/>\n<meta property=\"og:site_name\" content=\"Librairie 7L\" \/>\n<meta property=\"article:modified_time\" content=\"2026-04-20T21:02:53+00:00\" \/>\n<meta property=\"og:image\" content=\"https:\/\/librairie7l.com\/wp-content\/uploads\/2015\/12\/9782875720177_1_75.jpg\" \/>\n\t<meta property=\"og:image:width\" content=\"600\" \/>\n\t<meta property=\"og:image:height\" content=\"743\" \/>\n\t<meta property=\"og:image:type\" content=\"image\/jpeg\" \/>\n<meta name=\"twitter:card\" content=\"summary_large_image\" \/>\n<meta name=\"twitter:label1\" content=\"Est. reading time\" \/>\n\t<meta name=\"twitter:data1\" content=\"1 minute\" \/>\n<script type=\"application\/ld+json\" class=\"yoast-schema-graph\">{\"@context\":\"https:\/\/schema.org\",\"@graph\":[{\"@type\":\"WebPage\",\"@id\":\"https:\/\/librairie7l.com\/en\/produit\/eames-hollywood-2\/\",\"url\":\"https:\/\/librairie7l.com\/en\/produit\/eames-hollywood-2\/\",\"name\":\"Eames &amp; Hollywood - Librairie 7L\",\"isPartOf\":{\"@id\":\"https:\/\/librairie7l.com\/en\/#website\"},\"datePublished\":\"2026-02-05T09:16:30+00:00\",\"dateModified\":\"2026-04-20T21:02:53+00:00\",\"breadcrumb\":{\"@id\":\"https:\/\/librairie7l.com\/en\/produit\/eames-hollywood-2\/#breadcrumb\"},\"inLanguage\":\"en-US\",\"potentialAction\":[{\"@type\":\"ReadAction\",\"target\":[\"https:\/\/librairie7l.com\/en\/produit\/eames-hollywood-2\/\"]}]},{\"@type\":\"BreadcrumbList\",\"@id\":\"https:\/\/librairie7l.com\/en\/produit\/eames-hollywood-2\/#breadcrumb\",\"itemListElement\":[{\"@type\":\"ListItem\",\"position\":1,\"name\":\"Accueil\",\"item\":\"https:\/\/librairie7l.com\/en\/\"},{\"@type\":\"ListItem\",\"position\":2,\"name\":\"Shop\",\"item\":\"https:\/\/librairie7l.com\/en\/shop\/\"},{\"@type\":\"ListItem\",\"position\":3,\"name\":\"EAMES &AMP; HOLLYWOOD\"}]},{\"@type\":\"WebSite\",\"@id\":\"https:\/\/librairie7l.com\/en\/#website\",\"url\":\"https:\/\/librairie7l.com\/en\/\",\"name\":\"Librairie 7L\",\"description\":\"Librairie fond\u00e9e en 1999 par Karl Lagerfeld \u00e0 Paris\",\"publisher\":{\"@id\":\"https:\/\/librairie7l.com\/en\/#organization\"},\"potentialAction\":[{\"@type\":\"SearchAction\",\"target\":{\"@type\":\"EntryPoint\",\"urlTemplate\":\"https:\/\/librairie7l.com\/en\/?s={search_term_string}\"},\"query-input\":\"required name=search_term_string\"}],\"inLanguage\":\"en-US\"},{\"@type\":\"Organization\",\"@id\":\"https:\/\/librairie7l.com\/en\/#organization\",\"name\":\"Librairie 7L\",\"url\":\"https:\/\/librairie7l.com\/en\/\",\"logo\":{\"@type\":\"ImageObject\",\"inLanguage\":\"en-US\",\"@id\":\"https:\/\/librairie7l.com\/en\/#\/schema\/logo\/image\/\",\"url\":\"https:\/\/librairie7l.com\/wp-content\/uploads\/2022\/08\/logo-1.png\",\"contentUrl\":\"https:\/\/librairie7l.com\/wp-content\/uploads\/2022\/08\/logo-1.png\",\"width\":227,\"height\":301,\"caption\":\"Librairie 7L\"},\"image\":{\"@id\":\"https:\/\/librairie7l.com\/en\/#\/schema\/logo\/image\/\"}}]}<\/script>\n<!-- \/ Yoast SEO plugin. -->","yoast_head_json":{"title":"Eames &amp; Hollywood - Librairie 7L","robots":{"index":"index","follow":"follow","max-snippet":"max-snippet:-1","max-image-preview":"max-image-preview:large","max-video-preview":"max-video-preview:-1"},"canonical":"https:\/\/librairie7l.com\/en\/produit\/eames-hollywood-2\/","og_locale":"en_US","og_type":"article","og_title":"Eames &amp; Hollywood - Librairie 7L","og_description":"L&#8217;ouvrage accompagne l&#8217;exposition organis\u00e9e du 10 mars au 04 septembre 2016 au Art and Design Atomium Museum (ADAM) \u00e0 Bruxelles. Cet ouvrage d\u00e9voile une facette m\u00e9connue du couple de designers Ray et Charles Eames : celle de chroniqueurs de leur temps. Bien qu&#8217;ils soient surtout connus pour leur mobilier, tous deux ont aussi \u00e9t\u00e9 des [&hellip;]","og_url":"https:\/\/librairie7l.com\/en\/produit\/eames-hollywood-2\/","og_site_name":"Librairie 7L","article_modified_time":"2026-04-20T21:02:53+00:00","og_image":[{"width":600,"height":743,"url":"https:\/\/librairie7l.com\/wp-content\/uploads\/2015\/12\/9782875720177_1_75.jpg","type":"image\/jpeg"}],"twitter_card":"summary_large_image","twitter_misc":{"Est. reading time":"1 minute"},"schema":{"@context":"https:\/\/schema.org","@graph":[{"@type":"WebPage","@id":"https:\/\/librairie7l.com\/en\/produit\/eames-hollywood-2\/","url":"https:\/\/librairie7l.com\/en\/produit\/eames-hollywood-2\/","name":"Eames &amp; Hollywood - Librairie 7L","isPartOf":{"@id":"https:\/\/librairie7l.com\/en\/#website"},"datePublished":"2026-02-05T09:16:30+00:00","dateModified":"2026-04-20T21:02:53+00:00","breadcrumb":{"@id":"https:\/\/librairie7l.com\/en\/produit\/eames-hollywood-2\/#breadcrumb"},"inLanguage":"en-US","potentialAction":[{"@type":"ReadAction","target":["https:\/\/librairie7l.com\/en\/produit\/eames-hollywood-2\/"]}]},{"@type":"BreadcrumbList","@id":"https:\/\/librairie7l.com\/en\/produit\/eames-hollywood-2\/#breadcrumb","itemListElement":[{"@type":"ListItem","position":1,"name":"Accueil","item":"https:\/\/librairie7l.com\/en\/"},{"@type":"ListItem","position":2,"name":"Shop","item":"https:\/\/librairie7l.com\/en\/shop\/"},{"@type":"ListItem","position":3,"name":"EAMES &AMP; HOLLYWOOD"}]},{"@type":"WebSite","@id":"https:\/\/librairie7l.com\/en\/#website","url":"https:\/\/librairie7l.com\/en\/","name":"Librairie 7L","description":"Librairie fond\u00e9e en 1999 par Karl Lagerfeld \u00e0 Paris","publisher":{"@id":"https:\/\/librairie7l.com\/en\/#organization"},"potentialAction":[{"@type":"SearchAction","target":{"@type":"EntryPoint","urlTemplate":"https:\/\/librairie7l.com\/en\/?s={search_term_string}"},"query-input":"required name=search_term_string"}],"inLanguage":"en-US"},{"@type":"Organization","@id":"https:\/\/librairie7l.com\/en\/#organization","name":"Librairie 7L","url":"https:\/\/librairie7l.com\/en\/","logo":{"@type":"ImageObject","inLanguage":"en-US","@id":"https:\/\/librairie7l.com\/en\/#\/schema\/logo\/image\/","url":"https:\/\/librairie7l.com\/wp-content\/uploads\/2022\/08\/logo-1.png","contentUrl":"https:\/\/librairie7l.com\/wp-content\/uploads\/2022\/08\/logo-1.png","width":227,"height":301,"caption":"Librairie 7L"},"image":{"@id":"https:\/\/librairie7l.com\/en\/#\/schema\/logo\/image\/"}}]}},"_links":{"self":[{"href":"https:\/\/librairie7l.com\/en\/wp-json\/wp\/v2\/product\/54442"}],"collection":[{"href":"https:\/\/librairie7l.com\/en\/wp-json\/wp\/v2\/product"}],"about":[{"href":"https:\/\/librairie7l.com\/en\/wp-json\/wp\/v2\/types\/product"}],"wp:featuredmedia":[{"embeddable":true,"href":"https:\/\/librairie7l.com\/en\/wp-json\/wp\/v2\/media\/54440"}],"wp:attachment":[{"href":"https:\/\/librairie7l.com\/en\/wp-json\/wp\/v2\/media?parent=54442"}],"wp:term":[{"taxonomy":"product_cat","embeddable":true,"href":"https:\/\/librairie7l.com\/en\/wp-json\/wp\/v2\/product_cat?post=54442"},{"taxonomy":"product_tag","embeddable":true,"href":"https:\/\/librairie7l.com\/en\/wp-json\/wp\/v2\/product_tag?post=54442"}],"curies":[{"name":"wp","href":"https:\/\/api.w.org\/{rel}","templated":true}]}}