{"id":54446,"date":"2026-02-05T10:16:33","date_gmt":"2026-02-05T09:16:33","guid":{"rendered":"https:\/\/librairie7l.com\/?post_type=product&#038;p=54446"},"modified":"2026-04-20T23:03:46","modified_gmt":"2026-04-20T21:03:46","slug":"jean-michel-wilmotte-museographie-2","status":"publish","type":"product","link":"https:\/\/librairie7l.com\/en\/produit\/jean-michel-wilmotte-museographie-2\/","title":{"rendered":"JEAN-MICHEL WILMOTTE, MUS\u00c9OGRAPHIE"},"content":{"rendered":"<p>Architecte, urbaniste et designer, Jean-Michel Wilmotte, est le fondateur de l&#8217;agence d&#8217;architecture qui porte son nom. Il a marqu\u00e9 de son empreinte de nombreux projets qui n&#8217;ont cess\u00e9 de surprendre et de susciter l&#8217;admiration.<\/p>\n<p>En quarante ans, Wilmotte &amp; Associ\u00e9s s&#8217;est impos\u00e9e comme l&#8217;une des agences d&#8217;architecture les plus prestigieuses au monde dans les domaines de la mus\u00e9ographie et de la sc\u00e9nographie d&#8217;expositions.<\/p>\n<p>Qu&#8217;il intervienne dans un b\u00e2timent neuf ou ancien, Jean-Michel Wilmotte cherche toujours \u00e0 instaurer une relation profonde entre l&#8217;objet d&#8217;art, l&#8217;espace et le visiteur. Son travail se caract\u00e9rise par une recherche de transparence et une clarification de l&#8217;espace &#8211; \u00e9viter la surcharge et la superposition &#8211; de mani\u00e8re \u00e0 faire place nette autour des oeuvres et leur permettre d&#8217;exister pour et par elle-m\u00eame. Cette aspiration \u00e0 l&#8217;effacement et \u00e0 la sobri\u00e9t\u00e9 engendre une grande sensation de s\u00e9r\u00e9nit\u00e9 dans des lieux qui magnifient les oeuvres et guident le regard des visiteurs.<\/p>\n<p>L&#8217;agence Wilmotte &amp; Associ\u00e9s est ainsi intervenue lors de commandes de grande envergure notamment pour le mus\u00e9e du Louvre \u00e0 Paris (Aile Richelieu et d\u00e9partement des Arts premiers au Pavillon des Sessions), le mus\u00e9e des Arts islamiques du Qatar \u00e0 Doha, le mus\u00e9e d&#8217;Orsay \u00e0 Paris (r\u00e9am\u00e9nagement des salles consacr\u00e9es aux Impressionnistes), le Rijksmuseum \u00e0 Amsterdam. Elle a \u00e9galement sc\u00e9nographi\u00e9 un grand nombre d&#8217;expositions temporaires : pour la Collection Pinault \u00e0 Venise, le mus\u00e9e du quai Branly &#8211; Jacques Chirac et le mus\u00e9e des Arts d\u00e9coratifs \u00e0 Paris, entre autres.<\/p>\n","protected":false},"excerpt":{"rendered":"<p>Architecte, urbaniste et designer, Jean-Michel Wilmotte, est le fondateur de l&#8217;agence d&#8217;architecture qui porte son nom. Il a marqu\u00e9 de son empreinte de nombreux projets qui n&#8217;ont cess\u00e9 de surprendre et de susciter l&#8217;admiration. En quarante ans, Wilmotte &amp; Associ\u00e9s s&#8217;est impos\u00e9e comme l&#8217;une des agences d&#8217;architecture les plus prestigieuses au monde dans les domaines [&hellip;]<\/p>\n","protected":false},"featured_media":54444,"template":"","meta":[],"product_cat":[2948],"product_tag":[],"acf":[],"yoast_head":"<!-- This site is optimized with the Yoast SEO plugin v20.11 - https:\/\/yoast.com\/wordpress\/plugins\/seo\/ -->\n<title>Jean-Michel Wilmotte, mus\u00e9ographie - Librairie 7L<\/title>\n<meta name=\"robots\" content=\"index, follow, max-snippet:-1, max-image-preview:large, max-video-preview:-1\" \/>\n<link rel=\"canonical\" href=\"https:\/\/librairie7l.com\/en\/produit\/jean-michel-wilmotte-museographie-2\/\" \/>\n<meta property=\"og:locale\" content=\"en_US\" \/>\n<meta property=\"og:type\" content=\"article\" \/>\n<meta property=\"og:title\" content=\"Jean-Michel Wilmotte, mus\u00e9ographie - Librairie 7L\" \/>\n<meta property=\"og:description\" content=\"Architecte, urbaniste et designer, Jean-Michel Wilmotte, est le fondateur de l&#8217;agence d&#8217;architecture qui porte son nom. Il a marqu\u00e9 de son empreinte de nombreux projets qui n&#8217;ont cess\u00e9 de surprendre et de susciter l&#8217;admiration. En quarante ans, Wilmotte &amp; Associ\u00e9s s&#8217;est impos\u00e9e comme l&#8217;une des agences d&#8217;architecture les plus prestigieuses au monde dans les domaines [&hellip;]\" \/>\n<meta property=\"og:url\" content=\"https:\/\/librairie7l.com\/en\/produit\/jean-michel-wilmotte-museographie-2\/\" \/>\n<meta property=\"og:site_name\" content=\"Librairie 7L\" \/>\n<meta property=\"article:modified_time\" content=\"2026-04-20T21:03:46+00:00\" \/>\n<meta property=\"og:image\" content=\"https:\/\/librairie7l.com\/wp-content\/uploads\/2020\/07\/9782370741325_1_75.jpg\" \/>\n\t<meta property=\"og:image:width\" content=\"600\" \/>\n\t<meta property=\"og:image:height\" content=\"795\" \/>\n\t<meta property=\"og:image:type\" content=\"image\/jpeg\" \/>\n<meta name=\"twitter:card\" content=\"summary_large_image\" \/>\n<meta name=\"twitter:label1\" content=\"Est. reading time\" \/>\n\t<meta name=\"twitter:data1\" content=\"1 minute\" \/>\n<script type=\"application\/ld+json\" class=\"yoast-schema-graph\">{\"@context\":\"https:\/\/schema.org\",\"@graph\":[{\"@type\":\"WebPage\",\"@id\":\"https:\/\/librairie7l.com\/en\/produit\/jean-michel-wilmotte-museographie-2\/\",\"url\":\"https:\/\/librairie7l.com\/en\/produit\/jean-michel-wilmotte-museographie-2\/\",\"name\":\"Jean-Michel Wilmotte, mus\u00e9ographie - Librairie 7L\",\"isPartOf\":{\"@id\":\"https:\/\/librairie7l.com\/en\/#website\"},\"datePublished\":\"2026-02-05T09:16:33+00:00\",\"dateModified\":\"2026-04-20T21:03:46+00:00\",\"breadcrumb\":{\"@id\":\"https:\/\/librairie7l.com\/en\/produit\/jean-michel-wilmotte-museographie-2\/#breadcrumb\"},\"inLanguage\":\"en-US\",\"potentialAction\":[{\"@type\":\"ReadAction\",\"target\":[\"https:\/\/librairie7l.com\/en\/produit\/jean-michel-wilmotte-museographie-2\/\"]}]},{\"@type\":\"BreadcrumbList\",\"@id\":\"https:\/\/librairie7l.com\/en\/produit\/jean-michel-wilmotte-museographie-2\/#breadcrumb\",\"itemListElement\":[{\"@type\":\"ListItem\",\"position\":1,\"name\":\"Accueil\",\"item\":\"https:\/\/librairie7l.com\/en\/\"},{\"@type\":\"ListItem\",\"position\":2,\"name\":\"Shop\",\"item\":\"https:\/\/librairie7l.com\/en\/shop\/\"},{\"@type\":\"ListItem\",\"position\":3,\"name\":\"JEAN-MICHEL WILMOTTE, MUS\u00c9OGRAPHIE\"}]},{\"@type\":\"WebSite\",\"@id\":\"https:\/\/librairie7l.com\/en\/#website\",\"url\":\"https:\/\/librairie7l.com\/en\/\",\"name\":\"Librairie 7L\",\"description\":\"Librairie fond\u00e9e en 1999 par Karl Lagerfeld \u00e0 Paris\",\"publisher\":{\"@id\":\"https:\/\/librairie7l.com\/en\/#organization\"},\"potentialAction\":[{\"@type\":\"SearchAction\",\"target\":{\"@type\":\"EntryPoint\",\"urlTemplate\":\"https:\/\/librairie7l.com\/en\/?s={search_term_string}\"},\"query-input\":\"required name=search_term_string\"}],\"inLanguage\":\"en-US\"},{\"@type\":\"Organization\",\"@id\":\"https:\/\/librairie7l.com\/en\/#organization\",\"name\":\"Librairie 7L\",\"url\":\"https:\/\/librairie7l.com\/en\/\",\"logo\":{\"@type\":\"ImageObject\",\"inLanguage\":\"en-US\",\"@id\":\"https:\/\/librairie7l.com\/en\/#\/schema\/logo\/image\/\",\"url\":\"https:\/\/librairie7l.com\/wp-content\/uploads\/2022\/08\/logo-1.png\",\"contentUrl\":\"https:\/\/librairie7l.com\/wp-content\/uploads\/2022\/08\/logo-1.png\",\"width\":227,\"height\":301,\"caption\":\"Librairie 7L\"},\"image\":{\"@id\":\"https:\/\/librairie7l.com\/en\/#\/schema\/logo\/image\/\"}}]}<\/script>\n<!-- \/ Yoast SEO plugin. -->","yoast_head_json":{"title":"Jean-Michel Wilmotte, mus\u00e9ographie - Librairie 7L","robots":{"index":"index","follow":"follow","max-snippet":"max-snippet:-1","max-image-preview":"max-image-preview:large","max-video-preview":"max-video-preview:-1"},"canonical":"https:\/\/librairie7l.com\/en\/produit\/jean-michel-wilmotte-museographie-2\/","og_locale":"en_US","og_type":"article","og_title":"Jean-Michel Wilmotte, mus\u00e9ographie - Librairie 7L","og_description":"Architecte, urbaniste et designer, Jean-Michel Wilmotte, est le fondateur de l&#8217;agence d&#8217;architecture qui porte son nom. Il a marqu\u00e9 de son empreinte de nombreux projets qui n&#8217;ont cess\u00e9 de surprendre et de susciter l&#8217;admiration. En quarante ans, Wilmotte &amp; Associ\u00e9s s&#8217;est impos\u00e9e comme l&#8217;une des agences d&#8217;architecture les plus prestigieuses au monde dans les domaines [&hellip;]","og_url":"https:\/\/librairie7l.com\/en\/produit\/jean-michel-wilmotte-museographie-2\/","og_site_name":"Librairie 7L","article_modified_time":"2026-04-20T21:03:46+00:00","og_image":[{"width":600,"height":795,"url":"https:\/\/librairie7l.com\/wp-content\/uploads\/2020\/07\/9782370741325_1_75.jpg","type":"image\/jpeg"}],"twitter_card":"summary_large_image","twitter_misc":{"Est. reading time":"1 minute"},"schema":{"@context":"https:\/\/schema.org","@graph":[{"@type":"WebPage","@id":"https:\/\/librairie7l.com\/en\/produit\/jean-michel-wilmotte-museographie-2\/","url":"https:\/\/librairie7l.com\/en\/produit\/jean-michel-wilmotte-museographie-2\/","name":"Jean-Michel Wilmotte, mus\u00e9ographie - Librairie 7L","isPartOf":{"@id":"https:\/\/librairie7l.com\/en\/#website"},"datePublished":"2026-02-05T09:16:33+00:00","dateModified":"2026-04-20T21:03:46+00:00","breadcrumb":{"@id":"https:\/\/librairie7l.com\/en\/produit\/jean-michel-wilmotte-museographie-2\/#breadcrumb"},"inLanguage":"en-US","potentialAction":[{"@type":"ReadAction","target":["https:\/\/librairie7l.com\/en\/produit\/jean-michel-wilmotte-museographie-2\/"]}]},{"@type":"BreadcrumbList","@id":"https:\/\/librairie7l.com\/en\/produit\/jean-michel-wilmotte-museographie-2\/#breadcrumb","itemListElement":[{"@type":"ListItem","position":1,"name":"Accueil","item":"https:\/\/librairie7l.com\/en\/"},{"@type":"ListItem","position":2,"name":"Shop","item":"https:\/\/librairie7l.com\/en\/shop\/"},{"@type":"ListItem","position":3,"name":"JEAN-MICHEL WILMOTTE, MUS\u00c9OGRAPHIE"}]},{"@type":"WebSite","@id":"https:\/\/librairie7l.com\/en\/#website","url":"https:\/\/librairie7l.com\/en\/","name":"Librairie 7L","description":"Librairie fond\u00e9e en 1999 par Karl Lagerfeld \u00e0 Paris","publisher":{"@id":"https:\/\/librairie7l.com\/en\/#organization"},"potentialAction":[{"@type":"SearchAction","target":{"@type":"EntryPoint","urlTemplate":"https:\/\/librairie7l.com\/en\/?s={search_term_string}"},"query-input":"required name=search_term_string"}],"inLanguage":"en-US"},{"@type":"Organization","@id":"https:\/\/librairie7l.com\/en\/#organization","name":"Librairie 7L","url":"https:\/\/librairie7l.com\/en\/","logo":{"@type":"ImageObject","inLanguage":"en-US","@id":"https:\/\/librairie7l.com\/en\/#\/schema\/logo\/image\/","url":"https:\/\/librairie7l.com\/wp-content\/uploads\/2022\/08\/logo-1.png","contentUrl":"https:\/\/librairie7l.com\/wp-content\/uploads\/2022\/08\/logo-1.png","width":227,"height":301,"caption":"Librairie 7L"},"image":{"@id":"https:\/\/librairie7l.com\/en\/#\/schema\/logo\/image\/"}}]}},"_links":{"self":[{"href":"https:\/\/librairie7l.com\/en\/wp-json\/wp\/v2\/product\/54446"}],"collection":[{"href":"https:\/\/librairie7l.com\/en\/wp-json\/wp\/v2\/product"}],"about":[{"href":"https:\/\/librairie7l.com\/en\/wp-json\/wp\/v2\/types\/product"}],"wp:featuredmedia":[{"embeddable":true,"href":"https:\/\/librairie7l.com\/en\/wp-json\/wp\/v2\/media\/54444"}],"wp:attachment":[{"href":"https:\/\/librairie7l.com\/en\/wp-json\/wp\/v2\/media?parent=54446"}],"wp:term":[{"taxonomy":"product_cat","embeddable":true,"href":"https:\/\/librairie7l.com\/en\/wp-json\/wp\/v2\/product_cat?post=54446"},{"taxonomy":"product_tag","embeddable":true,"href":"https:\/\/librairie7l.com\/en\/wp-json\/wp\/v2\/product_tag?post=54446"}],"curies":[{"name":"wp","href":"https:\/\/api.w.org\/{rel}","templated":true}]}}