{"id":54454,"date":"2026-02-05T10:16:40","date_gmt":"2026-02-05T09:16:40","guid":{"rendered":"https:\/\/librairie7l.com\/?post_type=product&#038;p=54454"},"modified":"2026-04-20T23:12:15","modified_gmt":"2026-04-20T21:12:15","slug":"porcelaines-de-meissen-et-de-chantilly-la-fabrique-de-lextravagance-2","status":"publish","type":"product","link":"https:\/\/librairie7l.com\/en\/produit\/porcelaines-de-meissen-et-de-chantilly-la-fabrique-de-lextravagance-2\/","title":{"rendered":"PORCELAINES DE MEISSEN ET DE CHANTILLY, LA FABRIQUE DE L&#8217;EXTRAVAGANCE"},"content":{"rendered":"<p>La porcelaine fut l&#8217;or blanc du XVIIIe si\u00e8cle, recherch\u00e9 avec avidit\u00e9 par les princes \u00e9clair\u00e9s. Deux d&#8217;entre eux, Auguste le Fort, \u00e9lecteur de Saxe et roi de Pologne, et Louis-Henri de Bourbon, prince de Cond\u00e9, premier ministre du roi Louis XV, mirent leur fortune au service de leur passion et fond\u00e8rent deux prestigieuses manufactures, \u00e0 Meissen et \u00e0 Chantilly. Pour la premi\u00e8re fois, une grande exposition et son catalogue se proposent d&#8217;\u00e9clairer le dialogue entre ces productions qui ont marqu\u00e9 les arts d\u00e9coratifs du Si\u00e8cle des Lumi\u00e8res. Les fondations des manufactures de porcelaine de Meissen et de Chantilly reposent sur les collections princi\u00e8res dans lesquelles elles purent r\u00e9guli\u00e8rement puiser des mod\u00e8les. Auguste le Fort et Louis-Henri de Bourbon-Cond\u00e9 partag\u00e8rent en effet un enthousiasme pour la porcelaine asiatique. Les manufactures qu&#8217;ils fond\u00e8rent imit\u00e8rent la production de style japonais kakiemon, avec une grande pr\u00e9cision, tout en s&#8217;adaptant souvent aux formes et usages occidentaux. Le XVIIIe si\u00e8cle \u00e9tait de fait celui de l&#8217;attrait de l&#8217;exotisme. La statuaire, autant \u00e0 Chantilly qu&#8217;\u00e0 Meissen, en t\u00e9moigne?: les amusants magots chinois r\u00e9pondent aux petites statues animali\u00e8res de Chantilly o\u00f9 le singe est roi, faisant \u00e9cho aux d\u00e9cors peints des \u00ab?singeries?\u00bb du ch\u00e2teau de Chantilly. \u00c0 Dresde, Auguste le Fort r\u00eava de pousser jusqu&#8217;au bout les limites techniques de la porcelaine en cr\u00e9ant une fragile m\u00e9nagerie, impressionnante par ses dimensions et sa technique. Cette histoire est \u00e9galement celle des rivalit\u00e9s et \u00e9changes commerciaux, tout comme celle du go\u00fbt. Le r\u00f4le central des marchands-merciers parisiens, important des pi\u00e8ces de Saxe, les dotant de montures orf\u00e9vr\u00e9es et les m\u00e9langeant \u00e0 des porcelaines fran\u00e7aises, sera largement \u00e9tudi\u00e9. Ce catalogue, r\u00e9unissant des sp\u00e9cialistes fran\u00e7ais et allemands, permettra de faire \u00e9tat des derni\u00e8res recherches sur des chefs-d&#8217;oeuvre souvent extravagants, t\u00e9moins de savoir-faire remarquables, conserv\u00e9s en mains publiques et priv\u00e9es.<\/p>\n","protected":false},"excerpt":{"rendered":"<p>La porcelaine fut l&#8217;or blanc du XVIIIe si\u00e8cle, recherch\u00e9 avec avidit\u00e9 par les princes \u00e9clair\u00e9s. Deux d&#8217;entre eux, Auguste le Fort, \u00e9lecteur de Saxe et roi de Pologne, et Louis-Henri de Bourbon, prince de Cond\u00e9, premier ministre du roi Louis XV, mirent leur fortune au service de leur passion et fond\u00e8rent deux prestigieuses manufactures, \u00e0 [&hellip;]<\/p>\n","protected":false},"featured_media":54452,"template":"","meta":[],"product_cat":[2948],"product_tag":[],"acf":[],"yoast_head":"<!-- This site is optimized with the Yoast SEO plugin v20.11 - https:\/\/yoast.com\/wordpress\/plugins\/seo\/ -->\n<title>Porcelaines de meissen et de Chantilly, la fabrique de l&#039;extravagance - Librairie 7L<\/title>\n<meta name=\"robots\" content=\"index, follow, max-snippet:-1, max-image-preview:large, max-video-preview:-1\" \/>\n<link rel=\"canonical\" href=\"https:\/\/librairie7l.com\/en\/produit\/porcelaines-de-meissen-et-de-chantilly-la-fabrique-de-lextravagance-2\/\" \/>\n<meta property=\"og:locale\" content=\"en_US\" \/>\n<meta property=\"og:type\" content=\"article\" \/>\n<meta property=\"og:title\" content=\"Porcelaines de meissen et de Chantilly, la fabrique de l&#039;extravagance - Librairie 7L\" \/>\n<meta property=\"og:description\" content=\"La porcelaine fut l&#8217;or blanc du XVIIIe si\u00e8cle, recherch\u00e9 avec avidit\u00e9 par les princes \u00e9clair\u00e9s. Deux d&#8217;entre eux, Auguste le Fort, \u00e9lecteur de Saxe et roi de Pologne, et Louis-Henri de Bourbon, prince de Cond\u00e9, premier ministre du roi Louis XV, mirent leur fortune au service de leur passion et fond\u00e8rent deux prestigieuses manufactures, \u00e0 [&hellip;]\" \/>\n<meta property=\"og:url\" content=\"https:\/\/librairie7l.com\/en\/produit\/porcelaines-de-meissen-et-de-chantilly-la-fabrique-de-lextravagance-2\/\" \/>\n<meta property=\"og:site_name\" content=\"Librairie 7L\" \/>\n<meta property=\"article:modified_time\" content=\"2026-04-20T21:12:15+00:00\" \/>\n<meta property=\"og:image\" content=\"https:\/\/librairie7l.com\/wp-content\/uploads\/2020\/05\/9791096561254_1_75.jpg\" \/>\n\t<meta property=\"og:image:width\" content=\"381\" \/>\n\t<meta property=\"og:image:height\" content=\"499\" \/>\n\t<meta property=\"og:image:type\" content=\"image\/jpeg\" \/>\n<meta name=\"twitter:card\" content=\"summary_large_image\" \/>\n<meta name=\"twitter:label1\" content=\"Est. reading time\" \/>\n\t<meta name=\"twitter:data1\" content=\"2 minutes\" \/>\n<script type=\"application\/ld+json\" class=\"yoast-schema-graph\">{\"@context\":\"https:\/\/schema.org\",\"@graph\":[{\"@type\":\"WebPage\",\"@id\":\"https:\/\/librairie7l.com\/en\/produit\/porcelaines-de-meissen-et-de-chantilly-la-fabrique-de-lextravagance-2\/\",\"url\":\"https:\/\/librairie7l.com\/en\/produit\/porcelaines-de-meissen-et-de-chantilly-la-fabrique-de-lextravagance-2\/\",\"name\":\"Porcelaines de meissen et de Chantilly, la fabrique de l'extravagance - Librairie 7L\",\"isPartOf\":{\"@id\":\"https:\/\/librairie7l.com\/en\/#website\"},\"datePublished\":\"2026-02-05T09:16:40+00:00\",\"dateModified\":\"2026-04-20T21:12:15+00:00\",\"breadcrumb\":{\"@id\":\"https:\/\/librairie7l.com\/en\/produit\/porcelaines-de-meissen-et-de-chantilly-la-fabrique-de-lextravagance-2\/#breadcrumb\"},\"inLanguage\":\"en-US\",\"potentialAction\":[{\"@type\":\"ReadAction\",\"target\":[\"https:\/\/librairie7l.com\/en\/produit\/porcelaines-de-meissen-et-de-chantilly-la-fabrique-de-lextravagance-2\/\"]}]},{\"@type\":\"BreadcrumbList\",\"@id\":\"https:\/\/librairie7l.com\/en\/produit\/porcelaines-de-meissen-et-de-chantilly-la-fabrique-de-lextravagance-2\/#breadcrumb\",\"itemListElement\":[{\"@type\":\"ListItem\",\"position\":1,\"name\":\"Accueil\",\"item\":\"https:\/\/librairie7l.com\/en\/\"},{\"@type\":\"ListItem\",\"position\":2,\"name\":\"Shop\",\"item\":\"https:\/\/librairie7l.com\/en\/shop\/\"},{\"@type\":\"ListItem\",\"position\":3,\"name\":\"PORCELAINES DE MEISSEN ET DE CHANTILLY, LA FABRIQUE DE L&#8217;EXTRAVAGANCE\"}]},{\"@type\":\"WebSite\",\"@id\":\"https:\/\/librairie7l.com\/en\/#website\",\"url\":\"https:\/\/librairie7l.com\/en\/\",\"name\":\"Librairie 7L\",\"description\":\"Librairie fond\u00e9e en 1999 par Karl Lagerfeld \u00e0 Paris\",\"publisher\":{\"@id\":\"https:\/\/librairie7l.com\/en\/#organization\"},\"potentialAction\":[{\"@type\":\"SearchAction\",\"target\":{\"@type\":\"EntryPoint\",\"urlTemplate\":\"https:\/\/librairie7l.com\/en\/?s={search_term_string}\"},\"query-input\":\"required name=search_term_string\"}],\"inLanguage\":\"en-US\"},{\"@type\":\"Organization\",\"@id\":\"https:\/\/librairie7l.com\/en\/#organization\",\"name\":\"Librairie 7L\",\"url\":\"https:\/\/librairie7l.com\/en\/\",\"logo\":{\"@type\":\"ImageObject\",\"inLanguage\":\"en-US\",\"@id\":\"https:\/\/librairie7l.com\/en\/#\/schema\/logo\/image\/\",\"url\":\"https:\/\/librairie7l.com\/wp-content\/uploads\/2022\/08\/logo-1.png\",\"contentUrl\":\"https:\/\/librairie7l.com\/wp-content\/uploads\/2022\/08\/logo-1.png\",\"width\":227,\"height\":301,\"caption\":\"Librairie 7L\"},\"image\":{\"@id\":\"https:\/\/librairie7l.com\/en\/#\/schema\/logo\/image\/\"}}]}<\/script>\n<!-- \/ Yoast SEO plugin. -->","yoast_head_json":{"title":"Porcelaines de meissen et de Chantilly, la fabrique de l'extravagance - Librairie 7L","robots":{"index":"index","follow":"follow","max-snippet":"max-snippet:-1","max-image-preview":"max-image-preview:large","max-video-preview":"max-video-preview:-1"},"canonical":"https:\/\/librairie7l.com\/en\/produit\/porcelaines-de-meissen-et-de-chantilly-la-fabrique-de-lextravagance-2\/","og_locale":"en_US","og_type":"article","og_title":"Porcelaines de meissen et de Chantilly, la fabrique de l'extravagance - Librairie 7L","og_description":"La porcelaine fut l&#8217;or blanc du XVIIIe si\u00e8cle, recherch\u00e9 avec avidit\u00e9 par les princes \u00e9clair\u00e9s. Deux d&#8217;entre eux, Auguste le Fort, \u00e9lecteur de Saxe et roi de Pologne, et Louis-Henri de Bourbon, prince de Cond\u00e9, premier ministre du roi Louis XV, mirent leur fortune au service de leur passion et fond\u00e8rent deux prestigieuses manufactures, \u00e0 [&hellip;]","og_url":"https:\/\/librairie7l.com\/en\/produit\/porcelaines-de-meissen-et-de-chantilly-la-fabrique-de-lextravagance-2\/","og_site_name":"Librairie 7L","article_modified_time":"2026-04-20T21:12:15+00:00","og_image":[{"width":381,"height":499,"url":"https:\/\/librairie7l.com\/wp-content\/uploads\/2020\/05\/9791096561254_1_75.jpg","type":"image\/jpeg"}],"twitter_card":"summary_large_image","twitter_misc":{"Est. reading time":"2 minutes"},"schema":{"@context":"https:\/\/schema.org","@graph":[{"@type":"WebPage","@id":"https:\/\/librairie7l.com\/en\/produit\/porcelaines-de-meissen-et-de-chantilly-la-fabrique-de-lextravagance-2\/","url":"https:\/\/librairie7l.com\/en\/produit\/porcelaines-de-meissen-et-de-chantilly-la-fabrique-de-lextravagance-2\/","name":"Porcelaines de meissen et de Chantilly, la fabrique de l'extravagance - Librairie 7L","isPartOf":{"@id":"https:\/\/librairie7l.com\/en\/#website"},"datePublished":"2026-02-05T09:16:40+00:00","dateModified":"2026-04-20T21:12:15+00:00","breadcrumb":{"@id":"https:\/\/librairie7l.com\/en\/produit\/porcelaines-de-meissen-et-de-chantilly-la-fabrique-de-lextravagance-2\/#breadcrumb"},"inLanguage":"en-US","potentialAction":[{"@type":"ReadAction","target":["https:\/\/librairie7l.com\/en\/produit\/porcelaines-de-meissen-et-de-chantilly-la-fabrique-de-lextravagance-2\/"]}]},{"@type":"BreadcrumbList","@id":"https:\/\/librairie7l.com\/en\/produit\/porcelaines-de-meissen-et-de-chantilly-la-fabrique-de-lextravagance-2\/#breadcrumb","itemListElement":[{"@type":"ListItem","position":1,"name":"Accueil","item":"https:\/\/librairie7l.com\/en\/"},{"@type":"ListItem","position":2,"name":"Shop","item":"https:\/\/librairie7l.com\/en\/shop\/"},{"@type":"ListItem","position":3,"name":"PORCELAINES DE MEISSEN ET DE CHANTILLY, LA FABRIQUE DE L&#8217;EXTRAVAGANCE"}]},{"@type":"WebSite","@id":"https:\/\/librairie7l.com\/en\/#website","url":"https:\/\/librairie7l.com\/en\/","name":"Librairie 7L","description":"Librairie fond\u00e9e en 1999 par Karl Lagerfeld \u00e0 Paris","publisher":{"@id":"https:\/\/librairie7l.com\/en\/#organization"},"potentialAction":[{"@type":"SearchAction","target":{"@type":"EntryPoint","urlTemplate":"https:\/\/librairie7l.com\/en\/?s={search_term_string}"},"query-input":"required name=search_term_string"}],"inLanguage":"en-US"},{"@type":"Organization","@id":"https:\/\/librairie7l.com\/en\/#organization","name":"Librairie 7L","url":"https:\/\/librairie7l.com\/en\/","logo":{"@type":"ImageObject","inLanguage":"en-US","@id":"https:\/\/librairie7l.com\/en\/#\/schema\/logo\/image\/","url":"https:\/\/librairie7l.com\/wp-content\/uploads\/2022\/08\/logo-1.png","contentUrl":"https:\/\/librairie7l.com\/wp-content\/uploads\/2022\/08\/logo-1.png","width":227,"height":301,"caption":"Librairie 7L"},"image":{"@id":"https:\/\/librairie7l.com\/en\/#\/schema\/logo\/image\/"}}]}},"_links":{"self":[{"href":"https:\/\/librairie7l.com\/en\/wp-json\/wp\/v2\/product\/54454"}],"collection":[{"href":"https:\/\/librairie7l.com\/en\/wp-json\/wp\/v2\/product"}],"about":[{"href":"https:\/\/librairie7l.com\/en\/wp-json\/wp\/v2\/types\/product"}],"wp:featuredmedia":[{"embeddable":true,"href":"https:\/\/librairie7l.com\/en\/wp-json\/wp\/v2\/media\/54452"}],"wp:attachment":[{"href":"https:\/\/librairie7l.com\/en\/wp-json\/wp\/v2\/media?parent=54454"}],"wp:term":[{"taxonomy":"product_cat","embeddable":true,"href":"https:\/\/librairie7l.com\/en\/wp-json\/wp\/v2\/product_cat?post=54454"},{"taxonomy":"product_tag","embeddable":true,"href":"https:\/\/librairie7l.com\/en\/wp-json\/wp\/v2\/product_tag?post=54454"}],"curies":[{"name":"wp","href":"https:\/\/api.w.org\/{rel}","templated":true}]}}