{"id":54458,"date":"2026-02-05T10:16:43","date_gmt":"2026-02-05T09:16:43","guid":{"rendered":"https:\/\/librairie7l.com\/?post_type=product&#038;p=54458"},"modified":"2026-04-20T23:03:45","modified_gmt":"2026-04-20T21:03:45","slug":"le-musee-des-jardins-3","status":"publish","type":"product","link":"https:\/\/librairie7l.com\/en\/produit\/le-musee-des-jardins-3\/","title":{"rendered":"LE MUS\u00c9E DES JARDINS"},"content":{"rendered":"<p>Le Mus\u00e9e des Jardins dresse un panorama des 500 cr\u00e9ateurs de jardins les plus influents au monde et met en lumi\u00e8re leurs r\u00e9alisations embl\u00e9matiques. \u00c0 travers 4 000 ans d&#8217;histoire, 6 continents, 50 pays et une multitude de styles et de climats, cet ouvrage porte un regard nouveau sur l&#8217;univers des jardins. D\u00e9couvrez, class\u00e9s de A \u00e0 Z, les plus grands paysagistes, commanditaires, propri\u00e9taires, m\u00e9c\u00e8nes et influenceurs, toutes les figures qui ont fa\u00e7onn\u00e9 nos jardins, parcs et espaces verts, depuis les temps anciens jusqu&#8217;\u00e0 nos jours.<br \/>\nD\u00e9sormais disponible en format mini, Le Mus\u00e9e des Jardins est l&#8217;ouvrage de r\u00e9f\u00e9rence sur la mati\u00e8re et continue de rendre compte des derni\u00e8res tendances et r\u00e9flexions dans le domaine &#8211; comme la r\u00e9habilitation post-industrielle, le jardin sec, la p\u00e9rennit\u00e9 \u00e9cologique ou la v\u00e9g\u00e9talisation naturaliste. Ici, les paysagistes contemporains rejoignent les grands noms du pass\u00e9 et l&#8217;ensemble des traditions : jardins \u00ab \u00e0 l&#8217;anglaise \u00bb, \u00ab \u00e0 la fran\u00e7aise \u00bb, italiens, islamiques, Arts &amp; Crafts, style moderniste ou pittoresque&#8230; Chacun des 500 cr\u00e9ateurs est repr\u00e9sent\u00e9 par une vue de l&#8217;une de ses r\u00e9alisations majeures, accompagn\u00e9e d&#8217;un texte repla\u00e7ant le lieu et son auteur dans leurs contextes historique et stylistique. Le Mus\u00e9e des Jardins nous fait d\u00e9couvrir des paysages historiques ou contemporains, des lieux oubli\u00e9s et imaginaires, des installations \u00e9ph\u00e9m\u00e8res, des jardins d&#8217;observation et m\u00eame des jardins sans plantes. Les r\u00e9f\u00e9rences crois\u00e9es permettent au lecteur d&#8217;approfondir ses connaissances des diff\u00e9rents paysagistes, styles et th\u00e8mes.<br \/>\nCe projet a \u00e9t\u00e9 con\u00e7u par le c\u00e9l\u00e8bre historien et critique paysagiste Tim Richardson en collaboration avec un panel d&#8217;experts. Pr\u00e9sentant des figures comme Isabel &amp; Julian Bannerman, Louis Benech, Capability Brown, Beth Chatto, Thomas Church, Beatrix Farrand, Olivier Filippi, Karl Foerster, Luciano Giubbilei, Gertrude Jekyll, Raymond Jungles, Arabella Lennox-Boyd, Andr\u00e9 Le N\u00f4tre, Frank Lloyd Wright, Shunmyo Masuno, Ulf Nordfjell, Ken Smith, Tom Stuart-Smith ou Peter Walker, cet ouvrage d&#8217;anthologie constitue une incroyable source d&#8217;inspiration et une r\u00e9f\u00e9rence absolue en mati\u00e8re de design paysager.<\/p>\n","protected":false},"excerpt":{"rendered":"<p>Le Mus\u00e9e des Jardins dresse un panorama des 500 cr\u00e9ateurs de jardins les plus influents au monde et met en lumi\u00e8re leurs r\u00e9alisations embl\u00e9matiques. \u00c0 travers 4 000 ans d&#8217;histoire, 6 continents, 50 pays et une multitude de styles et de climats, cet ouvrage porte un regard nouveau sur l&#8217;univers des jardins. D\u00e9couvrez, class\u00e9s de [&hellip;]<\/p>\n","protected":false},"featured_media":54456,"template":"","meta":[],"product_cat":[2948],"product_tag":[],"acf":[],"yoast_head":"<!-- This site is optimized with the Yoast SEO plugin v20.11 - https:\/\/yoast.com\/wordpress\/plugins\/seo\/ -->\n<title>Le Mus\u00e9e des Jardins - Librairie 7L<\/title>\n<meta name=\"robots\" content=\"index, follow, max-snippet:-1, max-image-preview:large, max-video-preview:-1\" \/>\n<link rel=\"canonical\" href=\"https:\/\/librairie7l.com\/en\/produit\/le-musee-des-jardins-3\/\" \/>\n<meta property=\"og:locale\" content=\"en_US\" \/>\n<meta property=\"og:type\" content=\"article\" \/>\n<meta property=\"og:title\" content=\"Le Mus\u00e9e des Jardins - Librairie 7L\" \/>\n<meta property=\"og:description\" content=\"Le Mus\u00e9e des Jardins dresse un panorama des 500 cr\u00e9ateurs de jardins les plus influents au monde et met en lumi\u00e8re leurs r\u00e9alisations embl\u00e9matiques. \u00c0 travers 4 000 ans d&#8217;histoire, 6 continents, 50 pays et une multitude de styles et de climats, cet ouvrage porte un regard nouveau sur l&#8217;univers des jardins. D\u00e9couvrez, class\u00e9s de [&hellip;]\" \/>\n<meta property=\"og:url\" content=\"https:\/\/librairie7l.com\/en\/produit\/le-musee-des-jardins-3\/\" \/>\n<meta property=\"og:site_name\" content=\"Librairie 7L\" \/>\n<meta property=\"article:modified_time\" content=\"2026-04-20T21:03:45+00:00\" \/>\n<meta property=\"og:image\" content=\"https:\/\/librairie7l.com\/wp-content\/uploads\/2025\/10\/9781837291816_1_75.jpg\" \/>\n\t<meta property=\"og:image:width\" content=\"600\" \/>\n\t<meta property=\"og:image:height\" content=\"800\" \/>\n\t<meta property=\"og:image:type\" content=\"image\/jpeg\" \/>\n<meta name=\"twitter:card\" content=\"summary_large_image\" \/>\n<meta name=\"twitter:label1\" content=\"Est. reading time\" \/>\n\t<meta name=\"twitter:data1\" content=\"2 minutes\" \/>\n<script type=\"application\/ld+json\" class=\"yoast-schema-graph\">{\"@context\":\"https:\/\/schema.org\",\"@graph\":[{\"@type\":\"WebPage\",\"@id\":\"https:\/\/librairie7l.com\/en\/produit\/le-musee-des-jardins-3\/\",\"url\":\"https:\/\/librairie7l.com\/en\/produit\/le-musee-des-jardins-3\/\",\"name\":\"Le Mus\u00e9e des Jardins - Librairie 7L\",\"isPartOf\":{\"@id\":\"https:\/\/librairie7l.com\/en\/#website\"},\"datePublished\":\"2026-02-05T09:16:43+00:00\",\"dateModified\":\"2026-04-20T21:03:45+00:00\",\"breadcrumb\":{\"@id\":\"https:\/\/librairie7l.com\/en\/produit\/le-musee-des-jardins-3\/#breadcrumb\"},\"inLanguage\":\"en-US\",\"potentialAction\":[{\"@type\":\"ReadAction\",\"target\":[\"https:\/\/librairie7l.com\/en\/produit\/le-musee-des-jardins-3\/\"]}]},{\"@type\":\"BreadcrumbList\",\"@id\":\"https:\/\/librairie7l.com\/en\/produit\/le-musee-des-jardins-3\/#breadcrumb\",\"itemListElement\":[{\"@type\":\"ListItem\",\"position\":1,\"name\":\"Accueil\",\"item\":\"https:\/\/librairie7l.com\/en\/\"},{\"@type\":\"ListItem\",\"position\":2,\"name\":\"Shop\",\"item\":\"https:\/\/librairie7l.com\/en\/shop\/\"},{\"@type\":\"ListItem\",\"position\":3,\"name\":\"LE MUS\u00c9E DES JARDINS\"}]},{\"@type\":\"WebSite\",\"@id\":\"https:\/\/librairie7l.com\/en\/#website\",\"url\":\"https:\/\/librairie7l.com\/en\/\",\"name\":\"Librairie 7L\",\"description\":\"Librairie fond\u00e9e en 1999 par Karl Lagerfeld \u00e0 Paris\",\"publisher\":{\"@id\":\"https:\/\/librairie7l.com\/en\/#organization\"},\"potentialAction\":[{\"@type\":\"SearchAction\",\"target\":{\"@type\":\"EntryPoint\",\"urlTemplate\":\"https:\/\/librairie7l.com\/en\/?s={search_term_string}\"},\"query-input\":\"required name=search_term_string\"}],\"inLanguage\":\"en-US\"},{\"@type\":\"Organization\",\"@id\":\"https:\/\/librairie7l.com\/en\/#organization\",\"name\":\"Librairie 7L\",\"url\":\"https:\/\/librairie7l.com\/en\/\",\"logo\":{\"@type\":\"ImageObject\",\"inLanguage\":\"en-US\",\"@id\":\"https:\/\/librairie7l.com\/en\/#\/schema\/logo\/image\/\",\"url\":\"https:\/\/librairie7l.com\/wp-content\/uploads\/2022\/08\/logo-1.png\",\"contentUrl\":\"https:\/\/librairie7l.com\/wp-content\/uploads\/2022\/08\/logo-1.png\",\"width\":227,\"height\":301,\"caption\":\"Librairie 7L\"},\"image\":{\"@id\":\"https:\/\/librairie7l.com\/en\/#\/schema\/logo\/image\/\"}}]}<\/script>\n<!-- \/ Yoast SEO plugin. -->","yoast_head_json":{"title":"Le Mus\u00e9e des Jardins - Librairie 7L","robots":{"index":"index","follow":"follow","max-snippet":"max-snippet:-1","max-image-preview":"max-image-preview:large","max-video-preview":"max-video-preview:-1"},"canonical":"https:\/\/librairie7l.com\/en\/produit\/le-musee-des-jardins-3\/","og_locale":"en_US","og_type":"article","og_title":"Le Mus\u00e9e des Jardins - Librairie 7L","og_description":"Le Mus\u00e9e des Jardins dresse un panorama des 500 cr\u00e9ateurs de jardins les plus influents au monde et met en lumi\u00e8re leurs r\u00e9alisations embl\u00e9matiques. \u00c0 travers 4 000 ans d&#8217;histoire, 6 continents, 50 pays et une multitude de styles et de climats, cet ouvrage porte un regard nouveau sur l&#8217;univers des jardins. D\u00e9couvrez, class\u00e9s de [&hellip;]","og_url":"https:\/\/librairie7l.com\/en\/produit\/le-musee-des-jardins-3\/","og_site_name":"Librairie 7L","article_modified_time":"2026-04-20T21:03:45+00:00","og_image":[{"width":600,"height":800,"url":"https:\/\/librairie7l.com\/wp-content\/uploads\/2025\/10\/9781837291816_1_75.jpg","type":"image\/jpeg"}],"twitter_card":"summary_large_image","twitter_misc":{"Est. reading time":"2 minutes"},"schema":{"@context":"https:\/\/schema.org","@graph":[{"@type":"WebPage","@id":"https:\/\/librairie7l.com\/en\/produit\/le-musee-des-jardins-3\/","url":"https:\/\/librairie7l.com\/en\/produit\/le-musee-des-jardins-3\/","name":"Le Mus\u00e9e des Jardins - Librairie 7L","isPartOf":{"@id":"https:\/\/librairie7l.com\/en\/#website"},"datePublished":"2026-02-05T09:16:43+00:00","dateModified":"2026-04-20T21:03:45+00:00","breadcrumb":{"@id":"https:\/\/librairie7l.com\/en\/produit\/le-musee-des-jardins-3\/#breadcrumb"},"inLanguage":"en-US","potentialAction":[{"@type":"ReadAction","target":["https:\/\/librairie7l.com\/en\/produit\/le-musee-des-jardins-3\/"]}]},{"@type":"BreadcrumbList","@id":"https:\/\/librairie7l.com\/en\/produit\/le-musee-des-jardins-3\/#breadcrumb","itemListElement":[{"@type":"ListItem","position":1,"name":"Accueil","item":"https:\/\/librairie7l.com\/en\/"},{"@type":"ListItem","position":2,"name":"Shop","item":"https:\/\/librairie7l.com\/en\/shop\/"},{"@type":"ListItem","position":3,"name":"LE MUS\u00c9E DES JARDINS"}]},{"@type":"WebSite","@id":"https:\/\/librairie7l.com\/en\/#website","url":"https:\/\/librairie7l.com\/en\/","name":"Librairie 7L","description":"Librairie fond\u00e9e en 1999 par Karl Lagerfeld \u00e0 Paris","publisher":{"@id":"https:\/\/librairie7l.com\/en\/#organization"},"potentialAction":[{"@type":"SearchAction","target":{"@type":"EntryPoint","urlTemplate":"https:\/\/librairie7l.com\/en\/?s={search_term_string}"},"query-input":"required name=search_term_string"}],"inLanguage":"en-US"},{"@type":"Organization","@id":"https:\/\/librairie7l.com\/en\/#organization","name":"Librairie 7L","url":"https:\/\/librairie7l.com\/en\/","logo":{"@type":"ImageObject","inLanguage":"en-US","@id":"https:\/\/librairie7l.com\/en\/#\/schema\/logo\/image\/","url":"https:\/\/librairie7l.com\/wp-content\/uploads\/2022\/08\/logo-1.png","contentUrl":"https:\/\/librairie7l.com\/wp-content\/uploads\/2022\/08\/logo-1.png","width":227,"height":301,"caption":"Librairie 7L"},"image":{"@id":"https:\/\/librairie7l.com\/en\/#\/schema\/logo\/image\/"}}]}},"_links":{"self":[{"href":"https:\/\/librairie7l.com\/en\/wp-json\/wp\/v2\/product\/54458"}],"collection":[{"href":"https:\/\/librairie7l.com\/en\/wp-json\/wp\/v2\/product"}],"about":[{"href":"https:\/\/librairie7l.com\/en\/wp-json\/wp\/v2\/types\/product"}],"wp:featuredmedia":[{"embeddable":true,"href":"https:\/\/librairie7l.com\/en\/wp-json\/wp\/v2\/media\/54456"}],"wp:attachment":[{"href":"https:\/\/librairie7l.com\/en\/wp-json\/wp\/v2\/media?parent=54458"}],"wp:term":[{"taxonomy":"product_cat","embeddable":true,"href":"https:\/\/librairie7l.com\/en\/wp-json\/wp\/v2\/product_cat?post=54458"},{"taxonomy":"product_tag","embeddable":true,"href":"https:\/\/librairie7l.com\/en\/wp-json\/wp\/v2\/product_tag?post=54458"}],"curies":[{"name":"wp","href":"https:\/\/api.w.org\/{rel}","templated":true}]}}