{"id":54462,"date":"2026-02-05T10:16:46","date_gmt":"2026-02-05T09:16:46","guid":{"rendered":"https:\/\/librairie7l.com\/?post_type=product&#038;p=54462"},"modified":"2026-04-20T23:06:41","modified_gmt":"2026-04-20T21:06:41","slug":"les-vases-de-sevres-xviii-xxi-siecles-eloge-de-la-virtuosite-2","status":"publish","type":"product","link":"https:\/\/librairie7l.com\/en\/produit\/les-vases-de-sevres-xviii-xxi-siecles-eloge-de-la-virtuosite-2\/","title":{"rendered":"LES VASES DE S\u00c8VRES XVIII-XXI SI\u00c8CLES ; \u00c9LOGE DE LA VIRTUOSIT\u00c9"},"content":{"rendered":"<p>La Manufacture royale de porcelaine de S\u00e8vres est fond\u00e9e en 1740 \u00e0 Vincennes. Depuis lors elle n&#8217;a jamais cess\u00e9 de fabriquer des vases, con\u00e7us par les plus grands artistes et r\u00e9alis\u00e9s avec tous les soins dont ces porcelainiers sont capables. <\/p>\n<p>Les monarques puis la R\u00e9publique se sont succ\u00e9d\u00e9 sans jamais renoncer \u00e0 favoriser l&#8217;apparition de ces objets fous et superbes, impressionnants. On ne peut y mettre de fleurs : ils ont des couvercles et fuient. Ils n&#8217;existent que par et pour leur beaut\u00e9. Ils sont comparables \u00e0 la haute couture, cette sp\u00e9cialit\u00e9 si fran\u00e7aise.<br \/>\nLa manufacture a toujours conserv\u00e9 ses archives ; depuis quarante ans, le directeur honoraire du service des archives, Tamara Pr\u00e9aud, en a largement ouvert le fonds. Les sp\u00e9cialistes ont ainsi pu r\u00e9unir une documentation inou\u00efe. Qui peut se targuer de conna\u00eetre dans le d\u00e9tail les circonstances de la cr\u00e9ation, ancienne, d&#8217;oeuvres d&#8217;art aussi nombreuses et complexes ?<br \/>\nLe directeur honoraire du mus\u00e9e national de C\u00e9ramique, \u00e0 S\u00e8vres, a dirig\u00e9 la publication de cet ouvrage qui fait valoir, au-del\u00e0 de la simple documentation, la vari\u00e9t\u00e9 et la qualit\u00e9 d&#8217;une production fascinante. Il a \u00e9t\u00e9 r\u00e9dig\u00e9 par les plus grands savants, avec des points de vue tr\u00e8s divers puisque ceux-ci sont am\u00e9ricains, fran\u00e7ais ou allemands, conservateurs de mus\u00e9e, marchands ou universitaires.<\/p>\n<p>Un r\u00e9pertoire des marques de la manufacture a \u00e9t\u00e9 ajout\u00e9, pour que tous puissent rep\u00e9rer les dates et les noms des auteurs des porcelaines de S\u00e8vres. Ces marques constituent un code complexe mais d\u00e9chiffrable, qui permet de situer les porcelaines de S\u00e8vres dans le temps, de savoir qui les a produites et souvent de les retrouver dans les divers documents anciens de la manufacture. Ces r\u00e9f\u00e9rences sont constitutives de la valeur et de la raret\u00e9 de ces oeuvres d&#8217;art.<\/p>\n","protected":false},"excerpt":{"rendered":"<p>La Manufacture royale de porcelaine de S\u00e8vres est fond\u00e9e en 1740 \u00e0 Vincennes. Depuis lors elle n&#8217;a jamais cess\u00e9 de fabriquer des vases, con\u00e7us par les plus grands artistes et r\u00e9alis\u00e9s avec tous les soins dont ces porcelainiers sont capables. Les monarques puis la R\u00e9publique se sont succ\u00e9d\u00e9 sans jamais renoncer \u00e0 favoriser l&#8217;apparition de [&hellip;]<\/p>\n","protected":false},"featured_media":54460,"template":"","meta":[],"product_cat":[2948],"product_tag":[],"acf":[],"yoast_head":"<!-- This site is optimized with the Yoast SEO plugin v20.11 - https:\/\/yoast.com\/wordpress\/plugins\/seo\/ -->\n<title>Les vases de S\u00e8vres XVIII-XXI si\u00e8cles ; \u00e9loge de la virtuosit\u00e9 - Librairie 7L<\/title>\n<meta name=\"robots\" content=\"index, follow, max-snippet:-1, max-image-preview:large, max-video-preview:-1\" \/>\n<link rel=\"canonical\" href=\"https:\/\/librairie7l.com\/en\/produit\/les-vases-de-sevres-xviii-xxi-siecles-eloge-de-la-virtuosite-2\/\" \/>\n<meta property=\"og:locale\" content=\"en_US\" \/>\n<meta property=\"og:type\" content=\"article\" \/>\n<meta property=\"og:title\" content=\"Les vases de S\u00e8vres XVIII-XXI si\u00e8cles ; \u00e9loge de la virtuosit\u00e9 - Librairie 7L\" \/>\n<meta property=\"og:description\" content=\"La Manufacture royale de porcelaine de S\u00e8vres est fond\u00e9e en 1740 \u00e0 Vincennes. Depuis lors elle n&#8217;a jamais cess\u00e9 de fabriquer des vases, con\u00e7us par les plus grands artistes et r\u00e9alis\u00e9s avec tous les soins dont ces porcelainiers sont capables. Les monarques puis la R\u00e9publique se sont succ\u00e9d\u00e9 sans jamais renoncer \u00e0 favoriser l&#8217;apparition de [&hellip;]\" \/>\n<meta property=\"og:url\" content=\"https:\/\/librairie7l.com\/en\/produit\/les-vases-de-sevres-xviii-xxi-siecles-eloge-de-la-virtuosite-2\/\" \/>\n<meta property=\"og:site_name\" content=\"Librairie 7L\" \/>\n<meta property=\"article:modified_time\" content=\"2026-04-20T21:06:41+00:00\" \/>\n<meta property=\"og:image\" content=\"https:\/\/librairie7l.com\/wp-content\/uploads\/2013\/11\/9782878441796_1_75.jpg\" \/>\n\t<meta property=\"og:image:width\" content=\"600\" \/>\n\t<meta property=\"og:image:height\" content=\"813\" \/>\n\t<meta property=\"og:image:type\" content=\"image\/jpeg\" \/>\n<meta name=\"twitter:card\" content=\"summary_large_image\" \/>\n<meta name=\"twitter:label1\" content=\"Est. reading time\" \/>\n\t<meta name=\"twitter:data1\" content=\"2 minutes\" \/>\n<script type=\"application\/ld+json\" class=\"yoast-schema-graph\">{\"@context\":\"https:\/\/schema.org\",\"@graph\":[{\"@type\":\"WebPage\",\"@id\":\"https:\/\/librairie7l.com\/en\/produit\/les-vases-de-sevres-xviii-xxi-siecles-eloge-de-la-virtuosite-2\/\",\"url\":\"https:\/\/librairie7l.com\/en\/produit\/les-vases-de-sevres-xviii-xxi-siecles-eloge-de-la-virtuosite-2\/\",\"name\":\"Les vases de S\u00e8vres XVIII-XXI si\u00e8cles ; \u00e9loge de la virtuosit\u00e9 - Librairie 7L\",\"isPartOf\":{\"@id\":\"https:\/\/librairie7l.com\/en\/#website\"},\"datePublished\":\"2026-02-05T09:16:46+00:00\",\"dateModified\":\"2026-04-20T21:06:41+00:00\",\"breadcrumb\":{\"@id\":\"https:\/\/librairie7l.com\/en\/produit\/les-vases-de-sevres-xviii-xxi-siecles-eloge-de-la-virtuosite-2\/#breadcrumb\"},\"inLanguage\":\"en-US\",\"potentialAction\":[{\"@type\":\"ReadAction\",\"target\":[\"https:\/\/librairie7l.com\/en\/produit\/les-vases-de-sevres-xviii-xxi-siecles-eloge-de-la-virtuosite-2\/\"]}]},{\"@type\":\"BreadcrumbList\",\"@id\":\"https:\/\/librairie7l.com\/en\/produit\/les-vases-de-sevres-xviii-xxi-siecles-eloge-de-la-virtuosite-2\/#breadcrumb\",\"itemListElement\":[{\"@type\":\"ListItem\",\"position\":1,\"name\":\"Accueil\",\"item\":\"https:\/\/librairie7l.com\/en\/\"},{\"@type\":\"ListItem\",\"position\":2,\"name\":\"Shop\",\"item\":\"https:\/\/librairie7l.com\/en\/shop\/\"},{\"@type\":\"ListItem\",\"position\":3,\"name\":\"LES VASES DE S\u00c8VRES XVIII-XXI SI\u00c8CLES ; \u00c9LOGE DE LA VIRTUOSIT\u00c9\"}]},{\"@type\":\"WebSite\",\"@id\":\"https:\/\/librairie7l.com\/en\/#website\",\"url\":\"https:\/\/librairie7l.com\/en\/\",\"name\":\"Librairie 7L\",\"description\":\"Librairie fond\u00e9e en 1999 par Karl Lagerfeld \u00e0 Paris\",\"publisher\":{\"@id\":\"https:\/\/librairie7l.com\/en\/#organization\"},\"potentialAction\":[{\"@type\":\"SearchAction\",\"target\":{\"@type\":\"EntryPoint\",\"urlTemplate\":\"https:\/\/librairie7l.com\/en\/?s={search_term_string}\"},\"query-input\":\"required name=search_term_string\"}],\"inLanguage\":\"en-US\"},{\"@type\":\"Organization\",\"@id\":\"https:\/\/librairie7l.com\/en\/#organization\",\"name\":\"Librairie 7L\",\"url\":\"https:\/\/librairie7l.com\/en\/\",\"logo\":{\"@type\":\"ImageObject\",\"inLanguage\":\"en-US\",\"@id\":\"https:\/\/librairie7l.com\/en\/#\/schema\/logo\/image\/\",\"url\":\"https:\/\/librairie7l.com\/wp-content\/uploads\/2022\/08\/logo-1.png\",\"contentUrl\":\"https:\/\/librairie7l.com\/wp-content\/uploads\/2022\/08\/logo-1.png\",\"width\":227,\"height\":301,\"caption\":\"Librairie 7L\"},\"image\":{\"@id\":\"https:\/\/librairie7l.com\/en\/#\/schema\/logo\/image\/\"}}]}<\/script>\n<!-- \/ Yoast SEO plugin. -->","yoast_head_json":{"title":"Les vases de S\u00e8vres XVIII-XXI si\u00e8cles ; \u00e9loge de la virtuosit\u00e9 - Librairie 7L","robots":{"index":"index","follow":"follow","max-snippet":"max-snippet:-1","max-image-preview":"max-image-preview:large","max-video-preview":"max-video-preview:-1"},"canonical":"https:\/\/librairie7l.com\/en\/produit\/les-vases-de-sevres-xviii-xxi-siecles-eloge-de-la-virtuosite-2\/","og_locale":"en_US","og_type":"article","og_title":"Les vases de S\u00e8vres XVIII-XXI si\u00e8cles ; \u00e9loge de la virtuosit\u00e9 - Librairie 7L","og_description":"La Manufacture royale de porcelaine de S\u00e8vres est fond\u00e9e en 1740 \u00e0 Vincennes. Depuis lors elle n&#8217;a jamais cess\u00e9 de fabriquer des vases, con\u00e7us par les plus grands artistes et r\u00e9alis\u00e9s avec tous les soins dont ces porcelainiers sont capables. Les monarques puis la R\u00e9publique se sont succ\u00e9d\u00e9 sans jamais renoncer \u00e0 favoriser l&#8217;apparition de [&hellip;]","og_url":"https:\/\/librairie7l.com\/en\/produit\/les-vases-de-sevres-xviii-xxi-siecles-eloge-de-la-virtuosite-2\/","og_site_name":"Librairie 7L","article_modified_time":"2026-04-20T21:06:41+00:00","og_image":[{"width":600,"height":813,"url":"https:\/\/librairie7l.com\/wp-content\/uploads\/2013\/11\/9782878441796_1_75.jpg","type":"image\/jpeg"}],"twitter_card":"summary_large_image","twitter_misc":{"Est. reading time":"2 minutes"},"schema":{"@context":"https:\/\/schema.org","@graph":[{"@type":"WebPage","@id":"https:\/\/librairie7l.com\/en\/produit\/les-vases-de-sevres-xviii-xxi-siecles-eloge-de-la-virtuosite-2\/","url":"https:\/\/librairie7l.com\/en\/produit\/les-vases-de-sevres-xviii-xxi-siecles-eloge-de-la-virtuosite-2\/","name":"Les vases de S\u00e8vres XVIII-XXI si\u00e8cles ; \u00e9loge de la virtuosit\u00e9 - Librairie 7L","isPartOf":{"@id":"https:\/\/librairie7l.com\/en\/#website"},"datePublished":"2026-02-05T09:16:46+00:00","dateModified":"2026-04-20T21:06:41+00:00","breadcrumb":{"@id":"https:\/\/librairie7l.com\/en\/produit\/les-vases-de-sevres-xviii-xxi-siecles-eloge-de-la-virtuosite-2\/#breadcrumb"},"inLanguage":"en-US","potentialAction":[{"@type":"ReadAction","target":["https:\/\/librairie7l.com\/en\/produit\/les-vases-de-sevres-xviii-xxi-siecles-eloge-de-la-virtuosite-2\/"]}]},{"@type":"BreadcrumbList","@id":"https:\/\/librairie7l.com\/en\/produit\/les-vases-de-sevres-xviii-xxi-siecles-eloge-de-la-virtuosite-2\/#breadcrumb","itemListElement":[{"@type":"ListItem","position":1,"name":"Accueil","item":"https:\/\/librairie7l.com\/en\/"},{"@type":"ListItem","position":2,"name":"Shop","item":"https:\/\/librairie7l.com\/en\/shop\/"},{"@type":"ListItem","position":3,"name":"LES VASES DE S\u00c8VRES XVIII-XXI SI\u00c8CLES ; \u00c9LOGE DE LA VIRTUOSIT\u00c9"}]},{"@type":"WebSite","@id":"https:\/\/librairie7l.com\/en\/#website","url":"https:\/\/librairie7l.com\/en\/","name":"Librairie 7L","description":"Librairie fond\u00e9e en 1999 par Karl Lagerfeld \u00e0 Paris","publisher":{"@id":"https:\/\/librairie7l.com\/en\/#organization"},"potentialAction":[{"@type":"SearchAction","target":{"@type":"EntryPoint","urlTemplate":"https:\/\/librairie7l.com\/en\/?s={search_term_string}"},"query-input":"required name=search_term_string"}],"inLanguage":"en-US"},{"@type":"Organization","@id":"https:\/\/librairie7l.com\/en\/#organization","name":"Librairie 7L","url":"https:\/\/librairie7l.com\/en\/","logo":{"@type":"ImageObject","inLanguage":"en-US","@id":"https:\/\/librairie7l.com\/en\/#\/schema\/logo\/image\/","url":"https:\/\/librairie7l.com\/wp-content\/uploads\/2022\/08\/logo-1.png","contentUrl":"https:\/\/librairie7l.com\/wp-content\/uploads\/2022\/08\/logo-1.png","width":227,"height":301,"caption":"Librairie 7L"},"image":{"@id":"https:\/\/librairie7l.com\/en\/#\/schema\/logo\/image\/"}}]}},"_links":{"self":[{"href":"https:\/\/librairie7l.com\/en\/wp-json\/wp\/v2\/product\/54462"}],"collection":[{"href":"https:\/\/librairie7l.com\/en\/wp-json\/wp\/v2\/product"}],"about":[{"href":"https:\/\/librairie7l.com\/en\/wp-json\/wp\/v2\/types\/product"}],"wp:featuredmedia":[{"embeddable":true,"href":"https:\/\/librairie7l.com\/en\/wp-json\/wp\/v2\/media\/54460"}],"wp:attachment":[{"href":"https:\/\/librairie7l.com\/en\/wp-json\/wp\/v2\/media?parent=54462"}],"wp:term":[{"taxonomy":"product_cat","embeddable":true,"href":"https:\/\/librairie7l.com\/en\/wp-json\/wp\/v2\/product_cat?post=54462"},{"taxonomy":"product_tag","embeddable":true,"href":"https:\/\/librairie7l.com\/en\/wp-json\/wp\/v2\/product_tag?post=54462"}],"curies":[{"name":"wp","href":"https:\/\/api.w.org\/{rel}","templated":true}]}}