{"id":54483,"date":"2026-02-06T09:18:12","date_gmt":"2026-02-06T08:18:12","guid":{"rendered":"https:\/\/librairie7l.com\/?post_type=product&#038;p=54483"},"modified":"2026-04-20T23:03:01","modified_gmt":"2026-04-20T21:03:01","slug":"dubai-villas-2","status":"publish","type":"product","link":"https:\/\/librairie7l.com\/en\/produit\/dubai-villas-2\/","title":{"rendered":"DUBA\u00cf VILLAS"},"content":{"rendered":"<p>Ce projet a d\u00e9but\u00e9 en 2009, lorsque le photographe S\u00e9bastien Godret, l&#8217;architecte Cyril Brul\u00e9 et le g\u00e9ographe Brigitte Dumortier ont r\u00e9alis\u00e9 une exposition sur Duba\u00ef et Abu Dhabi, intitul\u00e9e &#8220;Emirates City&#8221;. Il s&#8217;agissait alors d&#8217;effectuer une analyse culturelle, architecturale et urbaine de ces villes. De Duba\u00ef, les publications pr\u00e9sentent g\u00e9n\u00e9ralement de grands \u00e9difices &#8211; la tour la plus haute du monde, le mall le plus grand, la marina la plus longue&#8230; Ces b\u00e2timents utilisent un vocabulaire architectural de type international que l&#8217;on pourrait ais\u00e9ment retrouver \u00e0 Singapour, Taipei ou encore Londres.<br \/>\nEn r\u00e9action \u00e0 cette architecture clon\u00e9e, leur attention s&#8217;est port\u00e9e sur un autre type de b\u00e2timent : la maison individuelle, construite ces dix derni\u00e8res ann\u00e9es principalement par des \u00e9miriens et caract\u00e9ris\u00e9e par un collage architectural unique. S\u00e9bastien Godret nous raconte, au-del\u00e0 des clich\u00e9s, que Duba\u00ef est une ville marchande mondialis\u00e9e, aux influences multiples, avec un ancrage culturel marqu\u00e9 par des relations constantes et historiques avec ses voisins iraniens, pakistanais, indiens et africains. Ces influences nourrissent l&#8217;architecture de ces maisons et elles nous rappellent \u00e9galement que cette ville est install\u00e9e sur une route commerciale multimill\u00e9naire reliant la Chine, \u00e0 l&#8217;Afrique de l&#8217;est et \u00e0 la M\u00e9diterran\u00e9e.<br \/>\nCet ouvrage propose une approche documentaire et esth\u00e9tique, \u00e0 partir d&#8217;une vision minimale et syst\u00e9matique des fa\u00e7ades de ces maisons, \u00e0 la rencontre des influences du plasticien Donald Judd et du photographe Eug\u00e8ne Atget.<\/p>\n","protected":false},"excerpt":{"rendered":"<p>Ce projet a d\u00e9but\u00e9 en 2009, lorsque le photographe S\u00e9bastien Godret, l&#8217;architecte Cyril Brul\u00e9 et le g\u00e9ographe Brigitte Dumortier ont r\u00e9alis\u00e9 une exposition sur Duba\u00ef et Abu Dhabi, intitul\u00e9e &#8220;Emirates City&#8221;. Il s&#8217;agissait alors d&#8217;effectuer une analyse culturelle, architecturale et urbaine de ces villes. De Duba\u00ef, les publications pr\u00e9sentent g\u00e9n\u00e9ralement de grands \u00e9difices &#8211; la [&hellip;]<\/p>\n","protected":false},"featured_media":54481,"template":"","meta":[],"product_cat":[2948],"product_tag":[],"acf":[],"yoast_head":"<!-- This site is optimized with the Yoast SEO plugin v20.11 - https:\/\/yoast.com\/wordpress\/plugins\/seo\/ -->\n<title>Duba\u00ef villas - Librairie 7L<\/title>\n<meta name=\"robots\" content=\"index, follow, max-snippet:-1, max-image-preview:large, max-video-preview:-1\" \/>\n<link rel=\"canonical\" href=\"https:\/\/librairie7l.com\/en\/produit\/dubai-villas-2\/\" \/>\n<meta property=\"og:locale\" content=\"en_US\" \/>\n<meta property=\"og:type\" content=\"article\" \/>\n<meta property=\"og:title\" content=\"Duba\u00ef villas - Librairie 7L\" \/>\n<meta property=\"og:description\" content=\"Ce projet a d\u00e9but\u00e9 en 2009, lorsque le photographe S\u00e9bastien Godret, l&#8217;architecte Cyril Brul\u00e9 et le g\u00e9ographe Brigitte Dumortier ont r\u00e9alis\u00e9 une exposition sur Duba\u00ef et Abu Dhabi, intitul\u00e9e &#8220;Emirates City&#8221;. Il s&#8217;agissait alors d&#8217;effectuer une analyse culturelle, architecturale et urbaine de ces villes. De Duba\u00ef, les publications pr\u00e9sentent g\u00e9n\u00e9ralement de grands \u00e9difices &#8211; la [&hellip;]\" \/>\n<meta property=\"og:url\" content=\"https:\/\/librairie7l.com\/en\/produit\/dubai-villas-2\/\" \/>\n<meta property=\"og:site_name\" content=\"Librairie 7L\" \/>\n<meta property=\"article:modified_time\" content=\"2026-04-20T21:03:01+00:00\" \/>\n<meta property=\"og:image\" content=\"https:\/\/librairie7l.com\/wp-content\/uploads\/2015\/03\/9788836630929_1_75.jpg\" \/>\n\t<meta property=\"og:image:width\" content=\"420\" \/>\n\t<meta property=\"og:image:height\" content=\"500\" \/>\n\t<meta property=\"og:image:type\" content=\"image\/jpeg\" \/>\n<meta name=\"twitter:card\" content=\"summary_large_image\" \/>\n<meta name=\"twitter:label1\" content=\"Est. reading time\" \/>\n\t<meta name=\"twitter:data1\" content=\"1 minute\" \/>\n<script type=\"application\/ld+json\" class=\"yoast-schema-graph\">{\"@context\":\"https:\/\/schema.org\",\"@graph\":[{\"@type\":\"WebPage\",\"@id\":\"https:\/\/librairie7l.com\/en\/produit\/dubai-villas-2\/\",\"url\":\"https:\/\/librairie7l.com\/en\/produit\/dubai-villas-2\/\",\"name\":\"Duba\u00ef villas - Librairie 7L\",\"isPartOf\":{\"@id\":\"https:\/\/librairie7l.com\/en\/#website\"},\"datePublished\":\"2026-02-06T08:18:12+00:00\",\"dateModified\":\"2026-04-20T21:03:01+00:00\",\"breadcrumb\":{\"@id\":\"https:\/\/librairie7l.com\/en\/produit\/dubai-villas-2\/#breadcrumb\"},\"inLanguage\":\"en-US\",\"potentialAction\":[{\"@type\":\"ReadAction\",\"target\":[\"https:\/\/librairie7l.com\/en\/produit\/dubai-villas-2\/\"]}]},{\"@type\":\"BreadcrumbList\",\"@id\":\"https:\/\/librairie7l.com\/en\/produit\/dubai-villas-2\/#breadcrumb\",\"itemListElement\":[{\"@type\":\"ListItem\",\"position\":1,\"name\":\"Accueil\",\"item\":\"https:\/\/librairie7l.com\/en\/\"},{\"@type\":\"ListItem\",\"position\":2,\"name\":\"Shop\",\"item\":\"https:\/\/librairie7l.com\/en\/shop\/\"},{\"@type\":\"ListItem\",\"position\":3,\"name\":\"DUBA\u00cf VILLAS\"}]},{\"@type\":\"WebSite\",\"@id\":\"https:\/\/librairie7l.com\/en\/#website\",\"url\":\"https:\/\/librairie7l.com\/en\/\",\"name\":\"Librairie 7L\",\"description\":\"Librairie fond\u00e9e en 1999 par Karl Lagerfeld \u00e0 Paris\",\"publisher\":{\"@id\":\"https:\/\/librairie7l.com\/en\/#organization\"},\"potentialAction\":[{\"@type\":\"SearchAction\",\"target\":{\"@type\":\"EntryPoint\",\"urlTemplate\":\"https:\/\/librairie7l.com\/en\/?s={search_term_string}\"},\"query-input\":\"required name=search_term_string\"}],\"inLanguage\":\"en-US\"},{\"@type\":\"Organization\",\"@id\":\"https:\/\/librairie7l.com\/en\/#organization\",\"name\":\"Librairie 7L\",\"url\":\"https:\/\/librairie7l.com\/en\/\",\"logo\":{\"@type\":\"ImageObject\",\"inLanguage\":\"en-US\",\"@id\":\"https:\/\/librairie7l.com\/en\/#\/schema\/logo\/image\/\",\"url\":\"https:\/\/librairie7l.com\/wp-content\/uploads\/2022\/08\/logo-1.png\",\"contentUrl\":\"https:\/\/librairie7l.com\/wp-content\/uploads\/2022\/08\/logo-1.png\",\"width\":227,\"height\":301,\"caption\":\"Librairie 7L\"},\"image\":{\"@id\":\"https:\/\/librairie7l.com\/en\/#\/schema\/logo\/image\/\"}}]}<\/script>\n<!-- \/ Yoast SEO plugin. -->","yoast_head_json":{"title":"Duba\u00ef villas - Librairie 7L","robots":{"index":"index","follow":"follow","max-snippet":"max-snippet:-1","max-image-preview":"max-image-preview:large","max-video-preview":"max-video-preview:-1"},"canonical":"https:\/\/librairie7l.com\/en\/produit\/dubai-villas-2\/","og_locale":"en_US","og_type":"article","og_title":"Duba\u00ef villas - Librairie 7L","og_description":"Ce projet a d\u00e9but\u00e9 en 2009, lorsque le photographe S\u00e9bastien Godret, l&#8217;architecte Cyril Brul\u00e9 et le g\u00e9ographe Brigitte Dumortier ont r\u00e9alis\u00e9 une exposition sur Duba\u00ef et Abu Dhabi, intitul\u00e9e &#8220;Emirates City&#8221;. Il s&#8217;agissait alors d&#8217;effectuer une analyse culturelle, architecturale et urbaine de ces villes. De Duba\u00ef, les publications pr\u00e9sentent g\u00e9n\u00e9ralement de grands \u00e9difices &#8211; la [&hellip;]","og_url":"https:\/\/librairie7l.com\/en\/produit\/dubai-villas-2\/","og_site_name":"Librairie 7L","article_modified_time":"2026-04-20T21:03:01+00:00","og_image":[{"width":420,"height":500,"url":"https:\/\/librairie7l.com\/wp-content\/uploads\/2015\/03\/9788836630929_1_75.jpg","type":"image\/jpeg"}],"twitter_card":"summary_large_image","twitter_misc":{"Est. reading time":"1 minute"},"schema":{"@context":"https:\/\/schema.org","@graph":[{"@type":"WebPage","@id":"https:\/\/librairie7l.com\/en\/produit\/dubai-villas-2\/","url":"https:\/\/librairie7l.com\/en\/produit\/dubai-villas-2\/","name":"Duba\u00ef villas - Librairie 7L","isPartOf":{"@id":"https:\/\/librairie7l.com\/en\/#website"},"datePublished":"2026-02-06T08:18:12+00:00","dateModified":"2026-04-20T21:03:01+00:00","breadcrumb":{"@id":"https:\/\/librairie7l.com\/en\/produit\/dubai-villas-2\/#breadcrumb"},"inLanguage":"en-US","potentialAction":[{"@type":"ReadAction","target":["https:\/\/librairie7l.com\/en\/produit\/dubai-villas-2\/"]}]},{"@type":"BreadcrumbList","@id":"https:\/\/librairie7l.com\/en\/produit\/dubai-villas-2\/#breadcrumb","itemListElement":[{"@type":"ListItem","position":1,"name":"Accueil","item":"https:\/\/librairie7l.com\/en\/"},{"@type":"ListItem","position":2,"name":"Shop","item":"https:\/\/librairie7l.com\/en\/shop\/"},{"@type":"ListItem","position":3,"name":"DUBA\u00cf VILLAS"}]},{"@type":"WebSite","@id":"https:\/\/librairie7l.com\/en\/#website","url":"https:\/\/librairie7l.com\/en\/","name":"Librairie 7L","description":"Librairie fond\u00e9e en 1999 par Karl Lagerfeld \u00e0 Paris","publisher":{"@id":"https:\/\/librairie7l.com\/en\/#organization"},"potentialAction":[{"@type":"SearchAction","target":{"@type":"EntryPoint","urlTemplate":"https:\/\/librairie7l.com\/en\/?s={search_term_string}"},"query-input":"required name=search_term_string"}],"inLanguage":"en-US"},{"@type":"Organization","@id":"https:\/\/librairie7l.com\/en\/#organization","name":"Librairie 7L","url":"https:\/\/librairie7l.com\/en\/","logo":{"@type":"ImageObject","inLanguage":"en-US","@id":"https:\/\/librairie7l.com\/en\/#\/schema\/logo\/image\/","url":"https:\/\/librairie7l.com\/wp-content\/uploads\/2022\/08\/logo-1.png","contentUrl":"https:\/\/librairie7l.com\/wp-content\/uploads\/2022\/08\/logo-1.png","width":227,"height":301,"caption":"Librairie 7L"},"image":{"@id":"https:\/\/librairie7l.com\/en\/#\/schema\/logo\/image\/"}}]}},"_links":{"self":[{"href":"https:\/\/librairie7l.com\/en\/wp-json\/wp\/v2\/product\/54483"}],"collection":[{"href":"https:\/\/librairie7l.com\/en\/wp-json\/wp\/v2\/product"}],"about":[{"href":"https:\/\/librairie7l.com\/en\/wp-json\/wp\/v2\/types\/product"}],"wp:featuredmedia":[{"embeddable":true,"href":"https:\/\/librairie7l.com\/en\/wp-json\/wp\/v2\/media\/54481"}],"wp:attachment":[{"href":"https:\/\/librairie7l.com\/en\/wp-json\/wp\/v2\/media?parent=54483"}],"wp:term":[{"taxonomy":"product_cat","embeddable":true,"href":"https:\/\/librairie7l.com\/en\/wp-json\/wp\/v2\/product_cat?post=54483"},{"taxonomy":"product_tag","embeddable":true,"href":"https:\/\/librairie7l.com\/en\/wp-json\/wp\/v2\/product_tag?post=54483"}],"curies":[{"name":"wp","href":"https:\/\/api.w.org\/{rel}","templated":true}]}}