{"id":54497,"date":"2026-02-07T09:18:22","date_gmt":"2026-02-07T08:18:22","guid":{"rendered":"https:\/\/librairie7l.com\/?post_type=product&#038;p=54497"},"modified":"2026-04-21T00:06:39","modified_gmt":"2026-04-20T22:06:39","slug":"lecologie-des-choses-regards-sur-les-artistes-japonais-et-leurs-environnements-de-1970-a-nos-jours-2","status":"publish","type":"product","link":"https:\/\/librairie7l.com\/en\/produit\/lecologie-des-choses-regards-sur-les-artistes-japonais-et-leurs-environnements-de-1970-a-nos-jours-2\/","title":{"rendered":"L&#8217;\u00c9COLOGIE DES CHOSES : REGARDS SUR LES ARTISTES JAPONAIS ET LEURS ENVIRONNEMENTS DE 1970 \u00c0 NOS JOURS"},"content":{"rendered":"<p>Au travers de dialogues in\u00e9dits, ce catalogue propose de r\u00e9\u00e9valuer comment certaines oeuvres pionni\u00e8res issues de mouvements artistiques majeurs au Japon tels que Mono-ha (L&#8217;\u00e9cole des choses) ou Fluxus portaient d\u00e9j\u00e0 un regard attentif \u00e0 nos milieux de vie dans une dimension sociale et \u00e9cologique, intime et collective. Si les pratiques de Noboru Takayama ou Kishio Suga (Mono-ha) font par exemple appel \u00e0 la m\u00e9moire et l&#8217;histoire inh\u00e9rente de nos environnements par le truchement et la confrontation de mat\u00e9riaux bruts, qu&#8217;ils soient d&#8217;origine naturelle ou industrielle, celles d&#8217;Hideki Umezawa et Koichi Sato ou d&#8217;Hiroshi Yoshimura investissent le m\u00e9dium sonore pour composer des paysages musicaux et visuels en r\u00e9ponse \u00e0 certaines architectures et cr\u00e9er ainsi des lueurs de calme dans des lieux inattendus. Des approches non sans \u00e9cho \u00e0 celles privil\u00e9gi\u00e9es par certaines artistes Fluxus r\u00e9unies ici (Yoko Ono, Mieko Shiomi et Takako Saito) et leur recours au langage.<br \/>\nMais plus qu&#8217;une simple relecture, l&#8217;enjeu de cette publication est aussi de souligner la singularit\u00e9 avec laquelle ces artistes font appel \u00e0 leur m\u00e9dium et \u00e0 leur sensibilit\u00e9, n&#8217;h\u00e9sitant pas \u00e0 bousculer leurs pratiques et leurs mat\u00e9riaux, pour concevoir et partager des oeuvres plus attentives \u00e0 nos mani\u00e8res d&#8217;habiter. Autrement dit, des artistes ayant fait le choix, \u00e0 mesure que la soci\u00e9t\u00e9 se transformait, d&#8217;une certaine \u00e9cologie envers les choses.<br \/>\nPubli\u00e9 \u00e0 l&#8217;occasion de la double exposition \u00e9ponyme \u00e0 la Maison de la culture du Japon, Paris, et au Frac Sud &#8211; Cit\u00e9 de l&#8217;art contemporain, Marseille, en 2024-2025.<\/p>\n","protected":false},"excerpt":{"rendered":"<p>Au travers de dialogues in\u00e9dits, ce catalogue propose de r\u00e9\u00e9valuer comment certaines oeuvres pionni\u00e8res issues de mouvements artistiques majeurs au Japon tels que Mono-ha (L&#8217;\u00e9cole des choses) ou Fluxus portaient d\u00e9j\u00e0 un regard attentif \u00e0 nos milieux de vie dans une dimension sociale et \u00e9cologique, intime et collective. Si les pratiques de Noboru Takayama ou [&hellip;]<\/p>\n","protected":false},"featured_media":54495,"template":"","meta":[],"product_cat":[2948],"product_tag":[],"acf":[],"yoast_head":"<!-- This site is optimized with the Yoast SEO plugin v20.11 - https:\/\/yoast.com\/wordpress\/plugins\/seo\/ -->\n<title>L&#039;\u00c9cologie des choses : Regards sur les artistes japonais et leurs environnements de 1970 \u00e0 nos jours - Librairie 7L<\/title>\n<meta name=\"robots\" content=\"index, follow, max-snippet:-1, max-image-preview:large, max-video-preview:-1\" \/>\n<link rel=\"canonical\" href=\"https:\/\/librairie7l.com\/en\/produit\/lecologie-des-choses-regards-sur-les-artistes-japonais-et-leurs-environnements-de-1970-a-nos-jours-2\/\" \/>\n<meta property=\"og:locale\" content=\"en_US\" \/>\n<meta property=\"og:type\" content=\"article\" \/>\n<meta property=\"og:title\" content=\"L&#039;\u00c9cologie des choses : Regards sur les artistes japonais et leurs environnements de 1970 \u00e0 nos jours - Librairie 7L\" \/>\n<meta property=\"og:description\" content=\"Au travers de dialogues in\u00e9dits, ce catalogue propose de r\u00e9\u00e9valuer comment certaines oeuvres pionni\u00e8res issues de mouvements artistiques majeurs au Japon tels que Mono-ha (L&#8217;\u00e9cole des choses) ou Fluxus portaient d\u00e9j\u00e0 un regard attentif \u00e0 nos milieux de vie dans une dimension sociale et \u00e9cologique, intime et collective. Si les pratiques de Noboru Takayama ou [&hellip;]\" \/>\n<meta property=\"og:url\" content=\"https:\/\/librairie7l.com\/en\/produit\/lecologie-des-choses-regards-sur-les-artistes-japonais-et-leurs-environnements-de-1970-a-nos-jours-2\/\" \/>\n<meta property=\"og:site_name\" content=\"Librairie 7L\" \/>\n<meta property=\"article:modified_time\" content=\"2026-04-20T22:06:39+00:00\" \/>\n<meta property=\"og:image\" content=\"https:\/\/librairie7l.com\/wp-content\/uploads\/2025\/05\/9782378965976_1_75.jpg\" \/>\n\t<meta property=\"og:image:width\" content=\"600\" \/>\n\t<meta property=\"og:image:height\" content=\"845\" \/>\n\t<meta property=\"og:image:type\" content=\"image\/jpeg\" \/>\n<meta name=\"twitter:card\" content=\"summary_large_image\" \/>\n<meta name=\"twitter:label1\" content=\"Est. reading time\" \/>\n\t<meta name=\"twitter:data1\" content=\"1 minute\" \/>\n<script type=\"application\/ld+json\" class=\"yoast-schema-graph\">{\"@context\":\"https:\/\/schema.org\",\"@graph\":[{\"@type\":\"WebPage\",\"@id\":\"https:\/\/librairie7l.com\/en\/produit\/lecologie-des-choses-regards-sur-les-artistes-japonais-et-leurs-environnements-de-1970-a-nos-jours-2\/\",\"url\":\"https:\/\/librairie7l.com\/en\/produit\/lecologie-des-choses-regards-sur-les-artistes-japonais-et-leurs-environnements-de-1970-a-nos-jours-2\/\",\"name\":\"L'\u00c9cologie des choses : Regards sur les artistes japonais et leurs environnements de 1970 \u00e0 nos jours - Librairie 7L\",\"isPartOf\":{\"@id\":\"https:\/\/librairie7l.com\/en\/#website\"},\"datePublished\":\"2026-02-07T08:18:22+00:00\",\"dateModified\":\"2026-04-20T22:06:39+00:00\",\"breadcrumb\":{\"@id\":\"https:\/\/librairie7l.com\/en\/produit\/lecologie-des-choses-regards-sur-les-artistes-japonais-et-leurs-environnements-de-1970-a-nos-jours-2\/#breadcrumb\"},\"inLanguage\":\"en-US\",\"potentialAction\":[{\"@type\":\"ReadAction\",\"target\":[\"https:\/\/librairie7l.com\/en\/produit\/lecologie-des-choses-regards-sur-les-artistes-japonais-et-leurs-environnements-de-1970-a-nos-jours-2\/\"]}]},{\"@type\":\"BreadcrumbList\",\"@id\":\"https:\/\/librairie7l.com\/en\/produit\/lecologie-des-choses-regards-sur-les-artistes-japonais-et-leurs-environnements-de-1970-a-nos-jours-2\/#breadcrumb\",\"itemListElement\":[{\"@type\":\"ListItem\",\"position\":1,\"name\":\"Accueil\",\"item\":\"https:\/\/librairie7l.com\/en\/\"},{\"@type\":\"ListItem\",\"position\":2,\"name\":\"Shop\",\"item\":\"https:\/\/librairie7l.com\/en\/shop\/\"},{\"@type\":\"ListItem\",\"position\":3,\"name\":\"L&#8217;\u00c9COLOGIE DES CHOSES : REGARDS SUR LES ARTISTES JAPONAIS ET LEURS ENVIRONNEMENTS DE 1970 \u00c0 NOS JOURS\"}]},{\"@type\":\"WebSite\",\"@id\":\"https:\/\/librairie7l.com\/en\/#website\",\"url\":\"https:\/\/librairie7l.com\/en\/\",\"name\":\"Librairie 7L\",\"description\":\"Librairie fond\u00e9e en 1999 par Karl Lagerfeld \u00e0 Paris\",\"publisher\":{\"@id\":\"https:\/\/librairie7l.com\/en\/#organization\"},\"potentialAction\":[{\"@type\":\"SearchAction\",\"target\":{\"@type\":\"EntryPoint\",\"urlTemplate\":\"https:\/\/librairie7l.com\/en\/?s={search_term_string}\"},\"query-input\":\"required name=search_term_string\"}],\"inLanguage\":\"en-US\"},{\"@type\":\"Organization\",\"@id\":\"https:\/\/librairie7l.com\/en\/#organization\",\"name\":\"Librairie 7L\",\"url\":\"https:\/\/librairie7l.com\/en\/\",\"logo\":{\"@type\":\"ImageObject\",\"inLanguage\":\"en-US\",\"@id\":\"https:\/\/librairie7l.com\/en\/#\/schema\/logo\/image\/\",\"url\":\"https:\/\/librairie7l.com\/wp-content\/uploads\/2022\/08\/logo-1.png\",\"contentUrl\":\"https:\/\/librairie7l.com\/wp-content\/uploads\/2022\/08\/logo-1.png\",\"width\":227,\"height\":301,\"caption\":\"Librairie 7L\"},\"image\":{\"@id\":\"https:\/\/librairie7l.com\/en\/#\/schema\/logo\/image\/\"}}]}<\/script>\n<!-- \/ Yoast SEO plugin. -->","yoast_head_json":{"title":"L'\u00c9cologie des choses : Regards sur les artistes japonais et leurs environnements de 1970 \u00e0 nos jours - Librairie 7L","robots":{"index":"index","follow":"follow","max-snippet":"max-snippet:-1","max-image-preview":"max-image-preview:large","max-video-preview":"max-video-preview:-1"},"canonical":"https:\/\/librairie7l.com\/en\/produit\/lecologie-des-choses-regards-sur-les-artistes-japonais-et-leurs-environnements-de-1970-a-nos-jours-2\/","og_locale":"en_US","og_type":"article","og_title":"L'\u00c9cologie des choses : Regards sur les artistes japonais et leurs environnements de 1970 \u00e0 nos jours - Librairie 7L","og_description":"Au travers de dialogues in\u00e9dits, ce catalogue propose de r\u00e9\u00e9valuer comment certaines oeuvres pionni\u00e8res issues de mouvements artistiques majeurs au Japon tels que Mono-ha (L&#8217;\u00e9cole des choses) ou Fluxus portaient d\u00e9j\u00e0 un regard attentif \u00e0 nos milieux de vie dans une dimension sociale et \u00e9cologique, intime et collective. Si les pratiques de Noboru Takayama ou [&hellip;]","og_url":"https:\/\/librairie7l.com\/en\/produit\/lecologie-des-choses-regards-sur-les-artistes-japonais-et-leurs-environnements-de-1970-a-nos-jours-2\/","og_site_name":"Librairie 7L","article_modified_time":"2026-04-20T22:06:39+00:00","og_image":[{"width":600,"height":845,"url":"https:\/\/librairie7l.com\/wp-content\/uploads\/2025\/05\/9782378965976_1_75.jpg","type":"image\/jpeg"}],"twitter_card":"summary_large_image","twitter_misc":{"Est. reading time":"1 minute"},"schema":{"@context":"https:\/\/schema.org","@graph":[{"@type":"WebPage","@id":"https:\/\/librairie7l.com\/en\/produit\/lecologie-des-choses-regards-sur-les-artistes-japonais-et-leurs-environnements-de-1970-a-nos-jours-2\/","url":"https:\/\/librairie7l.com\/en\/produit\/lecologie-des-choses-regards-sur-les-artistes-japonais-et-leurs-environnements-de-1970-a-nos-jours-2\/","name":"L'\u00c9cologie des choses : Regards sur les artistes japonais et leurs environnements de 1970 \u00e0 nos jours - Librairie 7L","isPartOf":{"@id":"https:\/\/librairie7l.com\/en\/#website"},"datePublished":"2026-02-07T08:18:22+00:00","dateModified":"2026-04-20T22:06:39+00:00","breadcrumb":{"@id":"https:\/\/librairie7l.com\/en\/produit\/lecologie-des-choses-regards-sur-les-artistes-japonais-et-leurs-environnements-de-1970-a-nos-jours-2\/#breadcrumb"},"inLanguage":"en-US","potentialAction":[{"@type":"ReadAction","target":["https:\/\/librairie7l.com\/en\/produit\/lecologie-des-choses-regards-sur-les-artistes-japonais-et-leurs-environnements-de-1970-a-nos-jours-2\/"]}]},{"@type":"BreadcrumbList","@id":"https:\/\/librairie7l.com\/en\/produit\/lecologie-des-choses-regards-sur-les-artistes-japonais-et-leurs-environnements-de-1970-a-nos-jours-2\/#breadcrumb","itemListElement":[{"@type":"ListItem","position":1,"name":"Accueil","item":"https:\/\/librairie7l.com\/en\/"},{"@type":"ListItem","position":2,"name":"Shop","item":"https:\/\/librairie7l.com\/en\/shop\/"},{"@type":"ListItem","position":3,"name":"L&#8217;\u00c9COLOGIE DES CHOSES : REGARDS SUR LES ARTISTES JAPONAIS ET LEURS ENVIRONNEMENTS DE 1970 \u00c0 NOS JOURS"}]},{"@type":"WebSite","@id":"https:\/\/librairie7l.com\/en\/#website","url":"https:\/\/librairie7l.com\/en\/","name":"Librairie 7L","description":"Librairie fond\u00e9e en 1999 par Karl Lagerfeld \u00e0 Paris","publisher":{"@id":"https:\/\/librairie7l.com\/en\/#organization"},"potentialAction":[{"@type":"SearchAction","target":{"@type":"EntryPoint","urlTemplate":"https:\/\/librairie7l.com\/en\/?s={search_term_string}"},"query-input":"required name=search_term_string"}],"inLanguage":"en-US"},{"@type":"Organization","@id":"https:\/\/librairie7l.com\/en\/#organization","name":"Librairie 7L","url":"https:\/\/librairie7l.com\/en\/","logo":{"@type":"ImageObject","inLanguage":"en-US","@id":"https:\/\/librairie7l.com\/en\/#\/schema\/logo\/image\/","url":"https:\/\/librairie7l.com\/wp-content\/uploads\/2022\/08\/logo-1.png","contentUrl":"https:\/\/librairie7l.com\/wp-content\/uploads\/2022\/08\/logo-1.png","width":227,"height":301,"caption":"Librairie 7L"},"image":{"@id":"https:\/\/librairie7l.com\/en\/#\/schema\/logo\/image\/"}}]}},"_links":{"self":[{"href":"https:\/\/librairie7l.com\/en\/wp-json\/wp\/v2\/product\/54497"}],"collection":[{"href":"https:\/\/librairie7l.com\/en\/wp-json\/wp\/v2\/product"}],"about":[{"href":"https:\/\/librairie7l.com\/en\/wp-json\/wp\/v2\/types\/product"}],"wp:featuredmedia":[{"embeddable":true,"href":"https:\/\/librairie7l.com\/en\/wp-json\/wp\/v2\/media\/54495"}],"wp:attachment":[{"href":"https:\/\/librairie7l.com\/en\/wp-json\/wp\/v2\/media?parent=54497"}],"wp:term":[{"taxonomy":"product_cat","embeddable":true,"href":"https:\/\/librairie7l.com\/en\/wp-json\/wp\/v2\/product_cat?post=54497"},{"taxonomy":"product_tag","embeddable":true,"href":"https:\/\/librairie7l.com\/en\/wp-json\/wp\/v2\/product_tag?post=54497"}],"curies":[{"name":"wp","href":"https:\/\/api.w.org\/{rel}","templated":true}]}}