{"id":54505,"date":"2026-02-07T10:16:08","date_gmt":"2026-02-07T09:16:08","guid":{"rendered":"https:\/\/librairie7l.com\/?post_type=product&#038;p=54505"},"modified":"2026-04-20T23:03:48","modified_gmt":"2026-04-20T21:03:48","slug":"josef-albers-in-mexico-2","status":"publish","type":"product","link":"https:\/\/librairie7l.com\/en\/produit\/josef-albers-in-mexico-2\/","title":{"rendered":"JOSEF ALBERS IN MEXICO"},"content":{"rendered":"<p>Le Mexique est la v\u00e9ritable terre promise de l&#8217;art abstrait. \u00e9crivait Josef Albers \u00e0 Vassily Kandinsky, son coll\u00e8gue du Bauhaus, en 1936. Entre 1935 et 1968, Josef et sa femme Anni Albers se rendent une dizaine de fois au Mexique et dans d&#8217;autres pays d&#8217;Am\u00e9rique latine, o\u00f9 ils visitent monuments et sites arch\u00e9ologiques dont il tire des photographies N&amp;B. Cet ouvrage r\u00e9v\u00e8le les liens profonds entre l&#8217;art et l&#8217;architecture de la M\u00e9soam\u00e9rique et les oeuvres abstraites sur toile et papier d&#8217;Albers en pr\u00e9sentant des photographies, des photocollages, des gravures et des peintures de la s\u00e9rie Variants\/Adobe (1946-66) et Homage to the Square (1950-76) de la collection de Solomon R. Guggenheim Museum et de la Fondation Anni and Josef Albers.<\/p>\n","protected":false},"excerpt":{"rendered":"<p>Le Mexique est la v\u00e9ritable terre promise de l&#8217;art abstrait. \u00e9crivait Josef Albers \u00e0 Vassily Kandinsky, son coll\u00e8gue du Bauhaus, en 1936. Entre 1935 et 1968, Josef et sa femme Anni Albers se rendent une dizaine de fois au Mexique et dans d&#8217;autres pays d&#8217;Am\u00e9rique latine, o\u00f9 ils visitent monuments et sites arch\u00e9ologiques dont il [&hellip;]<\/p>\n","protected":false},"featured_media":54503,"template":"","meta":[],"product_cat":[2948],"product_tag":[],"acf":[],"yoast_head":"<!-- This site is optimized with the Yoast SEO plugin v20.11 - https:\/\/yoast.com\/wordpress\/plugins\/seo\/ -->\n<title>Josef Albers in Mexico - Librairie 7L<\/title>\n<meta name=\"robots\" content=\"index, follow, max-snippet:-1, max-image-preview:large, max-video-preview:-1\" \/>\n<link rel=\"canonical\" href=\"https:\/\/librairie7l.com\/en\/produit\/josef-albers-in-mexico-2\/\" \/>\n<meta property=\"og:locale\" content=\"en_US\" \/>\n<meta property=\"og:type\" content=\"article\" \/>\n<meta property=\"og:title\" content=\"Josef Albers in Mexico - Librairie 7L\" \/>\n<meta property=\"og:description\" content=\"Le Mexique est la v\u00e9ritable terre promise de l&#8217;art abstrait. \u00e9crivait Josef Albers \u00e0 Vassily Kandinsky, son coll\u00e8gue du Bauhaus, en 1936. Entre 1935 et 1968, Josef et sa femme Anni Albers se rendent une dizaine de fois au Mexique et dans d&#8217;autres pays d&#8217;Am\u00e9rique latine, o\u00f9 ils visitent monuments et sites arch\u00e9ologiques dont il [&hellip;]\" \/>\n<meta property=\"og:url\" content=\"https:\/\/librairie7l.com\/en\/produit\/josef-albers-in-mexico-2\/\" \/>\n<meta property=\"og:site_name\" content=\"Librairie 7L\" \/>\n<meta property=\"article:modified_time\" content=\"2026-04-20T21:03:48+00:00\" \/>\n<meta property=\"og:image\" content=\"https:\/\/librairie7l.com\/wp-content\/uploads\/2017\/06\/9780892075362_1_75.jpg\" \/>\n\t<meta property=\"og:image:width\" content=\"600\" \/>\n\t<meta property=\"og:image:height\" content=\"823\" \/>\n\t<meta property=\"og:image:type\" content=\"image\/jpeg\" \/>\n<meta name=\"twitter:card\" content=\"summary_large_image\" \/>\n<meta name=\"twitter:label1\" content=\"Est. reading time\" \/>\n\t<meta name=\"twitter:data1\" content=\"1 minute\" \/>\n<script type=\"application\/ld+json\" class=\"yoast-schema-graph\">{\"@context\":\"https:\/\/schema.org\",\"@graph\":[{\"@type\":\"WebPage\",\"@id\":\"https:\/\/librairie7l.com\/en\/produit\/josef-albers-in-mexico-2\/\",\"url\":\"https:\/\/librairie7l.com\/en\/produit\/josef-albers-in-mexico-2\/\",\"name\":\"Josef Albers in Mexico - Librairie 7L\",\"isPartOf\":{\"@id\":\"https:\/\/librairie7l.com\/en\/#website\"},\"datePublished\":\"2026-02-07T09:16:08+00:00\",\"dateModified\":\"2026-04-20T21:03:48+00:00\",\"breadcrumb\":{\"@id\":\"https:\/\/librairie7l.com\/en\/produit\/josef-albers-in-mexico-2\/#breadcrumb\"},\"inLanguage\":\"en-US\",\"potentialAction\":[{\"@type\":\"ReadAction\",\"target\":[\"https:\/\/librairie7l.com\/en\/produit\/josef-albers-in-mexico-2\/\"]}]},{\"@type\":\"BreadcrumbList\",\"@id\":\"https:\/\/librairie7l.com\/en\/produit\/josef-albers-in-mexico-2\/#breadcrumb\",\"itemListElement\":[{\"@type\":\"ListItem\",\"position\":1,\"name\":\"Accueil\",\"item\":\"https:\/\/librairie7l.com\/en\/\"},{\"@type\":\"ListItem\",\"position\":2,\"name\":\"Shop\",\"item\":\"https:\/\/librairie7l.com\/en\/shop\/\"},{\"@type\":\"ListItem\",\"position\":3,\"name\":\"JOSEF ALBERS IN MEXICO\"}]},{\"@type\":\"WebSite\",\"@id\":\"https:\/\/librairie7l.com\/en\/#website\",\"url\":\"https:\/\/librairie7l.com\/en\/\",\"name\":\"Librairie 7L\",\"description\":\"Librairie fond\u00e9e en 1999 par Karl Lagerfeld \u00e0 Paris\",\"publisher\":{\"@id\":\"https:\/\/librairie7l.com\/en\/#organization\"},\"potentialAction\":[{\"@type\":\"SearchAction\",\"target\":{\"@type\":\"EntryPoint\",\"urlTemplate\":\"https:\/\/librairie7l.com\/en\/?s={search_term_string}\"},\"query-input\":\"required name=search_term_string\"}],\"inLanguage\":\"en-US\"},{\"@type\":\"Organization\",\"@id\":\"https:\/\/librairie7l.com\/en\/#organization\",\"name\":\"Librairie 7L\",\"url\":\"https:\/\/librairie7l.com\/en\/\",\"logo\":{\"@type\":\"ImageObject\",\"inLanguage\":\"en-US\",\"@id\":\"https:\/\/librairie7l.com\/en\/#\/schema\/logo\/image\/\",\"url\":\"https:\/\/librairie7l.com\/wp-content\/uploads\/2022\/08\/logo-1.png\",\"contentUrl\":\"https:\/\/librairie7l.com\/wp-content\/uploads\/2022\/08\/logo-1.png\",\"width\":227,\"height\":301,\"caption\":\"Librairie 7L\"},\"image\":{\"@id\":\"https:\/\/librairie7l.com\/en\/#\/schema\/logo\/image\/\"}}]}<\/script>\n<!-- \/ Yoast SEO plugin. -->","yoast_head_json":{"title":"Josef Albers in Mexico - Librairie 7L","robots":{"index":"index","follow":"follow","max-snippet":"max-snippet:-1","max-image-preview":"max-image-preview:large","max-video-preview":"max-video-preview:-1"},"canonical":"https:\/\/librairie7l.com\/en\/produit\/josef-albers-in-mexico-2\/","og_locale":"en_US","og_type":"article","og_title":"Josef Albers in Mexico - Librairie 7L","og_description":"Le Mexique est la v\u00e9ritable terre promise de l&#8217;art abstrait. \u00e9crivait Josef Albers \u00e0 Vassily Kandinsky, son coll\u00e8gue du Bauhaus, en 1936. Entre 1935 et 1968, Josef et sa femme Anni Albers se rendent une dizaine de fois au Mexique et dans d&#8217;autres pays d&#8217;Am\u00e9rique latine, o\u00f9 ils visitent monuments et sites arch\u00e9ologiques dont il [&hellip;]","og_url":"https:\/\/librairie7l.com\/en\/produit\/josef-albers-in-mexico-2\/","og_site_name":"Librairie 7L","article_modified_time":"2026-04-20T21:03:48+00:00","og_image":[{"width":600,"height":823,"url":"https:\/\/librairie7l.com\/wp-content\/uploads\/2017\/06\/9780892075362_1_75.jpg","type":"image\/jpeg"}],"twitter_card":"summary_large_image","twitter_misc":{"Est. reading time":"1 minute"},"schema":{"@context":"https:\/\/schema.org","@graph":[{"@type":"WebPage","@id":"https:\/\/librairie7l.com\/en\/produit\/josef-albers-in-mexico-2\/","url":"https:\/\/librairie7l.com\/en\/produit\/josef-albers-in-mexico-2\/","name":"Josef Albers in Mexico - Librairie 7L","isPartOf":{"@id":"https:\/\/librairie7l.com\/en\/#website"},"datePublished":"2026-02-07T09:16:08+00:00","dateModified":"2026-04-20T21:03:48+00:00","breadcrumb":{"@id":"https:\/\/librairie7l.com\/en\/produit\/josef-albers-in-mexico-2\/#breadcrumb"},"inLanguage":"en-US","potentialAction":[{"@type":"ReadAction","target":["https:\/\/librairie7l.com\/en\/produit\/josef-albers-in-mexico-2\/"]}]},{"@type":"BreadcrumbList","@id":"https:\/\/librairie7l.com\/en\/produit\/josef-albers-in-mexico-2\/#breadcrumb","itemListElement":[{"@type":"ListItem","position":1,"name":"Accueil","item":"https:\/\/librairie7l.com\/en\/"},{"@type":"ListItem","position":2,"name":"Shop","item":"https:\/\/librairie7l.com\/en\/shop\/"},{"@type":"ListItem","position":3,"name":"JOSEF ALBERS IN MEXICO"}]},{"@type":"WebSite","@id":"https:\/\/librairie7l.com\/en\/#website","url":"https:\/\/librairie7l.com\/en\/","name":"Librairie 7L","description":"Librairie fond\u00e9e en 1999 par Karl Lagerfeld \u00e0 Paris","publisher":{"@id":"https:\/\/librairie7l.com\/en\/#organization"},"potentialAction":[{"@type":"SearchAction","target":{"@type":"EntryPoint","urlTemplate":"https:\/\/librairie7l.com\/en\/?s={search_term_string}"},"query-input":"required name=search_term_string"}],"inLanguage":"en-US"},{"@type":"Organization","@id":"https:\/\/librairie7l.com\/en\/#organization","name":"Librairie 7L","url":"https:\/\/librairie7l.com\/en\/","logo":{"@type":"ImageObject","inLanguage":"en-US","@id":"https:\/\/librairie7l.com\/en\/#\/schema\/logo\/image\/","url":"https:\/\/librairie7l.com\/wp-content\/uploads\/2022\/08\/logo-1.png","contentUrl":"https:\/\/librairie7l.com\/wp-content\/uploads\/2022\/08\/logo-1.png","width":227,"height":301,"caption":"Librairie 7L"},"image":{"@id":"https:\/\/librairie7l.com\/en\/#\/schema\/logo\/image\/"}}]}},"_links":{"self":[{"href":"https:\/\/librairie7l.com\/en\/wp-json\/wp\/v2\/product\/54505"}],"collection":[{"href":"https:\/\/librairie7l.com\/en\/wp-json\/wp\/v2\/product"}],"about":[{"href":"https:\/\/librairie7l.com\/en\/wp-json\/wp\/v2\/types\/product"}],"wp:featuredmedia":[{"embeddable":true,"href":"https:\/\/librairie7l.com\/en\/wp-json\/wp\/v2\/media\/54503"}],"wp:attachment":[{"href":"https:\/\/librairie7l.com\/en\/wp-json\/wp\/v2\/media?parent=54505"}],"wp:term":[{"taxonomy":"product_cat","embeddable":true,"href":"https:\/\/librairie7l.com\/en\/wp-json\/wp\/v2\/product_cat?post=54505"},{"taxonomy":"product_tag","embeddable":true,"href":"https:\/\/librairie7l.com\/en\/wp-json\/wp\/v2\/product_tag?post=54505"}],"curies":[{"name":"wp","href":"https:\/\/api.w.org\/{rel}","templated":true}]}}