{"id":54509,"date":"2026-02-07T10:16:11","date_gmt":"2026-02-07T09:16:11","guid":{"rendered":"https:\/\/librairie7l.com\/?post_type=product&#038;p=54509"},"modified":"2026-04-20T23:55:52","modified_gmt":"2026-04-20T21:55:52","slug":"josef-frank-villa-carlsten-2","status":"publish","type":"product","link":"https:\/\/librairie7l.com\/en\/produit\/josef-frank-villa-carlsten-2\/","title":{"rendered":"JOSEF FRANK: VILLA CARLSTEN"},"content":{"rendered":"<p>Entre 1924 et 1936, l?architecte autrichien Josef Frank (1885-1967) con\u00e7ut cinq villas d?\u00e9t\u00e9 \u00e0 Falsterbo, en Su\u00e8de. Aujourd?hui, ces maisons comptent parmi ses travaux les plus importants. Avec la conception et r\u00e9alisation de Villa Carlsten, le plus petit des projets de Falsterbo, Frank montre comment le modernisme peut \u00eatre combin\u00e9 au confort dans une architecture quotidienne raffin\u00e9e et inclusive. Ce livre repr\u00e9sente la premi\u00e8re documentation compl\u00e8te sur la Villa Carlsten, avec des photographies in\u00e9dites de Mikael Olsson et un essai de l?architecte Mikael Bergquist.<\/p>\n","protected":false},"excerpt":{"rendered":"<p>Entre 1924 et 1936, l?architecte autrichien Josef Frank (1885-1967) con\u00e7ut cinq villas d?\u00e9t\u00e9 \u00e0 Falsterbo, en Su\u00e8de. Aujourd?hui, ces maisons comptent parmi ses travaux les plus importants. Avec la conception et r\u00e9alisation de Villa Carlsten, le plus petit des projets de Falsterbo, Frank montre comment le modernisme peut \u00eatre combin\u00e9 au confort dans une architecture [&hellip;]<\/p>\n","protected":false},"featured_media":54507,"template":"","meta":[],"product_cat":[2948],"product_tag":[],"acf":[],"yoast_head":"<!-- This site is optimized with the Yoast SEO plugin v20.11 - https:\/\/yoast.com\/wordpress\/plugins\/seo\/ -->\n<title>Josef frank: villa carlsten - Librairie 7L<\/title>\n<meta name=\"robots\" content=\"index, follow, max-snippet:-1, max-image-preview:large, max-video-preview:-1\" \/>\n<link rel=\"canonical\" href=\"https:\/\/librairie7l.com\/en\/produit\/josef-frank-villa-carlsten-2\/\" \/>\n<meta property=\"og:locale\" content=\"en_US\" \/>\n<meta property=\"og:type\" content=\"article\" \/>\n<meta property=\"og:title\" content=\"Josef frank: villa carlsten - Librairie 7L\" \/>\n<meta property=\"og:description\" content=\"Entre 1924 et 1936, l?architecte autrichien Josef Frank (1885-1967) con\u00e7ut cinq villas d?\u00e9t\u00e9 \u00e0 Falsterbo, en Su\u00e8de. Aujourd?hui, ces maisons comptent parmi ses travaux les plus importants. Avec la conception et r\u00e9alisation de Villa Carlsten, le plus petit des projets de Falsterbo, Frank montre comment le modernisme peut \u00eatre combin\u00e9 au confort dans une architecture [&hellip;]\" \/>\n<meta property=\"og:url\" content=\"https:\/\/librairie7l.com\/en\/produit\/josef-frank-villa-carlsten-2\/\" \/>\n<meta property=\"og:site_name\" content=\"Librairie 7L\" \/>\n<meta property=\"article:modified_time\" content=\"2026-04-20T21:55:52+00:00\" \/>\n<meta property=\"og:image\" content=\"https:\/\/librairie7l.com\/wp-content\/uploads\/2018\/12\/9783038601364_1_75.jpg\" \/>\n\t<meta property=\"og:image:width\" content=\"720\" \/>\n\t<meta property=\"og:image:height\" content=\"600\" \/>\n\t<meta property=\"og:image:type\" content=\"image\/jpeg\" \/>\n<meta name=\"twitter:card\" content=\"summary_large_image\" \/>\n<script type=\"application\/ld+json\" class=\"yoast-schema-graph\">{\"@context\":\"https:\/\/schema.org\",\"@graph\":[{\"@type\":\"WebPage\",\"@id\":\"https:\/\/librairie7l.com\/en\/produit\/josef-frank-villa-carlsten-2\/\",\"url\":\"https:\/\/librairie7l.com\/en\/produit\/josef-frank-villa-carlsten-2\/\",\"name\":\"Josef frank: villa carlsten - Librairie 7L\",\"isPartOf\":{\"@id\":\"https:\/\/librairie7l.com\/en\/#website\"},\"datePublished\":\"2026-02-07T09:16:11+00:00\",\"dateModified\":\"2026-04-20T21:55:52+00:00\",\"breadcrumb\":{\"@id\":\"https:\/\/librairie7l.com\/en\/produit\/josef-frank-villa-carlsten-2\/#breadcrumb\"},\"inLanguage\":\"en-US\",\"potentialAction\":[{\"@type\":\"ReadAction\",\"target\":[\"https:\/\/librairie7l.com\/en\/produit\/josef-frank-villa-carlsten-2\/\"]}]},{\"@type\":\"BreadcrumbList\",\"@id\":\"https:\/\/librairie7l.com\/en\/produit\/josef-frank-villa-carlsten-2\/#breadcrumb\",\"itemListElement\":[{\"@type\":\"ListItem\",\"position\":1,\"name\":\"Accueil\",\"item\":\"https:\/\/librairie7l.com\/en\/\"},{\"@type\":\"ListItem\",\"position\":2,\"name\":\"Shop\",\"item\":\"https:\/\/librairie7l.com\/en\/shop\/\"},{\"@type\":\"ListItem\",\"position\":3,\"name\":\"JOSEF FRANK: VILLA CARLSTEN\"}]},{\"@type\":\"WebSite\",\"@id\":\"https:\/\/librairie7l.com\/en\/#website\",\"url\":\"https:\/\/librairie7l.com\/en\/\",\"name\":\"Librairie 7L\",\"description\":\"Librairie fond\u00e9e en 1999 par Karl Lagerfeld \u00e0 Paris\",\"publisher\":{\"@id\":\"https:\/\/librairie7l.com\/en\/#organization\"},\"potentialAction\":[{\"@type\":\"SearchAction\",\"target\":{\"@type\":\"EntryPoint\",\"urlTemplate\":\"https:\/\/librairie7l.com\/en\/?s={search_term_string}\"},\"query-input\":\"required name=search_term_string\"}],\"inLanguage\":\"en-US\"},{\"@type\":\"Organization\",\"@id\":\"https:\/\/librairie7l.com\/en\/#organization\",\"name\":\"Librairie 7L\",\"url\":\"https:\/\/librairie7l.com\/en\/\",\"logo\":{\"@type\":\"ImageObject\",\"inLanguage\":\"en-US\",\"@id\":\"https:\/\/librairie7l.com\/en\/#\/schema\/logo\/image\/\",\"url\":\"https:\/\/librairie7l.com\/wp-content\/uploads\/2022\/08\/logo-1.png\",\"contentUrl\":\"https:\/\/librairie7l.com\/wp-content\/uploads\/2022\/08\/logo-1.png\",\"width\":227,\"height\":301,\"caption\":\"Librairie 7L\"},\"image\":{\"@id\":\"https:\/\/librairie7l.com\/en\/#\/schema\/logo\/image\/\"}}]}<\/script>\n<!-- \/ Yoast SEO plugin. -->","yoast_head_json":{"title":"Josef frank: villa carlsten - Librairie 7L","robots":{"index":"index","follow":"follow","max-snippet":"max-snippet:-1","max-image-preview":"max-image-preview:large","max-video-preview":"max-video-preview:-1"},"canonical":"https:\/\/librairie7l.com\/en\/produit\/josef-frank-villa-carlsten-2\/","og_locale":"en_US","og_type":"article","og_title":"Josef frank: villa carlsten - Librairie 7L","og_description":"Entre 1924 et 1936, l?architecte autrichien Josef Frank (1885-1967) con\u00e7ut cinq villas d?\u00e9t\u00e9 \u00e0 Falsterbo, en Su\u00e8de. Aujourd?hui, ces maisons comptent parmi ses travaux les plus importants. Avec la conception et r\u00e9alisation de Villa Carlsten, le plus petit des projets de Falsterbo, Frank montre comment le modernisme peut \u00eatre combin\u00e9 au confort dans une architecture [&hellip;]","og_url":"https:\/\/librairie7l.com\/en\/produit\/josef-frank-villa-carlsten-2\/","og_site_name":"Librairie 7L","article_modified_time":"2026-04-20T21:55:52+00:00","og_image":[{"width":720,"height":600,"url":"https:\/\/librairie7l.com\/wp-content\/uploads\/2018\/12\/9783038601364_1_75.jpg","type":"image\/jpeg"}],"twitter_card":"summary_large_image","schema":{"@context":"https:\/\/schema.org","@graph":[{"@type":"WebPage","@id":"https:\/\/librairie7l.com\/en\/produit\/josef-frank-villa-carlsten-2\/","url":"https:\/\/librairie7l.com\/en\/produit\/josef-frank-villa-carlsten-2\/","name":"Josef frank: villa carlsten - Librairie 7L","isPartOf":{"@id":"https:\/\/librairie7l.com\/en\/#website"},"datePublished":"2026-02-07T09:16:11+00:00","dateModified":"2026-04-20T21:55:52+00:00","breadcrumb":{"@id":"https:\/\/librairie7l.com\/en\/produit\/josef-frank-villa-carlsten-2\/#breadcrumb"},"inLanguage":"en-US","potentialAction":[{"@type":"ReadAction","target":["https:\/\/librairie7l.com\/en\/produit\/josef-frank-villa-carlsten-2\/"]}]},{"@type":"BreadcrumbList","@id":"https:\/\/librairie7l.com\/en\/produit\/josef-frank-villa-carlsten-2\/#breadcrumb","itemListElement":[{"@type":"ListItem","position":1,"name":"Accueil","item":"https:\/\/librairie7l.com\/en\/"},{"@type":"ListItem","position":2,"name":"Shop","item":"https:\/\/librairie7l.com\/en\/shop\/"},{"@type":"ListItem","position":3,"name":"JOSEF FRANK: VILLA CARLSTEN"}]},{"@type":"WebSite","@id":"https:\/\/librairie7l.com\/en\/#website","url":"https:\/\/librairie7l.com\/en\/","name":"Librairie 7L","description":"Librairie fond\u00e9e en 1999 par Karl Lagerfeld \u00e0 Paris","publisher":{"@id":"https:\/\/librairie7l.com\/en\/#organization"},"potentialAction":[{"@type":"SearchAction","target":{"@type":"EntryPoint","urlTemplate":"https:\/\/librairie7l.com\/en\/?s={search_term_string}"},"query-input":"required name=search_term_string"}],"inLanguage":"en-US"},{"@type":"Organization","@id":"https:\/\/librairie7l.com\/en\/#organization","name":"Librairie 7L","url":"https:\/\/librairie7l.com\/en\/","logo":{"@type":"ImageObject","inLanguage":"en-US","@id":"https:\/\/librairie7l.com\/en\/#\/schema\/logo\/image\/","url":"https:\/\/librairie7l.com\/wp-content\/uploads\/2022\/08\/logo-1.png","contentUrl":"https:\/\/librairie7l.com\/wp-content\/uploads\/2022\/08\/logo-1.png","width":227,"height":301,"caption":"Librairie 7L"},"image":{"@id":"https:\/\/librairie7l.com\/en\/#\/schema\/logo\/image\/"}}]}},"_links":{"self":[{"href":"https:\/\/librairie7l.com\/en\/wp-json\/wp\/v2\/product\/54509"}],"collection":[{"href":"https:\/\/librairie7l.com\/en\/wp-json\/wp\/v2\/product"}],"about":[{"href":"https:\/\/librairie7l.com\/en\/wp-json\/wp\/v2\/types\/product"}],"wp:featuredmedia":[{"embeddable":true,"href":"https:\/\/librairie7l.com\/en\/wp-json\/wp\/v2\/media\/54507"}],"wp:attachment":[{"href":"https:\/\/librairie7l.com\/en\/wp-json\/wp\/v2\/media?parent=54509"}],"wp:term":[{"taxonomy":"product_cat","embeddable":true,"href":"https:\/\/librairie7l.com\/en\/wp-json\/wp\/v2\/product_cat?post=54509"},{"taxonomy":"product_tag","embeddable":true,"href":"https:\/\/librairie7l.com\/en\/wp-json\/wp\/v2\/product_tag?post=54509"}],"curies":[{"name":"wp","href":"https:\/\/api.w.org\/{rel}","templated":true}]}}