{"id":54530,"date":"2026-02-08T09:18:13","date_gmt":"2026-02-08T08:18:13","guid":{"rendered":"https:\/\/librairie7l.com\/?post_type=product&#038;p=54530"},"modified":"2026-04-15T21:50:40","modified_gmt":"2026-04-15T19:50:40","slug":"regards-sur-le-passe-et-autres-textes-1912-1921-2","status":"publish","type":"product","link":"https:\/\/librairie7l.com\/en\/produit\/regards-sur-le-passe-et-autres-textes-1912-1921-2\/","title":{"rendered":"REGARDS SUR LE PASS\u00c9 ET AUTRES TEXTES (1912-1921)"},"content":{"rendered":"<p>1912-1921\u00a0:\u00a0dix ans durant lesquels vont se jouer, pour une bonne part, en Allemagne puis dans la Russie post-r\u00e9volutionnaire, les destin\u00e9es de l&#8217;art contemporain. Au centre de cette p\u00e9riode, l&#8217;oeuvre de Kandinsky. Dans Regards sur le pass\u00e9, ce dernier revient sur son parcours\u00a0:\u00a0son d\u00e9cisif \u00abpassage \u00e0 la ligne\u00bb, sa transformation des sons en couleurs, sous l&#8217;influence des op\u00e9ras de Wagner, le r\u00f4le de sa formation de juriste dans son rapport g\u00e9om\u00e9trique au monde, enfin sa conception m\u00eame de l&#8217;art et de la cr\u00e9ation sous-tendue par une qu\u00eate spirituelle. Plusieurs documents de la m\u00eame p\u00e9riode, concernant aussi bien la peinture que la musique, la po\u00e9sie ou le th\u00e9\u00e2tre compl\u00e8tent un t\u00e9moignage fascinant qui nous plonge au coeur de la naissance d&#8217;un art authentiquement proph\u00e9tique\u00a0:\u00a0l&#8217;Abstraction totale.<\/p>\n","protected":false},"excerpt":{"rendered":"<p>1912-1921\u00a0:\u00a0dix ans durant lesquels vont se jouer, pour une bonne part, en Allemagne puis dans la Russie post-r\u00e9volutionnaire, les destin\u00e9es de l&#8217;art contemporain. Au centre de cette p\u00e9riode, l&#8217;oeuvre de Kandinsky. Dans Regards sur le pass\u00e9, ce dernier revient sur son parcours\u00a0:\u00a0son d\u00e9cisif \u00abpassage \u00e0 la ligne\u00bb, sa transformation des sons en couleurs, sous l&#8217;influence [&hellip;]<\/p>\n","protected":false},"featured_media":54528,"template":"","meta":[],"product_cat":[2948],"product_tag":[],"acf":[],"yoast_head":"<!-- This site is optimized with the Yoast SEO plugin v20.11 - https:\/\/yoast.com\/wordpress\/plugins\/seo\/ -->\n<title>Regards sur le pass\u00e9 et autres textes (1912-1921) - Librairie 7L<\/title>\n<meta name=\"robots\" content=\"index, follow, max-snippet:-1, max-image-preview:large, max-video-preview:-1\" \/>\n<link rel=\"canonical\" href=\"https:\/\/librairie7l.com\/en\/produit\/regards-sur-le-passe-et-autres-textes-1912-1921-2\/\" \/>\n<meta property=\"og:locale\" content=\"en_US\" \/>\n<meta property=\"og:type\" content=\"article\" \/>\n<meta property=\"og:title\" content=\"Regards sur le pass\u00e9 et autres textes (1912-1921) - Librairie 7L\" \/>\n<meta property=\"og:description\" content=\"1912-1921\u00a0:\u00a0dix ans durant lesquels vont se jouer, pour une bonne part, en Allemagne puis dans la Russie post-r\u00e9volutionnaire, les destin\u00e9es de l&#8217;art contemporain. Au centre de cette p\u00e9riode, l&#8217;oeuvre de Kandinsky. Dans Regards sur le pass\u00e9, ce dernier revient sur son parcours\u00a0:\u00a0son d\u00e9cisif \u00abpassage \u00e0 la ligne\u00bb, sa transformation des sons en couleurs, sous l&#8217;influence [&hellip;]\" \/>\n<meta property=\"og:url\" content=\"https:\/\/librairie7l.com\/en\/produit\/regards-sur-le-passe-et-autres-textes-1912-1921-2\/\" \/>\n<meta property=\"og:site_name\" content=\"Librairie 7L\" \/>\n<meta property=\"article:modified_time\" content=\"2026-04-15T19:50:40+00:00\" \/>\n<meta property=\"og:image\" content=\"https:\/\/librairie7l.com\/wp-content\/uploads\/2025\/06\/9782080509406_1_75.jpg\" \/>\n\t<meta property=\"og:image:width\" content=\"600\" \/>\n\t<meta property=\"og:image:height\" content=\"988\" \/>\n\t<meta property=\"og:image:type\" content=\"image\/jpeg\" \/>\n<meta name=\"twitter:card\" content=\"summary_large_image\" \/>\n<meta name=\"twitter:label1\" content=\"Est. reading time\" \/>\n\t<meta name=\"twitter:data1\" content=\"1 minute\" \/>\n<script type=\"application\/ld+json\" class=\"yoast-schema-graph\">{\"@context\":\"https:\/\/schema.org\",\"@graph\":[{\"@type\":\"WebPage\",\"@id\":\"https:\/\/librairie7l.com\/en\/produit\/regards-sur-le-passe-et-autres-textes-1912-1921-2\/\",\"url\":\"https:\/\/librairie7l.com\/en\/produit\/regards-sur-le-passe-et-autres-textes-1912-1921-2\/\",\"name\":\"Regards sur le pass\u00e9 et autres textes (1912-1921) - Librairie 7L\",\"isPartOf\":{\"@id\":\"https:\/\/librairie7l.com\/en\/#website\"},\"datePublished\":\"2026-02-08T08:18:13+00:00\",\"dateModified\":\"2026-04-15T19:50:40+00:00\",\"breadcrumb\":{\"@id\":\"https:\/\/librairie7l.com\/en\/produit\/regards-sur-le-passe-et-autres-textes-1912-1921-2\/#breadcrumb\"},\"inLanguage\":\"en-US\",\"potentialAction\":[{\"@type\":\"ReadAction\",\"target\":[\"https:\/\/librairie7l.com\/en\/produit\/regards-sur-le-passe-et-autres-textes-1912-1921-2\/\"]}]},{\"@type\":\"BreadcrumbList\",\"@id\":\"https:\/\/librairie7l.com\/en\/produit\/regards-sur-le-passe-et-autres-textes-1912-1921-2\/#breadcrumb\",\"itemListElement\":[{\"@type\":\"ListItem\",\"position\":1,\"name\":\"Accueil\",\"item\":\"https:\/\/librairie7l.com\/en\/\"},{\"@type\":\"ListItem\",\"position\":2,\"name\":\"Shop\",\"item\":\"https:\/\/librairie7l.com\/en\/shop\/\"},{\"@type\":\"ListItem\",\"position\":3,\"name\":\"REGARDS SUR LE PASS\u00c9 ET AUTRES TEXTES (1912-1921)\"}]},{\"@type\":\"WebSite\",\"@id\":\"https:\/\/librairie7l.com\/en\/#website\",\"url\":\"https:\/\/librairie7l.com\/en\/\",\"name\":\"Librairie 7L\",\"description\":\"Librairie fond\u00e9e en 1999 par Karl Lagerfeld \u00e0 Paris\",\"publisher\":{\"@id\":\"https:\/\/librairie7l.com\/en\/#organization\"},\"potentialAction\":[{\"@type\":\"SearchAction\",\"target\":{\"@type\":\"EntryPoint\",\"urlTemplate\":\"https:\/\/librairie7l.com\/en\/?s={search_term_string}\"},\"query-input\":\"required name=search_term_string\"}],\"inLanguage\":\"en-US\"},{\"@type\":\"Organization\",\"@id\":\"https:\/\/librairie7l.com\/en\/#organization\",\"name\":\"Librairie 7L\",\"url\":\"https:\/\/librairie7l.com\/en\/\",\"logo\":{\"@type\":\"ImageObject\",\"inLanguage\":\"en-US\",\"@id\":\"https:\/\/librairie7l.com\/en\/#\/schema\/logo\/image\/\",\"url\":\"https:\/\/librairie7l.com\/wp-content\/uploads\/2022\/08\/logo-1.png\",\"contentUrl\":\"https:\/\/librairie7l.com\/wp-content\/uploads\/2022\/08\/logo-1.png\",\"width\":227,\"height\":301,\"caption\":\"Librairie 7L\"},\"image\":{\"@id\":\"https:\/\/librairie7l.com\/en\/#\/schema\/logo\/image\/\"}}]}<\/script>\n<!-- \/ Yoast SEO plugin. -->","yoast_head_json":{"title":"Regards sur le pass\u00e9 et autres textes (1912-1921) - Librairie 7L","robots":{"index":"index","follow":"follow","max-snippet":"max-snippet:-1","max-image-preview":"max-image-preview:large","max-video-preview":"max-video-preview:-1"},"canonical":"https:\/\/librairie7l.com\/en\/produit\/regards-sur-le-passe-et-autres-textes-1912-1921-2\/","og_locale":"en_US","og_type":"article","og_title":"Regards sur le pass\u00e9 et autres textes (1912-1921) - Librairie 7L","og_description":"1912-1921\u00a0:\u00a0dix ans durant lesquels vont se jouer, pour une bonne part, en Allemagne puis dans la Russie post-r\u00e9volutionnaire, les destin\u00e9es de l&#8217;art contemporain. Au centre de cette p\u00e9riode, l&#8217;oeuvre de Kandinsky. Dans Regards sur le pass\u00e9, ce dernier revient sur son parcours\u00a0:\u00a0son d\u00e9cisif \u00abpassage \u00e0 la ligne\u00bb, sa transformation des sons en couleurs, sous l&#8217;influence [&hellip;]","og_url":"https:\/\/librairie7l.com\/en\/produit\/regards-sur-le-passe-et-autres-textes-1912-1921-2\/","og_site_name":"Librairie 7L","article_modified_time":"2026-04-15T19:50:40+00:00","og_image":[{"width":600,"height":988,"url":"https:\/\/librairie7l.com\/wp-content\/uploads\/2025\/06\/9782080509406_1_75.jpg","type":"image\/jpeg"}],"twitter_card":"summary_large_image","twitter_misc":{"Est. reading time":"1 minute"},"schema":{"@context":"https:\/\/schema.org","@graph":[{"@type":"WebPage","@id":"https:\/\/librairie7l.com\/en\/produit\/regards-sur-le-passe-et-autres-textes-1912-1921-2\/","url":"https:\/\/librairie7l.com\/en\/produit\/regards-sur-le-passe-et-autres-textes-1912-1921-2\/","name":"Regards sur le pass\u00e9 et autres textes (1912-1921) - Librairie 7L","isPartOf":{"@id":"https:\/\/librairie7l.com\/en\/#website"},"datePublished":"2026-02-08T08:18:13+00:00","dateModified":"2026-04-15T19:50:40+00:00","breadcrumb":{"@id":"https:\/\/librairie7l.com\/en\/produit\/regards-sur-le-passe-et-autres-textes-1912-1921-2\/#breadcrumb"},"inLanguage":"en-US","potentialAction":[{"@type":"ReadAction","target":["https:\/\/librairie7l.com\/en\/produit\/regards-sur-le-passe-et-autres-textes-1912-1921-2\/"]}]},{"@type":"BreadcrumbList","@id":"https:\/\/librairie7l.com\/en\/produit\/regards-sur-le-passe-et-autres-textes-1912-1921-2\/#breadcrumb","itemListElement":[{"@type":"ListItem","position":1,"name":"Accueil","item":"https:\/\/librairie7l.com\/en\/"},{"@type":"ListItem","position":2,"name":"Shop","item":"https:\/\/librairie7l.com\/en\/shop\/"},{"@type":"ListItem","position":3,"name":"REGARDS SUR LE PASS\u00c9 ET AUTRES TEXTES (1912-1921)"}]},{"@type":"WebSite","@id":"https:\/\/librairie7l.com\/en\/#website","url":"https:\/\/librairie7l.com\/en\/","name":"Librairie 7L","description":"Librairie fond\u00e9e en 1999 par Karl Lagerfeld \u00e0 Paris","publisher":{"@id":"https:\/\/librairie7l.com\/en\/#organization"},"potentialAction":[{"@type":"SearchAction","target":{"@type":"EntryPoint","urlTemplate":"https:\/\/librairie7l.com\/en\/?s={search_term_string}"},"query-input":"required name=search_term_string"}],"inLanguage":"en-US"},{"@type":"Organization","@id":"https:\/\/librairie7l.com\/en\/#organization","name":"Librairie 7L","url":"https:\/\/librairie7l.com\/en\/","logo":{"@type":"ImageObject","inLanguage":"en-US","@id":"https:\/\/librairie7l.com\/en\/#\/schema\/logo\/image\/","url":"https:\/\/librairie7l.com\/wp-content\/uploads\/2022\/08\/logo-1.png","contentUrl":"https:\/\/librairie7l.com\/wp-content\/uploads\/2022\/08\/logo-1.png","width":227,"height":301,"caption":"Librairie 7L"},"image":{"@id":"https:\/\/librairie7l.com\/en\/#\/schema\/logo\/image\/"}}]}},"_links":{"self":[{"href":"https:\/\/librairie7l.com\/en\/wp-json\/wp\/v2\/product\/54530"}],"collection":[{"href":"https:\/\/librairie7l.com\/en\/wp-json\/wp\/v2\/product"}],"about":[{"href":"https:\/\/librairie7l.com\/en\/wp-json\/wp\/v2\/types\/product"}],"wp:featuredmedia":[{"embeddable":true,"href":"https:\/\/librairie7l.com\/en\/wp-json\/wp\/v2\/media\/54528"}],"wp:attachment":[{"href":"https:\/\/librairie7l.com\/en\/wp-json\/wp\/v2\/media?parent=54530"}],"wp:term":[{"taxonomy":"product_cat","embeddable":true,"href":"https:\/\/librairie7l.com\/en\/wp-json\/wp\/v2\/product_cat?post=54530"},{"taxonomy":"product_tag","embeddable":true,"href":"https:\/\/librairie7l.com\/en\/wp-json\/wp\/v2\/product_tag?post=54530"}],"curies":[{"name":"wp","href":"https:\/\/api.w.org\/{rel}","templated":true}]}}