{"id":54588,"date":"2026-02-11T10:16:16","date_gmt":"2026-02-11T09:16:16","guid":{"rendered":"https:\/\/librairie7l.com\/?post_type=product&#038;p=54588"},"modified":"2026-04-20T23:23:32","modified_gmt":"2026-04-20T21:23:32","slug":"machiya-the-traditional-townhouses-of-kyoto-2","status":"publish","type":"product","link":"https:\/\/librairie7l.com\/en\/produit\/machiya-the-traditional-townhouses-of-kyoto-2\/","title":{"rendered":"MACHIYA: THE TRADITIONAL TOWNHOUSES OF KYOTO"},"content":{"rendered":"<p>Les machiya, maisons de villes en bois traditionnelles, occupent une place centrale dans l&#8217;architecture de la ville de Kyoto. Alors que certaines ont \u00e9t\u00e9 d\u00e9truites par la modernisation de la ville, d&#8217;autres demeurent une attraction majeure pour les touristes et amateurs de constructions anciennes. Cet ouvrage bilingue japonais\/anglais largement illustr\u00e9 explore l&#8217;atmosph\u00e8re historique typique des machiya tout en r\u00e9v\u00e9lant en image l&#8217;ing\u00e9niosit\u00e9 de leur construction qui permettait d&#8217;optimiser espace et vie pratique.<\/p>\n<p>The definitive book on machiya showcasing their traditional appearance and recent transformation explained in bilingual text.<br \/>\nFrom private residences to renovated properties operating as businesses, this book introduces everything you need to know about Machiya, also including never-before-seen cultural properties, with detailed and accessible commentary in bilingual text. Machiya are traditional wooden townhouses found throughout Japan and typified in the historical capital of Kyoto. Machiya in Kyoto have kept their traditional architectural form and community, creating a historic and traditional cultural atmosphere that attracts many tourist from all around the world. Machiya have become valuable cultural heritage, as many machiya have disappeared and have been replaced by modern houses. In this book readers can see and feel the ideas and wisdom of the people in Kyoto, who made full useof machiya design and the architectural characteristics of that optimize space and practicality, while keeping within the tradition. This book will not only be a perfect architectural reference book but also a great photography book to enjoy the delicate beauty of Japan.<\/p>\n","protected":false},"excerpt":{"rendered":"<p>Les machiya, maisons de villes en bois traditionnelles, occupent une place centrale dans l&#8217;architecture de la ville de Kyoto. Alors que certaines ont \u00e9t\u00e9 d\u00e9truites par la modernisation de la ville, d&#8217;autres demeurent une attraction majeure pour les touristes et amateurs de constructions anciennes. Cet ouvrage bilingue japonais\/anglais largement illustr\u00e9 explore l&#8217;atmosph\u00e8re historique typique des [&hellip;]<\/p>\n","protected":false},"featured_media":54586,"template":"","meta":[],"product_cat":[2948],"product_tag":[],"acf":[],"yoast_head":"<!-- This site is optimized with the Yoast SEO plugin v20.11 - https:\/\/yoast.com\/wordpress\/plugins\/seo\/ -->\n<title>Machiya: the traditional townhouses of Kyoto - Librairie 7L<\/title>\n<meta name=\"robots\" content=\"index, follow, max-snippet:-1, max-image-preview:large, max-video-preview:-1\" \/>\n<link rel=\"canonical\" href=\"https:\/\/librairie7l.com\/en\/produit\/machiya-the-traditional-townhouses-of-kyoto-2\/\" \/>\n<meta property=\"og:locale\" content=\"en_US\" \/>\n<meta property=\"og:type\" content=\"article\" \/>\n<meta property=\"og:title\" content=\"Machiya: the traditional townhouses of Kyoto - Librairie 7L\" \/>\n<meta property=\"og:description\" content=\"Les machiya, maisons de villes en bois traditionnelles, occupent une place centrale dans l&#8217;architecture de la ville de Kyoto. Alors que certaines ont \u00e9t\u00e9 d\u00e9truites par la modernisation de la ville, d&#8217;autres demeurent une attraction majeure pour les touristes et amateurs de constructions anciennes. Cet ouvrage bilingue japonais\/anglais largement illustr\u00e9 explore l&#8217;atmosph\u00e8re historique typique des [&hellip;]\" \/>\n<meta property=\"og:url\" content=\"https:\/\/librairie7l.com\/en\/produit\/machiya-the-traditional-townhouses-of-kyoto-2\/\" \/>\n<meta property=\"og:site_name\" content=\"Librairie 7L\" \/>\n<meta property=\"article:modified_time\" content=\"2026-04-20T21:23:32+00:00\" \/>\n<meta property=\"og:image\" content=\"https:\/\/librairie7l.com\/wp-content\/uploads\/2020\/05\/9784756253026_1_75.jpg\" \/>\n\t<meta property=\"og:image:width\" content=\"600\" \/>\n\t<meta property=\"og:image:height\" content=\"832\" \/>\n\t<meta property=\"og:image:type\" content=\"image\/jpeg\" \/>\n<meta name=\"twitter:card\" content=\"summary_large_image\" \/>\n<meta name=\"twitter:label1\" content=\"Est. reading time\" \/>\n\t<meta name=\"twitter:data1\" content=\"1 minute\" \/>\n<script type=\"application\/ld+json\" class=\"yoast-schema-graph\">{\"@context\":\"https:\/\/schema.org\",\"@graph\":[{\"@type\":\"WebPage\",\"@id\":\"https:\/\/librairie7l.com\/en\/produit\/machiya-the-traditional-townhouses-of-kyoto-2\/\",\"url\":\"https:\/\/librairie7l.com\/en\/produit\/machiya-the-traditional-townhouses-of-kyoto-2\/\",\"name\":\"Machiya: the traditional townhouses of Kyoto - Librairie 7L\",\"isPartOf\":{\"@id\":\"https:\/\/librairie7l.com\/en\/#website\"},\"datePublished\":\"2026-02-11T09:16:16+00:00\",\"dateModified\":\"2026-04-20T21:23:32+00:00\",\"breadcrumb\":{\"@id\":\"https:\/\/librairie7l.com\/en\/produit\/machiya-the-traditional-townhouses-of-kyoto-2\/#breadcrumb\"},\"inLanguage\":\"en-US\",\"potentialAction\":[{\"@type\":\"ReadAction\",\"target\":[\"https:\/\/librairie7l.com\/en\/produit\/machiya-the-traditional-townhouses-of-kyoto-2\/\"]}]},{\"@type\":\"BreadcrumbList\",\"@id\":\"https:\/\/librairie7l.com\/en\/produit\/machiya-the-traditional-townhouses-of-kyoto-2\/#breadcrumb\",\"itemListElement\":[{\"@type\":\"ListItem\",\"position\":1,\"name\":\"Accueil\",\"item\":\"https:\/\/librairie7l.com\/en\/\"},{\"@type\":\"ListItem\",\"position\":2,\"name\":\"Shop\",\"item\":\"https:\/\/librairie7l.com\/en\/shop\/\"},{\"@type\":\"ListItem\",\"position\":3,\"name\":\"MACHIYA: THE TRADITIONAL TOWNHOUSES OF KYOTO\"}]},{\"@type\":\"WebSite\",\"@id\":\"https:\/\/librairie7l.com\/en\/#website\",\"url\":\"https:\/\/librairie7l.com\/en\/\",\"name\":\"Librairie 7L\",\"description\":\"Librairie fond\u00e9e en 1999 par Karl Lagerfeld \u00e0 Paris\",\"publisher\":{\"@id\":\"https:\/\/librairie7l.com\/en\/#organization\"},\"potentialAction\":[{\"@type\":\"SearchAction\",\"target\":{\"@type\":\"EntryPoint\",\"urlTemplate\":\"https:\/\/librairie7l.com\/en\/?s={search_term_string}\"},\"query-input\":\"required name=search_term_string\"}],\"inLanguage\":\"en-US\"},{\"@type\":\"Organization\",\"@id\":\"https:\/\/librairie7l.com\/en\/#organization\",\"name\":\"Librairie 7L\",\"url\":\"https:\/\/librairie7l.com\/en\/\",\"logo\":{\"@type\":\"ImageObject\",\"inLanguage\":\"en-US\",\"@id\":\"https:\/\/librairie7l.com\/en\/#\/schema\/logo\/image\/\",\"url\":\"https:\/\/librairie7l.com\/wp-content\/uploads\/2022\/08\/logo-1.png\",\"contentUrl\":\"https:\/\/librairie7l.com\/wp-content\/uploads\/2022\/08\/logo-1.png\",\"width\":227,\"height\":301,\"caption\":\"Librairie 7L\"},\"image\":{\"@id\":\"https:\/\/librairie7l.com\/en\/#\/schema\/logo\/image\/\"}}]}<\/script>\n<!-- \/ Yoast SEO plugin. -->","yoast_head_json":{"title":"Machiya: the traditional townhouses of Kyoto - Librairie 7L","robots":{"index":"index","follow":"follow","max-snippet":"max-snippet:-1","max-image-preview":"max-image-preview:large","max-video-preview":"max-video-preview:-1"},"canonical":"https:\/\/librairie7l.com\/en\/produit\/machiya-the-traditional-townhouses-of-kyoto-2\/","og_locale":"en_US","og_type":"article","og_title":"Machiya: the traditional townhouses of Kyoto - Librairie 7L","og_description":"Les machiya, maisons de villes en bois traditionnelles, occupent une place centrale dans l&#8217;architecture de la ville de Kyoto. Alors que certaines ont \u00e9t\u00e9 d\u00e9truites par la modernisation de la ville, d&#8217;autres demeurent une attraction majeure pour les touristes et amateurs de constructions anciennes. Cet ouvrage bilingue japonais\/anglais largement illustr\u00e9 explore l&#8217;atmosph\u00e8re historique typique des [&hellip;]","og_url":"https:\/\/librairie7l.com\/en\/produit\/machiya-the-traditional-townhouses-of-kyoto-2\/","og_site_name":"Librairie 7L","article_modified_time":"2026-04-20T21:23:32+00:00","og_image":[{"width":600,"height":832,"url":"https:\/\/librairie7l.com\/wp-content\/uploads\/2020\/05\/9784756253026_1_75.jpg","type":"image\/jpeg"}],"twitter_card":"summary_large_image","twitter_misc":{"Est. reading time":"1 minute"},"schema":{"@context":"https:\/\/schema.org","@graph":[{"@type":"WebPage","@id":"https:\/\/librairie7l.com\/en\/produit\/machiya-the-traditional-townhouses-of-kyoto-2\/","url":"https:\/\/librairie7l.com\/en\/produit\/machiya-the-traditional-townhouses-of-kyoto-2\/","name":"Machiya: the traditional townhouses of Kyoto - Librairie 7L","isPartOf":{"@id":"https:\/\/librairie7l.com\/en\/#website"},"datePublished":"2026-02-11T09:16:16+00:00","dateModified":"2026-04-20T21:23:32+00:00","breadcrumb":{"@id":"https:\/\/librairie7l.com\/en\/produit\/machiya-the-traditional-townhouses-of-kyoto-2\/#breadcrumb"},"inLanguage":"en-US","potentialAction":[{"@type":"ReadAction","target":["https:\/\/librairie7l.com\/en\/produit\/machiya-the-traditional-townhouses-of-kyoto-2\/"]}]},{"@type":"BreadcrumbList","@id":"https:\/\/librairie7l.com\/en\/produit\/machiya-the-traditional-townhouses-of-kyoto-2\/#breadcrumb","itemListElement":[{"@type":"ListItem","position":1,"name":"Accueil","item":"https:\/\/librairie7l.com\/en\/"},{"@type":"ListItem","position":2,"name":"Shop","item":"https:\/\/librairie7l.com\/en\/shop\/"},{"@type":"ListItem","position":3,"name":"MACHIYA: THE TRADITIONAL TOWNHOUSES OF KYOTO"}]},{"@type":"WebSite","@id":"https:\/\/librairie7l.com\/en\/#website","url":"https:\/\/librairie7l.com\/en\/","name":"Librairie 7L","description":"Librairie fond\u00e9e en 1999 par Karl Lagerfeld \u00e0 Paris","publisher":{"@id":"https:\/\/librairie7l.com\/en\/#organization"},"potentialAction":[{"@type":"SearchAction","target":{"@type":"EntryPoint","urlTemplate":"https:\/\/librairie7l.com\/en\/?s={search_term_string}"},"query-input":"required name=search_term_string"}],"inLanguage":"en-US"},{"@type":"Organization","@id":"https:\/\/librairie7l.com\/en\/#organization","name":"Librairie 7L","url":"https:\/\/librairie7l.com\/en\/","logo":{"@type":"ImageObject","inLanguage":"en-US","@id":"https:\/\/librairie7l.com\/en\/#\/schema\/logo\/image\/","url":"https:\/\/librairie7l.com\/wp-content\/uploads\/2022\/08\/logo-1.png","contentUrl":"https:\/\/librairie7l.com\/wp-content\/uploads\/2022\/08\/logo-1.png","width":227,"height":301,"caption":"Librairie 7L"},"image":{"@id":"https:\/\/librairie7l.com\/en\/#\/schema\/logo\/image\/"}}]}},"_links":{"self":[{"href":"https:\/\/librairie7l.com\/en\/wp-json\/wp\/v2\/product\/54588"}],"collection":[{"href":"https:\/\/librairie7l.com\/en\/wp-json\/wp\/v2\/product"}],"about":[{"href":"https:\/\/librairie7l.com\/en\/wp-json\/wp\/v2\/types\/product"}],"wp:featuredmedia":[{"embeddable":true,"href":"https:\/\/librairie7l.com\/en\/wp-json\/wp\/v2\/media\/54586"}],"wp:attachment":[{"href":"https:\/\/librairie7l.com\/en\/wp-json\/wp\/v2\/media?parent=54588"}],"wp:term":[{"taxonomy":"product_cat","embeddable":true,"href":"https:\/\/librairie7l.com\/en\/wp-json\/wp\/v2\/product_cat?post=54588"},{"taxonomy":"product_tag","embeddable":true,"href":"https:\/\/librairie7l.com\/en\/wp-json\/wp\/v2\/product_tag?post=54588"}],"curies":[{"name":"wp","href":"https:\/\/api.w.org\/{rel}","templated":true}]}}