{"id":54608,"date":"2026-02-11T10:16:26","date_gmt":"2026-02-11T09:16:26","guid":{"rendered":"https:\/\/librairie7l.com\/?post_type=product&#038;p=54608"},"modified":"2026-04-20T23:07:21","modified_gmt":"2026-04-20T21:07:21","slug":"thannhauser-collection-french-modernism-at-the-guggenheim-2","status":"publish","type":"product","link":"https:\/\/librairie7l.com\/en\/produit\/thannhauser-collection-french-modernism-at-the-guggenheim-2\/","title":{"rendered":"THANNHAUSER COLLECTION FRENCH MODERNISM AT THE GUGGENHEIM"},"content":{"rendered":"<p>Ce volume richement illustr\u00e9 pr\u00e9sente la collection \u00e9tonnante dans son int\u00e9gralit\u00e9, offrant une synth\u00e8se compl\u00e8te des oeuvres de ma\u00eetres modernes tels que Georges Braque, Paul C\u00e9zanne, Edgar Degas, Paul Gauguin, \u00c9douard Manet, Picasso, Camille Pissarro et Vincent van Gogh, entre autres. Tout au long, les oeuvres d&#8217;art b\u00e9n\u00e9ficient d&#8217;un contexte et de d\u00e9tails riches, avec des vues d&#8217;installations historiques et des images de conservation haute technologie. De courts essais sur les collections soulign\u00e9s par les conservateurs et conservateurs actuels et anciens de Guggenheim illustrent les innovations stylistiques des artistes alors qu&#8217;ils cherchaient \u00e0 lib\u00e9rer l&#8217;art des genres et des techniques acad\u00e9miques. Le livre pr\u00e9sente \u00e9galement des analyses techniques approfondies, offrant un aper\u00e7u rare des mat\u00e9riaux et processus des artistes, bas\u00e9 sur les derni\u00e8res avanc\u00e9es technologiques en mati\u00e8re de conservation. Megan Fontanella a r\u00e9dig\u00e9 un essai principal relatant la gen\u00e8se de la collection de Thannhauser et son transfert au mus\u00e9e Guggenheim.<\/p>\n","protected":false},"excerpt":{"rendered":"<p>Ce volume richement illustr\u00e9 pr\u00e9sente la collection \u00e9tonnante dans son int\u00e9gralit\u00e9, offrant une synth\u00e8se compl\u00e8te des oeuvres de ma\u00eetres modernes tels que Georges Braque, Paul C\u00e9zanne, Edgar Degas, Paul Gauguin, \u00c9douard Manet, Picasso, Camille Pissarro et Vincent van Gogh, entre autres. Tout au long, les oeuvres d&#8217;art b\u00e9n\u00e9ficient d&#8217;un contexte et de d\u00e9tails riches, avec [&hellip;]<\/p>\n","protected":false},"featured_media":54606,"template":"","meta":[],"product_cat":[2948],"product_tag":[],"acf":[],"yoast_head":"<!-- This site is optimized with the Yoast SEO plugin v20.11 - https:\/\/yoast.com\/wordpress\/plugins\/seo\/ -->\n<title>Thannhauser collection french modernism at the guggenheim - Librairie 7L<\/title>\n<meta name=\"robots\" content=\"index, follow, max-snippet:-1, max-image-preview:large, max-video-preview:-1\" \/>\n<link rel=\"canonical\" href=\"https:\/\/librairie7l.com\/en\/produit\/thannhauser-collection-french-modernism-at-the-guggenheim-2\/\" \/>\n<meta property=\"og:locale\" content=\"en_US\" \/>\n<meta property=\"og:type\" content=\"article\" \/>\n<meta property=\"og:title\" content=\"Thannhauser collection french modernism at the guggenheim - Librairie 7L\" \/>\n<meta property=\"og:description\" content=\"Ce volume richement illustr\u00e9 pr\u00e9sente la collection \u00e9tonnante dans son int\u00e9gralit\u00e9, offrant une synth\u00e8se compl\u00e8te des oeuvres de ma\u00eetres modernes tels que Georges Braque, Paul C\u00e9zanne, Edgar Degas, Paul Gauguin, \u00c9douard Manet, Picasso, Camille Pissarro et Vincent van Gogh, entre autres. Tout au long, les oeuvres d&#8217;art b\u00e9n\u00e9ficient d&#8217;un contexte et de d\u00e9tails riches, avec [&hellip;]\" \/>\n<meta property=\"og:url\" content=\"https:\/\/librairie7l.com\/en\/produit\/thannhauser-collection-french-modernism-at-the-guggenheim-2\/\" \/>\n<meta property=\"og:site_name\" content=\"Librairie 7L\" \/>\n<meta property=\"article:modified_time\" content=\"2026-04-20T21:07:21+00:00\" \/>\n<meta property=\"og:image\" content=\"https:\/\/librairie7l.com\/wp-content\/uploads\/2018\/05\/9780892075423_1_75.jpg\" \/>\n\t<meta property=\"og:image:width\" content=\"171\" \/>\n\t<meta property=\"og:image:height\" content=\"220\" \/>\n\t<meta property=\"og:image:type\" content=\"image\/jpeg\" \/>\n<meta name=\"twitter:card\" content=\"summary_large_image\" \/>\n<meta name=\"twitter:label1\" content=\"Est. reading time\" \/>\n\t<meta name=\"twitter:data1\" content=\"1 minute\" \/>\n<script type=\"application\/ld+json\" class=\"yoast-schema-graph\">{\"@context\":\"https:\/\/schema.org\",\"@graph\":[{\"@type\":\"WebPage\",\"@id\":\"https:\/\/librairie7l.com\/en\/produit\/thannhauser-collection-french-modernism-at-the-guggenheim-2\/\",\"url\":\"https:\/\/librairie7l.com\/en\/produit\/thannhauser-collection-french-modernism-at-the-guggenheim-2\/\",\"name\":\"Thannhauser collection french modernism at the guggenheim - Librairie 7L\",\"isPartOf\":{\"@id\":\"https:\/\/librairie7l.com\/en\/#website\"},\"datePublished\":\"2026-02-11T09:16:26+00:00\",\"dateModified\":\"2026-04-20T21:07:21+00:00\",\"breadcrumb\":{\"@id\":\"https:\/\/librairie7l.com\/en\/produit\/thannhauser-collection-french-modernism-at-the-guggenheim-2\/#breadcrumb\"},\"inLanguage\":\"en-US\",\"potentialAction\":[{\"@type\":\"ReadAction\",\"target\":[\"https:\/\/librairie7l.com\/en\/produit\/thannhauser-collection-french-modernism-at-the-guggenheim-2\/\"]}]},{\"@type\":\"BreadcrumbList\",\"@id\":\"https:\/\/librairie7l.com\/en\/produit\/thannhauser-collection-french-modernism-at-the-guggenheim-2\/#breadcrumb\",\"itemListElement\":[{\"@type\":\"ListItem\",\"position\":1,\"name\":\"Accueil\",\"item\":\"https:\/\/librairie7l.com\/en\/\"},{\"@type\":\"ListItem\",\"position\":2,\"name\":\"Shop\",\"item\":\"https:\/\/librairie7l.com\/en\/shop\/\"},{\"@type\":\"ListItem\",\"position\":3,\"name\":\"THANNHAUSER COLLECTION FRENCH MODERNISM AT THE GUGGENHEIM\"}]},{\"@type\":\"WebSite\",\"@id\":\"https:\/\/librairie7l.com\/en\/#website\",\"url\":\"https:\/\/librairie7l.com\/en\/\",\"name\":\"Librairie 7L\",\"description\":\"Librairie fond\u00e9e en 1999 par Karl Lagerfeld \u00e0 Paris\",\"publisher\":{\"@id\":\"https:\/\/librairie7l.com\/en\/#organization\"},\"potentialAction\":[{\"@type\":\"SearchAction\",\"target\":{\"@type\":\"EntryPoint\",\"urlTemplate\":\"https:\/\/librairie7l.com\/en\/?s={search_term_string}\"},\"query-input\":\"required name=search_term_string\"}],\"inLanguage\":\"en-US\"},{\"@type\":\"Organization\",\"@id\":\"https:\/\/librairie7l.com\/en\/#organization\",\"name\":\"Librairie 7L\",\"url\":\"https:\/\/librairie7l.com\/en\/\",\"logo\":{\"@type\":\"ImageObject\",\"inLanguage\":\"en-US\",\"@id\":\"https:\/\/librairie7l.com\/en\/#\/schema\/logo\/image\/\",\"url\":\"https:\/\/librairie7l.com\/wp-content\/uploads\/2022\/08\/logo-1.png\",\"contentUrl\":\"https:\/\/librairie7l.com\/wp-content\/uploads\/2022\/08\/logo-1.png\",\"width\":227,\"height\":301,\"caption\":\"Librairie 7L\"},\"image\":{\"@id\":\"https:\/\/librairie7l.com\/en\/#\/schema\/logo\/image\/\"}}]}<\/script>\n<!-- \/ Yoast SEO plugin. -->","yoast_head_json":{"title":"Thannhauser collection french modernism at the guggenheim - Librairie 7L","robots":{"index":"index","follow":"follow","max-snippet":"max-snippet:-1","max-image-preview":"max-image-preview:large","max-video-preview":"max-video-preview:-1"},"canonical":"https:\/\/librairie7l.com\/en\/produit\/thannhauser-collection-french-modernism-at-the-guggenheim-2\/","og_locale":"en_US","og_type":"article","og_title":"Thannhauser collection french modernism at the guggenheim - Librairie 7L","og_description":"Ce volume richement illustr\u00e9 pr\u00e9sente la collection \u00e9tonnante dans son int\u00e9gralit\u00e9, offrant une synth\u00e8se compl\u00e8te des oeuvres de ma\u00eetres modernes tels que Georges Braque, Paul C\u00e9zanne, Edgar Degas, Paul Gauguin, \u00c9douard Manet, Picasso, Camille Pissarro et Vincent van Gogh, entre autres. Tout au long, les oeuvres d&#8217;art b\u00e9n\u00e9ficient d&#8217;un contexte et de d\u00e9tails riches, avec [&hellip;]","og_url":"https:\/\/librairie7l.com\/en\/produit\/thannhauser-collection-french-modernism-at-the-guggenheim-2\/","og_site_name":"Librairie 7L","article_modified_time":"2026-04-20T21:07:21+00:00","og_image":[{"width":171,"height":220,"url":"https:\/\/librairie7l.com\/wp-content\/uploads\/2018\/05\/9780892075423_1_75.jpg","type":"image\/jpeg"}],"twitter_card":"summary_large_image","twitter_misc":{"Est. reading time":"1 minute"},"schema":{"@context":"https:\/\/schema.org","@graph":[{"@type":"WebPage","@id":"https:\/\/librairie7l.com\/en\/produit\/thannhauser-collection-french-modernism-at-the-guggenheim-2\/","url":"https:\/\/librairie7l.com\/en\/produit\/thannhauser-collection-french-modernism-at-the-guggenheim-2\/","name":"Thannhauser collection french modernism at the guggenheim - Librairie 7L","isPartOf":{"@id":"https:\/\/librairie7l.com\/en\/#website"},"datePublished":"2026-02-11T09:16:26+00:00","dateModified":"2026-04-20T21:07:21+00:00","breadcrumb":{"@id":"https:\/\/librairie7l.com\/en\/produit\/thannhauser-collection-french-modernism-at-the-guggenheim-2\/#breadcrumb"},"inLanguage":"en-US","potentialAction":[{"@type":"ReadAction","target":["https:\/\/librairie7l.com\/en\/produit\/thannhauser-collection-french-modernism-at-the-guggenheim-2\/"]}]},{"@type":"BreadcrumbList","@id":"https:\/\/librairie7l.com\/en\/produit\/thannhauser-collection-french-modernism-at-the-guggenheim-2\/#breadcrumb","itemListElement":[{"@type":"ListItem","position":1,"name":"Accueil","item":"https:\/\/librairie7l.com\/en\/"},{"@type":"ListItem","position":2,"name":"Shop","item":"https:\/\/librairie7l.com\/en\/shop\/"},{"@type":"ListItem","position":3,"name":"THANNHAUSER COLLECTION FRENCH MODERNISM AT THE GUGGENHEIM"}]},{"@type":"WebSite","@id":"https:\/\/librairie7l.com\/en\/#website","url":"https:\/\/librairie7l.com\/en\/","name":"Librairie 7L","description":"Librairie fond\u00e9e en 1999 par Karl Lagerfeld \u00e0 Paris","publisher":{"@id":"https:\/\/librairie7l.com\/en\/#organization"},"potentialAction":[{"@type":"SearchAction","target":{"@type":"EntryPoint","urlTemplate":"https:\/\/librairie7l.com\/en\/?s={search_term_string}"},"query-input":"required name=search_term_string"}],"inLanguage":"en-US"},{"@type":"Organization","@id":"https:\/\/librairie7l.com\/en\/#organization","name":"Librairie 7L","url":"https:\/\/librairie7l.com\/en\/","logo":{"@type":"ImageObject","inLanguage":"en-US","@id":"https:\/\/librairie7l.com\/en\/#\/schema\/logo\/image\/","url":"https:\/\/librairie7l.com\/wp-content\/uploads\/2022\/08\/logo-1.png","contentUrl":"https:\/\/librairie7l.com\/wp-content\/uploads\/2022\/08\/logo-1.png","width":227,"height":301,"caption":"Librairie 7L"},"image":{"@id":"https:\/\/librairie7l.com\/en\/#\/schema\/logo\/image\/"}}]}},"_links":{"self":[{"href":"https:\/\/librairie7l.com\/en\/wp-json\/wp\/v2\/product\/54608"}],"collection":[{"href":"https:\/\/librairie7l.com\/en\/wp-json\/wp\/v2\/product"}],"about":[{"href":"https:\/\/librairie7l.com\/en\/wp-json\/wp\/v2\/types\/product"}],"wp:featuredmedia":[{"embeddable":true,"href":"https:\/\/librairie7l.com\/en\/wp-json\/wp\/v2\/media\/54606"}],"wp:attachment":[{"href":"https:\/\/librairie7l.com\/en\/wp-json\/wp\/v2\/media?parent=54608"}],"wp:term":[{"taxonomy":"product_cat","embeddable":true,"href":"https:\/\/librairie7l.com\/en\/wp-json\/wp\/v2\/product_cat?post=54608"},{"taxonomy":"product_tag","embeddable":true,"href":"https:\/\/librairie7l.com\/en\/wp-json\/wp\/v2\/product_tag?post=54608"}],"curies":[{"name":"wp","href":"https:\/\/api.w.org\/{rel}","templated":true}]}}