{"id":54612,"date":"2026-02-11T10:16:29","date_gmt":"2026-02-11T09:16:29","guid":{"rendered":"https:\/\/librairie7l.com\/?post_type=product&#038;p=54612"},"modified":"2026-04-20T23:02:01","modified_gmt":"2026-04-20T21:02:01","slug":"picturing-america-s-national-parks-new-ed-2","status":"publish","type":"product","link":"https:\/\/librairie7l.com\/en\/produit\/picturing-america-s-national-parks-new-ed-2\/","title":{"rendered":"PICTURING AMERICA S NATIONAL PARKS (NEW ED)"},"content":{"rendered":"<p>R\u00e9\u00e9dition d&#8217;un ouvrage paru en 2016. Les parcs nationaux sont un embl\u00e8me du paysage des \u00c9tats-Unis. Publi\u00e9 initialement pour le centenaire de la cr\u00e9ation du premier parc, cet ouvrage compile les clich\u00e9s des plus grands photographes qui se sont int\u00e9ress\u00e9s, chacun \u00e0 leur mani\u00e8re \u00e0 ces \u00e9cosyst\u00e8mes prot\u00e9g\u00e9s. Plus que de simples images, ces photographies ont jou\u00e9 un r\u00f4le primordiale dans la popularit\u00e9 des parcs nationaux, mais aussi dans la pr\u00e9servation et la sensibilisation aupr\u00e8s du public de la vie sauvage.<\/p>\n","protected":false},"excerpt":{"rendered":"<p>R\u00e9\u00e9dition d&#8217;un ouvrage paru en 2016. Les parcs nationaux sont un embl\u00e8me du paysage des \u00c9tats-Unis. Publi\u00e9 initialement pour le centenaire de la cr\u00e9ation du premier parc, cet ouvrage compile les clich\u00e9s des plus grands photographes qui se sont int\u00e9ress\u00e9s, chacun \u00e0 leur mani\u00e8re \u00e0 ces \u00e9cosyst\u00e8mes prot\u00e9g\u00e9s. Plus que de simples images, ces photographies [&hellip;]<\/p>\n","protected":false},"featured_media":54610,"template":"","meta":[],"product_cat":[2948],"product_tag":[],"acf":[],"yoast_head":"<!-- This site is optimized with the Yoast SEO plugin v20.11 - https:\/\/yoast.com\/wordpress\/plugins\/seo\/ -->\n<title>Picturing america s national parks (new ed) - Librairie 7L<\/title>\n<meta name=\"robots\" content=\"index, follow, max-snippet:-1, max-image-preview:large, max-video-preview:-1\" \/>\n<link rel=\"canonical\" href=\"https:\/\/librairie7l.com\/en\/produit\/picturing-america-s-national-parks-new-ed-2\/\" \/>\n<meta property=\"og:locale\" content=\"en_US\" \/>\n<meta property=\"og:type\" content=\"article\" \/>\n<meta property=\"og:title\" content=\"Picturing america s national parks (new ed) - Librairie 7L\" \/>\n<meta property=\"og:description\" content=\"R\u00e9\u00e9dition d&#8217;un ouvrage paru en 2016. Les parcs nationaux sont un embl\u00e8me du paysage des \u00c9tats-Unis. Publi\u00e9 initialement pour le centenaire de la cr\u00e9ation du premier parc, cet ouvrage compile les clich\u00e9s des plus grands photographes qui se sont int\u00e9ress\u00e9s, chacun \u00e0 leur mani\u00e8re \u00e0 ces \u00e9cosyst\u00e8mes prot\u00e9g\u00e9s. Plus que de simples images, ces photographies [&hellip;]\" \/>\n<meta property=\"og:url\" content=\"https:\/\/librairie7l.com\/en\/produit\/picturing-america-s-national-parks-new-ed-2\/\" \/>\n<meta property=\"og:site_name\" content=\"Librairie 7L\" \/>\n<meta property=\"article:modified_time\" content=\"2026-04-20T21:02:01+00:00\" \/>\n<meta property=\"og:image\" content=\"https:\/\/librairie7l.com\/wp-content\/uploads\/2018\/05\/9781597114523_1_75.jpg\" \/>\n\t<meta property=\"og:image:width\" content=\"185\" \/>\n\t<meta property=\"og:image:height\" content=\"220\" \/>\n\t<meta property=\"og:image:type\" content=\"image\/jpeg\" \/>\n<meta name=\"twitter:card\" content=\"summary_large_image\" \/>\n<script type=\"application\/ld+json\" class=\"yoast-schema-graph\">{\"@context\":\"https:\/\/schema.org\",\"@graph\":[{\"@type\":\"WebPage\",\"@id\":\"https:\/\/librairie7l.com\/en\/produit\/picturing-america-s-national-parks-new-ed-2\/\",\"url\":\"https:\/\/librairie7l.com\/en\/produit\/picturing-america-s-national-parks-new-ed-2\/\",\"name\":\"Picturing america s national parks (new ed) - Librairie 7L\",\"isPartOf\":{\"@id\":\"https:\/\/librairie7l.com\/en\/#website\"},\"datePublished\":\"2026-02-11T09:16:29+00:00\",\"dateModified\":\"2026-04-20T21:02:01+00:00\",\"breadcrumb\":{\"@id\":\"https:\/\/librairie7l.com\/en\/produit\/picturing-america-s-national-parks-new-ed-2\/#breadcrumb\"},\"inLanguage\":\"en-US\",\"potentialAction\":[{\"@type\":\"ReadAction\",\"target\":[\"https:\/\/librairie7l.com\/en\/produit\/picturing-america-s-national-parks-new-ed-2\/\"]}]},{\"@type\":\"BreadcrumbList\",\"@id\":\"https:\/\/librairie7l.com\/en\/produit\/picturing-america-s-national-parks-new-ed-2\/#breadcrumb\",\"itemListElement\":[{\"@type\":\"ListItem\",\"position\":1,\"name\":\"Accueil\",\"item\":\"https:\/\/librairie7l.com\/en\/\"},{\"@type\":\"ListItem\",\"position\":2,\"name\":\"Shop\",\"item\":\"https:\/\/librairie7l.com\/en\/shop\/\"},{\"@type\":\"ListItem\",\"position\":3,\"name\":\"PICTURING AMERICA S NATIONAL PARKS (NEW ED)\"}]},{\"@type\":\"WebSite\",\"@id\":\"https:\/\/librairie7l.com\/en\/#website\",\"url\":\"https:\/\/librairie7l.com\/en\/\",\"name\":\"Librairie 7L\",\"description\":\"Librairie fond\u00e9e en 1999 par Karl Lagerfeld \u00e0 Paris\",\"publisher\":{\"@id\":\"https:\/\/librairie7l.com\/en\/#organization\"},\"potentialAction\":[{\"@type\":\"SearchAction\",\"target\":{\"@type\":\"EntryPoint\",\"urlTemplate\":\"https:\/\/librairie7l.com\/en\/?s={search_term_string}\"},\"query-input\":\"required name=search_term_string\"}],\"inLanguage\":\"en-US\"},{\"@type\":\"Organization\",\"@id\":\"https:\/\/librairie7l.com\/en\/#organization\",\"name\":\"Librairie 7L\",\"url\":\"https:\/\/librairie7l.com\/en\/\",\"logo\":{\"@type\":\"ImageObject\",\"inLanguage\":\"en-US\",\"@id\":\"https:\/\/librairie7l.com\/en\/#\/schema\/logo\/image\/\",\"url\":\"https:\/\/librairie7l.com\/wp-content\/uploads\/2022\/08\/logo-1.png\",\"contentUrl\":\"https:\/\/librairie7l.com\/wp-content\/uploads\/2022\/08\/logo-1.png\",\"width\":227,\"height\":301,\"caption\":\"Librairie 7L\"},\"image\":{\"@id\":\"https:\/\/librairie7l.com\/en\/#\/schema\/logo\/image\/\"}}]}<\/script>\n<!-- \/ Yoast SEO plugin. -->","yoast_head_json":{"title":"Picturing america s national parks (new ed) - Librairie 7L","robots":{"index":"index","follow":"follow","max-snippet":"max-snippet:-1","max-image-preview":"max-image-preview:large","max-video-preview":"max-video-preview:-1"},"canonical":"https:\/\/librairie7l.com\/en\/produit\/picturing-america-s-national-parks-new-ed-2\/","og_locale":"en_US","og_type":"article","og_title":"Picturing america s national parks (new ed) - Librairie 7L","og_description":"R\u00e9\u00e9dition d&#8217;un ouvrage paru en 2016. Les parcs nationaux sont un embl\u00e8me du paysage des \u00c9tats-Unis. Publi\u00e9 initialement pour le centenaire de la cr\u00e9ation du premier parc, cet ouvrage compile les clich\u00e9s des plus grands photographes qui se sont int\u00e9ress\u00e9s, chacun \u00e0 leur mani\u00e8re \u00e0 ces \u00e9cosyst\u00e8mes prot\u00e9g\u00e9s. Plus que de simples images, ces photographies [&hellip;]","og_url":"https:\/\/librairie7l.com\/en\/produit\/picturing-america-s-national-parks-new-ed-2\/","og_site_name":"Librairie 7L","article_modified_time":"2026-04-20T21:02:01+00:00","og_image":[{"width":185,"height":220,"url":"https:\/\/librairie7l.com\/wp-content\/uploads\/2018\/05\/9781597114523_1_75.jpg","type":"image\/jpeg"}],"twitter_card":"summary_large_image","schema":{"@context":"https:\/\/schema.org","@graph":[{"@type":"WebPage","@id":"https:\/\/librairie7l.com\/en\/produit\/picturing-america-s-national-parks-new-ed-2\/","url":"https:\/\/librairie7l.com\/en\/produit\/picturing-america-s-national-parks-new-ed-2\/","name":"Picturing america s national parks (new ed) - Librairie 7L","isPartOf":{"@id":"https:\/\/librairie7l.com\/en\/#website"},"datePublished":"2026-02-11T09:16:29+00:00","dateModified":"2026-04-20T21:02:01+00:00","breadcrumb":{"@id":"https:\/\/librairie7l.com\/en\/produit\/picturing-america-s-national-parks-new-ed-2\/#breadcrumb"},"inLanguage":"en-US","potentialAction":[{"@type":"ReadAction","target":["https:\/\/librairie7l.com\/en\/produit\/picturing-america-s-national-parks-new-ed-2\/"]}]},{"@type":"BreadcrumbList","@id":"https:\/\/librairie7l.com\/en\/produit\/picturing-america-s-national-parks-new-ed-2\/#breadcrumb","itemListElement":[{"@type":"ListItem","position":1,"name":"Accueil","item":"https:\/\/librairie7l.com\/en\/"},{"@type":"ListItem","position":2,"name":"Shop","item":"https:\/\/librairie7l.com\/en\/shop\/"},{"@type":"ListItem","position":3,"name":"PICTURING AMERICA S NATIONAL PARKS (NEW ED)"}]},{"@type":"WebSite","@id":"https:\/\/librairie7l.com\/en\/#website","url":"https:\/\/librairie7l.com\/en\/","name":"Librairie 7L","description":"Librairie fond\u00e9e en 1999 par Karl Lagerfeld \u00e0 Paris","publisher":{"@id":"https:\/\/librairie7l.com\/en\/#organization"},"potentialAction":[{"@type":"SearchAction","target":{"@type":"EntryPoint","urlTemplate":"https:\/\/librairie7l.com\/en\/?s={search_term_string}"},"query-input":"required name=search_term_string"}],"inLanguage":"en-US"},{"@type":"Organization","@id":"https:\/\/librairie7l.com\/en\/#organization","name":"Librairie 7L","url":"https:\/\/librairie7l.com\/en\/","logo":{"@type":"ImageObject","inLanguage":"en-US","@id":"https:\/\/librairie7l.com\/en\/#\/schema\/logo\/image\/","url":"https:\/\/librairie7l.com\/wp-content\/uploads\/2022\/08\/logo-1.png","contentUrl":"https:\/\/librairie7l.com\/wp-content\/uploads\/2022\/08\/logo-1.png","width":227,"height":301,"caption":"Librairie 7L"},"image":{"@id":"https:\/\/librairie7l.com\/en\/#\/schema\/logo\/image\/"}}]}},"_links":{"self":[{"href":"https:\/\/librairie7l.com\/en\/wp-json\/wp\/v2\/product\/54612"}],"collection":[{"href":"https:\/\/librairie7l.com\/en\/wp-json\/wp\/v2\/product"}],"about":[{"href":"https:\/\/librairie7l.com\/en\/wp-json\/wp\/v2\/types\/product"}],"wp:featuredmedia":[{"embeddable":true,"href":"https:\/\/librairie7l.com\/en\/wp-json\/wp\/v2\/media\/54610"}],"wp:attachment":[{"href":"https:\/\/librairie7l.com\/en\/wp-json\/wp\/v2\/media?parent=54612"}],"wp:term":[{"taxonomy":"product_cat","embeddable":true,"href":"https:\/\/librairie7l.com\/en\/wp-json\/wp\/v2\/product_cat?post=54612"},{"taxonomy":"product_tag","embeddable":true,"href":"https:\/\/librairie7l.com\/en\/wp-json\/wp\/v2\/product_tag?post=54612"}],"curies":[{"name":"wp","href":"https:\/\/api.w.org\/{rel}","templated":true}]}}