{"id":54631,"date":"2026-02-12T09:18:18","date_gmt":"2026-02-12T08:18:18","guid":{"rendered":"https:\/\/librairie7l.com\/?post_type=product&#038;p=54631"},"modified":"2026-04-20T23:01:32","modified_gmt":"2026-04-20T21:01:32","slug":"the-low-countries-1966-1971-2","status":"publish","type":"product","link":"https:\/\/librairie7l.com\/en\/produit\/the-low-countries-1966-1971-2\/","title":{"rendered":"THE LOW COUNTRIES : 1966-1971"},"content":{"rendered":"<p>Si l&#8217;ascension de Donald Judd, figure embl\u00e9matique de l&#8217;art d&#8217;apr\u00e8s-guerre, aux \u00c9tats-Unis, en particulier \u00e0 New York dans les ann\u00e9es 1960, a fait l&#8217;objet de nombreux \u00e9crits, ses d\u00e9buts en Europe sont rest\u00e9s largement m\u00e9connus. Dans cet ouvrage, l&#8217;\u00e9minent professeur Wouter Davidts explore les ann\u00e9es de formation de l&#8217;artiste dans les Pays-Bas, depuis sa participation \u00e0 une exposition de groupe au Moderna Museet de Stockholm en 1965 jusqu&#8217;\u00e0 sa premi\u00e8re exposition personnelle au Van Abbemuseum d&#8217;Eindhoven en 1970. S&#8217;appuyant sur de nombreux documents d&#8217;archives provenant des Pays-Bas et de Belgique (notamment une interview de Judd pour la BRT datant de 1970, publi\u00e9e ici pour la premi\u00e8re fois), cette publication abondamment illustr\u00e9e d\u00e9voile comment, \u00e0 l&#8217;\u00e9poque o\u00f9 Judd d\u00e9finissait son langage artistique aux \u00c9tats-Unis, son travail gagnait \u00e9galement une attention institutionnelle et critique significative \u00e0 travers l&#8217;Europe. Un examen passionnant de la port\u00e9e mondiale et de l&#8217;impact durable du minimalisme pionnier de Judd.<\/p>\n","protected":false},"excerpt":{"rendered":"<p>Si l&#8217;ascension de Donald Judd, figure embl\u00e9matique de l&#8217;art d&#8217;apr\u00e8s-guerre, aux \u00c9tats-Unis, en particulier \u00e0 New York dans les ann\u00e9es 1960, a fait l&#8217;objet de nombreux \u00e9crits, ses d\u00e9buts en Europe sont rest\u00e9s largement m\u00e9connus. Dans cet ouvrage, l&#8217;\u00e9minent professeur Wouter Davidts explore les ann\u00e9es de formation de l&#8217;artiste dans les Pays-Bas, depuis sa participation [&hellip;]<\/p>\n","protected":false},"featured_media":54629,"template":"","meta":[],"product_cat":[2948],"product_tag":[],"acf":[],"yoast_head":"<!-- This site is optimized with the Yoast SEO plugin v20.11 - https:\/\/yoast.com\/wordpress\/plugins\/seo\/ -->\n<title>The Low Countries : 1966-1971 - Librairie 7L<\/title>\n<meta name=\"robots\" content=\"index, follow, max-snippet:-1, max-image-preview:large, max-video-preview:-1\" \/>\n<link rel=\"canonical\" href=\"https:\/\/librairie7l.com\/en\/produit\/the-low-countries-1966-1971-2\/\" \/>\n<meta property=\"og:locale\" content=\"en_US\" \/>\n<meta property=\"og:type\" content=\"article\" \/>\n<meta property=\"og:title\" content=\"The Low Countries : 1966-1971 - Librairie 7L\" \/>\n<meta property=\"og:description\" content=\"Si l&#8217;ascension de Donald Judd, figure embl\u00e9matique de l&#8217;art d&#8217;apr\u00e8s-guerre, aux \u00c9tats-Unis, en particulier \u00e0 New York dans les ann\u00e9es 1960, a fait l&#8217;objet de nombreux \u00e9crits, ses d\u00e9buts en Europe sont rest\u00e9s largement m\u00e9connus. Dans cet ouvrage, l&#8217;\u00e9minent professeur Wouter Davidts explore les ann\u00e9es de formation de l&#8217;artiste dans les Pays-Bas, depuis sa participation [&hellip;]\" \/>\n<meta property=\"og:url\" content=\"https:\/\/librairie7l.com\/en\/produit\/the-low-countries-1966-1971-2\/\" \/>\n<meta property=\"og:site_name\" content=\"Librairie 7L\" \/>\n<meta property=\"article:modified_time\" content=\"2026-04-20T21:01:32+00:00\" \/>\n<meta property=\"og:image\" content=\"https:\/\/librairie7l.com\/wp-content\/uploads\/2025\/12\/9789463939126_1_75.jpg\" \/>\n\t<meta property=\"og:image:width\" content=\"600\" \/>\n\t<meta property=\"og:image:height\" content=\"822\" \/>\n\t<meta property=\"og:image:type\" content=\"image\/jpeg\" \/>\n<meta name=\"twitter:card\" content=\"summary_large_image\" \/>\n<meta name=\"twitter:label1\" content=\"Est. reading time\" \/>\n\t<meta name=\"twitter:data1\" content=\"1 minute\" \/>\n<script type=\"application\/ld+json\" class=\"yoast-schema-graph\">{\"@context\":\"https:\/\/schema.org\",\"@graph\":[{\"@type\":\"WebPage\",\"@id\":\"https:\/\/librairie7l.com\/en\/produit\/the-low-countries-1966-1971-2\/\",\"url\":\"https:\/\/librairie7l.com\/en\/produit\/the-low-countries-1966-1971-2\/\",\"name\":\"The Low Countries : 1966-1971 - Librairie 7L\",\"isPartOf\":{\"@id\":\"https:\/\/librairie7l.com\/en\/#website\"},\"datePublished\":\"2026-02-12T08:18:18+00:00\",\"dateModified\":\"2026-04-20T21:01:32+00:00\",\"breadcrumb\":{\"@id\":\"https:\/\/librairie7l.com\/en\/produit\/the-low-countries-1966-1971-2\/#breadcrumb\"},\"inLanguage\":\"en-US\",\"potentialAction\":[{\"@type\":\"ReadAction\",\"target\":[\"https:\/\/librairie7l.com\/en\/produit\/the-low-countries-1966-1971-2\/\"]}]},{\"@type\":\"BreadcrumbList\",\"@id\":\"https:\/\/librairie7l.com\/en\/produit\/the-low-countries-1966-1971-2\/#breadcrumb\",\"itemListElement\":[{\"@type\":\"ListItem\",\"position\":1,\"name\":\"Accueil\",\"item\":\"https:\/\/librairie7l.com\/en\/\"},{\"@type\":\"ListItem\",\"position\":2,\"name\":\"Shop\",\"item\":\"https:\/\/librairie7l.com\/en\/shop\/\"},{\"@type\":\"ListItem\",\"position\":3,\"name\":\"THE LOW COUNTRIES : 1966-1971\"}]},{\"@type\":\"WebSite\",\"@id\":\"https:\/\/librairie7l.com\/en\/#website\",\"url\":\"https:\/\/librairie7l.com\/en\/\",\"name\":\"Librairie 7L\",\"description\":\"Librairie fond\u00e9e en 1999 par Karl Lagerfeld \u00e0 Paris\",\"publisher\":{\"@id\":\"https:\/\/librairie7l.com\/en\/#organization\"},\"potentialAction\":[{\"@type\":\"SearchAction\",\"target\":{\"@type\":\"EntryPoint\",\"urlTemplate\":\"https:\/\/librairie7l.com\/en\/?s={search_term_string}\"},\"query-input\":\"required name=search_term_string\"}],\"inLanguage\":\"en-US\"},{\"@type\":\"Organization\",\"@id\":\"https:\/\/librairie7l.com\/en\/#organization\",\"name\":\"Librairie 7L\",\"url\":\"https:\/\/librairie7l.com\/en\/\",\"logo\":{\"@type\":\"ImageObject\",\"inLanguage\":\"en-US\",\"@id\":\"https:\/\/librairie7l.com\/en\/#\/schema\/logo\/image\/\",\"url\":\"https:\/\/librairie7l.com\/wp-content\/uploads\/2022\/08\/logo-1.png\",\"contentUrl\":\"https:\/\/librairie7l.com\/wp-content\/uploads\/2022\/08\/logo-1.png\",\"width\":227,\"height\":301,\"caption\":\"Librairie 7L\"},\"image\":{\"@id\":\"https:\/\/librairie7l.com\/en\/#\/schema\/logo\/image\/\"}}]}<\/script>\n<!-- \/ Yoast SEO plugin. -->","yoast_head_json":{"title":"The Low Countries : 1966-1971 - Librairie 7L","robots":{"index":"index","follow":"follow","max-snippet":"max-snippet:-1","max-image-preview":"max-image-preview:large","max-video-preview":"max-video-preview:-1"},"canonical":"https:\/\/librairie7l.com\/en\/produit\/the-low-countries-1966-1971-2\/","og_locale":"en_US","og_type":"article","og_title":"The Low Countries : 1966-1971 - Librairie 7L","og_description":"Si l&#8217;ascension de Donald Judd, figure embl\u00e9matique de l&#8217;art d&#8217;apr\u00e8s-guerre, aux \u00c9tats-Unis, en particulier \u00e0 New York dans les ann\u00e9es 1960, a fait l&#8217;objet de nombreux \u00e9crits, ses d\u00e9buts en Europe sont rest\u00e9s largement m\u00e9connus. Dans cet ouvrage, l&#8217;\u00e9minent professeur Wouter Davidts explore les ann\u00e9es de formation de l&#8217;artiste dans les Pays-Bas, depuis sa participation [&hellip;]","og_url":"https:\/\/librairie7l.com\/en\/produit\/the-low-countries-1966-1971-2\/","og_site_name":"Librairie 7L","article_modified_time":"2026-04-20T21:01:32+00:00","og_image":[{"width":600,"height":822,"url":"https:\/\/librairie7l.com\/wp-content\/uploads\/2025\/12\/9789463939126_1_75.jpg","type":"image\/jpeg"}],"twitter_card":"summary_large_image","twitter_misc":{"Est. reading time":"1 minute"},"schema":{"@context":"https:\/\/schema.org","@graph":[{"@type":"WebPage","@id":"https:\/\/librairie7l.com\/en\/produit\/the-low-countries-1966-1971-2\/","url":"https:\/\/librairie7l.com\/en\/produit\/the-low-countries-1966-1971-2\/","name":"The Low Countries : 1966-1971 - Librairie 7L","isPartOf":{"@id":"https:\/\/librairie7l.com\/en\/#website"},"datePublished":"2026-02-12T08:18:18+00:00","dateModified":"2026-04-20T21:01:32+00:00","breadcrumb":{"@id":"https:\/\/librairie7l.com\/en\/produit\/the-low-countries-1966-1971-2\/#breadcrumb"},"inLanguage":"en-US","potentialAction":[{"@type":"ReadAction","target":["https:\/\/librairie7l.com\/en\/produit\/the-low-countries-1966-1971-2\/"]}]},{"@type":"BreadcrumbList","@id":"https:\/\/librairie7l.com\/en\/produit\/the-low-countries-1966-1971-2\/#breadcrumb","itemListElement":[{"@type":"ListItem","position":1,"name":"Accueil","item":"https:\/\/librairie7l.com\/en\/"},{"@type":"ListItem","position":2,"name":"Shop","item":"https:\/\/librairie7l.com\/en\/shop\/"},{"@type":"ListItem","position":3,"name":"THE LOW COUNTRIES : 1966-1971"}]},{"@type":"WebSite","@id":"https:\/\/librairie7l.com\/en\/#website","url":"https:\/\/librairie7l.com\/en\/","name":"Librairie 7L","description":"Librairie fond\u00e9e en 1999 par Karl Lagerfeld \u00e0 Paris","publisher":{"@id":"https:\/\/librairie7l.com\/en\/#organization"},"potentialAction":[{"@type":"SearchAction","target":{"@type":"EntryPoint","urlTemplate":"https:\/\/librairie7l.com\/en\/?s={search_term_string}"},"query-input":"required name=search_term_string"}],"inLanguage":"en-US"},{"@type":"Organization","@id":"https:\/\/librairie7l.com\/en\/#organization","name":"Librairie 7L","url":"https:\/\/librairie7l.com\/en\/","logo":{"@type":"ImageObject","inLanguage":"en-US","@id":"https:\/\/librairie7l.com\/en\/#\/schema\/logo\/image\/","url":"https:\/\/librairie7l.com\/wp-content\/uploads\/2022\/08\/logo-1.png","contentUrl":"https:\/\/librairie7l.com\/wp-content\/uploads\/2022\/08\/logo-1.png","width":227,"height":301,"caption":"Librairie 7L"},"image":{"@id":"https:\/\/librairie7l.com\/en\/#\/schema\/logo\/image\/"}}]}},"_links":{"self":[{"href":"https:\/\/librairie7l.com\/en\/wp-json\/wp\/v2\/product\/54631"}],"collection":[{"href":"https:\/\/librairie7l.com\/en\/wp-json\/wp\/v2\/product"}],"about":[{"href":"https:\/\/librairie7l.com\/en\/wp-json\/wp\/v2\/types\/product"}],"wp:featuredmedia":[{"embeddable":true,"href":"https:\/\/librairie7l.com\/en\/wp-json\/wp\/v2\/media\/54629"}],"wp:attachment":[{"href":"https:\/\/librairie7l.com\/en\/wp-json\/wp\/v2\/media?parent=54631"}],"wp:term":[{"taxonomy":"product_cat","embeddable":true,"href":"https:\/\/librairie7l.com\/en\/wp-json\/wp\/v2\/product_cat?post=54631"},{"taxonomy":"product_tag","embeddable":true,"href":"https:\/\/librairie7l.com\/en\/wp-json\/wp\/v2\/product_tag?post=54631"}],"curies":[{"name":"wp","href":"https:\/\/api.w.org\/{rel}","templated":true}]}}