{"id":54635,"date":"2026-02-12T09:18:21","date_gmt":"2026-02-12T08:18:21","guid":{"rendered":"https:\/\/librairie7l.com\/?post_type=product&#038;p=54635"},"modified":"2026-04-16T07:36:44","modified_gmt":"2026-04-16T05:36:44","slug":"kandinsky-et-limage-photographique-de-la-culture-visuelle-dun-artiste-devenu-pionnier-de-lart-abstrait-2","status":"publish","type":"product","link":"https:\/\/librairie7l.com\/en\/produit\/kandinsky-et-limage-photographique-de-la-culture-visuelle-dun-artiste-devenu-pionnier-de-lart-abstrait-2\/","title":{"rendered":"KANDINSKY ET L&#8217;IMAGE PHOTOGRAPHIQUE : DE LA CULTURE VISUELLE D&#8217;UN ARTISTE DEVENU PIONNIER DE L&#8217;ART ABSTRAIT"},"content":{"rendered":"<p>Cet essai pose un nouveau regard sur Vassily Kandinsky : en explorant sa culture visuelle nourrie par l&#8217;image photographique, cette \u00e9tude met en \u00e9vidence certaines des interrogations et pratiques communes au monde de l&#8217;art de la premi\u00e8re moiti\u00e9 du XXe si\u00e8cle. S&#8217;appuyant sur des archives de l&#8217;artiste peu ou jamais \u00e9tudi\u00e9es, l&#8217;ouvrage propose \u00e9galement plusieurs traductions in\u00e9dites en fran\u00e7ais.<br \/>\nS&#8217;interroger sur le rapport que ce pionnier de l&#8217;art abstrait a entretenu avec l&#8217;image photographique peut, de prime abord, sembler incongru : l&#8217;art non figuratif s&#8217;\u00e9loigne volontairement des formes du monde per\u00e7u alors que la photographie les enregistre. Pour autant, cet essai rappelle qu&#8217;un artiste, quelles que soient ses orientations plastiques, demeure attentif \u00e0 son environnement. Kandinsky ne fait pas exception : il fut un artiste extr\u00eamement curieux des images photographiques, notamment celles imprim\u00e9es dans les magazines en plein essor dans l&#8217;entre-deux-guerres. Certes, il n&#8217;a \u00e9t\u00e9 ni un grand photographe, ni un adepte de la modernit\u00e9 photographique, cependant il a envisag\u00e9 avec une remarquable acuit\u00e9 la photographie comme un outil. Il a r\u00eav\u00e9 pendant un temps que celle-ci lui permette d&#8217;enregistrer des images de ses pens\u00e9es picturales ; il l&#8217;a utilis\u00e9e pour promouvoir son oeuvre et diffuser ses conceptions artistiques ; il a en outre collect\u00e9 de nombreuses images photographiques pour son enseignement au Bauhaus. Il \u00e9tait ainsi pleinement de son temps.<\/p>\n","protected":false},"excerpt":{"rendered":"<p>Cet essai pose un nouveau regard sur Vassily Kandinsky : en explorant sa culture visuelle nourrie par l&#8217;image photographique, cette \u00e9tude met en \u00e9vidence certaines des interrogations et pratiques communes au monde de l&#8217;art de la premi\u00e8re moiti\u00e9 du XXe si\u00e8cle. S&#8217;appuyant sur des archives de l&#8217;artiste peu ou jamais \u00e9tudi\u00e9es, l&#8217;ouvrage propose \u00e9galement plusieurs [&hellip;]<\/p>\n","protected":false},"featured_media":54633,"template":"","meta":[],"product_cat":[2948],"product_tag":[],"acf":[],"yoast_head":"<!-- This site is optimized with the Yoast SEO plugin v20.11 - https:\/\/yoast.com\/wordpress\/plugins\/seo\/ -->\n<title>Kandinsky et l&#039;image photographique : De la culture visuelle d&#039;un artiste devenu pionnier de l&#039;art abstrait - Librairie 7L<\/title>\n<meta name=\"robots\" content=\"index, follow, max-snippet:-1, max-image-preview:large, max-video-preview:-1\" \/>\n<link rel=\"canonical\" href=\"https:\/\/librairie7l.com\/en\/produit\/kandinsky-et-limage-photographique-de-la-culture-visuelle-dun-artiste-devenu-pionnier-de-lart-abstrait-2\/\" \/>\n<meta property=\"og:locale\" content=\"en_US\" \/>\n<meta property=\"og:type\" content=\"article\" \/>\n<meta property=\"og:title\" content=\"Kandinsky et l&#039;image photographique : De la culture visuelle d&#039;un artiste devenu pionnier de l&#039;art abstrait - Librairie 7L\" \/>\n<meta property=\"og:description\" content=\"Cet essai pose un nouveau regard sur Vassily Kandinsky : en explorant sa culture visuelle nourrie par l&#8217;image photographique, cette \u00e9tude met en \u00e9vidence certaines des interrogations et pratiques communes au monde de l&#8217;art de la premi\u00e8re moiti\u00e9 du XXe si\u00e8cle. S&#8217;appuyant sur des archives de l&#8217;artiste peu ou jamais \u00e9tudi\u00e9es, l&#8217;ouvrage propose \u00e9galement plusieurs [&hellip;]\" \/>\n<meta property=\"og:url\" content=\"https:\/\/librairie7l.com\/en\/produit\/kandinsky-et-limage-photographique-de-la-culture-visuelle-dun-artiste-devenu-pionnier-de-lart-abstrait-2\/\" \/>\n<meta property=\"og:site_name\" content=\"Librairie 7L\" \/>\n<meta property=\"article:modified_time\" content=\"2026-04-16T05:36:44+00:00\" \/>\n<meta property=\"og:image\" content=\"https:\/\/librairie7l.com\/wp-content\/uploads\/2026\/02\/9782378965693_1_75.jpg\" \/>\n\t<meta property=\"og:image:width\" content=\"600\" \/>\n\t<meta property=\"og:image:height\" content=\"853\" \/>\n\t<meta property=\"og:image:type\" content=\"image\/jpeg\" \/>\n<meta name=\"twitter:card\" content=\"summary_large_image\" \/>\n<meta name=\"twitter:label1\" content=\"Est. reading time\" \/>\n\t<meta name=\"twitter:data1\" content=\"1 minute\" \/>\n<script type=\"application\/ld+json\" class=\"yoast-schema-graph\">{\"@context\":\"https:\/\/schema.org\",\"@graph\":[{\"@type\":\"WebPage\",\"@id\":\"https:\/\/librairie7l.com\/en\/produit\/kandinsky-et-limage-photographique-de-la-culture-visuelle-dun-artiste-devenu-pionnier-de-lart-abstrait-2\/\",\"url\":\"https:\/\/librairie7l.com\/en\/produit\/kandinsky-et-limage-photographique-de-la-culture-visuelle-dun-artiste-devenu-pionnier-de-lart-abstrait-2\/\",\"name\":\"Kandinsky et l'image photographique : De la culture visuelle d'un artiste devenu pionnier de l'art abstrait - Librairie 7L\",\"isPartOf\":{\"@id\":\"https:\/\/librairie7l.com\/en\/#website\"},\"datePublished\":\"2026-02-12T08:18:21+00:00\",\"dateModified\":\"2026-04-16T05:36:44+00:00\",\"breadcrumb\":{\"@id\":\"https:\/\/librairie7l.com\/en\/produit\/kandinsky-et-limage-photographique-de-la-culture-visuelle-dun-artiste-devenu-pionnier-de-lart-abstrait-2\/#breadcrumb\"},\"inLanguage\":\"en-US\",\"potentialAction\":[{\"@type\":\"ReadAction\",\"target\":[\"https:\/\/librairie7l.com\/en\/produit\/kandinsky-et-limage-photographique-de-la-culture-visuelle-dun-artiste-devenu-pionnier-de-lart-abstrait-2\/\"]}]},{\"@type\":\"BreadcrumbList\",\"@id\":\"https:\/\/librairie7l.com\/en\/produit\/kandinsky-et-limage-photographique-de-la-culture-visuelle-dun-artiste-devenu-pionnier-de-lart-abstrait-2\/#breadcrumb\",\"itemListElement\":[{\"@type\":\"ListItem\",\"position\":1,\"name\":\"Accueil\",\"item\":\"https:\/\/librairie7l.com\/en\/\"},{\"@type\":\"ListItem\",\"position\":2,\"name\":\"Shop\",\"item\":\"https:\/\/librairie7l.com\/en\/shop\/\"},{\"@type\":\"ListItem\",\"position\":3,\"name\":\"KANDINSKY ET L&#8217;IMAGE PHOTOGRAPHIQUE : DE LA CULTURE VISUELLE D&#8217;UN ARTISTE DEVENU PIONNIER DE L&#8217;ART ABSTRAIT\"}]},{\"@type\":\"WebSite\",\"@id\":\"https:\/\/librairie7l.com\/en\/#website\",\"url\":\"https:\/\/librairie7l.com\/en\/\",\"name\":\"Librairie 7L\",\"description\":\"Librairie fond\u00e9e en 1999 par Karl Lagerfeld \u00e0 Paris\",\"publisher\":{\"@id\":\"https:\/\/librairie7l.com\/en\/#organization\"},\"potentialAction\":[{\"@type\":\"SearchAction\",\"target\":{\"@type\":\"EntryPoint\",\"urlTemplate\":\"https:\/\/librairie7l.com\/en\/?s={search_term_string}\"},\"query-input\":\"required name=search_term_string\"}],\"inLanguage\":\"en-US\"},{\"@type\":\"Organization\",\"@id\":\"https:\/\/librairie7l.com\/en\/#organization\",\"name\":\"Librairie 7L\",\"url\":\"https:\/\/librairie7l.com\/en\/\",\"logo\":{\"@type\":\"ImageObject\",\"inLanguage\":\"en-US\",\"@id\":\"https:\/\/librairie7l.com\/en\/#\/schema\/logo\/image\/\",\"url\":\"https:\/\/librairie7l.com\/wp-content\/uploads\/2022\/08\/logo-1.png\",\"contentUrl\":\"https:\/\/librairie7l.com\/wp-content\/uploads\/2022\/08\/logo-1.png\",\"width\":227,\"height\":301,\"caption\":\"Librairie 7L\"},\"image\":{\"@id\":\"https:\/\/librairie7l.com\/en\/#\/schema\/logo\/image\/\"}}]}<\/script>\n<!-- \/ Yoast SEO plugin. -->","yoast_head_json":{"title":"Kandinsky et l'image photographique : De la culture visuelle d'un artiste devenu pionnier de l'art abstrait - Librairie 7L","robots":{"index":"index","follow":"follow","max-snippet":"max-snippet:-1","max-image-preview":"max-image-preview:large","max-video-preview":"max-video-preview:-1"},"canonical":"https:\/\/librairie7l.com\/en\/produit\/kandinsky-et-limage-photographique-de-la-culture-visuelle-dun-artiste-devenu-pionnier-de-lart-abstrait-2\/","og_locale":"en_US","og_type":"article","og_title":"Kandinsky et l'image photographique : De la culture visuelle d'un artiste devenu pionnier de l'art abstrait - Librairie 7L","og_description":"Cet essai pose un nouveau regard sur Vassily Kandinsky : en explorant sa culture visuelle nourrie par l&#8217;image photographique, cette \u00e9tude met en \u00e9vidence certaines des interrogations et pratiques communes au monde de l&#8217;art de la premi\u00e8re moiti\u00e9 du XXe si\u00e8cle. S&#8217;appuyant sur des archives de l&#8217;artiste peu ou jamais \u00e9tudi\u00e9es, l&#8217;ouvrage propose \u00e9galement plusieurs [&hellip;]","og_url":"https:\/\/librairie7l.com\/en\/produit\/kandinsky-et-limage-photographique-de-la-culture-visuelle-dun-artiste-devenu-pionnier-de-lart-abstrait-2\/","og_site_name":"Librairie 7L","article_modified_time":"2026-04-16T05:36:44+00:00","og_image":[{"width":600,"height":853,"url":"https:\/\/librairie7l.com\/wp-content\/uploads\/2026\/02\/9782378965693_1_75.jpg","type":"image\/jpeg"}],"twitter_card":"summary_large_image","twitter_misc":{"Est. reading time":"1 minute"},"schema":{"@context":"https:\/\/schema.org","@graph":[{"@type":"WebPage","@id":"https:\/\/librairie7l.com\/en\/produit\/kandinsky-et-limage-photographique-de-la-culture-visuelle-dun-artiste-devenu-pionnier-de-lart-abstrait-2\/","url":"https:\/\/librairie7l.com\/en\/produit\/kandinsky-et-limage-photographique-de-la-culture-visuelle-dun-artiste-devenu-pionnier-de-lart-abstrait-2\/","name":"Kandinsky et l'image photographique : De la culture visuelle d'un artiste devenu pionnier de l'art abstrait - Librairie 7L","isPartOf":{"@id":"https:\/\/librairie7l.com\/en\/#website"},"datePublished":"2026-02-12T08:18:21+00:00","dateModified":"2026-04-16T05:36:44+00:00","breadcrumb":{"@id":"https:\/\/librairie7l.com\/en\/produit\/kandinsky-et-limage-photographique-de-la-culture-visuelle-dun-artiste-devenu-pionnier-de-lart-abstrait-2\/#breadcrumb"},"inLanguage":"en-US","potentialAction":[{"@type":"ReadAction","target":["https:\/\/librairie7l.com\/en\/produit\/kandinsky-et-limage-photographique-de-la-culture-visuelle-dun-artiste-devenu-pionnier-de-lart-abstrait-2\/"]}]},{"@type":"BreadcrumbList","@id":"https:\/\/librairie7l.com\/en\/produit\/kandinsky-et-limage-photographique-de-la-culture-visuelle-dun-artiste-devenu-pionnier-de-lart-abstrait-2\/#breadcrumb","itemListElement":[{"@type":"ListItem","position":1,"name":"Accueil","item":"https:\/\/librairie7l.com\/en\/"},{"@type":"ListItem","position":2,"name":"Shop","item":"https:\/\/librairie7l.com\/en\/shop\/"},{"@type":"ListItem","position":3,"name":"KANDINSKY ET L&#8217;IMAGE PHOTOGRAPHIQUE : DE LA CULTURE VISUELLE D&#8217;UN ARTISTE DEVENU PIONNIER DE L&#8217;ART ABSTRAIT"}]},{"@type":"WebSite","@id":"https:\/\/librairie7l.com\/en\/#website","url":"https:\/\/librairie7l.com\/en\/","name":"Librairie 7L","description":"Librairie fond\u00e9e en 1999 par Karl Lagerfeld \u00e0 Paris","publisher":{"@id":"https:\/\/librairie7l.com\/en\/#organization"},"potentialAction":[{"@type":"SearchAction","target":{"@type":"EntryPoint","urlTemplate":"https:\/\/librairie7l.com\/en\/?s={search_term_string}"},"query-input":"required name=search_term_string"}],"inLanguage":"en-US"},{"@type":"Organization","@id":"https:\/\/librairie7l.com\/en\/#organization","name":"Librairie 7L","url":"https:\/\/librairie7l.com\/en\/","logo":{"@type":"ImageObject","inLanguage":"en-US","@id":"https:\/\/librairie7l.com\/en\/#\/schema\/logo\/image\/","url":"https:\/\/librairie7l.com\/wp-content\/uploads\/2022\/08\/logo-1.png","contentUrl":"https:\/\/librairie7l.com\/wp-content\/uploads\/2022\/08\/logo-1.png","width":227,"height":301,"caption":"Librairie 7L"},"image":{"@id":"https:\/\/librairie7l.com\/en\/#\/schema\/logo\/image\/"}}]}},"_links":{"self":[{"href":"https:\/\/librairie7l.com\/en\/wp-json\/wp\/v2\/product\/54635"}],"collection":[{"href":"https:\/\/librairie7l.com\/en\/wp-json\/wp\/v2\/product"}],"about":[{"href":"https:\/\/librairie7l.com\/en\/wp-json\/wp\/v2\/types\/product"}],"wp:featuredmedia":[{"embeddable":true,"href":"https:\/\/librairie7l.com\/en\/wp-json\/wp\/v2\/media\/54633"}],"wp:attachment":[{"href":"https:\/\/librairie7l.com\/en\/wp-json\/wp\/v2\/media?parent=54635"}],"wp:term":[{"taxonomy":"product_cat","embeddable":true,"href":"https:\/\/librairie7l.com\/en\/wp-json\/wp\/v2\/product_cat?post=54635"},{"taxonomy":"product_tag","embeddable":true,"href":"https:\/\/librairie7l.com\/en\/wp-json\/wp\/v2\/product_tag?post=54635"}],"curies":[{"name":"wp","href":"https:\/\/api.w.org\/{rel}","templated":true}]}}