{"id":54663,"date":"2026-02-12T10:16:19","date_gmt":"2026-02-12T09:16:19","guid":{"rendered":"https:\/\/librairie7l.com\/?post_type=product&#038;p=54663"},"modified":"2026-04-20T21:27:22","modified_gmt":"2026-04-20T19:27:22","slug":"venice-and-american-studio-glass-2","status":"publish","type":"product","link":"https:\/\/librairie7l.com\/en\/produit\/venice-and-american-studio-glass-2\/","title":{"rendered":"VENICE AND AMERICAN STUDIO GLASS"},"content":{"rendered":"<p>Apr\u00e8s les pr\u00e9c\u00e9dents ouvrages consacr\u00e9s \u00e0 Sottsass, Marinot, Carlo Scarpa et d&#8217;autres, ce nouveau volume de la collection de Skira sur le verre s&#8217;int\u00e9resse aux artistes am\u00e9ricains contemporains qui ont travaill\u00e9 le verre. Il rassemble 155 objets de vaisselles, sculptures et installations par 60 cr\u00e9ateurs am\u00e9ricains et v\u00e9nitiens des ann\u00e9es 1960 \u00e0 nos jours.<\/p>\n","protected":false},"excerpt":{"rendered":"<p>Apr\u00e8s les pr\u00e9c\u00e9dents ouvrages consacr\u00e9s \u00e0 Sottsass, Marinot, Carlo Scarpa et d&#8217;autres, ce nouveau volume de la collection de Skira sur le verre s&#8217;int\u00e9resse aux artistes am\u00e9ricains contemporains qui ont travaill\u00e9 le verre. Il rassemble 155 objets de vaisselles, sculptures et installations par 60 cr\u00e9ateurs am\u00e9ricains et v\u00e9nitiens des ann\u00e9es 1960 \u00e0 nos jours.<\/p>\n","protected":false},"featured_media":54661,"template":"","meta":[],"product_cat":[2948],"product_tag":[],"acf":[],"yoast_head":"<!-- This site is optimized with the Yoast SEO plugin v20.11 - https:\/\/yoast.com\/wordpress\/plugins\/seo\/ -->\n<title>Venice and american studio glass - Librairie 7L<\/title>\n<meta name=\"robots\" content=\"index, follow, max-snippet:-1, max-image-preview:large, max-video-preview:-1\" \/>\n<link rel=\"canonical\" href=\"https:\/\/librairie7l.com\/en\/produit\/venice-and-american-studio-glass-2\/\" \/>\n<meta property=\"og:locale\" content=\"en_US\" \/>\n<meta property=\"og:type\" content=\"article\" \/>\n<meta property=\"og:title\" content=\"Venice and american studio glass - Librairie 7L\" \/>\n<meta property=\"og:description\" content=\"Apr\u00e8s les pr\u00e9c\u00e9dents ouvrages consacr\u00e9s \u00e0 Sottsass, Marinot, Carlo Scarpa et d&#8217;autres, ce nouveau volume de la collection de Skira sur le verre s&#8217;int\u00e9resse aux artistes am\u00e9ricains contemporains qui ont travaill\u00e9 le verre. Il rassemble 155 objets de vaisselles, sculptures et installations par 60 cr\u00e9ateurs am\u00e9ricains et v\u00e9nitiens des ann\u00e9es 1960 \u00e0 nos jours.\" \/>\n<meta property=\"og:url\" content=\"https:\/\/librairie7l.com\/en\/produit\/venice-and-american-studio-glass-2\/\" \/>\n<meta property=\"og:site_name\" content=\"Librairie 7L\" \/>\n<meta property=\"article:modified_time\" content=\"2026-04-20T19:27:22+00:00\" \/>\n<meta property=\"og:image\" content=\"https:\/\/librairie7l.com\/wp-content\/uploads\/2020\/06\/9788857243870_1_75.jpg\" \/>\n\t<meta property=\"og:image:width\" content=\"388\" \/>\n\t<meta property=\"og:image:height\" content=\"500\" \/>\n\t<meta property=\"og:image:type\" content=\"image\/jpeg\" \/>\n<meta name=\"twitter:card\" content=\"summary_large_image\" \/>\n<script type=\"application\/ld+json\" class=\"yoast-schema-graph\">{\"@context\":\"https:\/\/schema.org\",\"@graph\":[{\"@type\":\"WebPage\",\"@id\":\"https:\/\/librairie7l.com\/en\/produit\/venice-and-american-studio-glass-2\/\",\"url\":\"https:\/\/librairie7l.com\/en\/produit\/venice-and-american-studio-glass-2\/\",\"name\":\"Venice and american studio glass - Librairie 7L\",\"isPartOf\":{\"@id\":\"https:\/\/librairie7l.com\/en\/#website\"},\"datePublished\":\"2026-02-12T09:16:19+00:00\",\"dateModified\":\"2026-04-20T19:27:22+00:00\",\"breadcrumb\":{\"@id\":\"https:\/\/librairie7l.com\/en\/produit\/venice-and-american-studio-glass-2\/#breadcrumb\"},\"inLanguage\":\"en-US\",\"potentialAction\":[{\"@type\":\"ReadAction\",\"target\":[\"https:\/\/librairie7l.com\/en\/produit\/venice-and-american-studio-glass-2\/\"]}]},{\"@type\":\"BreadcrumbList\",\"@id\":\"https:\/\/librairie7l.com\/en\/produit\/venice-and-american-studio-glass-2\/#breadcrumb\",\"itemListElement\":[{\"@type\":\"ListItem\",\"position\":1,\"name\":\"Accueil\",\"item\":\"https:\/\/librairie7l.com\/en\/\"},{\"@type\":\"ListItem\",\"position\":2,\"name\":\"Shop\",\"item\":\"https:\/\/librairie7l.com\/en\/shop\/\"},{\"@type\":\"ListItem\",\"position\":3,\"name\":\"VENICE AND AMERICAN STUDIO GLASS\"}]},{\"@type\":\"WebSite\",\"@id\":\"https:\/\/librairie7l.com\/en\/#website\",\"url\":\"https:\/\/librairie7l.com\/en\/\",\"name\":\"Librairie 7L\",\"description\":\"Librairie fond\u00e9e en 1999 par Karl Lagerfeld \u00e0 Paris\",\"publisher\":{\"@id\":\"https:\/\/librairie7l.com\/en\/#organization\"},\"potentialAction\":[{\"@type\":\"SearchAction\",\"target\":{\"@type\":\"EntryPoint\",\"urlTemplate\":\"https:\/\/librairie7l.com\/en\/?s={search_term_string}\"},\"query-input\":\"required name=search_term_string\"}],\"inLanguage\":\"en-US\"},{\"@type\":\"Organization\",\"@id\":\"https:\/\/librairie7l.com\/en\/#organization\",\"name\":\"Librairie 7L\",\"url\":\"https:\/\/librairie7l.com\/en\/\",\"logo\":{\"@type\":\"ImageObject\",\"inLanguage\":\"en-US\",\"@id\":\"https:\/\/librairie7l.com\/en\/#\/schema\/logo\/image\/\",\"url\":\"https:\/\/librairie7l.com\/wp-content\/uploads\/2022\/08\/logo-1.png\",\"contentUrl\":\"https:\/\/librairie7l.com\/wp-content\/uploads\/2022\/08\/logo-1.png\",\"width\":227,\"height\":301,\"caption\":\"Librairie 7L\"},\"image\":{\"@id\":\"https:\/\/librairie7l.com\/en\/#\/schema\/logo\/image\/\"}}]}<\/script>\n<!-- \/ Yoast SEO plugin. -->","yoast_head_json":{"title":"Venice and american studio glass - Librairie 7L","robots":{"index":"index","follow":"follow","max-snippet":"max-snippet:-1","max-image-preview":"max-image-preview:large","max-video-preview":"max-video-preview:-1"},"canonical":"https:\/\/librairie7l.com\/en\/produit\/venice-and-american-studio-glass-2\/","og_locale":"en_US","og_type":"article","og_title":"Venice and american studio glass - Librairie 7L","og_description":"Apr\u00e8s les pr\u00e9c\u00e9dents ouvrages consacr\u00e9s \u00e0 Sottsass, Marinot, Carlo Scarpa et d&#8217;autres, ce nouveau volume de la collection de Skira sur le verre s&#8217;int\u00e9resse aux artistes am\u00e9ricains contemporains qui ont travaill\u00e9 le verre. Il rassemble 155 objets de vaisselles, sculptures et installations par 60 cr\u00e9ateurs am\u00e9ricains et v\u00e9nitiens des ann\u00e9es 1960 \u00e0 nos jours.","og_url":"https:\/\/librairie7l.com\/en\/produit\/venice-and-american-studio-glass-2\/","og_site_name":"Librairie 7L","article_modified_time":"2026-04-20T19:27:22+00:00","og_image":[{"width":388,"height":500,"url":"https:\/\/librairie7l.com\/wp-content\/uploads\/2020\/06\/9788857243870_1_75.jpg","type":"image\/jpeg"}],"twitter_card":"summary_large_image","schema":{"@context":"https:\/\/schema.org","@graph":[{"@type":"WebPage","@id":"https:\/\/librairie7l.com\/en\/produit\/venice-and-american-studio-glass-2\/","url":"https:\/\/librairie7l.com\/en\/produit\/venice-and-american-studio-glass-2\/","name":"Venice and american studio glass - Librairie 7L","isPartOf":{"@id":"https:\/\/librairie7l.com\/en\/#website"},"datePublished":"2026-02-12T09:16:19+00:00","dateModified":"2026-04-20T19:27:22+00:00","breadcrumb":{"@id":"https:\/\/librairie7l.com\/en\/produit\/venice-and-american-studio-glass-2\/#breadcrumb"},"inLanguage":"en-US","potentialAction":[{"@type":"ReadAction","target":["https:\/\/librairie7l.com\/en\/produit\/venice-and-american-studio-glass-2\/"]}]},{"@type":"BreadcrumbList","@id":"https:\/\/librairie7l.com\/en\/produit\/venice-and-american-studio-glass-2\/#breadcrumb","itemListElement":[{"@type":"ListItem","position":1,"name":"Accueil","item":"https:\/\/librairie7l.com\/en\/"},{"@type":"ListItem","position":2,"name":"Shop","item":"https:\/\/librairie7l.com\/en\/shop\/"},{"@type":"ListItem","position":3,"name":"VENICE AND AMERICAN STUDIO GLASS"}]},{"@type":"WebSite","@id":"https:\/\/librairie7l.com\/en\/#website","url":"https:\/\/librairie7l.com\/en\/","name":"Librairie 7L","description":"Librairie fond\u00e9e en 1999 par Karl Lagerfeld \u00e0 Paris","publisher":{"@id":"https:\/\/librairie7l.com\/en\/#organization"},"potentialAction":[{"@type":"SearchAction","target":{"@type":"EntryPoint","urlTemplate":"https:\/\/librairie7l.com\/en\/?s={search_term_string}"},"query-input":"required name=search_term_string"}],"inLanguage":"en-US"},{"@type":"Organization","@id":"https:\/\/librairie7l.com\/en\/#organization","name":"Librairie 7L","url":"https:\/\/librairie7l.com\/en\/","logo":{"@type":"ImageObject","inLanguage":"en-US","@id":"https:\/\/librairie7l.com\/en\/#\/schema\/logo\/image\/","url":"https:\/\/librairie7l.com\/wp-content\/uploads\/2022\/08\/logo-1.png","contentUrl":"https:\/\/librairie7l.com\/wp-content\/uploads\/2022\/08\/logo-1.png","width":227,"height":301,"caption":"Librairie 7L"},"image":{"@id":"https:\/\/librairie7l.com\/en\/#\/schema\/logo\/image\/"}}]}},"_links":{"self":[{"href":"https:\/\/librairie7l.com\/en\/wp-json\/wp\/v2\/product\/54663"}],"collection":[{"href":"https:\/\/librairie7l.com\/en\/wp-json\/wp\/v2\/product"}],"about":[{"href":"https:\/\/librairie7l.com\/en\/wp-json\/wp\/v2\/types\/product"}],"wp:featuredmedia":[{"embeddable":true,"href":"https:\/\/librairie7l.com\/en\/wp-json\/wp\/v2\/media\/54661"}],"wp:attachment":[{"href":"https:\/\/librairie7l.com\/en\/wp-json\/wp\/v2\/media?parent=54663"}],"wp:term":[{"taxonomy":"product_cat","embeddable":true,"href":"https:\/\/librairie7l.com\/en\/wp-json\/wp\/v2\/product_cat?post=54663"},{"taxonomy":"product_tag","embeddable":true,"href":"https:\/\/librairie7l.com\/en\/wp-json\/wp\/v2\/product_tag?post=54663"}],"curies":[{"name":"wp","href":"https:\/\/api.w.org\/{rel}","templated":true}]}}