{"id":54703,"date":"2026-02-12T10:16:44","date_gmt":"2026-02-12T09:16:44","guid":{"rendered":"https:\/\/librairie7l.com\/?post_type=product&#038;p=54703"},"modified":"2026-04-20T19:44:18","modified_gmt":"2026-04-20T17:44:18","slug":"white-houses-2","status":"publish","type":"product","link":"https:\/\/librairie7l.com\/en\/produit\/white-houses-2\/","title":{"rendered":"WHITE HOUSES"},"content":{"rendered":"<p>Ce volume pr\u00e9sente les maisons blanches les plus innovantes et inhabituelles r\u00e9alis\u00e9es par des architectes contemporains venant du monde entier tels qu&#8217;Aires Mateus, Jakob + Macfarlane, J\u00fcrgen Mayer et Shinichi Ogawa. Des formes radicalement nouvelles aux constructions traditionnelles en Am\u00e9rique latine, en passant par les projets urbains les plus modernistes en Europe et au Japon, chaque maison pr\u00e9sent\u00e9e utilise l&#8217;apparente simplicit\u00e9 du blanc pour refl\u00e9ter la lumi\u00e8re et accentuer la mat\u00e9rialit\u00e9, repoussant ainsi les limites de la forme et de l&#8217;abstraction.<\/p>\n","protected":false},"excerpt":{"rendered":"<p>Ce volume pr\u00e9sente les maisons blanches les plus innovantes et inhabituelles r\u00e9alis\u00e9es par des architectes contemporains venant du monde entier tels qu&#8217;Aires Mateus, Jakob + Macfarlane, J\u00fcrgen Mayer et Shinichi Ogawa. Des formes radicalement nouvelles aux constructions traditionnelles en Am\u00e9rique latine, en passant par les projets urbains les plus modernistes en Europe et au Japon, [&hellip;]<\/p>\n","protected":false},"featured_media":54701,"template":"","meta":[],"product_cat":[2948],"product_tag":[],"acf":[],"yoast_head":"<!-- This site is optimized with the Yoast SEO plugin v20.11 - https:\/\/yoast.com\/wordpress\/plugins\/seo\/ -->\n<title>White houses - Librairie 7L<\/title>\n<meta name=\"robots\" content=\"index, follow, max-snippet:-1, max-image-preview:large, max-video-preview:-1\" \/>\n<link rel=\"canonical\" href=\"https:\/\/librairie7l.com\/en\/produit\/white-houses-2\/\" \/>\n<meta property=\"og:locale\" content=\"en_US\" \/>\n<meta property=\"og:type\" content=\"article\" \/>\n<meta property=\"og:title\" content=\"White houses - Librairie 7L\" \/>\n<meta property=\"og:description\" content=\"Ce volume pr\u00e9sente les maisons blanches les plus innovantes et inhabituelles r\u00e9alis\u00e9es par des architectes contemporains venant du monde entier tels qu&#8217;Aires Mateus, Jakob + Macfarlane, J\u00fcrgen Mayer et Shinichi Ogawa. Des formes radicalement nouvelles aux constructions traditionnelles en Am\u00e9rique latine, en passant par les projets urbains les plus modernistes en Europe et au Japon, [&hellip;]\" \/>\n<meta property=\"og:url\" content=\"https:\/\/librairie7l.com\/en\/produit\/white-houses-2\/\" \/>\n<meta property=\"og:site_name\" content=\"Librairie 7L\" \/>\n<meta property=\"article:modified_time\" content=\"2026-04-20T17:44:18+00:00\" \/>\n<meta property=\"og:image\" content=\"https:\/\/librairie7l.com\/wp-content\/uploads\/2019\/06\/9780500519837_1_75.jpg\" \/>\n\t<meta property=\"og:image:width\" content=\"195\" \/>\n\t<meta property=\"og:image:height\" content=\"220\" \/>\n\t<meta property=\"og:image:type\" content=\"image\/jpeg\" \/>\n<meta name=\"twitter:card\" content=\"summary_large_image\" \/>\n<script type=\"application\/ld+json\" class=\"yoast-schema-graph\">{\"@context\":\"https:\/\/schema.org\",\"@graph\":[{\"@type\":\"WebPage\",\"@id\":\"https:\/\/librairie7l.com\/en\/produit\/white-houses-2\/\",\"url\":\"https:\/\/librairie7l.com\/en\/produit\/white-houses-2\/\",\"name\":\"White houses - Librairie 7L\",\"isPartOf\":{\"@id\":\"https:\/\/librairie7l.com\/en\/#website\"},\"datePublished\":\"2026-02-12T09:16:44+00:00\",\"dateModified\":\"2026-04-20T17:44:18+00:00\",\"breadcrumb\":{\"@id\":\"https:\/\/librairie7l.com\/en\/produit\/white-houses-2\/#breadcrumb\"},\"inLanguage\":\"en-US\",\"potentialAction\":[{\"@type\":\"ReadAction\",\"target\":[\"https:\/\/librairie7l.com\/en\/produit\/white-houses-2\/\"]}]},{\"@type\":\"BreadcrumbList\",\"@id\":\"https:\/\/librairie7l.com\/en\/produit\/white-houses-2\/#breadcrumb\",\"itemListElement\":[{\"@type\":\"ListItem\",\"position\":1,\"name\":\"Accueil\",\"item\":\"https:\/\/librairie7l.com\/en\/\"},{\"@type\":\"ListItem\",\"position\":2,\"name\":\"Shop\",\"item\":\"https:\/\/librairie7l.com\/en\/shop\/\"},{\"@type\":\"ListItem\",\"position\":3,\"name\":\"WHITE HOUSES\"}]},{\"@type\":\"WebSite\",\"@id\":\"https:\/\/librairie7l.com\/en\/#website\",\"url\":\"https:\/\/librairie7l.com\/en\/\",\"name\":\"Librairie 7L\",\"description\":\"Librairie fond\u00e9e en 1999 par Karl Lagerfeld \u00e0 Paris\",\"publisher\":{\"@id\":\"https:\/\/librairie7l.com\/en\/#organization\"},\"potentialAction\":[{\"@type\":\"SearchAction\",\"target\":{\"@type\":\"EntryPoint\",\"urlTemplate\":\"https:\/\/librairie7l.com\/en\/?s={search_term_string}\"},\"query-input\":\"required name=search_term_string\"}],\"inLanguage\":\"en-US\"},{\"@type\":\"Organization\",\"@id\":\"https:\/\/librairie7l.com\/en\/#organization\",\"name\":\"Librairie 7L\",\"url\":\"https:\/\/librairie7l.com\/en\/\",\"logo\":{\"@type\":\"ImageObject\",\"inLanguage\":\"en-US\",\"@id\":\"https:\/\/librairie7l.com\/en\/#\/schema\/logo\/image\/\",\"url\":\"https:\/\/librairie7l.com\/wp-content\/uploads\/2022\/08\/logo-1.png\",\"contentUrl\":\"https:\/\/librairie7l.com\/wp-content\/uploads\/2022\/08\/logo-1.png\",\"width\":227,\"height\":301,\"caption\":\"Librairie 7L\"},\"image\":{\"@id\":\"https:\/\/librairie7l.com\/en\/#\/schema\/logo\/image\/\"}}]}<\/script>\n<!-- \/ Yoast SEO plugin. -->","yoast_head_json":{"title":"White houses - Librairie 7L","robots":{"index":"index","follow":"follow","max-snippet":"max-snippet:-1","max-image-preview":"max-image-preview:large","max-video-preview":"max-video-preview:-1"},"canonical":"https:\/\/librairie7l.com\/en\/produit\/white-houses-2\/","og_locale":"en_US","og_type":"article","og_title":"White houses - Librairie 7L","og_description":"Ce volume pr\u00e9sente les maisons blanches les plus innovantes et inhabituelles r\u00e9alis\u00e9es par des architectes contemporains venant du monde entier tels qu&#8217;Aires Mateus, Jakob + Macfarlane, J\u00fcrgen Mayer et Shinichi Ogawa. Des formes radicalement nouvelles aux constructions traditionnelles en Am\u00e9rique latine, en passant par les projets urbains les plus modernistes en Europe et au Japon, [&hellip;]","og_url":"https:\/\/librairie7l.com\/en\/produit\/white-houses-2\/","og_site_name":"Librairie 7L","article_modified_time":"2026-04-20T17:44:18+00:00","og_image":[{"width":195,"height":220,"url":"https:\/\/librairie7l.com\/wp-content\/uploads\/2019\/06\/9780500519837_1_75.jpg","type":"image\/jpeg"}],"twitter_card":"summary_large_image","schema":{"@context":"https:\/\/schema.org","@graph":[{"@type":"WebPage","@id":"https:\/\/librairie7l.com\/en\/produit\/white-houses-2\/","url":"https:\/\/librairie7l.com\/en\/produit\/white-houses-2\/","name":"White houses - Librairie 7L","isPartOf":{"@id":"https:\/\/librairie7l.com\/en\/#website"},"datePublished":"2026-02-12T09:16:44+00:00","dateModified":"2026-04-20T17:44:18+00:00","breadcrumb":{"@id":"https:\/\/librairie7l.com\/en\/produit\/white-houses-2\/#breadcrumb"},"inLanguage":"en-US","potentialAction":[{"@type":"ReadAction","target":["https:\/\/librairie7l.com\/en\/produit\/white-houses-2\/"]}]},{"@type":"BreadcrumbList","@id":"https:\/\/librairie7l.com\/en\/produit\/white-houses-2\/#breadcrumb","itemListElement":[{"@type":"ListItem","position":1,"name":"Accueil","item":"https:\/\/librairie7l.com\/en\/"},{"@type":"ListItem","position":2,"name":"Shop","item":"https:\/\/librairie7l.com\/en\/shop\/"},{"@type":"ListItem","position":3,"name":"WHITE HOUSES"}]},{"@type":"WebSite","@id":"https:\/\/librairie7l.com\/en\/#website","url":"https:\/\/librairie7l.com\/en\/","name":"Librairie 7L","description":"Librairie fond\u00e9e en 1999 par Karl Lagerfeld \u00e0 Paris","publisher":{"@id":"https:\/\/librairie7l.com\/en\/#organization"},"potentialAction":[{"@type":"SearchAction","target":{"@type":"EntryPoint","urlTemplate":"https:\/\/librairie7l.com\/en\/?s={search_term_string}"},"query-input":"required name=search_term_string"}],"inLanguage":"en-US"},{"@type":"Organization","@id":"https:\/\/librairie7l.com\/en\/#organization","name":"Librairie 7L","url":"https:\/\/librairie7l.com\/en\/","logo":{"@type":"ImageObject","inLanguage":"en-US","@id":"https:\/\/librairie7l.com\/en\/#\/schema\/logo\/image\/","url":"https:\/\/librairie7l.com\/wp-content\/uploads\/2022\/08\/logo-1.png","contentUrl":"https:\/\/librairie7l.com\/wp-content\/uploads\/2022\/08\/logo-1.png","width":227,"height":301,"caption":"Librairie 7L"},"image":{"@id":"https:\/\/librairie7l.com\/en\/#\/schema\/logo\/image\/"}}]}},"_links":{"self":[{"href":"https:\/\/librairie7l.com\/en\/wp-json\/wp\/v2\/product\/54703"}],"collection":[{"href":"https:\/\/librairie7l.com\/en\/wp-json\/wp\/v2\/product"}],"about":[{"href":"https:\/\/librairie7l.com\/en\/wp-json\/wp\/v2\/types\/product"}],"wp:featuredmedia":[{"embeddable":true,"href":"https:\/\/librairie7l.com\/en\/wp-json\/wp\/v2\/media\/54701"}],"wp:attachment":[{"href":"https:\/\/librairie7l.com\/en\/wp-json\/wp\/v2\/media?parent=54703"}],"wp:term":[{"taxonomy":"product_cat","embeddable":true,"href":"https:\/\/librairie7l.com\/en\/wp-json\/wp\/v2\/product_cat?post=54703"},{"taxonomy":"product_tag","embeddable":true,"href":"https:\/\/librairie7l.com\/en\/wp-json\/wp\/v2\/product_tag?post=54703"}],"curies":[{"name":"wp","href":"https:\/\/api.w.org\/{rel}","templated":true}]}}