{"id":54707,"date":"2026-02-12T10:16:50","date_gmt":"2026-02-12T09:16:50","guid":{"rendered":"https:\/\/librairie7l.com\/?post_type=product&#038;p=54707"},"modified":"2026-04-20T19:47:57","modified_gmt":"2026-04-20T17:47:57","slug":"chloe-sherman-renegades-san-francisco-the-1990s-2","status":"publish","type":"product","link":"https:\/\/librairie7l.com\/en\/produit\/chloe-sherman-renegades-san-francisco-the-1990s-2\/","title":{"rendered":"CHLOE SHERMAN : RENEGADES ; SAN FRANCISCO : THE 1990S"},"content":{"rendered":"<p>Dans les ann\u00e9es 1990, les jeunes homosexuels, les marginaux et les artistes ont afflu\u00e9 \u00e0 San Francisco pour exp\u00e9rimenter dans lart, le style, lidentit\u00e9 et le genre. Des loyers abordables ont ouvert la voie aux bars, clubs, boutiques de tatouage, galeries, caf\u00e9s, librairies et entreprises dirig\u00e9es par des femmes. Une nouvelle vague de f\u00e9minisme souvre \u00e0 lexploration des identit\u00e9s sexuelles et la culture Butch-fem est \u00e0 son apog\u00e9e. Le Mission District devient le centre de cette sc\u00e8ne, qui se caract\u00e9rise par un fort sentiment dappartenance \u00e0 la communaut\u00e9. Chloe Sherman \u00e9tait \u00e0 la fois membre de cette communaut\u00e9 et sa chroniqueuse passionn\u00e9e. Son travail photographique documentaire sur pellicule 35 mm capture le dynamisme, la tendresse, lindividualit\u00e9 et la r\u00e9silience de cette sous-culture tourn\u00e9e en d\u00e9rision par la soci\u00e9t\u00e9 dominante. Sa premi\u00e8re monographie capture lesprit rebelle dalors et offre un portrait sans fard du milieu lesbien \u00e0 une \u00e9poque tourn\u00e9e vers lavenir.<\/p>\n","protected":false},"excerpt":{"rendered":"<p>Dans les ann\u00e9es 1990, les jeunes homosexuels, les marginaux et les artistes ont afflu\u00e9 \u00e0 San Francisco pour exp\u00e9rimenter dans lart, le style, lidentit\u00e9 et le genre. Des loyers abordables ont ouvert la voie aux bars, clubs, boutiques de tatouage, galeries, caf\u00e9s, librairies et entreprises dirig\u00e9es par des femmes. Une nouvelle vague de f\u00e9minisme souvre [&hellip;]<\/p>\n","protected":false},"featured_media":54705,"template":"","meta":[],"product_cat":[2948],"product_tag":[],"acf":[],"yoast_head":"<!-- This site is optimized with the Yoast SEO plugin v20.11 - https:\/\/yoast.com\/wordpress\/plugins\/seo\/ -->\n<title>Chloe Sherman : renegades ; San Francisco : the 1990s - Librairie 7L<\/title>\n<meta name=\"robots\" content=\"index, follow, max-snippet:-1, max-image-preview:large, max-video-preview:-1\" \/>\n<link rel=\"canonical\" href=\"https:\/\/librairie7l.com\/en\/produit\/chloe-sherman-renegades-san-francisco-the-1990s-2\/\" \/>\n<meta property=\"og:locale\" content=\"en_US\" \/>\n<meta property=\"og:type\" content=\"article\" \/>\n<meta property=\"og:title\" content=\"Chloe Sherman : renegades ; San Francisco : the 1990s - Librairie 7L\" \/>\n<meta property=\"og:description\" content=\"Dans les ann\u00e9es 1990, les jeunes homosexuels, les marginaux et les artistes ont afflu\u00e9 \u00e0 San Francisco pour exp\u00e9rimenter dans lart, le style, lidentit\u00e9 et le genre. Des loyers abordables ont ouvert la voie aux bars, clubs, boutiques de tatouage, galeries, caf\u00e9s, librairies et entreprises dirig\u00e9es par des femmes. Une nouvelle vague de f\u00e9minisme souvre [&hellip;]\" \/>\n<meta property=\"og:url\" content=\"https:\/\/librairie7l.com\/en\/produit\/chloe-sherman-renegades-san-francisco-the-1990s-2\/\" \/>\n<meta property=\"og:site_name\" content=\"Librairie 7L\" \/>\n<meta property=\"article:modified_time\" content=\"2026-04-20T17:47:57+00:00\" \/>\n<meta property=\"og:image\" content=\"https:\/\/librairie7l.com\/wp-content\/uploads\/2023\/06\/9783775755177_1_75.jpg\" \/>\n\t<meta property=\"og:image:width\" content=\"464\" \/>\n\t<meta property=\"og:image:height\" content=\"500\" \/>\n\t<meta property=\"og:image:type\" content=\"image\/jpeg\" \/>\n<meta name=\"twitter:card\" content=\"summary_large_image\" \/>\n<meta name=\"twitter:label1\" content=\"Est. reading time\" \/>\n\t<meta name=\"twitter:data1\" content=\"1 minute\" \/>\n<script type=\"application\/ld+json\" class=\"yoast-schema-graph\">{\"@context\":\"https:\/\/schema.org\",\"@graph\":[{\"@type\":\"WebPage\",\"@id\":\"https:\/\/librairie7l.com\/en\/produit\/chloe-sherman-renegades-san-francisco-the-1990s-2\/\",\"url\":\"https:\/\/librairie7l.com\/en\/produit\/chloe-sherman-renegades-san-francisco-the-1990s-2\/\",\"name\":\"Chloe Sherman : renegades ; San Francisco : the 1990s - Librairie 7L\",\"isPartOf\":{\"@id\":\"https:\/\/librairie7l.com\/en\/#website\"},\"datePublished\":\"2026-02-12T09:16:50+00:00\",\"dateModified\":\"2026-04-20T17:47:57+00:00\",\"breadcrumb\":{\"@id\":\"https:\/\/librairie7l.com\/en\/produit\/chloe-sherman-renegades-san-francisco-the-1990s-2\/#breadcrumb\"},\"inLanguage\":\"en-US\",\"potentialAction\":[{\"@type\":\"ReadAction\",\"target\":[\"https:\/\/librairie7l.com\/en\/produit\/chloe-sherman-renegades-san-francisco-the-1990s-2\/\"]}]},{\"@type\":\"BreadcrumbList\",\"@id\":\"https:\/\/librairie7l.com\/en\/produit\/chloe-sherman-renegades-san-francisco-the-1990s-2\/#breadcrumb\",\"itemListElement\":[{\"@type\":\"ListItem\",\"position\":1,\"name\":\"Accueil\",\"item\":\"https:\/\/librairie7l.com\/en\/\"},{\"@type\":\"ListItem\",\"position\":2,\"name\":\"Shop\",\"item\":\"https:\/\/librairie7l.com\/en\/shop\/\"},{\"@type\":\"ListItem\",\"position\":3,\"name\":\"CHLOE SHERMAN : RENEGADES ; SAN FRANCISCO : THE 1990S\"}]},{\"@type\":\"WebSite\",\"@id\":\"https:\/\/librairie7l.com\/en\/#website\",\"url\":\"https:\/\/librairie7l.com\/en\/\",\"name\":\"Librairie 7L\",\"description\":\"Librairie fond\u00e9e en 1999 par Karl Lagerfeld \u00e0 Paris\",\"publisher\":{\"@id\":\"https:\/\/librairie7l.com\/en\/#organization\"},\"potentialAction\":[{\"@type\":\"SearchAction\",\"target\":{\"@type\":\"EntryPoint\",\"urlTemplate\":\"https:\/\/librairie7l.com\/en\/?s={search_term_string}\"},\"query-input\":\"required name=search_term_string\"}],\"inLanguage\":\"en-US\"},{\"@type\":\"Organization\",\"@id\":\"https:\/\/librairie7l.com\/en\/#organization\",\"name\":\"Librairie 7L\",\"url\":\"https:\/\/librairie7l.com\/en\/\",\"logo\":{\"@type\":\"ImageObject\",\"inLanguage\":\"en-US\",\"@id\":\"https:\/\/librairie7l.com\/en\/#\/schema\/logo\/image\/\",\"url\":\"https:\/\/librairie7l.com\/wp-content\/uploads\/2022\/08\/logo-1.png\",\"contentUrl\":\"https:\/\/librairie7l.com\/wp-content\/uploads\/2022\/08\/logo-1.png\",\"width\":227,\"height\":301,\"caption\":\"Librairie 7L\"},\"image\":{\"@id\":\"https:\/\/librairie7l.com\/en\/#\/schema\/logo\/image\/\"}}]}<\/script>\n<!-- \/ Yoast SEO plugin. -->","yoast_head_json":{"title":"Chloe Sherman : renegades ; San Francisco : the 1990s - Librairie 7L","robots":{"index":"index","follow":"follow","max-snippet":"max-snippet:-1","max-image-preview":"max-image-preview:large","max-video-preview":"max-video-preview:-1"},"canonical":"https:\/\/librairie7l.com\/en\/produit\/chloe-sherman-renegades-san-francisco-the-1990s-2\/","og_locale":"en_US","og_type":"article","og_title":"Chloe Sherman : renegades ; San Francisco : the 1990s - Librairie 7L","og_description":"Dans les ann\u00e9es 1990, les jeunes homosexuels, les marginaux et les artistes ont afflu\u00e9 \u00e0 San Francisco pour exp\u00e9rimenter dans lart, le style, lidentit\u00e9 et le genre. Des loyers abordables ont ouvert la voie aux bars, clubs, boutiques de tatouage, galeries, caf\u00e9s, librairies et entreprises dirig\u00e9es par des femmes. Une nouvelle vague de f\u00e9minisme souvre [&hellip;]","og_url":"https:\/\/librairie7l.com\/en\/produit\/chloe-sherman-renegades-san-francisco-the-1990s-2\/","og_site_name":"Librairie 7L","article_modified_time":"2026-04-20T17:47:57+00:00","og_image":[{"width":464,"height":500,"url":"https:\/\/librairie7l.com\/wp-content\/uploads\/2023\/06\/9783775755177_1_75.jpg","type":"image\/jpeg"}],"twitter_card":"summary_large_image","twitter_misc":{"Est. reading time":"1 minute"},"schema":{"@context":"https:\/\/schema.org","@graph":[{"@type":"WebPage","@id":"https:\/\/librairie7l.com\/en\/produit\/chloe-sherman-renegades-san-francisco-the-1990s-2\/","url":"https:\/\/librairie7l.com\/en\/produit\/chloe-sherman-renegades-san-francisco-the-1990s-2\/","name":"Chloe Sherman : renegades ; San Francisco : the 1990s - Librairie 7L","isPartOf":{"@id":"https:\/\/librairie7l.com\/en\/#website"},"datePublished":"2026-02-12T09:16:50+00:00","dateModified":"2026-04-20T17:47:57+00:00","breadcrumb":{"@id":"https:\/\/librairie7l.com\/en\/produit\/chloe-sherman-renegades-san-francisco-the-1990s-2\/#breadcrumb"},"inLanguage":"en-US","potentialAction":[{"@type":"ReadAction","target":["https:\/\/librairie7l.com\/en\/produit\/chloe-sherman-renegades-san-francisco-the-1990s-2\/"]}]},{"@type":"BreadcrumbList","@id":"https:\/\/librairie7l.com\/en\/produit\/chloe-sherman-renegades-san-francisco-the-1990s-2\/#breadcrumb","itemListElement":[{"@type":"ListItem","position":1,"name":"Accueil","item":"https:\/\/librairie7l.com\/en\/"},{"@type":"ListItem","position":2,"name":"Shop","item":"https:\/\/librairie7l.com\/en\/shop\/"},{"@type":"ListItem","position":3,"name":"CHLOE SHERMAN : RENEGADES ; SAN FRANCISCO : THE 1990S"}]},{"@type":"WebSite","@id":"https:\/\/librairie7l.com\/en\/#website","url":"https:\/\/librairie7l.com\/en\/","name":"Librairie 7L","description":"Librairie fond\u00e9e en 1999 par Karl Lagerfeld \u00e0 Paris","publisher":{"@id":"https:\/\/librairie7l.com\/en\/#organization"},"potentialAction":[{"@type":"SearchAction","target":{"@type":"EntryPoint","urlTemplate":"https:\/\/librairie7l.com\/en\/?s={search_term_string}"},"query-input":"required name=search_term_string"}],"inLanguage":"en-US"},{"@type":"Organization","@id":"https:\/\/librairie7l.com\/en\/#organization","name":"Librairie 7L","url":"https:\/\/librairie7l.com\/en\/","logo":{"@type":"ImageObject","inLanguage":"en-US","@id":"https:\/\/librairie7l.com\/en\/#\/schema\/logo\/image\/","url":"https:\/\/librairie7l.com\/wp-content\/uploads\/2022\/08\/logo-1.png","contentUrl":"https:\/\/librairie7l.com\/wp-content\/uploads\/2022\/08\/logo-1.png","width":227,"height":301,"caption":"Librairie 7L"},"image":{"@id":"https:\/\/librairie7l.com\/en\/#\/schema\/logo\/image\/"}}]}},"_links":{"self":[{"href":"https:\/\/librairie7l.com\/en\/wp-json\/wp\/v2\/product\/54707"}],"collection":[{"href":"https:\/\/librairie7l.com\/en\/wp-json\/wp\/v2\/product"}],"about":[{"href":"https:\/\/librairie7l.com\/en\/wp-json\/wp\/v2\/types\/product"}],"wp:featuredmedia":[{"embeddable":true,"href":"https:\/\/librairie7l.com\/en\/wp-json\/wp\/v2\/media\/54705"}],"wp:attachment":[{"href":"https:\/\/librairie7l.com\/en\/wp-json\/wp\/v2\/media?parent=54707"}],"wp:term":[{"taxonomy":"product_cat","embeddable":true,"href":"https:\/\/librairie7l.com\/en\/wp-json\/wp\/v2\/product_cat?post=54707"},{"taxonomy":"product_tag","embeddable":true,"href":"https:\/\/librairie7l.com\/en\/wp-json\/wp\/v2\/product_tag?post=54707"}],"curies":[{"name":"wp","href":"https:\/\/api.w.org\/{rel}","templated":true}]}}