{"id":54731,"date":"2026-02-12T10:17:05","date_gmt":"2026-02-12T09:17:05","guid":{"rendered":"https:\/\/librairie7l.com\/?post_type=product&#038;p=54731"},"modified":"2026-04-16T15:46:40","modified_gmt":"2026-04-16T13:46:40","slug":"hokusai-manga-2","status":"publish","type":"product","link":"https:\/\/librairie7l.com\/en\/produit\/hokusai-manga-2\/","title":{"rendered":"HOKUSAI MANGA"},"content":{"rendered":"<p>Artiste japonais majeur et tr\u00e8s prolifique, Hokusai (1760-1849) fut tout d&#8217;abord connu en France gr\u00e2ce \u00e0 sa Manga, anthologie de croquis publi\u00e9e en 15 volumes \u00e0 partir de 1814. Cette publication extr\u00eamement importante pour Hokusai est une synth\u00e8se de ses recherches esth\u00e9tiques et un formidable outil de diffusion de ses techniques. Ces innombrables pages de petits dessins apparaissent comme le point de d\u00e9part de la fascination exerc\u00e9e par l&#8217;artiste en Europe. Hokusai y dessine les th\u00e8mes les plus vari\u00e9s : sc\u00e8nes de vie quotidienne et th\u00e8mes religieux, guerriers et techniques de combats, caricatures et postures, paysages et architecture, monstres et fant\u00f4mes, plantes et animaux. \u00c0 travers ses milliers de dessins sont appr\u00e9hend\u00e9es toutes les facettes du g\u00e9nie d&#8217;Hokusai et \u00e9mergent, avec une intensit\u00e9 saisissante, les moeurs, la vie, la nature du Japon.<\/p>\n","protected":false},"excerpt":{"rendered":"<p>Artiste japonais majeur et tr\u00e8s prolifique, Hokusai (1760-1849) fut tout d&#8217;abord connu en France gr\u00e2ce \u00e0 sa Manga, anthologie de croquis publi\u00e9e en 15 volumes \u00e0 partir de 1814. Cette publication extr\u00eamement importante pour Hokusai est une synth\u00e8se de ses recherches esth\u00e9tiques et un formidable outil de diffusion de ses techniques. Ces innombrables pages de [&hellip;]<\/p>\n","protected":false},"featured_media":54729,"template":"","meta":[],"product_cat":[2948],"product_tag":[],"acf":[],"yoast_head":"<!-- This site is optimized with the Yoast SEO plugin v20.11 - https:\/\/yoast.com\/wordpress\/plugins\/seo\/ -->\n<title>Hokusai manga - Librairie 7L<\/title>\n<meta name=\"robots\" content=\"index, follow, max-snippet:-1, max-image-preview:large, max-video-preview:-1\" \/>\n<link rel=\"canonical\" href=\"https:\/\/librairie7l.com\/en\/produit\/hokusai-manga-2\/\" \/>\n<meta property=\"og:locale\" content=\"en_US\" \/>\n<meta property=\"og:type\" content=\"article\" \/>\n<meta property=\"og:title\" content=\"Hokusai manga - Librairie 7L\" \/>\n<meta property=\"og:description\" content=\"Artiste japonais majeur et tr\u00e8s prolifique, Hokusai (1760-1849) fut tout d&#8217;abord connu en France gr\u00e2ce \u00e0 sa Manga, anthologie de croquis publi\u00e9e en 15 volumes \u00e0 partir de 1814. Cette publication extr\u00eamement importante pour Hokusai est une synth\u00e8se de ses recherches esth\u00e9tiques et un formidable outil de diffusion de ses techniques. Ces innombrables pages de [&hellip;]\" \/>\n<meta property=\"og:url\" content=\"https:\/\/librairie7l.com\/en\/produit\/hokusai-manga-2\/\" \/>\n<meta property=\"og:site_name\" content=\"Librairie 7L\" \/>\n<meta property=\"article:modified_time\" content=\"2026-04-16T13:46:40+00:00\" \/>\n<meta property=\"og:image\" content=\"https:\/\/librairie7l.com\/wp-content\/uploads\/2014\/05\/9782070146888_1_75.jpg\" \/>\n\t<meta property=\"og:image:width\" content=\"600\" \/>\n\t<meta property=\"og:image:height\" content=\"886\" \/>\n\t<meta property=\"og:image:type\" content=\"image\/jpeg\" \/>\n<meta name=\"twitter:card\" content=\"summary_large_image\" \/>\n<meta name=\"twitter:label1\" content=\"Est. reading time\" \/>\n\t<meta name=\"twitter:data1\" content=\"1 minute\" \/>\n<script type=\"application\/ld+json\" class=\"yoast-schema-graph\">{\"@context\":\"https:\/\/schema.org\",\"@graph\":[{\"@type\":\"WebPage\",\"@id\":\"https:\/\/librairie7l.com\/en\/produit\/hokusai-manga-2\/\",\"url\":\"https:\/\/librairie7l.com\/en\/produit\/hokusai-manga-2\/\",\"name\":\"Hokusai manga - Librairie 7L\",\"isPartOf\":{\"@id\":\"https:\/\/librairie7l.com\/en\/#website\"},\"datePublished\":\"2026-02-12T09:17:05+00:00\",\"dateModified\":\"2026-04-16T13:46:40+00:00\",\"breadcrumb\":{\"@id\":\"https:\/\/librairie7l.com\/en\/produit\/hokusai-manga-2\/#breadcrumb\"},\"inLanguage\":\"en-US\",\"potentialAction\":[{\"@type\":\"ReadAction\",\"target\":[\"https:\/\/librairie7l.com\/en\/produit\/hokusai-manga-2\/\"]}]},{\"@type\":\"BreadcrumbList\",\"@id\":\"https:\/\/librairie7l.com\/en\/produit\/hokusai-manga-2\/#breadcrumb\",\"itemListElement\":[{\"@type\":\"ListItem\",\"position\":1,\"name\":\"Accueil\",\"item\":\"https:\/\/librairie7l.com\/en\/\"},{\"@type\":\"ListItem\",\"position\":2,\"name\":\"Shop\",\"item\":\"https:\/\/librairie7l.com\/en\/shop\/\"},{\"@type\":\"ListItem\",\"position\":3,\"name\":\"HOKUSAI MANGA\"}]},{\"@type\":\"WebSite\",\"@id\":\"https:\/\/librairie7l.com\/en\/#website\",\"url\":\"https:\/\/librairie7l.com\/en\/\",\"name\":\"Librairie 7L\",\"description\":\"Librairie fond\u00e9e en 1999 par Karl Lagerfeld \u00e0 Paris\",\"publisher\":{\"@id\":\"https:\/\/librairie7l.com\/en\/#organization\"},\"potentialAction\":[{\"@type\":\"SearchAction\",\"target\":{\"@type\":\"EntryPoint\",\"urlTemplate\":\"https:\/\/librairie7l.com\/en\/?s={search_term_string}\"},\"query-input\":\"required name=search_term_string\"}],\"inLanguage\":\"en-US\"},{\"@type\":\"Organization\",\"@id\":\"https:\/\/librairie7l.com\/en\/#organization\",\"name\":\"Librairie 7L\",\"url\":\"https:\/\/librairie7l.com\/en\/\",\"logo\":{\"@type\":\"ImageObject\",\"inLanguage\":\"en-US\",\"@id\":\"https:\/\/librairie7l.com\/en\/#\/schema\/logo\/image\/\",\"url\":\"https:\/\/librairie7l.com\/wp-content\/uploads\/2022\/08\/logo-1.png\",\"contentUrl\":\"https:\/\/librairie7l.com\/wp-content\/uploads\/2022\/08\/logo-1.png\",\"width\":227,\"height\":301,\"caption\":\"Librairie 7L\"},\"image\":{\"@id\":\"https:\/\/librairie7l.com\/en\/#\/schema\/logo\/image\/\"}}]}<\/script>\n<!-- \/ Yoast SEO plugin. -->","yoast_head_json":{"title":"Hokusai manga - Librairie 7L","robots":{"index":"index","follow":"follow","max-snippet":"max-snippet:-1","max-image-preview":"max-image-preview:large","max-video-preview":"max-video-preview:-1"},"canonical":"https:\/\/librairie7l.com\/en\/produit\/hokusai-manga-2\/","og_locale":"en_US","og_type":"article","og_title":"Hokusai manga - Librairie 7L","og_description":"Artiste japonais majeur et tr\u00e8s prolifique, Hokusai (1760-1849) fut tout d&#8217;abord connu en France gr\u00e2ce \u00e0 sa Manga, anthologie de croquis publi\u00e9e en 15 volumes \u00e0 partir de 1814. Cette publication extr\u00eamement importante pour Hokusai est une synth\u00e8se de ses recherches esth\u00e9tiques et un formidable outil de diffusion de ses techniques. Ces innombrables pages de [&hellip;]","og_url":"https:\/\/librairie7l.com\/en\/produit\/hokusai-manga-2\/","og_site_name":"Librairie 7L","article_modified_time":"2026-04-16T13:46:40+00:00","og_image":[{"width":600,"height":886,"url":"https:\/\/librairie7l.com\/wp-content\/uploads\/2014\/05\/9782070146888_1_75.jpg","type":"image\/jpeg"}],"twitter_card":"summary_large_image","twitter_misc":{"Est. reading time":"1 minute"},"schema":{"@context":"https:\/\/schema.org","@graph":[{"@type":"WebPage","@id":"https:\/\/librairie7l.com\/en\/produit\/hokusai-manga-2\/","url":"https:\/\/librairie7l.com\/en\/produit\/hokusai-manga-2\/","name":"Hokusai manga - Librairie 7L","isPartOf":{"@id":"https:\/\/librairie7l.com\/en\/#website"},"datePublished":"2026-02-12T09:17:05+00:00","dateModified":"2026-04-16T13:46:40+00:00","breadcrumb":{"@id":"https:\/\/librairie7l.com\/en\/produit\/hokusai-manga-2\/#breadcrumb"},"inLanguage":"en-US","potentialAction":[{"@type":"ReadAction","target":["https:\/\/librairie7l.com\/en\/produit\/hokusai-manga-2\/"]}]},{"@type":"BreadcrumbList","@id":"https:\/\/librairie7l.com\/en\/produit\/hokusai-manga-2\/#breadcrumb","itemListElement":[{"@type":"ListItem","position":1,"name":"Accueil","item":"https:\/\/librairie7l.com\/en\/"},{"@type":"ListItem","position":2,"name":"Shop","item":"https:\/\/librairie7l.com\/en\/shop\/"},{"@type":"ListItem","position":3,"name":"HOKUSAI MANGA"}]},{"@type":"WebSite","@id":"https:\/\/librairie7l.com\/en\/#website","url":"https:\/\/librairie7l.com\/en\/","name":"Librairie 7L","description":"Librairie fond\u00e9e en 1999 par Karl Lagerfeld \u00e0 Paris","publisher":{"@id":"https:\/\/librairie7l.com\/en\/#organization"},"potentialAction":[{"@type":"SearchAction","target":{"@type":"EntryPoint","urlTemplate":"https:\/\/librairie7l.com\/en\/?s={search_term_string}"},"query-input":"required name=search_term_string"}],"inLanguage":"en-US"},{"@type":"Organization","@id":"https:\/\/librairie7l.com\/en\/#organization","name":"Librairie 7L","url":"https:\/\/librairie7l.com\/en\/","logo":{"@type":"ImageObject","inLanguage":"en-US","@id":"https:\/\/librairie7l.com\/en\/#\/schema\/logo\/image\/","url":"https:\/\/librairie7l.com\/wp-content\/uploads\/2022\/08\/logo-1.png","contentUrl":"https:\/\/librairie7l.com\/wp-content\/uploads\/2022\/08\/logo-1.png","width":227,"height":301,"caption":"Librairie 7L"},"image":{"@id":"https:\/\/librairie7l.com\/en\/#\/schema\/logo\/image\/"}}]}},"_links":{"self":[{"href":"https:\/\/librairie7l.com\/en\/wp-json\/wp\/v2\/product\/54731"}],"collection":[{"href":"https:\/\/librairie7l.com\/en\/wp-json\/wp\/v2\/product"}],"about":[{"href":"https:\/\/librairie7l.com\/en\/wp-json\/wp\/v2\/types\/product"}],"wp:featuredmedia":[{"embeddable":true,"href":"https:\/\/librairie7l.com\/en\/wp-json\/wp\/v2\/media\/54729"}],"wp:attachment":[{"href":"https:\/\/librairie7l.com\/en\/wp-json\/wp\/v2\/media?parent=54731"}],"wp:term":[{"taxonomy":"product_cat","embeddable":true,"href":"https:\/\/librairie7l.com\/en\/wp-json\/wp\/v2\/product_cat?post=54731"},{"taxonomy":"product_tag","embeddable":true,"href":"https:\/\/librairie7l.com\/en\/wp-json\/wp\/v2\/product_tag?post=54731"}],"curies":[{"name":"wp","href":"https:\/\/api.w.org\/{rel}","templated":true}]}}