{"id":54735,"date":"2026-02-12T10:17:09","date_gmt":"2026-02-12T09:17:09","guid":{"rendered":"https:\/\/librairie7l.com\/?post_type=product&#038;p=54735"},"modified":"2026-04-16T06:23:50","modified_gmt":"2026-04-16T04:23:50","slug":"mononoke-2","status":"publish","type":"product","link":"https:\/\/librairie7l.com\/en\/produit\/mononoke-2\/","title":{"rendered":"MONONOKE"},"content":{"rendered":"<p>Les yoka\u00ef sont ces \u00eatres surnaturels qui habitent les coins d&#8217;ombre, les lieux oubli\u00e9s ou les soupentes des maisons.<br \/>\nCes fant\u00f4mes, bienveillants ou hostiles, apparaissent \u00e0 de rares occasions pour se coller au dos des gens, apporter la chance ou encore leur faire peur en lan\u00e7ant des haricots rouges sur le sol. Rares sont ceux qui les voient, encore plus rares sont ceux qui les connaissent.<br \/>\nShigeru Mizuki n&#8217;est pas seulement celui qui a sauv\u00e9 les yoka\u00ef de l&#8217;oubli lorsque le Japon, d\u00e9sireux de gagner sa place parmi les nations d&#8217;apr\u00e8s-guerre, tournait le dos \u00e0 ses l\u00e9gendes. Non, Shigeru Mizuki est tout simplement le plus grand chasseur de yoka\u00ef que le monde ait jamais connu. Il est celui qui les a d\u00e9busqu\u00e9s jusque dans les campagnes les plus recul\u00e9es, les recensant et les dessinant avec une exactitude parfois photographique. Son travail a suscit\u00e9 un int\u00e9r\u00eat nouveau pour ces l\u00e9gendes oubli\u00e9es, qui s&#8217;est mu\u00e9 avec le temps en un v\u00e9ritable engouement populaire. Sans ses dessins, Totoro et les cr\u00e9atures magiques de Miyazaki n&#8217;aurait jamais vu le jour. De nombreuses \u00e9tudes ont \u00e9t\u00e9 fond\u00e9es sur le travail de Mizuki et une chaire d&#8217;\u00e9tude des yoka\u00ef a d&#8217;ailleurs \u00e9t\u00e9 ouverte \u00e0 l&#8217;universit\u00e9 de Tokyo.<br \/>\nCe livre recense d&#8217;incroyables dessins que Shigeru Mizuki a consacr\u00e9 aux yoka\u00ef et pr\u00e9sente, en noir et blanc ou en couleur, chacun des monstres par son nom. Une pr\u00e9face restituera la dimension historique et culturelles des yoka\u00ef, et d\u00e9taillera l&#8217;apport majeur de Shigeru Mizuki \u00e0 la connaissance de ces \u00eatres invisibles.<\/p>\n","protected":false},"excerpt":{"rendered":"<p>Les yoka\u00ef sont ces \u00eatres surnaturels qui habitent les coins d&#8217;ombre, les lieux oubli\u00e9s ou les soupentes des maisons. Ces fant\u00f4mes, bienveillants ou hostiles, apparaissent \u00e0 de rares occasions pour se coller au dos des gens, apporter la chance ou encore leur faire peur en lan\u00e7ant des haricots rouges sur le sol. Rares sont ceux [&hellip;]<\/p>\n","protected":false},"featured_media":54733,"template":"","meta":[],"product_cat":[2948],"product_tag":[],"acf":[],"yoast_head":"<!-- This site is optimized with the Yoast SEO plugin v20.11 - https:\/\/yoast.com\/wordpress\/plugins\/seo\/ -->\n<title>Mononoke - Librairie 7L<\/title>\n<meta name=\"robots\" content=\"index, follow, max-snippet:-1, max-image-preview:large, max-video-preview:-1\" \/>\n<link rel=\"canonical\" href=\"https:\/\/librairie7l.com\/en\/produit\/mononoke-2\/\" \/>\n<meta property=\"og:locale\" content=\"en_US\" \/>\n<meta property=\"og:type\" content=\"article\" \/>\n<meta property=\"og:title\" content=\"Mononoke - Librairie 7L\" \/>\n<meta property=\"og:description\" content=\"Les yoka\u00ef sont ces \u00eatres surnaturels qui habitent les coins d&#8217;ombre, les lieux oubli\u00e9s ou les soupentes des maisons. Ces fant\u00f4mes, bienveillants ou hostiles, apparaissent \u00e0 de rares occasions pour se coller au dos des gens, apporter la chance ou encore leur faire peur en lan\u00e7ant des haricots rouges sur le sol. Rares sont ceux [&hellip;]\" \/>\n<meta property=\"og:url\" content=\"https:\/\/librairie7l.com\/en\/produit\/mononoke-2\/\" \/>\n<meta property=\"og:site_name\" content=\"Librairie 7L\" \/>\n<meta property=\"article:modified_time\" content=\"2026-04-16T04:23:50+00:00\" \/>\n<meta property=\"og:image\" content=\"https:\/\/librairie7l.com\/wp-content\/uploads\/2021\/04\/9782360811915_1_75.jpg\" \/>\n\t<meta property=\"og:image:width\" content=\"600\" \/>\n\t<meta property=\"og:image:height\" content=\"486\" \/>\n\t<meta property=\"og:image:type\" content=\"image\/jpeg\" \/>\n<meta name=\"twitter:card\" content=\"summary_large_image\" \/>\n<meta name=\"twitter:label1\" content=\"Est. reading time\" \/>\n\t<meta name=\"twitter:data1\" content=\"1 minute\" \/>\n<script type=\"application\/ld+json\" class=\"yoast-schema-graph\">{\"@context\":\"https:\/\/schema.org\",\"@graph\":[{\"@type\":\"WebPage\",\"@id\":\"https:\/\/librairie7l.com\/en\/produit\/mononoke-2\/\",\"url\":\"https:\/\/librairie7l.com\/en\/produit\/mononoke-2\/\",\"name\":\"Mononoke - Librairie 7L\",\"isPartOf\":{\"@id\":\"https:\/\/librairie7l.com\/en\/#website\"},\"datePublished\":\"2026-02-12T09:17:09+00:00\",\"dateModified\":\"2026-04-16T04:23:50+00:00\",\"breadcrumb\":{\"@id\":\"https:\/\/librairie7l.com\/en\/produit\/mononoke-2\/#breadcrumb\"},\"inLanguage\":\"en-US\",\"potentialAction\":[{\"@type\":\"ReadAction\",\"target\":[\"https:\/\/librairie7l.com\/en\/produit\/mononoke-2\/\"]}]},{\"@type\":\"BreadcrumbList\",\"@id\":\"https:\/\/librairie7l.com\/en\/produit\/mononoke-2\/#breadcrumb\",\"itemListElement\":[{\"@type\":\"ListItem\",\"position\":1,\"name\":\"Accueil\",\"item\":\"https:\/\/librairie7l.com\/en\/\"},{\"@type\":\"ListItem\",\"position\":2,\"name\":\"Shop\",\"item\":\"https:\/\/librairie7l.com\/en\/shop\/\"},{\"@type\":\"ListItem\",\"position\":3,\"name\":\"MONONOKE\"}]},{\"@type\":\"WebSite\",\"@id\":\"https:\/\/librairie7l.com\/en\/#website\",\"url\":\"https:\/\/librairie7l.com\/en\/\",\"name\":\"Librairie 7L\",\"description\":\"Librairie fond\u00e9e en 1999 par Karl Lagerfeld \u00e0 Paris\",\"publisher\":{\"@id\":\"https:\/\/librairie7l.com\/en\/#organization\"},\"potentialAction\":[{\"@type\":\"SearchAction\",\"target\":{\"@type\":\"EntryPoint\",\"urlTemplate\":\"https:\/\/librairie7l.com\/en\/?s={search_term_string}\"},\"query-input\":\"required name=search_term_string\"}],\"inLanguage\":\"en-US\"},{\"@type\":\"Organization\",\"@id\":\"https:\/\/librairie7l.com\/en\/#organization\",\"name\":\"Librairie 7L\",\"url\":\"https:\/\/librairie7l.com\/en\/\",\"logo\":{\"@type\":\"ImageObject\",\"inLanguage\":\"en-US\",\"@id\":\"https:\/\/librairie7l.com\/en\/#\/schema\/logo\/image\/\",\"url\":\"https:\/\/librairie7l.com\/wp-content\/uploads\/2022\/08\/logo-1.png\",\"contentUrl\":\"https:\/\/librairie7l.com\/wp-content\/uploads\/2022\/08\/logo-1.png\",\"width\":227,\"height\":301,\"caption\":\"Librairie 7L\"},\"image\":{\"@id\":\"https:\/\/librairie7l.com\/en\/#\/schema\/logo\/image\/\"}}]}<\/script>\n<!-- \/ Yoast SEO plugin. -->","yoast_head_json":{"title":"Mononoke - Librairie 7L","robots":{"index":"index","follow":"follow","max-snippet":"max-snippet:-1","max-image-preview":"max-image-preview:large","max-video-preview":"max-video-preview:-1"},"canonical":"https:\/\/librairie7l.com\/en\/produit\/mononoke-2\/","og_locale":"en_US","og_type":"article","og_title":"Mononoke - Librairie 7L","og_description":"Les yoka\u00ef sont ces \u00eatres surnaturels qui habitent les coins d&#8217;ombre, les lieux oubli\u00e9s ou les soupentes des maisons. Ces fant\u00f4mes, bienveillants ou hostiles, apparaissent \u00e0 de rares occasions pour se coller au dos des gens, apporter la chance ou encore leur faire peur en lan\u00e7ant des haricots rouges sur le sol. Rares sont ceux [&hellip;]","og_url":"https:\/\/librairie7l.com\/en\/produit\/mononoke-2\/","og_site_name":"Librairie 7L","article_modified_time":"2026-04-16T04:23:50+00:00","og_image":[{"width":600,"height":486,"url":"https:\/\/librairie7l.com\/wp-content\/uploads\/2021\/04\/9782360811915_1_75.jpg","type":"image\/jpeg"}],"twitter_card":"summary_large_image","twitter_misc":{"Est. reading time":"1 minute"},"schema":{"@context":"https:\/\/schema.org","@graph":[{"@type":"WebPage","@id":"https:\/\/librairie7l.com\/en\/produit\/mononoke-2\/","url":"https:\/\/librairie7l.com\/en\/produit\/mononoke-2\/","name":"Mononoke - Librairie 7L","isPartOf":{"@id":"https:\/\/librairie7l.com\/en\/#website"},"datePublished":"2026-02-12T09:17:09+00:00","dateModified":"2026-04-16T04:23:50+00:00","breadcrumb":{"@id":"https:\/\/librairie7l.com\/en\/produit\/mononoke-2\/#breadcrumb"},"inLanguage":"en-US","potentialAction":[{"@type":"ReadAction","target":["https:\/\/librairie7l.com\/en\/produit\/mononoke-2\/"]}]},{"@type":"BreadcrumbList","@id":"https:\/\/librairie7l.com\/en\/produit\/mononoke-2\/#breadcrumb","itemListElement":[{"@type":"ListItem","position":1,"name":"Accueil","item":"https:\/\/librairie7l.com\/en\/"},{"@type":"ListItem","position":2,"name":"Shop","item":"https:\/\/librairie7l.com\/en\/shop\/"},{"@type":"ListItem","position":3,"name":"MONONOKE"}]},{"@type":"WebSite","@id":"https:\/\/librairie7l.com\/en\/#website","url":"https:\/\/librairie7l.com\/en\/","name":"Librairie 7L","description":"Librairie fond\u00e9e en 1999 par Karl Lagerfeld \u00e0 Paris","publisher":{"@id":"https:\/\/librairie7l.com\/en\/#organization"},"potentialAction":[{"@type":"SearchAction","target":{"@type":"EntryPoint","urlTemplate":"https:\/\/librairie7l.com\/en\/?s={search_term_string}"},"query-input":"required name=search_term_string"}],"inLanguage":"en-US"},{"@type":"Organization","@id":"https:\/\/librairie7l.com\/en\/#organization","name":"Librairie 7L","url":"https:\/\/librairie7l.com\/en\/","logo":{"@type":"ImageObject","inLanguage":"en-US","@id":"https:\/\/librairie7l.com\/en\/#\/schema\/logo\/image\/","url":"https:\/\/librairie7l.com\/wp-content\/uploads\/2022\/08\/logo-1.png","contentUrl":"https:\/\/librairie7l.com\/wp-content\/uploads\/2022\/08\/logo-1.png","width":227,"height":301,"caption":"Librairie 7L"},"image":{"@id":"https:\/\/librairie7l.com\/en\/#\/schema\/logo\/image\/"}}]}},"_links":{"self":[{"href":"https:\/\/librairie7l.com\/en\/wp-json\/wp\/v2\/product\/54735"}],"collection":[{"href":"https:\/\/librairie7l.com\/en\/wp-json\/wp\/v2\/product"}],"about":[{"href":"https:\/\/librairie7l.com\/en\/wp-json\/wp\/v2\/types\/product"}],"wp:featuredmedia":[{"embeddable":true,"href":"https:\/\/librairie7l.com\/en\/wp-json\/wp\/v2\/media\/54733"}],"wp:attachment":[{"href":"https:\/\/librairie7l.com\/en\/wp-json\/wp\/v2\/media?parent=54735"}],"wp:term":[{"taxonomy":"product_cat","embeddable":true,"href":"https:\/\/librairie7l.com\/en\/wp-json\/wp\/v2\/product_cat?post=54735"},{"taxonomy":"product_tag","embeddable":true,"href":"https:\/\/librairie7l.com\/en\/wp-json\/wp\/v2\/product_tag?post=54735"}],"curies":[{"name":"wp","href":"https:\/\/api.w.org\/{rel}","templated":true}]}}