{"id":54739,"date":"2026-02-12T10:17:11","date_gmt":"2026-02-12T09:17:11","guid":{"rendered":"https:\/\/librairie7l.com\/?post_type=product&#038;p=54739"},"modified":"2026-04-20T19:43:00","modified_gmt":"2026-04-20T17:43:00","slug":"paintings-2","status":"publish","type":"product","link":"https:\/\/librairie7l.com\/en\/produit\/paintings-2\/","title":{"rendered":"PAINTINGS"},"content":{"rendered":"<p>Organis\u00e9 de mani\u00e8re associative et non chronologique, l&#8217;ouvrage pr\u00e9sente diff\u00e9rentes s\u00e9ries en parall\u00e8le, en mettant l&#8217;accent sur les motifs et th\u00e8mes r\u00e9currents dans diff\u00e9rents m\u00e9diums, \u00e0 travers l&#8217;ensemble de son oeuvre.<br \/>\nLa couverture de la publication est reli\u00e9e \u00e0 l&#8217;envers, donnant l&#8217;impression d&#8217;avoir \u00e9t\u00e9 arrach\u00e9e, retourn\u00e9e et d&#8217;envelopper d\u00e9sormais un \u00ab nouveau \u00bb bloc de livre. La couverture ext\u00e9rieure est compos\u00e9e de deux s\u00e9rigraphies tests (sign\u00e9es et tamponn\u00e9es au dos), faisant allusion \u00e0 la pratique picturale de Gus Van Sant comme \u00e9tant litt\u00e9ralement le revers de sa carri\u00e8re bien connue dans la r\u00e9alisation de films.<br \/>\nLe livre comprend un essai de Dennis Congdon intitul\u00e9 \u00ab La l\u00e9g\u00e8ret\u00e9 dans les peintures de Gus Van Sant \u00bb, ainsi qu&#8217;une nouvelle interview de Van Sant r\u00e9alis\u00e9e par Leah Gudmundson, qui offre un aper\u00e7u personnel de sa pratique. L&#8217;ensemble appara\u00eet comme un projet intime qui offre une vision plus compl\u00e8te de l&#8217;univers visuel de Gus Van Sant au-del\u00e0 du cin\u00e9ma.<\/p>\n","protected":false},"excerpt":{"rendered":"<p>Organis\u00e9 de mani\u00e8re associative et non chronologique, l&#8217;ouvrage pr\u00e9sente diff\u00e9rentes s\u00e9ries en parall\u00e8le, en mettant l&#8217;accent sur les motifs et th\u00e8mes r\u00e9currents dans diff\u00e9rents m\u00e9diums, \u00e0 travers l&#8217;ensemble de son oeuvre. La couverture de la publication est reli\u00e9e \u00e0 l&#8217;envers, donnant l&#8217;impression d&#8217;avoir \u00e9t\u00e9 arrach\u00e9e, retourn\u00e9e et d&#8217;envelopper d\u00e9sormais un \u00ab nouveau \u00bb bloc de [&hellip;]<\/p>\n","protected":false},"featured_media":54737,"template":"","meta":[],"product_cat":[2948],"product_tag":[],"acf":[],"yoast_head":"<!-- This site is optimized with the Yoast SEO plugin v20.11 - https:\/\/yoast.com\/wordpress\/plugins\/seo\/ -->\n<title>Paintings - Librairie 7L<\/title>\n<meta name=\"robots\" content=\"index, follow, max-snippet:-1, max-image-preview:large, max-video-preview:-1\" \/>\n<link rel=\"canonical\" href=\"https:\/\/librairie7l.com\/en\/produit\/paintings-2\/\" \/>\n<meta property=\"og:locale\" content=\"en_US\" \/>\n<meta property=\"og:type\" content=\"article\" \/>\n<meta property=\"og:title\" content=\"Paintings - Librairie 7L\" \/>\n<meta property=\"og:description\" content=\"Organis\u00e9 de mani\u00e8re associative et non chronologique, l&#8217;ouvrage pr\u00e9sente diff\u00e9rentes s\u00e9ries en parall\u00e8le, en mettant l&#8217;accent sur les motifs et th\u00e8mes r\u00e9currents dans diff\u00e9rents m\u00e9diums, \u00e0 travers l&#8217;ensemble de son oeuvre. La couverture de la publication est reli\u00e9e \u00e0 l&#8217;envers, donnant l&#8217;impression d&#8217;avoir \u00e9t\u00e9 arrach\u00e9e, retourn\u00e9e et d&#8217;envelopper d\u00e9sormais un \u00ab nouveau \u00bb bloc de [&hellip;]\" \/>\n<meta property=\"og:url\" content=\"https:\/\/librairie7l.com\/en\/produit\/paintings-2\/\" \/>\n<meta property=\"og:site_name\" content=\"Librairie 7L\" \/>\n<meta property=\"article:modified_time\" content=\"2026-04-20T17:43:00+00:00\" \/>\n<meta property=\"og:image\" content=\"https:\/\/librairie7l.com\/wp-content\/uploads\/2026\/02\/9791098093401_1_75.jpg\" \/>\n\t<meta property=\"og:image:width\" content=\"400\" \/>\n\t<meta property=\"og:image:height\" content=\"543\" \/>\n\t<meta property=\"og:image:type\" content=\"image\/jpeg\" \/>\n<meta name=\"twitter:card\" content=\"summary_large_image\" \/>\n<meta name=\"twitter:label1\" content=\"Est. reading time\" \/>\n\t<meta name=\"twitter:data1\" content=\"1 minute\" \/>\n<script type=\"application\/ld+json\" class=\"yoast-schema-graph\">{\"@context\":\"https:\/\/schema.org\",\"@graph\":[{\"@type\":\"WebPage\",\"@id\":\"https:\/\/librairie7l.com\/en\/produit\/paintings-2\/\",\"url\":\"https:\/\/librairie7l.com\/en\/produit\/paintings-2\/\",\"name\":\"Paintings - Librairie 7L\",\"isPartOf\":{\"@id\":\"https:\/\/librairie7l.com\/en\/#website\"},\"datePublished\":\"2026-02-12T09:17:11+00:00\",\"dateModified\":\"2026-04-20T17:43:00+00:00\",\"breadcrumb\":{\"@id\":\"https:\/\/librairie7l.com\/en\/produit\/paintings-2\/#breadcrumb\"},\"inLanguage\":\"en-US\",\"potentialAction\":[{\"@type\":\"ReadAction\",\"target\":[\"https:\/\/librairie7l.com\/en\/produit\/paintings-2\/\"]}]},{\"@type\":\"BreadcrumbList\",\"@id\":\"https:\/\/librairie7l.com\/en\/produit\/paintings-2\/#breadcrumb\",\"itemListElement\":[{\"@type\":\"ListItem\",\"position\":1,\"name\":\"Accueil\",\"item\":\"https:\/\/librairie7l.com\/en\/\"},{\"@type\":\"ListItem\",\"position\":2,\"name\":\"Shop\",\"item\":\"https:\/\/librairie7l.com\/en\/shop\/\"},{\"@type\":\"ListItem\",\"position\":3,\"name\":\"PAINTINGS\"}]},{\"@type\":\"WebSite\",\"@id\":\"https:\/\/librairie7l.com\/en\/#website\",\"url\":\"https:\/\/librairie7l.com\/en\/\",\"name\":\"Librairie 7L\",\"description\":\"Librairie fond\u00e9e en 1999 par Karl Lagerfeld \u00e0 Paris\",\"publisher\":{\"@id\":\"https:\/\/librairie7l.com\/en\/#organization\"},\"potentialAction\":[{\"@type\":\"SearchAction\",\"target\":{\"@type\":\"EntryPoint\",\"urlTemplate\":\"https:\/\/librairie7l.com\/en\/?s={search_term_string}\"},\"query-input\":\"required name=search_term_string\"}],\"inLanguage\":\"en-US\"},{\"@type\":\"Organization\",\"@id\":\"https:\/\/librairie7l.com\/en\/#organization\",\"name\":\"Librairie 7L\",\"url\":\"https:\/\/librairie7l.com\/en\/\",\"logo\":{\"@type\":\"ImageObject\",\"inLanguage\":\"en-US\",\"@id\":\"https:\/\/librairie7l.com\/en\/#\/schema\/logo\/image\/\",\"url\":\"https:\/\/librairie7l.com\/wp-content\/uploads\/2022\/08\/logo-1.png\",\"contentUrl\":\"https:\/\/librairie7l.com\/wp-content\/uploads\/2022\/08\/logo-1.png\",\"width\":227,\"height\":301,\"caption\":\"Librairie 7L\"},\"image\":{\"@id\":\"https:\/\/librairie7l.com\/en\/#\/schema\/logo\/image\/\"}}]}<\/script>\n<!-- \/ Yoast SEO plugin. -->","yoast_head_json":{"title":"Paintings - Librairie 7L","robots":{"index":"index","follow":"follow","max-snippet":"max-snippet:-1","max-image-preview":"max-image-preview:large","max-video-preview":"max-video-preview:-1"},"canonical":"https:\/\/librairie7l.com\/en\/produit\/paintings-2\/","og_locale":"en_US","og_type":"article","og_title":"Paintings - Librairie 7L","og_description":"Organis\u00e9 de mani\u00e8re associative et non chronologique, l&#8217;ouvrage pr\u00e9sente diff\u00e9rentes s\u00e9ries en parall\u00e8le, en mettant l&#8217;accent sur les motifs et th\u00e8mes r\u00e9currents dans diff\u00e9rents m\u00e9diums, \u00e0 travers l&#8217;ensemble de son oeuvre. La couverture de la publication est reli\u00e9e \u00e0 l&#8217;envers, donnant l&#8217;impression d&#8217;avoir \u00e9t\u00e9 arrach\u00e9e, retourn\u00e9e et d&#8217;envelopper d\u00e9sormais un \u00ab nouveau \u00bb bloc de [&hellip;]","og_url":"https:\/\/librairie7l.com\/en\/produit\/paintings-2\/","og_site_name":"Librairie 7L","article_modified_time":"2026-04-20T17:43:00+00:00","og_image":[{"width":400,"height":543,"url":"https:\/\/librairie7l.com\/wp-content\/uploads\/2026\/02\/9791098093401_1_75.jpg","type":"image\/jpeg"}],"twitter_card":"summary_large_image","twitter_misc":{"Est. reading time":"1 minute"},"schema":{"@context":"https:\/\/schema.org","@graph":[{"@type":"WebPage","@id":"https:\/\/librairie7l.com\/en\/produit\/paintings-2\/","url":"https:\/\/librairie7l.com\/en\/produit\/paintings-2\/","name":"Paintings - Librairie 7L","isPartOf":{"@id":"https:\/\/librairie7l.com\/en\/#website"},"datePublished":"2026-02-12T09:17:11+00:00","dateModified":"2026-04-20T17:43:00+00:00","breadcrumb":{"@id":"https:\/\/librairie7l.com\/en\/produit\/paintings-2\/#breadcrumb"},"inLanguage":"en-US","potentialAction":[{"@type":"ReadAction","target":["https:\/\/librairie7l.com\/en\/produit\/paintings-2\/"]}]},{"@type":"BreadcrumbList","@id":"https:\/\/librairie7l.com\/en\/produit\/paintings-2\/#breadcrumb","itemListElement":[{"@type":"ListItem","position":1,"name":"Accueil","item":"https:\/\/librairie7l.com\/en\/"},{"@type":"ListItem","position":2,"name":"Shop","item":"https:\/\/librairie7l.com\/en\/shop\/"},{"@type":"ListItem","position":3,"name":"PAINTINGS"}]},{"@type":"WebSite","@id":"https:\/\/librairie7l.com\/en\/#website","url":"https:\/\/librairie7l.com\/en\/","name":"Librairie 7L","description":"Librairie fond\u00e9e en 1999 par Karl Lagerfeld \u00e0 Paris","publisher":{"@id":"https:\/\/librairie7l.com\/en\/#organization"},"potentialAction":[{"@type":"SearchAction","target":{"@type":"EntryPoint","urlTemplate":"https:\/\/librairie7l.com\/en\/?s={search_term_string}"},"query-input":"required name=search_term_string"}],"inLanguage":"en-US"},{"@type":"Organization","@id":"https:\/\/librairie7l.com\/en\/#organization","name":"Librairie 7L","url":"https:\/\/librairie7l.com\/en\/","logo":{"@type":"ImageObject","inLanguage":"en-US","@id":"https:\/\/librairie7l.com\/en\/#\/schema\/logo\/image\/","url":"https:\/\/librairie7l.com\/wp-content\/uploads\/2022\/08\/logo-1.png","contentUrl":"https:\/\/librairie7l.com\/wp-content\/uploads\/2022\/08\/logo-1.png","width":227,"height":301,"caption":"Librairie 7L"},"image":{"@id":"https:\/\/librairie7l.com\/en\/#\/schema\/logo\/image\/"}}]}},"_links":{"self":[{"href":"https:\/\/librairie7l.com\/en\/wp-json\/wp\/v2\/product\/54739"}],"collection":[{"href":"https:\/\/librairie7l.com\/en\/wp-json\/wp\/v2\/product"}],"about":[{"href":"https:\/\/librairie7l.com\/en\/wp-json\/wp\/v2\/types\/product"}],"wp:featuredmedia":[{"embeddable":true,"href":"https:\/\/librairie7l.com\/en\/wp-json\/wp\/v2\/media\/54737"}],"wp:attachment":[{"href":"https:\/\/librairie7l.com\/en\/wp-json\/wp\/v2\/media?parent=54739"}],"wp:term":[{"taxonomy":"product_cat","embeddable":true,"href":"https:\/\/librairie7l.com\/en\/wp-json\/wp\/v2\/product_cat?post=54739"},{"taxonomy":"product_tag","embeddable":true,"href":"https:\/\/librairie7l.com\/en\/wp-json\/wp\/v2\/product_tag?post=54739"}],"curies":[{"name":"wp","href":"https:\/\/api.w.org\/{rel}","templated":true}]}}