{"id":54747,"date":"2026-02-12T10:17:15","date_gmt":"2026-02-12T09:17:15","guid":{"rendered":"https:\/\/librairie7l.com\/?post_type=product&#038;p=54747"},"modified":"2026-04-20T21:28:31","modified_gmt":"2026-04-20T19:28:31","slug":"so-many-real-things-2","status":"publish","type":"product","link":"https:\/\/librairie7l.com\/en\/produit\/so-many-real-things-2\/","title":{"rendered":"SO MANY REAL THINGS"},"content":{"rendered":"<p>Dans ce livre pens\u00e9 comme un carnet d&#8217;atelier, Nathalie Du Pasquier rassemble une s\u00e9rie de compositions r\u00e9alis\u00e9es directement sur le sol de son atelier \u00e0 Milan. Objets du quotidien, dessins, livres, photographies : chaque composition est faite d&#8217;\u00e9l\u00e9ments choisis, comme les fragments d&#8217;un langage intime. Ces arrangements visuels, \u00e0 la fois pr\u00e9cis et instinctifs, donnent \u00e0 voir sa mani\u00e8re d&#8217;associer formes et couleurs, de cr\u00e9er des dialogues entre les choses, dans un \u00e9quilibre propre \u00e0 sa pratique picturale. Ils offrent un aper\u00e7u rare de son univers, une vision \u00ab hors champ \u00bb de son travail.<br \/>\nChaque image est accompagn\u00e9e d&#8217;un court texte de l&#8217;artiste. Ces textes, \u00e9crits dans un ton qui lui est propre &#8211; dr\u00f4le, po\u00e9tique, direct &#8211; d\u00e9voilent les histoires, les r\u00e9sonances, les souvenirs ou les hasards qui relient ces \u00e9l\u00e9ments entre eux. Ce va-et-vient entre l&#8217;image et l&#8217;\u00e9crit compose un autoportrait en creux, comme un portrait chinois.<br \/>\nLe design du livre fait \u00e9cho aux blocs de dessin que l&#8217;artiste utilise dans son travail, soulignant l&#8217;importance du papier, du format, du dessin comme espace de r\u00e9flexion. Entre journal visuel, collection d&#8217;objets et r\u00e9cit sensible, ce livre propose un regard nouveau sur l&#8217;oeuvre de Nathalie Du Pasquier &#8211; port\u00e9 par la singularit\u00e9 d&#8217;une vision \u00e0 la fois libre et sinc\u00e8re.<\/p>\n","protected":false},"excerpt":{"rendered":"<p>Dans ce livre pens\u00e9 comme un carnet d&#8217;atelier, Nathalie Du Pasquier rassemble une s\u00e9rie de compositions r\u00e9alis\u00e9es directement sur le sol de son atelier \u00e0 Milan. Objets du quotidien, dessins, livres, photographies : chaque composition est faite d&#8217;\u00e9l\u00e9ments choisis, comme les fragments d&#8217;un langage intime. Ces arrangements visuels, \u00e0 la fois pr\u00e9cis et instinctifs, donnent [&hellip;]<\/p>\n","protected":false},"featured_media":54745,"template":"","meta":[],"product_cat":[2948],"product_tag":[],"acf":[],"yoast_head":"<!-- This site is optimized with the Yoast SEO plugin v20.11 - https:\/\/yoast.com\/wordpress\/plugins\/seo\/ -->\n<title>So Many Real Things - Librairie 7L<\/title>\n<meta name=\"robots\" content=\"index, follow, max-snippet:-1, max-image-preview:large, max-video-preview:-1\" \/>\n<link rel=\"canonical\" href=\"https:\/\/librairie7l.com\/en\/produit\/so-many-real-things-2\/\" \/>\n<meta property=\"og:locale\" content=\"en_US\" \/>\n<meta property=\"og:type\" content=\"article\" \/>\n<meta property=\"og:title\" content=\"So Many Real Things - Librairie 7L\" \/>\n<meta property=\"og:description\" content=\"Dans ce livre pens\u00e9 comme un carnet d&#8217;atelier, Nathalie Du Pasquier rassemble une s\u00e9rie de compositions r\u00e9alis\u00e9es directement sur le sol de son atelier \u00e0 Milan. Objets du quotidien, dessins, livres, photographies : chaque composition est faite d&#8217;\u00e9l\u00e9ments choisis, comme les fragments d&#8217;un langage intime. Ces arrangements visuels, \u00e0 la fois pr\u00e9cis et instinctifs, donnent [&hellip;]\" \/>\n<meta property=\"og:url\" content=\"https:\/\/librairie7l.com\/en\/produit\/so-many-real-things-2\/\" \/>\n<meta property=\"og:site_name\" content=\"Librairie 7L\" \/>\n<meta property=\"article:modified_time\" content=\"2026-04-20T19:28:31+00:00\" \/>\n<meta property=\"og:image\" content=\"https:\/\/librairie7l.com\/wp-content\/uploads\/2025\/12\/9782959371233_1_75.jpg\" \/>\n\t<meta property=\"og:image:width\" content=\"871\" \/>\n\t<meta property=\"og:image:height\" content=\"600\" \/>\n\t<meta property=\"og:image:type\" content=\"image\/jpeg\" \/>\n<meta name=\"twitter:card\" content=\"summary_large_image\" \/>\n<meta name=\"twitter:label1\" content=\"Est. reading time\" \/>\n\t<meta name=\"twitter:data1\" content=\"1 minute\" \/>\n<script type=\"application\/ld+json\" class=\"yoast-schema-graph\">{\"@context\":\"https:\/\/schema.org\",\"@graph\":[{\"@type\":\"WebPage\",\"@id\":\"https:\/\/librairie7l.com\/en\/produit\/so-many-real-things-2\/\",\"url\":\"https:\/\/librairie7l.com\/en\/produit\/so-many-real-things-2\/\",\"name\":\"So Many Real Things - Librairie 7L\",\"isPartOf\":{\"@id\":\"https:\/\/librairie7l.com\/en\/#website\"},\"datePublished\":\"2026-02-12T09:17:15+00:00\",\"dateModified\":\"2026-04-20T19:28:31+00:00\",\"breadcrumb\":{\"@id\":\"https:\/\/librairie7l.com\/en\/produit\/so-many-real-things-2\/#breadcrumb\"},\"inLanguage\":\"en-US\",\"potentialAction\":[{\"@type\":\"ReadAction\",\"target\":[\"https:\/\/librairie7l.com\/en\/produit\/so-many-real-things-2\/\"]}]},{\"@type\":\"BreadcrumbList\",\"@id\":\"https:\/\/librairie7l.com\/en\/produit\/so-many-real-things-2\/#breadcrumb\",\"itemListElement\":[{\"@type\":\"ListItem\",\"position\":1,\"name\":\"Accueil\",\"item\":\"https:\/\/librairie7l.com\/en\/\"},{\"@type\":\"ListItem\",\"position\":2,\"name\":\"Shop\",\"item\":\"https:\/\/librairie7l.com\/en\/shop\/\"},{\"@type\":\"ListItem\",\"position\":3,\"name\":\"SO MANY REAL THINGS\"}]},{\"@type\":\"WebSite\",\"@id\":\"https:\/\/librairie7l.com\/en\/#website\",\"url\":\"https:\/\/librairie7l.com\/en\/\",\"name\":\"Librairie 7L\",\"description\":\"Librairie fond\u00e9e en 1999 par Karl Lagerfeld \u00e0 Paris\",\"publisher\":{\"@id\":\"https:\/\/librairie7l.com\/en\/#organization\"},\"potentialAction\":[{\"@type\":\"SearchAction\",\"target\":{\"@type\":\"EntryPoint\",\"urlTemplate\":\"https:\/\/librairie7l.com\/en\/?s={search_term_string}\"},\"query-input\":\"required name=search_term_string\"}],\"inLanguage\":\"en-US\"},{\"@type\":\"Organization\",\"@id\":\"https:\/\/librairie7l.com\/en\/#organization\",\"name\":\"Librairie 7L\",\"url\":\"https:\/\/librairie7l.com\/en\/\",\"logo\":{\"@type\":\"ImageObject\",\"inLanguage\":\"en-US\",\"@id\":\"https:\/\/librairie7l.com\/en\/#\/schema\/logo\/image\/\",\"url\":\"https:\/\/librairie7l.com\/wp-content\/uploads\/2022\/08\/logo-1.png\",\"contentUrl\":\"https:\/\/librairie7l.com\/wp-content\/uploads\/2022\/08\/logo-1.png\",\"width\":227,\"height\":301,\"caption\":\"Librairie 7L\"},\"image\":{\"@id\":\"https:\/\/librairie7l.com\/en\/#\/schema\/logo\/image\/\"}}]}<\/script>\n<!-- \/ Yoast SEO plugin. -->","yoast_head_json":{"title":"So Many Real Things - Librairie 7L","robots":{"index":"index","follow":"follow","max-snippet":"max-snippet:-1","max-image-preview":"max-image-preview:large","max-video-preview":"max-video-preview:-1"},"canonical":"https:\/\/librairie7l.com\/en\/produit\/so-many-real-things-2\/","og_locale":"en_US","og_type":"article","og_title":"So Many Real Things - Librairie 7L","og_description":"Dans ce livre pens\u00e9 comme un carnet d&#8217;atelier, Nathalie Du Pasquier rassemble une s\u00e9rie de compositions r\u00e9alis\u00e9es directement sur le sol de son atelier \u00e0 Milan. Objets du quotidien, dessins, livres, photographies : chaque composition est faite d&#8217;\u00e9l\u00e9ments choisis, comme les fragments d&#8217;un langage intime. Ces arrangements visuels, \u00e0 la fois pr\u00e9cis et instinctifs, donnent [&hellip;]","og_url":"https:\/\/librairie7l.com\/en\/produit\/so-many-real-things-2\/","og_site_name":"Librairie 7L","article_modified_time":"2026-04-20T19:28:31+00:00","og_image":[{"width":871,"height":600,"url":"https:\/\/librairie7l.com\/wp-content\/uploads\/2025\/12\/9782959371233_1_75.jpg","type":"image\/jpeg"}],"twitter_card":"summary_large_image","twitter_misc":{"Est. reading time":"1 minute"},"schema":{"@context":"https:\/\/schema.org","@graph":[{"@type":"WebPage","@id":"https:\/\/librairie7l.com\/en\/produit\/so-many-real-things-2\/","url":"https:\/\/librairie7l.com\/en\/produit\/so-many-real-things-2\/","name":"So Many Real Things - Librairie 7L","isPartOf":{"@id":"https:\/\/librairie7l.com\/en\/#website"},"datePublished":"2026-02-12T09:17:15+00:00","dateModified":"2026-04-20T19:28:31+00:00","breadcrumb":{"@id":"https:\/\/librairie7l.com\/en\/produit\/so-many-real-things-2\/#breadcrumb"},"inLanguage":"en-US","potentialAction":[{"@type":"ReadAction","target":["https:\/\/librairie7l.com\/en\/produit\/so-many-real-things-2\/"]}]},{"@type":"BreadcrumbList","@id":"https:\/\/librairie7l.com\/en\/produit\/so-many-real-things-2\/#breadcrumb","itemListElement":[{"@type":"ListItem","position":1,"name":"Accueil","item":"https:\/\/librairie7l.com\/en\/"},{"@type":"ListItem","position":2,"name":"Shop","item":"https:\/\/librairie7l.com\/en\/shop\/"},{"@type":"ListItem","position":3,"name":"SO MANY REAL THINGS"}]},{"@type":"WebSite","@id":"https:\/\/librairie7l.com\/en\/#website","url":"https:\/\/librairie7l.com\/en\/","name":"Librairie 7L","description":"Librairie fond\u00e9e en 1999 par Karl Lagerfeld \u00e0 Paris","publisher":{"@id":"https:\/\/librairie7l.com\/en\/#organization"},"potentialAction":[{"@type":"SearchAction","target":{"@type":"EntryPoint","urlTemplate":"https:\/\/librairie7l.com\/en\/?s={search_term_string}"},"query-input":"required name=search_term_string"}],"inLanguage":"en-US"},{"@type":"Organization","@id":"https:\/\/librairie7l.com\/en\/#organization","name":"Librairie 7L","url":"https:\/\/librairie7l.com\/en\/","logo":{"@type":"ImageObject","inLanguage":"en-US","@id":"https:\/\/librairie7l.com\/en\/#\/schema\/logo\/image\/","url":"https:\/\/librairie7l.com\/wp-content\/uploads\/2022\/08\/logo-1.png","contentUrl":"https:\/\/librairie7l.com\/wp-content\/uploads\/2022\/08\/logo-1.png","width":227,"height":301,"caption":"Librairie 7L"},"image":{"@id":"https:\/\/librairie7l.com\/en\/#\/schema\/logo\/image\/"}}]}},"_links":{"self":[{"href":"https:\/\/librairie7l.com\/en\/wp-json\/wp\/v2\/product\/54747"}],"collection":[{"href":"https:\/\/librairie7l.com\/en\/wp-json\/wp\/v2\/product"}],"about":[{"href":"https:\/\/librairie7l.com\/en\/wp-json\/wp\/v2\/types\/product"}],"wp:featuredmedia":[{"embeddable":true,"href":"https:\/\/librairie7l.com\/en\/wp-json\/wp\/v2\/media\/54745"}],"wp:attachment":[{"href":"https:\/\/librairie7l.com\/en\/wp-json\/wp\/v2\/media?parent=54747"}],"wp:term":[{"taxonomy":"product_cat","embeddable":true,"href":"https:\/\/librairie7l.com\/en\/wp-json\/wp\/v2\/product_cat?post=54747"},{"taxonomy":"product_tag","embeddable":true,"href":"https:\/\/librairie7l.com\/en\/wp-json\/wp\/v2\/product_tag?post=54747"}],"curies":[{"name":"wp","href":"https:\/\/api.w.org\/{rel}","templated":true}]}}