{"id":54761,"date":"2026-02-12T14:03:46","date_gmt":"2026-02-12T13:03:46","guid":{"rendered":"https:\/\/librairie7l.com\/?post_type=product&#038;p=54761"},"modified":"2026-04-16T05:19:01","modified_gmt":"2026-04-16T03:19:01","slug":"la-felure-2","status":"publish","type":"product","link":"https:\/\/librairie7l.com\/en\/produit\/la-felure-2\/","title":{"rendered":"LA F\u00caLURE"},"content":{"rendered":"<p>\u00c0 partir d&#8217;une c\u00e9l\u00e8bre nouvelle de Francis Scott Fitzgerald et \u00e0 travers les oeuvres des \u00e9crivaines Ingeborg Bachmann, Colette ou Marguerite Duras, de la po\u00e9tesse Anna Akhmatova, du navigateur Bernard Moitessier ou du chanteur J. J. Cale, et bien d&#8217;autres, Charlotte Casiraghi m\u00e8ne une suite de r\u00e9flexions litt\u00e9raires, philosophiques et sensibles.<br \/>\nLa F\u00ealure interroge cette ligne de fuite qui en nous menace et nous offre peut-\u00eatre dans le m\u00eame mouvement la chance la plus \u00e9lev\u00e9e, c&#8217;est-\u00e0-dire de saisir un peu de ce qui nous traverse lorsque nous vivons.<br \/>\nCe livre n&#8217;est pas un trait\u00e9, ni un r\u00e9cit, encore moins une confession. Il faudrait plut\u00f4t le voir comme une travers\u00e9e, une s\u00e9rie de variations sur un m\u00eame th\u00e8me, la ritournelle par laquelle se rejoue sans cesse une id\u00e9e fixe : quelque chose de nous est cass\u00e9 ; tant mieux.<\/p>\n","protected":false},"excerpt":{"rendered":"<p>\u00c0 partir d&#8217;une c\u00e9l\u00e8bre nouvelle de Francis Scott Fitzgerald et \u00e0 travers les oeuvres des \u00e9crivaines Ingeborg Bachmann, Colette ou Marguerite Duras, de la po\u00e9tesse Anna Akhmatova, du navigateur Bernard Moitessier ou du chanteur J. J. Cale, et bien d&#8217;autres, Charlotte Casiraghi m\u00e8ne une suite de r\u00e9flexions litt\u00e9raires, philosophiques et sensibles. La F\u00ealure interroge cette [&hellip;]<\/p>\n","protected":false},"featured_media":54760,"template":"","meta":[],"product_cat":[10294,2948],"product_tag":[],"acf":[],"yoast_head":"<!-- This site is optimized with the Yoast SEO plugin v20.11 - https:\/\/yoast.com\/wordpress\/plugins\/seo\/ -->\n<title>La f\u00ealure - Librairie 7L<\/title>\n<meta name=\"robots\" content=\"index, follow, max-snippet:-1, max-image-preview:large, max-video-preview:-1\" \/>\n<link rel=\"canonical\" href=\"https:\/\/librairie7l.com\/en\/produit\/la-felure-2\/\" \/>\n<meta property=\"og:locale\" content=\"en_US\" \/>\n<meta property=\"og:type\" content=\"article\" \/>\n<meta property=\"og:title\" content=\"La f\u00ealure - Librairie 7L\" \/>\n<meta property=\"og:description\" content=\"\u00c0 partir d&#8217;une c\u00e9l\u00e8bre nouvelle de Francis Scott Fitzgerald et \u00e0 travers les oeuvres des \u00e9crivaines Ingeborg Bachmann, Colette ou Marguerite Duras, de la po\u00e9tesse Anna Akhmatova, du navigateur Bernard Moitessier ou du chanteur J. J. Cale, et bien d&#8217;autres, Charlotte Casiraghi m\u00e8ne une suite de r\u00e9flexions litt\u00e9raires, philosophiques et sensibles. La F\u00ealure interroge cette [&hellip;]\" \/>\n<meta property=\"og:url\" content=\"https:\/\/librairie7l.com\/en\/produit\/la-felure-2\/\" \/>\n<meta property=\"og:site_name\" content=\"Librairie 7L\" \/>\n<meta property=\"article:modified_time\" content=\"2026-04-16T03:19:01+00:00\" \/>\n<meta property=\"og:image\" content=\"https:\/\/librairie7l.com\/wp-content\/uploads\/2025\/10\/9782260057406_1_75.jpg\" \/>\n\t<meta property=\"og:image:width\" content=\"600\" \/>\n\t<meta property=\"og:image:height\" content=\"879\" \/>\n\t<meta property=\"og:image:type\" content=\"image\/jpeg\" \/>\n<meta name=\"twitter:card\" content=\"summary_large_image\" \/>\n<meta name=\"twitter:label1\" content=\"Est. reading time\" \/>\n\t<meta name=\"twitter:data1\" content=\"1 minute\" \/>\n<script type=\"application\/ld+json\" class=\"yoast-schema-graph\">{\"@context\":\"https:\/\/schema.org\",\"@graph\":[{\"@type\":\"WebPage\",\"@id\":\"https:\/\/librairie7l.com\/en\/produit\/la-felure-2\/\",\"url\":\"https:\/\/librairie7l.com\/en\/produit\/la-felure-2\/\",\"name\":\"La f\u00ealure - Librairie 7L\",\"isPartOf\":{\"@id\":\"https:\/\/librairie7l.com\/en\/#website\"},\"datePublished\":\"2026-02-12T13:03:46+00:00\",\"dateModified\":\"2026-04-16T03:19:01+00:00\",\"breadcrumb\":{\"@id\":\"https:\/\/librairie7l.com\/en\/produit\/la-felure-2\/#breadcrumb\"},\"inLanguage\":\"en-US\",\"potentialAction\":[{\"@type\":\"ReadAction\",\"target\":[\"https:\/\/librairie7l.com\/en\/produit\/la-felure-2\/\"]}]},{\"@type\":\"BreadcrumbList\",\"@id\":\"https:\/\/librairie7l.com\/en\/produit\/la-felure-2\/#breadcrumb\",\"itemListElement\":[{\"@type\":\"ListItem\",\"position\":1,\"name\":\"Accueil\",\"item\":\"https:\/\/librairie7l.com\/en\/\"},{\"@type\":\"ListItem\",\"position\":2,\"name\":\"Shop\",\"item\":\"https:\/\/librairie7l.com\/en\/shop\/\"},{\"@type\":\"ListItem\",\"position\":3,\"name\":\"LA F\u00caLURE\"}]},{\"@type\":\"WebSite\",\"@id\":\"https:\/\/librairie7l.com\/en\/#website\",\"url\":\"https:\/\/librairie7l.com\/en\/\",\"name\":\"Librairie 7L\",\"description\":\"Librairie fond\u00e9e en 1999 par Karl Lagerfeld \u00e0 Paris\",\"publisher\":{\"@id\":\"https:\/\/librairie7l.com\/en\/#organization\"},\"potentialAction\":[{\"@type\":\"SearchAction\",\"target\":{\"@type\":\"EntryPoint\",\"urlTemplate\":\"https:\/\/librairie7l.com\/en\/?s={search_term_string}\"},\"query-input\":\"required name=search_term_string\"}],\"inLanguage\":\"en-US\"},{\"@type\":\"Organization\",\"@id\":\"https:\/\/librairie7l.com\/en\/#organization\",\"name\":\"Librairie 7L\",\"url\":\"https:\/\/librairie7l.com\/en\/\",\"logo\":{\"@type\":\"ImageObject\",\"inLanguage\":\"en-US\",\"@id\":\"https:\/\/librairie7l.com\/en\/#\/schema\/logo\/image\/\",\"url\":\"https:\/\/librairie7l.com\/wp-content\/uploads\/2022\/08\/logo-1.png\",\"contentUrl\":\"https:\/\/librairie7l.com\/wp-content\/uploads\/2022\/08\/logo-1.png\",\"width\":227,\"height\":301,\"caption\":\"Librairie 7L\"},\"image\":{\"@id\":\"https:\/\/librairie7l.com\/en\/#\/schema\/logo\/image\/\"}}]}<\/script>\n<!-- \/ Yoast SEO plugin. -->","yoast_head_json":{"title":"La f\u00ealure - Librairie 7L","robots":{"index":"index","follow":"follow","max-snippet":"max-snippet:-1","max-image-preview":"max-image-preview:large","max-video-preview":"max-video-preview:-1"},"canonical":"https:\/\/librairie7l.com\/en\/produit\/la-felure-2\/","og_locale":"en_US","og_type":"article","og_title":"La f\u00ealure - Librairie 7L","og_description":"\u00c0 partir d&#8217;une c\u00e9l\u00e8bre nouvelle de Francis Scott Fitzgerald et \u00e0 travers les oeuvres des \u00e9crivaines Ingeborg Bachmann, Colette ou Marguerite Duras, de la po\u00e9tesse Anna Akhmatova, du navigateur Bernard Moitessier ou du chanteur J. J. Cale, et bien d&#8217;autres, Charlotte Casiraghi m\u00e8ne une suite de r\u00e9flexions litt\u00e9raires, philosophiques et sensibles. La F\u00ealure interroge cette [&hellip;]","og_url":"https:\/\/librairie7l.com\/en\/produit\/la-felure-2\/","og_site_name":"Librairie 7L","article_modified_time":"2026-04-16T03:19:01+00:00","og_image":[{"width":600,"height":879,"url":"https:\/\/librairie7l.com\/wp-content\/uploads\/2025\/10\/9782260057406_1_75.jpg","type":"image\/jpeg"}],"twitter_card":"summary_large_image","twitter_misc":{"Est. reading time":"1 minute"},"schema":{"@context":"https:\/\/schema.org","@graph":[{"@type":"WebPage","@id":"https:\/\/librairie7l.com\/en\/produit\/la-felure-2\/","url":"https:\/\/librairie7l.com\/en\/produit\/la-felure-2\/","name":"La f\u00ealure - Librairie 7L","isPartOf":{"@id":"https:\/\/librairie7l.com\/en\/#website"},"datePublished":"2026-02-12T13:03:46+00:00","dateModified":"2026-04-16T03:19:01+00:00","breadcrumb":{"@id":"https:\/\/librairie7l.com\/en\/produit\/la-felure-2\/#breadcrumb"},"inLanguage":"en-US","potentialAction":[{"@type":"ReadAction","target":["https:\/\/librairie7l.com\/en\/produit\/la-felure-2\/"]}]},{"@type":"BreadcrumbList","@id":"https:\/\/librairie7l.com\/en\/produit\/la-felure-2\/#breadcrumb","itemListElement":[{"@type":"ListItem","position":1,"name":"Accueil","item":"https:\/\/librairie7l.com\/en\/"},{"@type":"ListItem","position":2,"name":"Shop","item":"https:\/\/librairie7l.com\/en\/shop\/"},{"@type":"ListItem","position":3,"name":"LA F\u00caLURE"}]},{"@type":"WebSite","@id":"https:\/\/librairie7l.com\/en\/#website","url":"https:\/\/librairie7l.com\/en\/","name":"Librairie 7L","description":"Librairie fond\u00e9e en 1999 par Karl Lagerfeld \u00e0 Paris","publisher":{"@id":"https:\/\/librairie7l.com\/en\/#organization"},"potentialAction":[{"@type":"SearchAction","target":{"@type":"EntryPoint","urlTemplate":"https:\/\/librairie7l.com\/en\/?s={search_term_string}"},"query-input":"required name=search_term_string"}],"inLanguage":"en-US"},{"@type":"Organization","@id":"https:\/\/librairie7l.com\/en\/#organization","name":"Librairie 7L","url":"https:\/\/librairie7l.com\/en\/","logo":{"@type":"ImageObject","inLanguage":"en-US","@id":"https:\/\/librairie7l.com\/en\/#\/schema\/logo\/image\/","url":"https:\/\/librairie7l.com\/wp-content\/uploads\/2022\/08\/logo-1.png","contentUrl":"https:\/\/librairie7l.com\/wp-content\/uploads\/2022\/08\/logo-1.png","width":227,"height":301,"caption":"Librairie 7L"},"image":{"@id":"https:\/\/librairie7l.com\/en\/#\/schema\/logo\/image\/"}}]}},"_links":{"self":[{"href":"https:\/\/librairie7l.com\/en\/wp-json\/wp\/v2\/product\/54761"}],"collection":[{"href":"https:\/\/librairie7l.com\/en\/wp-json\/wp\/v2\/product"}],"about":[{"href":"https:\/\/librairie7l.com\/en\/wp-json\/wp\/v2\/types\/product"}],"wp:featuredmedia":[{"embeddable":true,"href":"https:\/\/librairie7l.com\/en\/wp-json\/wp\/v2\/media\/54760"}],"wp:attachment":[{"href":"https:\/\/librairie7l.com\/en\/wp-json\/wp\/v2\/media?parent=54761"}],"wp:term":[{"taxonomy":"product_cat","embeddable":true,"href":"https:\/\/librairie7l.com\/en\/wp-json\/wp\/v2\/product_cat?post=54761"},{"taxonomy":"product_tag","embeddable":true,"href":"https:\/\/librairie7l.com\/en\/wp-json\/wp\/v2\/product_tag?post=54761"}],"curies":[{"name":"wp","href":"https:\/\/api.w.org\/{rel}","templated":true}]}}