{"id":54791,"date":"2026-02-13T09:18:17","date_gmt":"2026-02-13T08:18:17","guid":{"rendered":"https:\/\/librairie7l.com\/?post_type=product&#038;p=54791"},"modified":"2026-04-20T19:43:33","modified_gmt":"2026-04-20T17:43:33","slug":"venetian-heritage-25-years-2","status":"publish","type":"product","link":"https:\/\/librairie7l.com\/en\/produit\/venetian-heritage-25-years-2\/","title":{"rendered":"VENETIAN HERITAGE : 25 YEARS"},"content":{"rendered":"<p>Dal 1999 Venetian Heritage si impegna in un&#8217;incessante attivit\u00e0 filantropica volta alla salvaguardia e alla promozione dell&#8217;eredit\u00e0 culturale specificamente veneziana attraverso una vasta campagna di interventi di restauro. L&#8217;intento della fondazione \u00e8 quello di preservare sia l&#8217;inesauribile patrimonio artistico che Venezia ha lasciato in tutto il Mediterraneo, sia la peculiare identit\u00e0 urbana propria della citt\u00e0 lagunare. Per celebrare i 25 anni di attivit\u00e0 nel sostegno di arte e restauro a Venezia, Marsilio Arte pubblica il volume Venetian Heritage &#8211; 25 anni a cura di Toto Bergamo Rossi, direttore della Fonazione Venetian Heritage Onlus. Il libro fornisce una puntuale panoramica sui progetti sostenuti in questi 25 anni, concentrandosi su cinque luoghi ai quali Venetian Heritage si \u00e8 dedicata in modo particolare con l&#8217;obiettivo di promuovere complessivamente le istituzioni con cui collabora e le attivit\u00e0 da esse svolte. Nell&#8217;ultimo decennio, infatti, la Fondazione ha ampliato il suo raggio d&#8217;azione tramite una serie di interventi atti a valorizzare realt\u00e0 cittadine come alcuni musei di stato veneziani, quali le Gallerie dell&#8217;Accademia, il Museo di Palazzo Grimani e la Galleria Giorgio Franchetti alla Ca&#8217; d&#8217;Oro, e istituzioni storiche come la Scuola Grande San Giovanni Evangelista e la basilica di San Marco e la sua Fabbriceria. Attraverso una ricca selezione di immagini in larga parte inedite, Venetian Heritage &#8211; 25 accompagna il lettore in un viaggio visivo alla scoperta degli interventi di salvaguardia che pi\u00f9 recentemente hanno impegnato la Fondazione. Il restauro di capolavori come la Deposizione di Luca Giordano e il Castigo dei Serpenti di Giambattista Tiepolo, conservati alle Gallerie dell&#8217;Accademia, e il riallestimento della collezione di sculture classiche a Palazzo Grimani dopo quattrocento anni sono solo alcuni degli esempi dei risultati raggiunti dalla collaborazione tra Venetian Heritage e le istituzioni pubbliche. Fin dalla sua nascita, la Fondazione ha affiancato alla principale attivit\u00e0 di conservazione e manutenzione un importante programma espositivo tramite l&#8217;organizzazione di mostre itineranti, dedicate agli interventi di restauro. \u00abVenezia merita di essere un punto di riferimento a livello internazionale\u00bb scrive Bergamo Rossi, \u00abin grado di attrarre risorse e di recuperare, in definitiva, un ruolo degno della sua unicit\u00e0 agli occhi del mondo\u00bb.<\/p>\n","protected":false},"excerpt":{"rendered":"<p>Dal 1999 Venetian Heritage si impegna in un&#8217;incessante attivit\u00e0 filantropica volta alla salvaguardia e alla promozione dell&#8217;eredit\u00e0 culturale specificamente veneziana attraverso una vasta campagna di interventi di restauro. L&#8217;intento della fondazione \u00e8 quello di preservare sia l&#8217;inesauribile patrimonio artistico che Venezia ha lasciato in tutto il Mediterraneo, sia la peculiare identit\u00e0 urbana propria della citt\u00e0 [&hellip;]<\/p>\n","protected":false},"featured_media":54789,"template":"","meta":[],"product_cat":[2948],"product_tag":[],"acf":[],"yoast_head":"<!-- This site is optimized with the Yoast SEO plugin v20.11 - https:\/\/yoast.com\/wordpress\/plugins\/seo\/ -->\n<title>Venetian heritage : 25 years - Librairie 7L<\/title>\n<meta name=\"robots\" content=\"index, follow, max-snippet:-1, max-image-preview:large, max-video-preview:-1\" \/>\n<link rel=\"canonical\" href=\"https:\/\/librairie7l.com\/en\/produit\/venetian-heritage-25-years-2\/\" \/>\n<meta property=\"og:locale\" content=\"en_US\" \/>\n<meta property=\"og:type\" content=\"article\" \/>\n<meta property=\"og:title\" content=\"Venetian heritage : 25 years - Librairie 7L\" \/>\n<meta property=\"og:description\" content=\"Dal 1999 Venetian Heritage si impegna in un&#8217;incessante attivit\u00e0 filantropica volta alla salvaguardia e alla promozione dell&#8217;eredit\u00e0 culturale specificamente veneziana attraverso una vasta campagna di interventi di restauro. L&#8217;intento della fondazione \u00e8 quello di preservare sia l&#8217;inesauribile patrimonio artistico che Venezia ha lasciato in tutto il Mediterraneo, sia la peculiare identit\u00e0 urbana propria della citt\u00e0 [&hellip;]\" \/>\n<meta property=\"og:url\" content=\"https:\/\/librairie7l.com\/en\/produit\/venetian-heritage-25-years-2\/\" \/>\n<meta property=\"og:site_name\" content=\"Librairie 7L\" \/>\n<meta property=\"article:modified_time\" content=\"2026-04-20T17:43:33+00:00\" \/>\n<meta property=\"og:image\" content=\"https:\/\/librairie7l.com\/wp-content\/uploads\/2024\/06\/9791254632116_1_75.jpg\" \/>\n\t<meta property=\"og:image:width\" content=\"500\" \/>\n\t<meta property=\"og:image:height\" content=\"499\" \/>\n\t<meta property=\"og:image:type\" content=\"image\/jpeg\" \/>\n<meta name=\"twitter:card\" content=\"summary_large_image\" \/>\n<meta name=\"twitter:label1\" content=\"Est. reading time\" \/>\n\t<meta name=\"twitter:data1\" content=\"2 minutes\" \/>\n<script type=\"application\/ld+json\" class=\"yoast-schema-graph\">{\"@context\":\"https:\/\/schema.org\",\"@graph\":[{\"@type\":\"WebPage\",\"@id\":\"https:\/\/librairie7l.com\/en\/produit\/venetian-heritage-25-years-2\/\",\"url\":\"https:\/\/librairie7l.com\/en\/produit\/venetian-heritage-25-years-2\/\",\"name\":\"Venetian heritage : 25 years - Librairie 7L\",\"isPartOf\":{\"@id\":\"https:\/\/librairie7l.com\/en\/#website\"},\"datePublished\":\"2026-02-13T08:18:17+00:00\",\"dateModified\":\"2026-04-20T17:43:33+00:00\",\"breadcrumb\":{\"@id\":\"https:\/\/librairie7l.com\/en\/produit\/venetian-heritage-25-years-2\/#breadcrumb\"},\"inLanguage\":\"en-US\",\"potentialAction\":[{\"@type\":\"ReadAction\",\"target\":[\"https:\/\/librairie7l.com\/en\/produit\/venetian-heritage-25-years-2\/\"]}]},{\"@type\":\"BreadcrumbList\",\"@id\":\"https:\/\/librairie7l.com\/en\/produit\/venetian-heritage-25-years-2\/#breadcrumb\",\"itemListElement\":[{\"@type\":\"ListItem\",\"position\":1,\"name\":\"Accueil\",\"item\":\"https:\/\/librairie7l.com\/en\/\"},{\"@type\":\"ListItem\",\"position\":2,\"name\":\"Shop\",\"item\":\"https:\/\/librairie7l.com\/en\/shop\/\"},{\"@type\":\"ListItem\",\"position\":3,\"name\":\"VENETIAN HERITAGE : 25 YEARS\"}]},{\"@type\":\"WebSite\",\"@id\":\"https:\/\/librairie7l.com\/en\/#website\",\"url\":\"https:\/\/librairie7l.com\/en\/\",\"name\":\"Librairie 7L\",\"description\":\"Librairie fond\u00e9e en 1999 par Karl Lagerfeld \u00e0 Paris\",\"publisher\":{\"@id\":\"https:\/\/librairie7l.com\/en\/#organization\"},\"potentialAction\":[{\"@type\":\"SearchAction\",\"target\":{\"@type\":\"EntryPoint\",\"urlTemplate\":\"https:\/\/librairie7l.com\/en\/?s={search_term_string}\"},\"query-input\":\"required name=search_term_string\"}],\"inLanguage\":\"en-US\"},{\"@type\":\"Organization\",\"@id\":\"https:\/\/librairie7l.com\/en\/#organization\",\"name\":\"Librairie 7L\",\"url\":\"https:\/\/librairie7l.com\/en\/\",\"logo\":{\"@type\":\"ImageObject\",\"inLanguage\":\"en-US\",\"@id\":\"https:\/\/librairie7l.com\/en\/#\/schema\/logo\/image\/\",\"url\":\"https:\/\/librairie7l.com\/wp-content\/uploads\/2022\/08\/logo-1.png\",\"contentUrl\":\"https:\/\/librairie7l.com\/wp-content\/uploads\/2022\/08\/logo-1.png\",\"width\":227,\"height\":301,\"caption\":\"Librairie 7L\"},\"image\":{\"@id\":\"https:\/\/librairie7l.com\/en\/#\/schema\/logo\/image\/\"}}]}<\/script>\n<!-- \/ Yoast SEO plugin. -->","yoast_head_json":{"title":"Venetian heritage : 25 years - Librairie 7L","robots":{"index":"index","follow":"follow","max-snippet":"max-snippet:-1","max-image-preview":"max-image-preview:large","max-video-preview":"max-video-preview:-1"},"canonical":"https:\/\/librairie7l.com\/en\/produit\/venetian-heritage-25-years-2\/","og_locale":"en_US","og_type":"article","og_title":"Venetian heritage : 25 years - Librairie 7L","og_description":"Dal 1999 Venetian Heritage si impegna in un&#8217;incessante attivit\u00e0 filantropica volta alla salvaguardia e alla promozione dell&#8217;eredit\u00e0 culturale specificamente veneziana attraverso una vasta campagna di interventi di restauro. L&#8217;intento della fondazione \u00e8 quello di preservare sia l&#8217;inesauribile patrimonio artistico che Venezia ha lasciato in tutto il Mediterraneo, sia la peculiare identit\u00e0 urbana propria della citt\u00e0 [&hellip;]","og_url":"https:\/\/librairie7l.com\/en\/produit\/venetian-heritage-25-years-2\/","og_site_name":"Librairie 7L","article_modified_time":"2026-04-20T17:43:33+00:00","og_image":[{"width":500,"height":499,"url":"https:\/\/librairie7l.com\/wp-content\/uploads\/2024\/06\/9791254632116_1_75.jpg","type":"image\/jpeg"}],"twitter_card":"summary_large_image","twitter_misc":{"Est. reading time":"2 minutes"},"schema":{"@context":"https:\/\/schema.org","@graph":[{"@type":"WebPage","@id":"https:\/\/librairie7l.com\/en\/produit\/venetian-heritage-25-years-2\/","url":"https:\/\/librairie7l.com\/en\/produit\/venetian-heritage-25-years-2\/","name":"Venetian heritage : 25 years - Librairie 7L","isPartOf":{"@id":"https:\/\/librairie7l.com\/en\/#website"},"datePublished":"2026-02-13T08:18:17+00:00","dateModified":"2026-04-20T17:43:33+00:00","breadcrumb":{"@id":"https:\/\/librairie7l.com\/en\/produit\/venetian-heritage-25-years-2\/#breadcrumb"},"inLanguage":"en-US","potentialAction":[{"@type":"ReadAction","target":["https:\/\/librairie7l.com\/en\/produit\/venetian-heritage-25-years-2\/"]}]},{"@type":"BreadcrumbList","@id":"https:\/\/librairie7l.com\/en\/produit\/venetian-heritage-25-years-2\/#breadcrumb","itemListElement":[{"@type":"ListItem","position":1,"name":"Accueil","item":"https:\/\/librairie7l.com\/en\/"},{"@type":"ListItem","position":2,"name":"Shop","item":"https:\/\/librairie7l.com\/en\/shop\/"},{"@type":"ListItem","position":3,"name":"VENETIAN HERITAGE : 25 YEARS"}]},{"@type":"WebSite","@id":"https:\/\/librairie7l.com\/en\/#website","url":"https:\/\/librairie7l.com\/en\/","name":"Librairie 7L","description":"Librairie fond\u00e9e en 1999 par Karl Lagerfeld \u00e0 Paris","publisher":{"@id":"https:\/\/librairie7l.com\/en\/#organization"},"potentialAction":[{"@type":"SearchAction","target":{"@type":"EntryPoint","urlTemplate":"https:\/\/librairie7l.com\/en\/?s={search_term_string}"},"query-input":"required name=search_term_string"}],"inLanguage":"en-US"},{"@type":"Organization","@id":"https:\/\/librairie7l.com\/en\/#organization","name":"Librairie 7L","url":"https:\/\/librairie7l.com\/en\/","logo":{"@type":"ImageObject","inLanguage":"en-US","@id":"https:\/\/librairie7l.com\/en\/#\/schema\/logo\/image\/","url":"https:\/\/librairie7l.com\/wp-content\/uploads\/2022\/08\/logo-1.png","contentUrl":"https:\/\/librairie7l.com\/wp-content\/uploads\/2022\/08\/logo-1.png","width":227,"height":301,"caption":"Librairie 7L"},"image":{"@id":"https:\/\/librairie7l.com\/en\/#\/schema\/logo\/image\/"}}]}},"_links":{"self":[{"href":"https:\/\/librairie7l.com\/en\/wp-json\/wp\/v2\/product\/54791"}],"collection":[{"href":"https:\/\/librairie7l.com\/en\/wp-json\/wp\/v2\/product"}],"about":[{"href":"https:\/\/librairie7l.com\/en\/wp-json\/wp\/v2\/types\/product"}],"wp:featuredmedia":[{"embeddable":true,"href":"https:\/\/librairie7l.com\/en\/wp-json\/wp\/v2\/media\/54789"}],"wp:attachment":[{"href":"https:\/\/librairie7l.com\/en\/wp-json\/wp\/v2\/media?parent=54791"}],"wp:term":[{"taxonomy":"product_cat","embeddable":true,"href":"https:\/\/librairie7l.com\/en\/wp-json\/wp\/v2\/product_cat?post=54791"},{"taxonomy":"product_tag","embeddable":true,"href":"https:\/\/librairie7l.com\/en\/wp-json\/wp\/v2\/product_tag?post=54791"}],"curies":[{"name":"wp","href":"https:\/\/api.w.org\/{rel}","templated":true}]}}