{"id":54872,"date":"2026-02-13T17:15:40","date_gmt":"2026-02-13T16:15:40","guid":{"rendered":"https:\/\/librairie7l.com\/?post_type=product&#038;p=54872"},"modified":"2026-04-04T03:05:00","modified_gmt":"2026-04-04T01:05:00","slug":"a-la-recherche-du-temps-perdu-tome-1-du-cote-de-chez-swann-2","status":"publish","type":"product","link":"https:\/\/librairie7l.com\/en\/produit\/a-la-recherche-du-temps-perdu-tome-1-du-cote-de-chez-swann-2\/","title":{"rendered":"\u00c0 LA RECHERCHE DU TEMPS PERDU TOME 1 : DU C\u00d4T\u00c9 DE CHEZ SWANN"},"content":{"rendered":"<p>\u00ab Longtemps, je me suis couch\u00e9 de bonne heure \u00bb, le c\u00e9l\u00e8bre incipit est \u00e9nonc\u00e9 par un narrateur \u00ab je \u00bb, insomniaque qui se rem\u00e9more les diff\u00e9rentes chambres \u00e0 coucher de son existence. Il \u00e9voque ainsi les souvenirs de Combray, lieu de vill\u00e9giature de son enfance&#8230;<\/p>\n","protected":false},"excerpt":{"rendered":"<p>\u00ab Longtemps, je me suis couch\u00e9 de bonne heure \u00bb, le c\u00e9l\u00e8bre incipit est \u00e9nonc\u00e9 par un narrateur \u00ab je \u00bb, insomniaque qui se rem\u00e9more les diff\u00e9rentes chambres \u00e0 coucher de son existence. Il \u00e9voque ainsi les souvenirs de Combray, lieu de vill\u00e9giature de son enfance&#8230;<\/p>\n","protected":false},"featured_media":54870,"template":"","meta":[],"product_cat":[7364,2948],"product_tag":[],"acf":[],"yoast_head":"<!-- This site is optimized with the Yoast SEO plugin v20.11 - https:\/\/yoast.com\/wordpress\/plugins\/seo\/ -->\n<title>\u00e0 la recherche du temps perdu Tome 1 : du c\u00f4t\u00e9 de chez Swann - Librairie 7L<\/title>\n<meta name=\"robots\" content=\"index, follow, max-snippet:-1, max-image-preview:large, max-video-preview:-1\" \/>\n<link rel=\"canonical\" href=\"https:\/\/librairie7l.com\/en\/produit\/a-la-recherche-du-temps-perdu-tome-1-du-cote-de-chez-swann-2\/\" \/>\n<meta property=\"og:locale\" content=\"en_US\" \/>\n<meta property=\"og:type\" content=\"article\" \/>\n<meta property=\"og:title\" content=\"\u00e0 la recherche du temps perdu Tome 1 : du c\u00f4t\u00e9 de chez Swann - Librairie 7L\" \/>\n<meta property=\"og:description\" content=\"\u00ab Longtemps, je me suis couch\u00e9 de bonne heure \u00bb, le c\u00e9l\u00e8bre incipit est \u00e9nonc\u00e9 par un narrateur \u00ab je \u00bb, insomniaque qui se rem\u00e9more les diff\u00e9rentes chambres \u00e0 coucher de son existence. Il \u00e9voque ainsi les souvenirs de Combray, lieu de vill\u00e9giature de son enfance&#8230;\" \/>\n<meta property=\"og:url\" content=\"https:\/\/librairie7l.com\/en\/produit\/a-la-recherche-du-temps-perdu-tome-1-du-cote-de-chez-swann-2\/\" \/>\n<meta property=\"og:site_name\" content=\"Librairie 7L\" \/>\n<meta property=\"article:modified_time\" content=\"2026-04-04T01:05:00+00:00\" \/>\n<meta property=\"og:image\" content=\"https:\/\/librairie7l.com\/wp-content\/uploads\/2014\/02\/9782335005905_1_75.jpg\" \/>\n\t<meta property=\"og:image:width\" content=\"600\" \/>\n\t<meta property=\"og:image:height\" content=\"899\" \/>\n\t<meta property=\"og:image:type\" content=\"image\/jpeg\" \/>\n<meta name=\"twitter:card\" content=\"summary_large_image\" \/>\n<script type=\"application\/ld+json\" class=\"yoast-schema-graph\">{\"@context\":\"https:\/\/schema.org\",\"@graph\":[{\"@type\":\"WebPage\",\"@id\":\"https:\/\/librairie7l.com\/en\/produit\/a-la-recherche-du-temps-perdu-tome-1-du-cote-de-chez-swann-2\/\",\"url\":\"https:\/\/librairie7l.com\/en\/produit\/a-la-recherche-du-temps-perdu-tome-1-du-cote-de-chez-swann-2\/\",\"name\":\"\u00e0 la recherche du temps perdu Tome 1 : du c\u00f4t\u00e9 de chez Swann - Librairie 7L\",\"isPartOf\":{\"@id\":\"https:\/\/librairie7l.com\/en\/#website\"},\"datePublished\":\"2026-02-13T16:15:40+00:00\",\"dateModified\":\"2026-04-04T01:05:00+00:00\",\"breadcrumb\":{\"@id\":\"https:\/\/librairie7l.com\/en\/produit\/a-la-recherche-du-temps-perdu-tome-1-du-cote-de-chez-swann-2\/#breadcrumb\"},\"inLanguage\":\"en-US\",\"potentialAction\":[{\"@type\":\"ReadAction\",\"target\":[\"https:\/\/librairie7l.com\/en\/produit\/a-la-recherche-du-temps-perdu-tome-1-du-cote-de-chez-swann-2\/\"]}]},{\"@type\":\"BreadcrumbList\",\"@id\":\"https:\/\/librairie7l.com\/en\/produit\/a-la-recherche-du-temps-perdu-tome-1-du-cote-de-chez-swann-2\/#breadcrumb\",\"itemListElement\":[{\"@type\":\"ListItem\",\"position\":1,\"name\":\"Accueil\",\"item\":\"https:\/\/librairie7l.com\/en\/\"},{\"@type\":\"ListItem\",\"position\":2,\"name\":\"Shop\",\"item\":\"https:\/\/librairie7l.com\/en\/shop\/\"},{\"@type\":\"ListItem\",\"position\":3,\"name\":\"\u00c0 LA RECHERCHE DU TEMPS PERDU TOME 1 : DU C\u00d4T\u00c9 DE CHEZ SWANN\"}]},{\"@type\":\"WebSite\",\"@id\":\"https:\/\/librairie7l.com\/en\/#website\",\"url\":\"https:\/\/librairie7l.com\/en\/\",\"name\":\"Librairie 7L\",\"description\":\"Librairie fond\u00e9e en 1999 par Karl Lagerfeld \u00e0 Paris\",\"publisher\":{\"@id\":\"https:\/\/librairie7l.com\/en\/#organization\"},\"potentialAction\":[{\"@type\":\"SearchAction\",\"target\":{\"@type\":\"EntryPoint\",\"urlTemplate\":\"https:\/\/librairie7l.com\/en\/?s={search_term_string}\"},\"query-input\":\"required name=search_term_string\"}],\"inLanguage\":\"en-US\"},{\"@type\":\"Organization\",\"@id\":\"https:\/\/librairie7l.com\/en\/#organization\",\"name\":\"Librairie 7L\",\"url\":\"https:\/\/librairie7l.com\/en\/\",\"logo\":{\"@type\":\"ImageObject\",\"inLanguage\":\"en-US\",\"@id\":\"https:\/\/librairie7l.com\/en\/#\/schema\/logo\/image\/\",\"url\":\"https:\/\/librairie7l.com\/wp-content\/uploads\/2022\/08\/logo-1.png\",\"contentUrl\":\"https:\/\/librairie7l.com\/wp-content\/uploads\/2022\/08\/logo-1.png\",\"width\":227,\"height\":301,\"caption\":\"Librairie 7L\"},\"image\":{\"@id\":\"https:\/\/librairie7l.com\/en\/#\/schema\/logo\/image\/\"}}]}<\/script>\n<!-- \/ Yoast SEO plugin. -->","yoast_head_json":{"title":"\u00e0 la recherche du temps perdu Tome 1 : du c\u00f4t\u00e9 de chez Swann - Librairie 7L","robots":{"index":"index","follow":"follow","max-snippet":"max-snippet:-1","max-image-preview":"max-image-preview:large","max-video-preview":"max-video-preview:-1"},"canonical":"https:\/\/librairie7l.com\/en\/produit\/a-la-recherche-du-temps-perdu-tome-1-du-cote-de-chez-swann-2\/","og_locale":"en_US","og_type":"article","og_title":"\u00e0 la recherche du temps perdu Tome 1 : du c\u00f4t\u00e9 de chez Swann - Librairie 7L","og_description":"\u00ab Longtemps, je me suis couch\u00e9 de bonne heure \u00bb, le c\u00e9l\u00e8bre incipit est \u00e9nonc\u00e9 par un narrateur \u00ab je \u00bb, insomniaque qui se rem\u00e9more les diff\u00e9rentes chambres \u00e0 coucher de son existence. Il \u00e9voque ainsi les souvenirs de Combray, lieu de vill\u00e9giature de son enfance&#8230;","og_url":"https:\/\/librairie7l.com\/en\/produit\/a-la-recherche-du-temps-perdu-tome-1-du-cote-de-chez-swann-2\/","og_site_name":"Librairie 7L","article_modified_time":"2026-04-04T01:05:00+00:00","og_image":[{"width":600,"height":899,"url":"https:\/\/librairie7l.com\/wp-content\/uploads\/2014\/02\/9782335005905_1_75.jpg","type":"image\/jpeg"}],"twitter_card":"summary_large_image","schema":{"@context":"https:\/\/schema.org","@graph":[{"@type":"WebPage","@id":"https:\/\/librairie7l.com\/en\/produit\/a-la-recherche-du-temps-perdu-tome-1-du-cote-de-chez-swann-2\/","url":"https:\/\/librairie7l.com\/en\/produit\/a-la-recherche-du-temps-perdu-tome-1-du-cote-de-chez-swann-2\/","name":"\u00e0 la recherche du temps perdu Tome 1 : du c\u00f4t\u00e9 de chez Swann - Librairie 7L","isPartOf":{"@id":"https:\/\/librairie7l.com\/en\/#website"},"datePublished":"2026-02-13T16:15:40+00:00","dateModified":"2026-04-04T01:05:00+00:00","breadcrumb":{"@id":"https:\/\/librairie7l.com\/en\/produit\/a-la-recherche-du-temps-perdu-tome-1-du-cote-de-chez-swann-2\/#breadcrumb"},"inLanguage":"en-US","potentialAction":[{"@type":"ReadAction","target":["https:\/\/librairie7l.com\/en\/produit\/a-la-recherche-du-temps-perdu-tome-1-du-cote-de-chez-swann-2\/"]}]},{"@type":"BreadcrumbList","@id":"https:\/\/librairie7l.com\/en\/produit\/a-la-recherche-du-temps-perdu-tome-1-du-cote-de-chez-swann-2\/#breadcrumb","itemListElement":[{"@type":"ListItem","position":1,"name":"Accueil","item":"https:\/\/librairie7l.com\/en\/"},{"@type":"ListItem","position":2,"name":"Shop","item":"https:\/\/librairie7l.com\/en\/shop\/"},{"@type":"ListItem","position":3,"name":"\u00c0 LA RECHERCHE DU TEMPS PERDU TOME 1 : DU C\u00d4T\u00c9 DE CHEZ SWANN"}]},{"@type":"WebSite","@id":"https:\/\/librairie7l.com\/en\/#website","url":"https:\/\/librairie7l.com\/en\/","name":"Librairie 7L","description":"Librairie fond\u00e9e en 1999 par Karl Lagerfeld \u00e0 Paris","publisher":{"@id":"https:\/\/librairie7l.com\/en\/#organization"},"potentialAction":[{"@type":"SearchAction","target":{"@type":"EntryPoint","urlTemplate":"https:\/\/librairie7l.com\/en\/?s={search_term_string}"},"query-input":"required name=search_term_string"}],"inLanguage":"en-US"},{"@type":"Organization","@id":"https:\/\/librairie7l.com\/en\/#organization","name":"Librairie 7L","url":"https:\/\/librairie7l.com\/en\/","logo":{"@type":"ImageObject","inLanguage":"en-US","@id":"https:\/\/librairie7l.com\/en\/#\/schema\/logo\/image\/","url":"https:\/\/librairie7l.com\/wp-content\/uploads\/2022\/08\/logo-1.png","contentUrl":"https:\/\/librairie7l.com\/wp-content\/uploads\/2022\/08\/logo-1.png","width":227,"height":301,"caption":"Librairie 7L"},"image":{"@id":"https:\/\/librairie7l.com\/en\/#\/schema\/logo\/image\/"}}]}},"_links":{"self":[{"href":"https:\/\/librairie7l.com\/en\/wp-json\/wp\/v2\/product\/54872"}],"collection":[{"href":"https:\/\/librairie7l.com\/en\/wp-json\/wp\/v2\/product"}],"about":[{"href":"https:\/\/librairie7l.com\/en\/wp-json\/wp\/v2\/types\/product"}],"wp:featuredmedia":[{"embeddable":true,"href":"https:\/\/librairie7l.com\/en\/wp-json\/wp\/v2\/media\/54870"}],"wp:attachment":[{"href":"https:\/\/librairie7l.com\/en\/wp-json\/wp\/v2\/media?parent=54872"}],"wp:term":[{"taxonomy":"product_cat","embeddable":true,"href":"https:\/\/librairie7l.com\/en\/wp-json\/wp\/v2\/product_cat?post=54872"},{"taxonomy":"product_tag","embeddable":true,"href":"https:\/\/librairie7l.com\/en\/wp-json\/wp\/v2\/product_tag?post=54872"}],"curies":[{"name":"wp","href":"https:\/\/api.w.org\/{rel}","templated":true}]}}