{"id":54888,"date":"2026-02-13T21:45:08","date_gmt":"2026-02-13T20:45:08","guid":{"rendered":"https:\/\/librairie7l.com\/?post_type=product&#038;p=54888"},"modified":"2026-04-04T01:27:31","modified_gmt":"2026-04-03T23:27:31","slug":"spike-jonze-beasty-boys-2","status":"publish","type":"product","link":"https:\/\/librairie7l.com\/en\/produit\/spike-jonze-beasty-boys-2\/","title":{"rendered":"SPIKE JONZE BEASTY BOYS"},"content":{"rendered":"<p>Tourn\u00e9 en public et mis en sc\u00e8ne par le r\u00e9alisateur Spike Jonze, le documentaire &#8220;Beastie Boys Story&#8221; qui sort en avril 2020 s&#8217;est donn\u00e9 pour mission de raconter l&#8217;histoire d&#8217;un des groupes les plus novateurs de la fin du XX\u00e8me si\u00e8cle. Spike Jonze ayant connu les membres du groupe mythique depuis leurs d\u00e9buts \u00e0 Los Angeles en 91, il propose un acc\u00e8s unique et fid\u00e8le \u00e0 la r\u00e9alit\u00e9 des Beastie Boys. En parall\u00e8le de la sortie du documentaire d\u00e9j\u00e0 culte, ce livre rassemble pour la premi\u00e8re fois plus de 200 images des moments que Spike Jonze a pass\u00e9 avec le groupe.<\/p>\n","protected":false},"excerpt":{"rendered":"<p>Tourn\u00e9 en public et mis en sc\u00e8ne par le r\u00e9alisateur Spike Jonze, le documentaire &#8220;Beastie Boys Story&#8221; qui sort en avril 2020 s&#8217;est donn\u00e9 pour mission de raconter l&#8217;histoire d&#8217;un des groupes les plus novateurs de la fin du XX\u00e8me si\u00e8cle. Spike Jonze ayant connu les membres du groupe mythique depuis leurs d\u00e9buts \u00e0 Los [&hellip;]<\/p>\n","protected":false},"featured_media":54886,"template":"","meta":[],"product_cat":[7364,2948],"product_tag":[],"acf":[],"yoast_head":"<!-- This site is optimized with the Yoast SEO plugin v20.11 - https:\/\/yoast.com\/wordpress\/plugins\/seo\/ -->\n<title>Spike jonze beasty boys - Librairie 7L<\/title>\n<meta name=\"robots\" content=\"index, follow, max-snippet:-1, max-image-preview:large, max-video-preview:-1\" \/>\n<link rel=\"canonical\" href=\"https:\/\/librairie7l.com\/en\/produit\/spike-jonze-beasty-boys-2\/\" \/>\n<meta property=\"og:locale\" content=\"en_US\" \/>\n<meta property=\"og:type\" content=\"article\" \/>\n<meta property=\"og:title\" content=\"Spike jonze beasty boys - Librairie 7L\" \/>\n<meta property=\"og:description\" content=\"Tourn\u00e9 en public et mis en sc\u00e8ne par le r\u00e9alisateur Spike Jonze, le documentaire &#8220;Beastie Boys Story&#8221; qui sort en avril 2020 s&#8217;est donn\u00e9 pour mission de raconter l&#8217;histoire d&#8217;un des groupes les plus novateurs de la fin du XX\u00e8me si\u00e8cle. Spike Jonze ayant connu les membres du groupe mythique depuis leurs d\u00e9buts \u00e0 Los [&hellip;]\" \/>\n<meta property=\"og:url\" content=\"https:\/\/librairie7l.com\/en\/produit\/spike-jonze-beasty-boys-2\/\" \/>\n<meta property=\"og:site_name\" content=\"Librairie 7L\" \/>\n<meta property=\"article:modified_time\" content=\"2026-04-03T23:27:31+00:00\" \/>\n<meta property=\"og:image\" content=\"https:\/\/librairie7l.com\/wp-content\/uploads\/2020\/02\/9780847868384_1_75.jpg\" \/>\n\t<meta property=\"og:image:width\" content=\"245\" \/>\n\t<meta property=\"og:image:height\" content=\"315\" \/>\n\t<meta property=\"og:image:type\" content=\"image\/jpeg\" \/>\n<meta name=\"twitter:card\" content=\"summary_large_image\" \/>\n<meta name=\"twitter:label1\" content=\"Est. reading time\" \/>\n\t<meta name=\"twitter:data1\" content=\"1 minute\" \/>\n<script type=\"application\/ld+json\" class=\"yoast-schema-graph\">{\"@context\":\"https:\/\/schema.org\",\"@graph\":[{\"@type\":\"WebPage\",\"@id\":\"https:\/\/librairie7l.com\/en\/produit\/spike-jonze-beasty-boys-2\/\",\"url\":\"https:\/\/librairie7l.com\/en\/produit\/spike-jonze-beasty-boys-2\/\",\"name\":\"Spike jonze beasty boys - Librairie 7L\",\"isPartOf\":{\"@id\":\"https:\/\/librairie7l.com\/en\/#website\"},\"datePublished\":\"2026-02-13T20:45:08+00:00\",\"dateModified\":\"2026-04-03T23:27:31+00:00\",\"breadcrumb\":{\"@id\":\"https:\/\/librairie7l.com\/en\/produit\/spike-jonze-beasty-boys-2\/#breadcrumb\"},\"inLanguage\":\"en-US\",\"potentialAction\":[{\"@type\":\"ReadAction\",\"target\":[\"https:\/\/librairie7l.com\/en\/produit\/spike-jonze-beasty-boys-2\/\"]}]},{\"@type\":\"BreadcrumbList\",\"@id\":\"https:\/\/librairie7l.com\/en\/produit\/spike-jonze-beasty-boys-2\/#breadcrumb\",\"itemListElement\":[{\"@type\":\"ListItem\",\"position\":1,\"name\":\"Accueil\",\"item\":\"https:\/\/librairie7l.com\/en\/\"},{\"@type\":\"ListItem\",\"position\":2,\"name\":\"Shop\",\"item\":\"https:\/\/librairie7l.com\/en\/shop\/\"},{\"@type\":\"ListItem\",\"position\":3,\"name\":\"SPIKE JONZE BEASTY BOYS\"}]},{\"@type\":\"WebSite\",\"@id\":\"https:\/\/librairie7l.com\/en\/#website\",\"url\":\"https:\/\/librairie7l.com\/en\/\",\"name\":\"Librairie 7L\",\"description\":\"Librairie fond\u00e9e en 1999 par Karl Lagerfeld \u00e0 Paris\",\"publisher\":{\"@id\":\"https:\/\/librairie7l.com\/en\/#organization\"},\"potentialAction\":[{\"@type\":\"SearchAction\",\"target\":{\"@type\":\"EntryPoint\",\"urlTemplate\":\"https:\/\/librairie7l.com\/en\/?s={search_term_string}\"},\"query-input\":\"required name=search_term_string\"}],\"inLanguage\":\"en-US\"},{\"@type\":\"Organization\",\"@id\":\"https:\/\/librairie7l.com\/en\/#organization\",\"name\":\"Librairie 7L\",\"url\":\"https:\/\/librairie7l.com\/en\/\",\"logo\":{\"@type\":\"ImageObject\",\"inLanguage\":\"en-US\",\"@id\":\"https:\/\/librairie7l.com\/en\/#\/schema\/logo\/image\/\",\"url\":\"https:\/\/librairie7l.com\/wp-content\/uploads\/2022\/08\/logo-1.png\",\"contentUrl\":\"https:\/\/librairie7l.com\/wp-content\/uploads\/2022\/08\/logo-1.png\",\"width\":227,\"height\":301,\"caption\":\"Librairie 7L\"},\"image\":{\"@id\":\"https:\/\/librairie7l.com\/en\/#\/schema\/logo\/image\/\"}}]}<\/script>\n<!-- \/ Yoast SEO plugin. -->","yoast_head_json":{"title":"Spike jonze beasty boys - Librairie 7L","robots":{"index":"index","follow":"follow","max-snippet":"max-snippet:-1","max-image-preview":"max-image-preview:large","max-video-preview":"max-video-preview:-1"},"canonical":"https:\/\/librairie7l.com\/en\/produit\/spike-jonze-beasty-boys-2\/","og_locale":"en_US","og_type":"article","og_title":"Spike jonze beasty boys - Librairie 7L","og_description":"Tourn\u00e9 en public et mis en sc\u00e8ne par le r\u00e9alisateur Spike Jonze, le documentaire &#8220;Beastie Boys Story&#8221; qui sort en avril 2020 s&#8217;est donn\u00e9 pour mission de raconter l&#8217;histoire d&#8217;un des groupes les plus novateurs de la fin du XX\u00e8me si\u00e8cle. Spike Jonze ayant connu les membres du groupe mythique depuis leurs d\u00e9buts \u00e0 Los [&hellip;]","og_url":"https:\/\/librairie7l.com\/en\/produit\/spike-jonze-beasty-boys-2\/","og_site_name":"Librairie 7L","article_modified_time":"2026-04-03T23:27:31+00:00","og_image":[{"width":245,"height":315,"url":"https:\/\/librairie7l.com\/wp-content\/uploads\/2020\/02\/9780847868384_1_75.jpg","type":"image\/jpeg"}],"twitter_card":"summary_large_image","twitter_misc":{"Est. reading time":"1 minute"},"schema":{"@context":"https:\/\/schema.org","@graph":[{"@type":"WebPage","@id":"https:\/\/librairie7l.com\/en\/produit\/spike-jonze-beasty-boys-2\/","url":"https:\/\/librairie7l.com\/en\/produit\/spike-jonze-beasty-boys-2\/","name":"Spike jonze beasty boys - Librairie 7L","isPartOf":{"@id":"https:\/\/librairie7l.com\/en\/#website"},"datePublished":"2026-02-13T20:45:08+00:00","dateModified":"2026-04-03T23:27:31+00:00","breadcrumb":{"@id":"https:\/\/librairie7l.com\/en\/produit\/spike-jonze-beasty-boys-2\/#breadcrumb"},"inLanguage":"en-US","potentialAction":[{"@type":"ReadAction","target":["https:\/\/librairie7l.com\/en\/produit\/spike-jonze-beasty-boys-2\/"]}]},{"@type":"BreadcrumbList","@id":"https:\/\/librairie7l.com\/en\/produit\/spike-jonze-beasty-boys-2\/#breadcrumb","itemListElement":[{"@type":"ListItem","position":1,"name":"Accueil","item":"https:\/\/librairie7l.com\/en\/"},{"@type":"ListItem","position":2,"name":"Shop","item":"https:\/\/librairie7l.com\/en\/shop\/"},{"@type":"ListItem","position":3,"name":"SPIKE JONZE BEASTY BOYS"}]},{"@type":"WebSite","@id":"https:\/\/librairie7l.com\/en\/#website","url":"https:\/\/librairie7l.com\/en\/","name":"Librairie 7L","description":"Librairie fond\u00e9e en 1999 par Karl Lagerfeld \u00e0 Paris","publisher":{"@id":"https:\/\/librairie7l.com\/en\/#organization"},"potentialAction":[{"@type":"SearchAction","target":{"@type":"EntryPoint","urlTemplate":"https:\/\/librairie7l.com\/en\/?s={search_term_string}"},"query-input":"required name=search_term_string"}],"inLanguage":"en-US"},{"@type":"Organization","@id":"https:\/\/librairie7l.com\/en\/#organization","name":"Librairie 7L","url":"https:\/\/librairie7l.com\/en\/","logo":{"@type":"ImageObject","inLanguage":"en-US","@id":"https:\/\/librairie7l.com\/en\/#\/schema\/logo\/image\/","url":"https:\/\/librairie7l.com\/wp-content\/uploads\/2022\/08\/logo-1.png","contentUrl":"https:\/\/librairie7l.com\/wp-content\/uploads\/2022\/08\/logo-1.png","width":227,"height":301,"caption":"Librairie 7L"},"image":{"@id":"https:\/\/librairie7l.com\/en\/#\/schema\/logo\/image\/"}}]}},"_links":{"self":[{"href":"https:\/\/librairie7l.com\/en\/wp-json\/wp\/v2\/product\/54888"}],"collection":[{"href":"https:\/\/librairie7l.com\/en\/wp-json\/wp\/v2\/product"}],"about":[{"href":"https:\/\/librairie7l.com\/en\/wp-json\/wp\/v2\/types\/product"}],"wp:featuredmedia":[{"embeddable":true,"href":"https:\/\/librairie7l.com\/en\/wp-json\/wp\/v2\/media\/54886"}],"wp:attachment":[{"href":"https:\/\/librairie7l.com\/en\/wp-json\/wp\/v2\/media?parent=54888"}],"wp:term":[{"taxonomy":"product_cat","embeddable":true,"href":"https:\/\/librairie7l.com\/en\/wp-json\/wp\/v2\/product_cat?post=54888"},{"taxonomy":"product_tag","embeddable":true,"href":"https:\/\/librairie7l.com\/en\/wp-json\/wp\/v2\/product_tag?post=54888"}],"curies":[{"name":"wp","href":"https:\/\/api.w.org\/{rel}","templated":true}]}}