{"id":54898,"date":"2026-02-14T08:03:43","date_gmt":"2026-02-14T07:03:43","guid":{"rendered":"https:\/\/librairie7l.com\/?post_type=product&#038;p=54898"},"modified":"2026-04-04T01:23:25","modified_gmt":"2026-04-03T23:23:25","slug":"de-cuir-et-dacier-2","status":"publish","type":"product","link":"https:\/\/librairie7l.com\/en\/produit\/de-cuir-et-dacier-2\/","title":{"rendered":"DE CUIR ET D&#8217;ACIER"},"content":{"rendered":"<p>Philippe travaille \u00e0 l&#8217;usine Peugeot. Il est passionn\u00e9 de football et fou amoureux de Monique, une jeune femme moderne issue d&#8217;un milieu plus favoris\u00e9 que le sien. En 1928, sa vie s&#8217;acc\u00e9l\u00e8re : il int\u00e8gre l&#8217;\u00e9quipe du FC Sochaux, se marie et devient p\u00e8re. Mais se d\u00e9multiplier n\u00b4est pas si simple et face aux enjeux de la professionnalisation du sport, Philippe sera confront\u00e9 \u00e0 des difficult\u00e9s qui d\u00e9passent le choix entre un tir et une passe. De Cuir et d&#8217;Acier vous propose de d\u00e9couvrir la naissance du football professionnel dans l&#8217;hexagone et de plonger dans le monde ouvrier de l&#8217;entre-deux-guerres. Cette histoire est aussi un moyen de pointer les d\u00e9rives du mod\u00e8le actuel, qui a failli voir mourir le club qui en avait \u00e9t\u00e9 l\u00b4initiateur il y a pr\u00e8s de 100 ans. Un dossier historique accompagnera la bande dessin\u00e9e, ainsi qu\u00b4un cahier graphique.<\/p>\n","protected":false},"excerpt":{"rendered":"<p>Philippe travaille \u00e0 l&#8217;usine Peugeot. Il est passionn\u00e9 de football et fou amoureux de Monique, une jeune femme moderne issue d&#8217;un milieu plus favoris\u00e9 que le sien. En 1928, sa vie s&#8217;acc\u00e9l\u00e8re : il int\u00e8gre l&#8217;\u00e9quipe du FC Sochaux, se marie et devient p\u00e8re. Mais se d\u00e9multiplier n\u00b4est pas si simple et face aux enjeux [&hellip;]<\/p>\n","protected":false},"featured_media":54896,"template":"","meta":[],"product_cat":[7364,2948],"product_tag":[],"acf":[],"yoast_head":"<!-- This site is optimized with the Yoast SEO plugin v20.11 - https:\/\/yoast.com\/wordpress\/plugins\/seo\/ -->\n<title>De cuir et d&#039;acier - Librairie 7L<\/title>\n<meta name=\"robots\" content=\"index, follow, max-snippet:-1, max-image-preview:large, max-video-preview:-1\" \/>\n<link rel=\"canonical\" href=\"https:\/\/librairie7l.com\/en\/produit\/de-cuir-et-dacier-2\/\" \/>\n<meta property=\"og:locale\" content=\"en_US\" \/>\n<meta property=\"og:type\" content=\"article\" \/>\n<meta property=\"og:title\" content=\"De cuir et d&#039;acier - Librairie 7L\" \/>\n<meta property=\"og:description\" content=\"Philippe travaille \u00e0 l&#8217;usine Peugeot. Il est passionn\u00e9 de football et fou amoureux de Monique, une jeune femme moderne issue d&#8217;un milieu plus favoris\u00e9 que le sien. En 1928, sa vie s&#8217;acc\u00e9l\u00e8re : il int\u00e8gre l&#8217;\u00e9quipe du FC Sochaux, se marie et devient p\u00e8re. Mais se d\u00e9multiplier n\u00b4est pas si simple et face aux enjeux [&hellip;]\" \/>\n<meta property=\"og:url\" content=\"https:\/\/librairie7l.com\/en\/produit\/de-cuir-et-dacier-2\/\" \/>\n<meta property=\"og:site_name\" content=\"Librairie 7L\" \/>\n<meta property=\"article:modified_time\" content=\"2026-04-03T23:23:25+00:00\" \/>\n<meta property=\"og:image\" content=\"https:\/\/librairie7l.com\/wp-content\/uploads\/2024\/12\/9782959723414_1_75.jpg\" \/>\n\t<meta property=\"og:image:width\" content=\"600\" \/>\n\t<meta property=\"og:image:height\" content=\"836\" \/>\n\t<meta property=\"og:image:type\" content=\"image\/jpeg\" \/>\n<meta name=\"twitter:card\" content=\"summary_large_image\" \/>\n<meta name=\"twitter:label1\" content=\"Est. reading time\" \/>\n\t<meta name=\"twitter:data1\" content=\"1 minute\" \/>\n<script type=\"application\/ld+json\" class=\"yoast-schema-graph\">{\"@context\":\"https:\/\/schema.org\",\"@graph\":[{\"@type\":\"WebPage\",\"@id\":\"https:\/\/librairie7l.com\/en\/produit\/de-cuir-et-dacier-2\/\",\"url\":\"https:\/\/librairie7l.com\/en\/produit\/de-cuir-et-dacier-2\/\",\"name\":\"De cuir et d'acier - Librairie 7L\",\"isPartOf\":{\"@id\":\"https:\/\/librairie7l.com\/en\/#website\"},\"datePublished\":\"2026-02-14T07:03:43+00:00\",\"dateModified\":\"2026-04-03T23:23:25+00:00\",\"breadcrumb\":{\"@id\":\"https:\/\/librairie7l.com\/en\/produit\/de-cuir-et-dacier-2\/#breadcrumb\"},\"inLanguage\":\"en-US\",\"potentialAction\":[{\"@type\":\"ReadAction\",\"target\":[\"https:\/\/librairie7l.com\/en\/produit\/de-cuir-et-dacier-2\/\"]}]},{\"@type\":\"BreadcrumbList\",\"@id\":\"https:\/\/librairie7l.com\/en\/produit\/de-cuir-et-dacier-2\/#breadcrumb\",\"itemListElement\":[{\"@type\":\"ListItem\",\"position\":1,\"name\":\"Accueil\",\"item\":\"https:\/\/librairie7l.com\/en\/\"},{\"@type\":\"ListItem\",\"position\":2,\"name\":\"Shop\",\"item\":\"https:\/\/librairie7l.com\/en\/shop\/\"},{\"@type\":\"ListItem\",\"position\":3,\"name\":\"DE CUIR ET D&#8217;ACIER\"}]},{\"@type\":\"WebSite\",\"@id\":\"https:\/\/librairie7l.com\/en\/#website\",\"url\":\"https:\/\/librairie7l.com\/en\/\",\"name\":\"Librairie 7L\",\"description\":\"Librairie fond\u00e9e en 1999 par Karl Lagerfeld \u00e0 Paris\",\"publisher\":{\"@id\":\"https:\/\/librairie7l.com\/en\/#organization\"},\"potentialAction\":[{\"@type\":\"SearchAction\",\"target\":{\"@type\":\"EntryPoint\",\"urlTemplate\":\"https:\/\/librairie7l.com\/en\/?s={search_term_string}\"},\"query-input\":\"required name=search_term_string\"}],\"inLanguage\":\"en-US\"},{\"@type\":\"Organization\",\"@id\":\"https:\/\/librairie7l.com\/en\/#organization\",\"name\":\"Librairie 7L\",\"url\":\"https:\/\/librairie7l.com\/en\/\",\"logo\":{\"@type\":\"ImageObject\",\"inLanguage\":\"en-US\",\"@id\":\"https:\/\/librairie7l.com\/en\/#\/schema\/logo\/image\/\",\"url\":\"https:\/\/librairie7l.com\/wp-content\/uploads\/2022\/08\/logo-1.png\",\"contentUrl\":\"https:\/\/librairie7l.com\/wp-content\/uploads\/2022\/08\/logo-1.png\",\"width\":227,\"height\":301,\"caption\":\"Librairie 7L\"},\"image\":{\"@id\":\"https:\/\/librairie7l.com\/en\/#\/schema\/logo\/image\/\"}}]}<\/script>\n<!-- \/ Yoast SEO plugin. -->","yoast_head_json":{"title":"De cuir et d'acier - Librairie 7L","robots":{"index":"index","follow":"follow","max-snippet":"max-snippet:-1","max-image-preview":"max-image-preview:large","max-video-preview":"max-video-preview:-1"},"canonical":"https:\/\/librairie7l.com\/en\/produit\/de-cuir-et-dacier-2\/","og_locale":"en_US","og_type":"article","og_title":"De cuir et d'acier - Librairie 7L","og_description":"Philippe travaille \u00e0 l&#8217;usine Peugeot. Il est passionn\u00e9 de football et fou amoureux de Monique, une jeune femme moderne issue d&#8217;un milieu plus favoris\u00e9 que le sien. En 1928, sa vie s&#8217;acc\u00e9l\u00e8re : il int\u00e8gre l&#8217;\u00e9quipe du FC Sochaux, se marie et devient p\u00e8re. Mais se d\u00e9multiplier n\u00b4est pas si simple et face aux enjeux [&hellip;]","og_url":"https:\/\/librairie7l.com\/en\/produit\/de-cuir-et-dacier-2\/","og_site_name":"Librairie 7L","article_modified_time":"2026-04-03T23:23:25+00:00","og_image":[{"width":600,"height":836,"url":"https:\/\/librairie7l.com\/wp-content\/uploads\/2024\/12\/9782959723414_1_75.jpg","type":"image\/jpeg"}],"twitter_card":"summary_large_image","twitter_misc":{"Est. reading time":"1 minute"},"schema":{"@context":"https:\/\/schema.org","@graph":[{"@type":"WebPage","@id":"https:\/\/librairie7l.com\/en\/produit\/de-cuir-et-dacier-2\/","url":"https:\/\/librairie7l.com\/en\/produit\/de-cuir-et-dacier-2\/","name":"De cuir et d'acier - Librairie 7L","isPartOf":{"@id":"https:\/\/librairie7l.com\/en\/#website"},"datePublished":"2026-02-14T07:03:43+00:00","dateModified":"2026-04-03T23:23:25+00:00","breadcrumb":{"@id":"https:\/\/librairie7l.com\/en\/produit\/de-cuir-et-dacier-2\/#breadcrumb"},"inLanguage":"en-US","potentialAction":[{"@type":"ReadAction","target":["https:\/\/librairie7l.com\/en\/produit\/de-cuir-et-dacier-2\/"]}]},{"@type":"BreadcrumbList","@id":"https:\/\/librairie7l.com\/en\/produit\/de-cuir-et-dacier-2\/#breadcrumb","itemListElement":[{"@type":"ListItem","position":1,"name":"Accueil","item":"https:\/\/librairie7l.com\/en\/"},{"@type":"ListItem","position":2,"name":"Shop","item":"https:\/\/librairie7l.com\/en\/shop\/"},{"@type":"ListItem","position":3,"name":"DE CUIR ET D&#8217;ACIER"}]},{"@type":"WebSite","@id":"https:\/\/librairie7l.com\/en\/#website","url":"https:\/\/librairie7l.com\/en\/","name":"Librairie 7L","description":"Librairie fond\u00e9e en 1999 par Karl Lagerfeld \u00e0 Paris","publisher":{"@id":"https:\/\/librairie7l.com\/en\/#organization"},"potentialAction":[{"@type":"SearchAction","target":{"@type":"EntryPoint","urlTemplate":"https:\/\/librairie7l.com\/en\/?s={search_term_string}"},"query-input":"required name=search_term_string"}],"inLanguage":"en-US"},{"@type":"Organization","@id":"https:\/\/librairie7l.com\/en\/#organization","name":"Librairie 7L","url":"https:\/\/librairie7l.com\/en\/","logo":{"@type":"ImageObject","inLanguage":"en-US","@id":"https:\/\/librairie7l.com\/en\/#\/schema\/logo\/image\/","url":"https:\/\/librairie7l.com\/wp-content\/uploads\/2022\/08\/logo-1.png","contentUrl":"https:\/\/librairie7l.com\/wp-content\/uploads\/2022\/08\/logo-1.png","width":227,"height":301,"caption":"Librairie 7L"},"image":{"@id":"https:\/\/librairie7l.com\/en\/#\/schema\/logo\/image\/"}}]}},"_links":{"self":[{"href":"https:\/\/librairie7l.com\/en\/wp-json\/wp\/v2\/product\/54898"}],"collection":[{"href":"https:\/\/librairie7l.com\/en\/wp-json\/wp\/v2\/product"}],"about":[{"href":"https:\/\/librairie7l.com\/en\/wp-json\/wp\/v2\/types\/product"}],"wp:featuredmedia":[{"embeddable":true,"href":"https:\/\/librairie7l.com\/en\/wp-json\/wp\/v2\/media\/54896"}],"wp:attachment":[{"href":"https:\/\/librairie7l.com\/en\/wp-json\/wp\/v2\/media?parent=54898"}],"wp:term":[{"taxonomy":"product_cat","embeddable":true,"href":"https:\/\/librairie7l.com\/en\/wp-json\/wp\/v2\/product_cat?post=54898"},{"taxonomy":"product_tag","embeddable":true,"href":"https:\/\/librairie7l.com\/en\/wp-json\/wp\/v2\/product_tag?post=54898"}],"curies":[{"name":"wp","href":"https:\/\/api.w.org\/{rel}","templated":true}]}}