{"id":54919,"date":"2026-02-14T10:16:10","date_gmt":"2026-02-14T09:16:10","guid":{"rendered":"https:\/\/librairie7l.com\/?post_type=product&#038;p=54919"},"modified":"2026-04-20T18:14:52","modified_gmt":"2026-04-20T16:14:52","slug":"sumi-e-lart-japonais-de-la-peinture-a-lencre-2","status":"publish","type":"product","link":"https:\/\/librairie7l.com\/en\/produit\/sumi-e-lart-japonais-de-la-peinture-a-lencre-2\/","title":{"rendered":"SUMI-E : L&#8217;ART JAPONAIS DE LA PEINTURE \u00c0 L&#8217;ENCRE"},"content":{"rendered":"<p>Une nouvelle \u00e9dition augment\u00e9e de cet \u00e9l\u00e9gant ouvrage dans lequel le c\u00e9l\u00e8bre ma\u00eetre japonais Shozo Koike enseigne la peinture sumi-e.<br \/>\nIl explique comment capturer la quintessence de la nature en quelques coups de pinceau \u00e9l\u00e9mentaires et fournit toutes les r\u00e8gles techniques n\u00e9cessaires pour cr\u00e9er de belles lignes et formes qui \u00e9voquent la ?po\u00e9sie de la nature?.<br \/>\n Le terme japonais sumi-e d\u00e9signe la peinture r\u00e9alis\u00e9e principalement \u00e0 l&#8217;encre noire ( sumi), m\u00eame si l&#8217;aquarelle peut \u00eatre utilis\u00e9e pour rehausser certains \u00e9l\u00e9ments, tels que les p\u00e9tales de fleurs et d&#8217;autres d\u00e9tails.<br \/>\n L&#8217;encre, le pinceau et le papier sont utilis\u00e9s dans tout l&#8217;Extr\u00eame-Orient pour la peinture et la calligraphie, deux arts qui se sont d\u00e9velopp\u00e9s parall\u00e8lement dans la Chine ancienne, d&#8217;o\u00f9 ils se sont r\u00e9pandus.<br \/>\n C&#8217;est sous la dynastie Tang (618-907) que l&#8217;art du sumi-e est n\u00e9. Au XIVe si\u00e8cle, des moines bouddhistes zen ont introduit cette technique au Japon, o\u00f9 elle est devenue tr\u00e8s populaire. Apr\u00e8s avoir appris la technique des Chinois, les artistes ont d\u00e9velopp\u00e9 leurs propres traditions picturales.<br \/>\n L&#8217;art du sumi-e exige de la concentration et de la pratique. Pour saisir l&#8217;essence des sujets et leur donner vie, l&#8217;artiste doit pouvoir utiliser l&#8217;encre librement, mais aussi contr\u00f4ler ses coups de pinceau, car sa main doit \u00eatre aussi rapide que pr\u00e9cise.<br \/>\n L&#8217;art du sumi-e est associ\u00e9 \u00e0 la nature et au cycle des saisons. Ce livre pr\u00e9sente vingt motifs traditionnels qui permettent aux d\u00e9butants de s&#8217;essayer aux coups de pinceau et aux techniques de base et d&#8217;appr\u00e9cier les valeurs spirituelles et philosophiques de ce magnifique art qu&#8217;est le sumi-e.<\/p>\n","protected":false},"excerpt":{"rendered":"<p>Une nouvelle \u00e9dition augment\u00e9e de cet \u00e9l\u00e9gant ouvrage dans lequel le c\u00e9l\u00e8bre ma\u00eetre japonais Shozo Koike enseigne la peinture sumi-e. Il explique comment capturer la quintessence de la nature en quelques coups de pinceau \u00e9l\u00e9mentaires et fournit toutes les r\u00e8gles techniques n\u00e9cessaires pour cr\u00e9er de belles lignes et formes qui \u00e9voquent la ?po\u00e9sie de la [&hellip;]<\/p>\n","protected":false},"featured_media":54917,"template":"","meta":[],"product_cat":[2948],"product_tag":[],"acf":[],"yoast_head":"<!-- This site is optimized with the Yoast SEO plugin v20.11 - https:\/\/yoast.com\/wordpress\/plugins\/seo\/ -->\n<title>Sumi-e : l&#039;art japonais de la peinture \u00e0 l&#039;encre - Librairie 7L<\/title>\n<meta name=\"robots\" content=\"index, follow, max-snippet:-1, max-image-preview:large, max-video-preview:-1\" \/>\n<link rel=\"canonical\" href=\"https:\/\/librairie7l.com\/en\/produit\/sumi-e-lart-japonais-de-la-peinture-a-lencre-2\/\" \/>\n<meta property=\"og:locale\" content=\"en_US\" \/>\n<meta property=\"og:type\" content=\"article\" \/>\n<meta property=\"og:title\" content=\"Sumi-e : l&#039;art japonais de la peinture \u00e0 l&#039;encre - Librairie 7L\" \/>\n<meta property=\"og:description\" content=\"Une nouvelle \u00e9dition augment\u00e9e de cet \u00e9l\u00e9gant ouvrage dans lequel le c\u00e9l\u00e8bre ma\u00eetre japonais Shozo Koike enseigne la peinture sumi-e. Il explique comment capturer la quintessence de la nature en quelques coups de pinceau \u00e9l\u00e9mentaires et fournit toutes les r\u00e8gles techniques n\u00e9cessaires pour cr\u00e9er de belles lignes et formes qui \u00e9voquent la ?po\u00e9sie de la [&hellip;]\" \/>\n<meta property=\"og:url\" content=\"https:\/\/librairie7l.com\/en\/produit\/sumi-e-lart-japonais-de-la-peinture-a-lencre-2\/\" \/>\n<meta property=\"og:site_name\" content=\"Librairie 7L\" \/>\n<meta property=\"article:modified_time\" content=\"2026-04-20T16:14:52+00:00\" \/>\n<meta property=\"og:image\" content=\"https:\/\/librairie7l.com\/wp-content\/uploads\/2023\/06\/9782889755585_1_75.jpg\" \/>\n\t<meta property=\"og:image:width\" content=\"600\" \/>\n\t<meta property=\"og:image:height\" content=\"814\" \/>\n\t<meta property=\"og:image:type\" content=\"image\/jpeg\" \/>\n<meta name=\"twitter:card\" content=\"summary_large_image\" \/>\n<meta name=\"twitter:label1\" content=\"Est. reading time\" \/>\n\t<meta name=\"twitter:data1\" content=\"1 minute\" \/>\n<script type=\"application\/ld+json\" class=\"yoast-schema-graph\">{\"@context\":\"https:\/\/schema.org\",\"@graph\":[{\"@type\":\"WebPage\",\"@id\":\"https:\/\/librairie7l.com\/en\/produit\/sumi-e-lart-japonais-de-la-peinture-a-lencre-2\/\",\"url\":\"https:\/\/librairie7l.com\/en\/produit\/sumi-e-lart-japonais-de-la-peinture-a-lencre-2\/\",\"name\":\"Sumi-e : l'art japonais de la peinture \u00e0 l'encre - Librairie 7L\",\"isPartOf\":{\"@id\":\"https:\/\/librairie7l.com\/en\/#website\"},\"datePublished\":\"2026-02-14T09:16:10+00:00\",\"dateModified\":\"2026-04-20T16:14:52+00:00\",\"breadcrumb\":{\"@id\":\"https:\/\/librairie7l.com\/en\/produit\/sumi-e-lart-japonais-de-la-peinture-a-lencre-2\/#breadcrumb\"},\"inLanguage\":\"en-US\",\"potentialAction\":[{\"@type\":\"ReadAction\",\"target\":[\"https:\/\/librairie7l.com\/en\/produit\/sumi-e-lart-japonais-de-la-peinture-a-lencre-2\/\"]}]},{\"@type\":\"BreadcrumbList\",\"@id\":\"https:\/\/librairie7l.com\/en\/produit\/sumi-e-lart-japonais-de-la-peinture-a-lencre-2\/#breadcrumb\",\"itemListElement\":[{\"@type\":\"ListItem\",\"position\":1,\"name\":\"Accueil\",\"item\":\"https:\/\/librairie7l.com\/en\/\"},{\"@type\":\"ListItem\",\"position\":2,\"name\":\"Shop\",\"item\":\"https:\/\/librairie7l.com\/en\/shop\/\"},{\"@type\":\"ListItem\",\"position\":3,\"name\":\"SUMI-E : L&#8217;ART JAPONAIS DE LA PEINTURE \u00c0 L&#8217;ENCRE\"}]},{\"@type\":\"WebSite\",\"@id\":\"https:\/\/librairie7l.com\/en\/#website\",\"url\":\"https:\/\/librairie7l.com\/en\/\",\"name\":\"Librairie 7L\",\"description\":\"Librairie fond\u00e9e en 1999 par Karl Lagerfeld \u00e0 Paris\",\"publisher\":{\"@id\":\"https:\/\/librairie7l.com\/en\/#organization\"},\"potentialAction\":[{\"@type\":\"SearchAction\",\"target\":{\"@type\":\"EntryPoint\",\"urlTemplate\":\"https:\/\/librairie7l.com\/en\/?s={search_term_string}\"},\"query-input\":\"required name=search_term_string\"}],\"inLanguage\":\"en-US\"},{\"@type\":\"Organization\",\"@id\":\"https:\/\/librairie7l.com\/en\/#organization\",\"name\":\"Librairie 7L\",\"url\":\"https:\/\/librairie7l.com\/en\/\",\"logo\":{\"@type\":\"ImageObject\",\"inLanguage\":\"en-US\",\"@id\":\"https:\/\/librairie7l.com\/en\/#\/schema\/logo\/image\/\",\"url\":\"https:\/\/librairie7l.com\/wp-content\/uploads\/2022\/08\/logo-1.png\",\"contentUrl\":\"https:\/\/librairie7l.com\/wp-content\/uploads\/2022\/08\/logo-1.png\",\"width\":227,\"height\":301,\"caption\":\"Librairie 7L\"},\"image\":{\"@id\":\"https:\/\/librairie7l.com\/en\/#\/schema\/logo\/image\/\"}}]}<\/script>\n<!-- \/ Yoast SEO plugin. -->","yoast_head_json":{"title":"Sumi-e : l'art japonais de la peinture \u00e0 l'encre - Librairie 7L","robots":{"index":"index","follow":"follow","max-snippet":"max-snippet:-1","max-image-preview":"max-image-preview:large","max-video-preview":"max-video-preview:-1"},"canonical":"https:\/\/librairie7l.com\/en\/produit\/sumi-e-lart-japonais-de-la-peinture-a-lencre-2\/","og_locale":"en_US","og_type":"article","og_title":"Sumi-e : l'art japonais de la peinture \u00e0 l'encre - Librairie 7L","og_description":"Une nouvelle \u00e9dition augment\u00e9e de cet \u00e9l\u00e9gant ouvrage dans lequel le c\u00e9l\u00e8bre ma\u00eetre japonais Shozo Koike enseigne la peinture sumi-e. Il explique comment capturer la quintessence de la nature en quelques coups de pinceau \u00e9l\u00e9mentaires et fournit toutes les r\u00e8gles techniques n\u00e9cessaires pour cr\u00e9er de belles lignes et formes qui \u00e9voquent la ?po\u00e9sie de la [&hellip;]","og_url":"https:\/\/librairie7l.com\/en\/produit\/sumi-e-lart-japonais-de-la-peinture-a-lencre-2\/","og_site_name":"Librairie 7L","article_modified_time":"2026-04-20T16:14:52+00:00","og_image":[{"width":600,"height":814,"url":"https:\/\/librairie7l.com\/wp-content\/uploads\/2023\/06\/9782889755585_1_75.jpg","type":"image\/jpeg"}],"twitter_card":"summary_large_image","twitter_misc":{"Est. reading time":"1 minute"},"schema":{"@context":"https:\/\/schema.org","@graph":[{"@type":"WebPage","@id":"https:\/\/librairie7l.com\/en\/produit\/sumi-e-lart-japonais-de-la-peinture-a-lencre-2\/","url":"https:\/\/librairie7l.com\/en\/produit\/sumi-e-lart-japonais-de-la-peinture-a-lencre-2\/","name":"Sumi-e : l'art japonais de la peinture \u00e0 l'encre - Librairie 7L","isPartOf":{"@id":"https:\/\/librairie7l.com\/en\/#website"},"datePublished":"2026-02-14T09:16:10+00:00","dateModified":"2026-04-20T16:14:52+00:00","breadcrumb":{"@id":"https:\/\/librairie7l.com\/en\/produit\/sumi-e-lart-japonais-de-la-peinture-a-lencre-2\/#breadcrumb"},"inLanguage":"en-US","potentialAction":[{"@type":"ReadAction","target":["https:\/\/librairie7l.com\/en\/produit\/sumi-e-lart-japonais-de-la-peinture-a-lencre-2\/"]}]},{"@type":"BreadcrumbList","@id":"https:\/\/librairie7l.com\/en\/produit\/sumi-e-lart-japonais-de-la-peinture-a-lencre-2\/#breadcrumb","itemListElement":[{"@type":"ListItem","position":1,"name":"Accueil","item":"https:\/\/librairie7l.com\/en\/"},{"@type":"ListItem","position":2,"name":"Shop","item":"https:\/\/librairie7l.com\/en\/shop\/"},{"@type":"ListItem","position":3,"name":"SUMI-E : L&#8217;ART JAPONAIS DE LA PEINTURE \u00c0 L&#8217;ENCRE"}]},{"@type":"WebSite","@id":"https:\/\/librairie7l.com\/en\/#website","url":"https:\/\/librairie7l.com\/en\/","name":"Librairie 7L","description":"Librairie fond\u00e9e en 1999 par Karl Lagerfeld \u00e0 Paris","publisher":{"@id":"https:\/\/librairie7l.com\/en\/#organization"},"potentialAction":[{"@type":"SearchAction","target":{"@type":"EntryPoint","urlTemplate":"https:\/\/librairie7l.com\/en\/?s={search_term_string}"},"query-input":"required name=search_term_string"}],"inLanguage":"en-US"},{"@type":"Organization","@id":"https:\/\/librairie7l.com\/en\/#organization","name":"Librairie 7L","url":"https:\/\/librairie7l.com\/en\/","logo":{"@type":"ImageObject","inLanguage":"en-US","@id":"https:\/\/librairie7l.com\/en\/#\/schema\/logo\/image\/","url":"https:\/\/librairie7l.com\/wp-content\/uploads\/2022\/08\/logo-1.png","contentUrl":"https:\/\/librairie7l.com\/wp-content\/uploads\/2022\/08\/logo-1.png","width":227,"height":301,"caption":"Librairie 7L"},"image":{"@id":"https:\/\/librairie7l.com\/en\/#\/schema\/logo\/image\/"}}]}},"_links":{"self":[{"href":"https:\/\/librairie7l.com\/en\/wp-json\/wp\/v2\/product\/54919"}],"collection":[{"href":"https:\/\/librairie7l.com\/en\/wp-json\/wp\/v2\/product"}],"about":[{"href":"https:\/\/librairie7l.com\/en\/wp-json\/wp\/v2\/types\/product"}],"wp:featuredmedia":[{"embeddable":true,"href":"https:\/\/librairie7l.com\/en\/wp-json\/wp\/v2\/media\/54917"}],"wp:attachment":[{"href":"https:\/\/librairie7l.com\/en\/wp-json\/wp\/v2\/media?parent=54919"}],"wp:term":[{"taxonomy":"product_cat","embeddable":true,"href":"https:\/\/librairie7l.com\/en\/wp-json\/wp\/v2\/product_cat?post=54919"},{"taxonomy":"product_tag","embeddable":true,"href":"https:\/\/librairie7l.com\/en\/wp-json\/wp\/v2\/product_tag?post=54919"}],"curies":[{"name":"wp","href":"https:\/\/api.w.org\/{rel}","templated":true}]}}