{"id":54923,"date":"2026-02-14T10:16:14","date_gmt":"2026-02-14T09:16:14","guid":{"rendered":"https:\/\/librairie7l.com\/?post_type=product&#038;p=54923"},"modified":"2026-04-20T18:10:24","modified_gmt":"2026-04-20T16:10:24","slug":"u-a-m-2","status":"publish","type":"product","link":"https:\/\/librairie7l.com\/en\/produit\/u-a-m-2\/","title":{"rendered":"U.A.M."},"content":{"rendered":"<p>En 1929 naquit l&#8217;Union des Artistes Modernes qui \u00e9lev\u00e8rent les arts d\u00e9coratifs au rang d&#8217;un art \u00e0 part enti\u00e8re. Ce livre retrace, l&#8217;histoire de ce mouvement. La seconde partie propose 70 biographies illustr\u00e9es des principaux membres de l&#8217;U.A.M : Herbst, Fouquet, Templier, Sonia Delaunay, Jourdain, Mallet Stevens, Puiforcat, Chareau, Cassandre, Pierrand, Prouv\u00e9, etc&#8230;<br \/>\nD\u00e8s la fin des ann\u00e9es 20, un grand nombre de cr\u00e9ateurs &#8211; meubliers, architectes, joailliers, orf\u00e8vres, graphistes, peintres, designers, &#8211; se regroup\u00e8rent en une association dont les principes furent clairement \u00e9nonc\u00e9s. En effet, en but aux critiques, de tous ceux qui redoutaient leur modernit\u00e9 qui aujourd&#8217;hui encore d\u00e9cide de notre environnement, face \u00e0 l&#8217;incoh\u00e9rence des salons officiels, la d\u00e9cision fut prise de former un groupe compos\u00e9  d&#8217;artistes cr\u00e9ateurs en sympathie de tendance et d&#8217;esprit, non pas chapelle ou c\u00e9nacle, mais individualit\u00e9s fortes et parmi les meilleurs de notre temps, pratiquant le jeu d&#8217;\u00e9quipe .<\/p>\n<p> Ainsi naquit, en 1929, l&#8217;Union des Artistes Modernes qui, de 1930 \u00e0 1937, \u00e9lev\u00e8rent les arts d\u00e9coratifs au rang d&#8217;un art \u00e0 part enti\u00e8re.<\/p>\n<p> Apr\u00e8s la guerre, Ren\u00e9 Herbst regroupa les membres dispers\u00e9s de cette association, de nouvelles conceptions guid\u00e8rent alors leurs cr\u00e9ations expos\u00e9es au Salon des Arts M\u00e9nagers sous le titre  Formes Utiles .<\/p>\n<p> Ce livre richement iconographi\u00e9 retrace, pour la premi\u00e8re fois l&#8217;histoire de ce mouvement, en particulier \u00e0 travers les expositions auxquelles ils ont particip\u00e9. La seconde partie de cet ouvrage propose 70 biographies illustr\u00e9es des principaux membres de l&#8217;U.A.M., dont le simple \u00e9num\u00e9ration suffit \u00e0 d\u00e9montrer sont importance : Ren\u00e9 Herbst, G\u00e9rard Sandoz, Jean Fouquet, Raymond Templier, H\u00e9l\u00e8ne Henry, Sonia Delaunay, Francis Jourdain, Bob Mallet Stevens, Jean Puiforcat, Pierre Chareau, Cassandre, Gustave Miklos, Charlotte Pierrand, Jean Prouv\u00e9, Louis Sognot, Charlotte Alix, Joseph Casky, etc&#8230;<\/p>\n<p> En annexe, seront reproduits de nombreux documents d&#8217;\u00e9poque : descriptifs des expositions, compte-rendu de s\u00e9ances, correspondances, etc&#8230;<\/p>\n","protected":false},"excerpt":{"rendered":"<p>En 1929 naquit l&#8217;Union des Artistes Modernes qui \u00e9lev\u00e8rent les arts d\u00e9coratifs au rang d&#8217;un art \u00e0 part enti\u00e8re. Ce livre retrace, l&#8217;histoire de ce mouvement. La seconde partie propose 70 biographies illustr\u00e9es des principaux membres de l&#8217;U.A.M : Herbst, Fouquet, Templier, Sonia Delaunay, Jourdain, Mallet Stevens, Puiforcat, Chareau, Cassandre, Pierrand, Prouv\u00e9, etc&#8230; D\u00e8s la [&hellip;]<\/p>\n","protected":false},"featured_media":54921,"template":"","meta":[],"product_cat":[2948],"product_tag":[],"acf":[],"yoast_head":"<!-- This site is optimized with the Yoast SEO plugin v20.11 - https:\/\/yoast.com\/wordpress\/plugins\/seo\/ -->\n<title>U.A.M. - Librairie 7L<\/title>\n<meta name=\"robots\" content=\"index, follow, max-snippet:-1, max-image-preview:large, max-video-preview:-1\" \/>\n<link rel=\"canonical\" href=\"https:\/\/librairie7l.com\/en\/produit\/u-a-m-2\/\" \/>\n<meta property=\"og:locale\" content=\"en_US\" \/>\n<meta property=\"og:type\" content=\"article\" \/>\n<meta property=\"og:title\" content=\"U.A.M. - Librairie 7L\" \/>\n<meta property=\"og:description\" content=\"En 1929 naquit l&#8217;Union des Artistes Modernes qui \u00e9lev\u00e8rent les arts d\u00e9coratifs au rang d&#8217;un art \u00e0 part enti\u00e8re. Ce livre retrace, l&#8217;histoire de ce mouvement. La seconde partie propose 70 biographies illustr\u00e9es des principaux membres de l&#8217;U.A.M : Herbst, Fouquet, Templier, Sonia Delaunay, Jourdain, Mallet Stevens, Puiforcat, Chareau, Cassandre, Pierrand, Prouv\u00e9, etc&#8230; D\u00e8s la [&hellip;]\" \/>\n<meta property=\"og:url\" content=\"https:\/\/librairie7l.com\/en\/produit\/u-a-m-2\/\" \/>\n<meta property=\"og:site_name\" content=\"Librairie 7L\" \/>\n<meta property=\"article:modified_time\" content=\"2026-04-20T16:10:24+00:00\" \/>\n<meta property=\"og:image\" content=\"https:\/\/librairie7l.com\/wp-content\/uploads\/2018\/01\/9782841053780_1_75.jpg\" \/>\n\t<meta property=\"og:image:width\" content=\"600\" \/>\n\t<meta property=\"og:image:height\" content=\"854\" \/>\n\t<meta property=\"og:image:type\" content=\"image\/jpeg\" \/>\n<meta name=\"twitter:card\" content=\"summary_large_image\" \/>\n<meta name=\"twitter:label1\" content=\"Est. reading time\" \/>\n\t<meta name=\"twitter:data1\" content=\"2 minutes\" \/>\n<script type=\"application\/ld+json\" class=\"yoast-schema-graph\">{\"@context\":\"https:\/\/schema.org\",\"@graph\":[{\"@type\":\"WebPage\",\"@id\":\"https:\/\/librairie7l.com\/en\/produit\/u-a-m-2\/\",\"url\":\"https:\/\/librairie7l.com\/en\/produit\/u-a-m-2\/\",\"name\":\"U.A.M. - Librairie 7L\",\"isPartOf\":{\"@id\":\"https:\/\/librairie7l.com\/en\/#website\"},\"datePublished\":\"2026-02-14T09:16:14+00:00\",\"dateModified\":\"2026-04-20T16:10:24+00:00\",\"breadcrumb\":{\"@id\":\"https:\/\/librairie7l.com\/en\/produit\/u-a-m-2\/#breadcrumb\"},\"inLanguage\":\"en-US\",\"potentialAction\":[{\"@type\":\"ReadAction\",\"target\":[\"https:\/\/librairie7l.com\/en\/produit\/u-a-m-2\/\"]}]},{\"@type\":\"BreadcrumbList\",\"@id\":\"https:\/\/librairie7l.com\/en\/produit\/u-a-m-2\/#breadcrumb\",\"itemListElement\":[{\"@type\":\"ListItem\",\"position\":1,\"name\":\"Accueil\",\"item\":\"https:\/\/librairie7l.com\/en\/\"},{\"@type\":\"ListItem\",\"position\":2,\"name\":\"Shop\",\"item\":\"https:\/\/librairie7l.com\/en\/shop\/\"},{\"@type\":\"ListItem\",\"position\":3,\"name\":\"U.A.M.\"}]},{\"@type\":\"WebSite\",\"@id\":\"https:\/\/librairie7l.com\/en\/#website\",\"url\":\"https:\/\/librairie7l.com\/en\/\",\"name\":\"Librairie 7L\",\"description\":\"Librairie fond\u00e9e en 1999 par Karl Lagerfeld \u00e0 Paris\",\"publisher\":{\"@id\":\"https:\/\/librairie7l.com\/en\/#organization\"},\"potentialAction\":[{\"@type\":\"SearchAction\",\"target\":{\"@type\":\"EntryPoint\",\"urlTemplate\":\"https:\/\/librairie7l.com\/en\/?s={search_term_string}\"},\"query-input\":\"required name=search_term_string\"}],\"inLanguage\":\"en-US\"},{\"@type\":\"Organization\",\"@id\":\"https:\/\/librairie7l.com\/en\/#organization\",\"name\":\"Librairie 7L\",\"url\":\"https:\/\/librairie7l.com\/en\/\",\"logo\":{\"@type\":\"ImageObject\",\"inLanguage\":\"en-US\",\"@id\":\"https:\/\/librairie7l.com\/en\/#\/schema\/logo\/image\/\",\"url\":\"https:\/\/librairie7l.com\/wp-content\/uploads\/2022\/08\/logo-1.png\",\"contentUrl\":\"https:\/\/librairie7l.com\/wp-content\/uploads\/2022\/08\/logo-1.png\",\"width\":227,\"height\":301,\"caption\":\"Librairie 7L\"},\"image\":{\"@id\":\"https:\/\/librairie7l.com\/en\/#\/schema\/logo\/image\/\"}}]}<\/script>\n<!-- \/ Yoast SEO plugin. -->","yoast_head_json":{"title":"U.A.M. - Librairie 7L","robots":{"index":"index","follow":"follow","max-snippet":"max-snippet:-1","max-image-preview":"max-image-preview:large","max-video-preview":"max-video-preview:-1"},"canonical":"https:\/\/librairie7l.com\/en\/produit\/u-a-m-2\/","og_locale":"en_US","og_type":"article","og_title":"U.A.M. - Librairie 7L","og_description":"En 1929 naquit l&#8217;Union des Artistes Modernes qui \u00e9lev\u00e8rent les arts d\u00e9coratifs au rang d&#8217;un art \u00e0 part enti\u00e8re. Ce livre retrace, l&#8217;histoire de ce mouvement. La seconde partie propose 70 biographies illustr\u00e9es des principaux membres de l&#8217;U.A.M : Herbst, Fouquet, Templier, Sonia Delaunay, Jourdain, Mallet Stevens, Puiforcat, Chareau, Cassandre, Pierrand, Prouv\u00e9, etc&#8230; D\u00e8s la [&hellip;]","og_url":"https:\/\/librairie7l.com\/en\/produit\/u-a-m-2\/","og_site_name":"Librairie 7L","article_modified_time":"2026-04-20T16:10:24+00:00","og_image":[{"width":600,"height":854,"url":"https:\/\/librairie7l.com\/wp-content\/uploads\/2018\/01\/9782841053780_1_75.jpg","type":"image\/jpeg"}],"twitter_card":"summary_large_image","twitter_misc":{"Est. reading time":"2 minutes"},"schema":{"@context":"https:\/\/schema.org","@graph":[{"@type":"WebPage","@id":"https:\/\/librairie7l.com\/en\/produit\/u-a-m-2\/","url":"https:\/\/librairie7l.com\/en\/produit\/u-a-m-2\/","name":"U.A.M. - Librairie 7L","isPartOf":{"@id":"https:\/\/librairie7l.com\/en\/#website"},"datePublished":"2026-02-14T09:16:14+00:00","dateModified":"2026-04-20T16:10:24+00:00","breadcrumb":{"@id":"https:\/\/librairie7l.com\/en\/produit\/u-a-m-2\/#breadcrumb"},"inLanguage":"en-US","potentialAction":[{"@type":"ReadAction","target":["https:\/\/librairie7l.com\/en\/produit\/u-a-m-2\/"]}]},{"@type":"BreadcrumbList","@id":"https:\/\/librairie7l.com\/en\/produit\/u-a-m-2\/#breadcrumb","itemListElement":[{"@type":"ListItem","position":1,"name":"Accueil","item":"https:\/\/librairie7l.com\/en\/"},{"@type":"ListItem","position":2,"name":"Shop","item":"https:\/\/librairie7l.com\/en\/shop\/"},{"@type":"ListItem","position":3,"name":"U.A.M."}]},{"@type":"WebSite","@id":"https:\/\/librairie7l.com\/en\/#website","url":"https:\/\/librairie7l.com\/en\/","name":"Librairie 7L","description":"Librairie fond\u00e9e en 1999 par Karl Lagerfeld \u00e0 Paris","publisher":{"@id":"https:\/\/librairie7l.com\/en\/#organization"},"potentialAction":[{"@type":"SearchAction","target":{"@type":"EntryPoint","urlTemplate":"https:\/\/librairie7l.com\/en\/?s={search_term_string}"},"query-input":"required name=search_term_string"}],"inLanguage":"en-US"},{"@type":"Organization","@id":"https:\/\/librairie7l.com\/en\/#organization","name":"Librairie 7L","url":"https:\/\/librairie7l.com\/en\/","logo":{"@type":"ImageObject","inLanguage":"en-US","@id":"https:\/\/librairie7l.com\/en\/#\/schema\/logo\/image\/","url":"https:\/\/librairie7l.com\/wp-content\/uploads\/2022\/08\/logo-1.png","contentUrl":"https:\/\/librairie7l.com\/wp-content\/uploads\/2022\/08\/logo-1.png","width":227,"height":301,"caption":"Librairie 7L"},"image":{"@id":"https:\/\/librairie7l.com\/en\/#\/schema\/logo\/image\/"}}]}},"_links":{"self":[{"href":"https:\/\/librairie7l.com\/en\/wp-json\/wp\/v2\/product\/54923"}],"collection":[{"href":"https:\/\/librairie7l.com\/en\/wp-json\/wp\/v2\/product"}],"about":[{"href":"https:\/\/librairie7l.com\/en\/wp-json\/wp\/v2\/types\/product"}],"wp:featuredmedia":[{"embeddable":true,"href":"https:\/\/librairie7l.com\/en\/wp-json\/wp\/v2\/media\/54921"}],"wp:attachment":[{"href":"https:\/\/librairie7l.com\/en\/wp-json\/wp\/v2\/media?parent=54923"}],"wp:term":[{"taxonomy":"product_cat","embeddable":true,"href":"https:\/\/librairie7l.com\/en\/wp-json\/wp\/v2\/product_cat?post=54923"},{"taxonomy":"product_tag","embeddable":true,"href":"https:\/\/librairie7l.com\/en\/wp-json\/wp\/v2\/product_tag?post=54923"}],"curies":[{"name":"wp","href":"https:\/\/api.w.org\/{rel}","templated":true}]}}