{"id":54931,"date":"2026-02-14T10:16:20","date_gmt":"2026-02-14T09:16:20","guid":{"rendered":"https:\/\/librairie7l.com\/?post_type=product&#038;p=54931"},"modified":"2026-04-20T10:07:12","modified_gmt":"2026-04-20T08:07:12","slug":"le-caravage-2","status":"publish","type":"product","link":"https:\/\/librairie7l.com\/en\/produit\/le-caravage-2\/","title":{"rendered":"LE CARAVAGE"},"content":{"rendered":"<p>N\u00e9 en 1890, sensible au formalisme de l&#8217;Ecole de Vienne, particuli\u00e8rement attach\u00e9 \u00e0 l&#8217;autonomie des arts figuratifs telle qu&#8217;elle s&#8217;exprime chez Adolf von Hildebrand, Roberto Longhi sera, pour un temps, s\u00e9duit par la d\u00e9marche de Giovanni Morelli, l&#8217;am\u00e8nera \u00e0 s&#8217;int\u00e9resser alors aux \u00e9tudes sur les peintres italiens de la Renaissance de Bernard Berenson.<br \/>\nN\u00e9 en 1890, form\u00e9 \u00e0 l&#8217;\u00e9cole d&#8217;Adolfo Venturi, sensible au formalisme de l&#8217;Ecole de Vienne, particuli\u00e8rement attach\u00e9 \u00e0 l&#8217;autonomie des arts figuratifs telle qu&#8217;elle s&#8217;exprime chez Adolf von Hildebrand, Roberto Longhi sera, pour un temps, s\u00e9duit par la d\u00e9marche de Giovanni Morelli, qui le conforte dans sa volont\u00e9 d&#8217;examiner les oeuvres en elles-m\u00eames, et l&#8217;am\u00e8nera \u00e0 s&#8217;int\u00e9resser alors aux \u00e9tudes sur les peintres italiens de la Renaissance de Bernard Berenson.<br \/>\nSe tenant d&#8217;une certaine fa\u00e7on &#8221; en marge &#8220;, et infiniment respect\u00e9, Roberto Longhi- par go\u00fbt sinc\u00e8re autant peut-\u00eatre que par son talent pour la pol\u00e9mique -, se singularisa par la largeur de ses vues, s&#8217;int\u00e9ressant tant \u00e0 Cimabue qu&#8217;\u00e0 Nicolas de Sta\u00ebl.<br \/>\nPour Roberto Longhi, le Caravage fut certainement le premier des peintres &#8221; modernes &#8220;. D\u00e8s 1926, il lui consacre une analyse inaugurant une r\u00e9flexion n\u00e9e du refus de l&#8217;art consid\u00e9r\u00e9 comme illustration, c&#8217;est-\u00e0-dire comme litt\u00e9rature figur\u00e9e. En t\u00e9moignent les textes composant notre volume et formant un ensemble coh\u00e9rent traitant \u00e0 la fois du Caravage, de ses ant\u00e9c\u00e9dents, de son influence, de m\u00eame que des \u00e9chos de son oeuvre dans la peinture fran\u00e7aise.<br \/>\nDe ces textes essentiels, seul le deuxi\u00e8me de notre \u00e9dition &#8211; le Caravage- a \u00e9t\u00e9 publi\u00e9 en langue fran\u00e7aise, en 1968. Ouvrage depuis longtemps introuvable dans lequel l&#8217;aspect pol\u00e9mique de Longhi avait \u00e9t\u00e9 gomm\u00e9.<\/p>\n","protected":false},"excerpt":{"rendered":"<p>N\u00e9 en 1890, sensible au formalisme de l&#8217;Ecole de Vienne, particuli\u00e8rement attach\u00e9 \u00e0 l&#8217;autonomie des arts figuratifs telle qu&#8217;elle s&#8217;exprime chez Adolf von Hildebrand, Roberto Longhi sera, pour un temps, s\u00e9duit par la d\u00e9marche de Giovanni Morelli, l&#8217;am\u00e8nera \u00e0 s&#8217;int\u00e9resser alors aux \u00e9tudes sur les peintres italiens de la Renaissance de Bernard Berenson. N\u00e9 en [&hellip;]<\/p>\n","protected":false},"featured_media":54929,"template":"","meta":[],"product_cat":[2948],"product_tag":[],"acf":[],"yoast_head":"<!-- This site is optimized with the Yoast SEO plugin v20.11 - https:\/\/yoast.com\/wordpress\/plugins\/seo\/ -->\n<title>Le caravage - Librairie 7L<\/title>\n<meta name=\"robots\" content=\"index, follow, max-snippet:-1, max-image-preview:large, max-video-preview:-1\" \/>\n<link rel=\"canonical\" href=\"https:\/\/librairie7l.com\/en\/produit\/le-caravage-2\/\" \/>\n<meta property=\"og:locale\" content=\"en_US\" \/>\n<meta property=\"og:type\" content=\"article\" \/>\n<meta property=\"og:title\" content=\"Le caravage - Librairie 7L\" \/>\n<meta property=\"og:description\" content=\"N\u00e9 en 1890, sensible au formalisme de l&#8217;Ecole de Vienne, particuli\u00e8rement attach\u00e9 \u00e0 l&#8217;autonomie des arts figuratifs telle qu&#8217;elle s&#8217;exprime chez Adolf von Hildebrand, Roberto Longhi sera, pour un temps, s\u00e9duit par la d\u00e9marche de Giovanni Morelli, l&#8217;am\u00e8nera \u00e0 s&#8217;int\u00e9resser alors aux \u00e9tudes sur les peintres italiens de la Renaissance de Bernard Berenson. N\u00e9 en [&hellip;]\" \/>\n<meta property=\"og:url\" content=\"https:\/\/librairie7l.com\/en\/produit\/le-caravage-2\/\" \/>\n<meta property=\"og:site_name\" content=\"Librairie 7L\" \/>\n<meta property=\"article:modified_time\" content=\"2026-04-20T08:07:12+00:00\" \/>\n<meta property=\"og:image\" content=\"https:\/\/librairie7l.com\/wp-content\/uploads\/2024\/04\/9782841054343_1_75.jpg\" \/>\n\t<meta property=\"og:image:width\" content=\"600\" \/>\n\t<meta property=\"og:image:height\" content=\"849\" \/>\n\t<meta property=\"og:image:type\" content=\"image\/jpeg\" \/>\n<meta name=\"twitter:card\" content=\"summary_large_image\" \/>\n<meta name=\"twitter:label1\" content=\"Est. reading time\" \/>\n\t<meta name=\"twitter:data1\" content=\"1 minute\" \/>\n<script type=\"application\/ld+json\" class=\"yoast-schema-graph\">{\"@context\":\"https:\/\/schema.org\",\"@graph\":[{\"@type\":\"WebPage\",\"@id\":\"https:\/\/librairie7l.com\/en\/produit\/le-caravage-2\/\",\"url\":\"https:\/\/librairie7l.com\/en\/produit\/le-caravage-2\/\",\"name\":\"Le caravage - Librairie 7L\",\"isPartOf\":{\"@id\":\"https:\/\/librairie7l.com\/en\/#website\"},\"datePublished\":\"2026-02-14T09:16:20+00:00\",\"dateModified\":\"2026-04-20T08:07:12+00:00\",\"breadcrumb\":{\"@id\":\"https:\/\/librairie7l.com\/en\/produit\/le-caravage-2\/#breadcrumb\"},\"inLanguage\":\"en-US\",\"potentialAction\":[{\"@type\":\"ReadAction\",\"target\":[\"https:\/\/librairie7l.com\/en\/produit\/le-caravage-2\/\"]}]},{\"@type\":\"BreadcrumbList\",\"@id\":\"https:\/\/librairie7l.com\/en\/produit\/le-caravage-2\/#breadcrumb\",\"itemListElement\":[{\"@type\":\"ListItem\",\"position\":1,\"name\":\"Accueil\",\"item\":\"https:\/\/librairie7l.com\/en\/\"},{\"@type\":\"ListItem\",\"position\":2,\"name\":\"Shop\",\"item\":\"https:\/\/librairie7l.com\/en\/shop\/\"},{\"@type\":\"ListItem\",\"position\":3,\"name\":\"LE CARAVAGE\"}]},{\"@type\":\"WebSite\",\"@id\":\"https:\/\/librairie7l.com\/en\/#website\",\"url\":\"https:\/\/librairie7l.com\/en\/\",\"name\":\"Librairie 7L\",\"description\":\"Librairie fond\u00e9e en 1999 par Karl Lagerfeld \u00e0 Paris\",\"publisher\":{\"@id\":\"https:\/\/librairie7l.com\/en\/#organization\"},\"potentialAction\":[{\"@type\":\"SearchAction\",\"target\":{\"@type\":\"EntryPoint\",\"urlTemplate\":\"https:\/\/librairie7l.com\/en\/?s={search_term_string}\"},\"query-input\":\"required name=search_term_string\"}],\"inLanguage\":\"en-US\"},{\"@type\":\"Organization\",\"@id\":\"https:\/\/librairie7l.com\/en\/#organization\",\"name\":\"Librairie 7L\",\"url\":\"https:\/\/librairie7l.com\/en\/\",\"logo\":{\"@type\":\"ImageObject\",\"inLanguage\":\"en-US\",\"@id\":\"https:\/\/librairie7l.com\/en\/#\/schema\/logo\/image\/\",\"url\":\"https:\/\/librairie7l.com\/wp-content\/uploads\/2022\/08\/logo-1.png\",\"contentUrl\":\"https:\/\/librairie7l.com\/wp-content\/uploads\/2022\/08\/logo-1.png\",\"width\":227,\"height\":301,\"caption\":\"Librairie 7L\"},\"image\":{\"@id\":\"https:\/\/librairie7l.com\/en\/#\/schema\/logo\/image\/\"}}]}<\/script>\n<!-- \/ Yoast SEO plugin. -->","yoast_head_json":{"title":"Le caravage - Librairie 7L","robots":{"index":"index","follow":"follow","max-snippet":"max-snippet:-1","max-image-preview":"max-image-preview:large","max-video-preview":"max-video-preview:-1"},"canonical":"https:\/\/librairie7l.com\/en\/produit\/le-caravage-2\/","og_locale":"en_US","og_type":"article","og_title":"Le caravage - Librairie 7L","og_description":"N\u00e9 en 1890, sensible au formalisme de l&#8217;Ecole de Vienne, particuli\u00e8rement attach\u00e9 \u00e0 l&#8217;autonomie des arts figuratifs telle qu&#8217;elle s&#8217;exprime chez Adolf von Hildebrand, Roberto Longhi sera, pour un temps, s\u00e9duit par la d\u00e9marche de Giovanni Morelli, l&#8217;am\u00e8nera \u00e0 s&#8217;int\u00e9resser alors aux \u00e9tudes sur les peintres italiens de la Renaissance de Bernard Berenson. N\u00e9 en [&hellip;]","og_url":"https:\/\/librairie7l.com\/en\/produit\/le-caravage-2\/","og_site_name":"Librairie 7L","article_modified_time":"2026-04-20T08:07:12+00:00","og_image":[{"width":600,"height":849,"url":"https:\/\/librairie7l.com\/wp-content\/uploads\/2024\/04\/9782841054343_1_75.jpg","type":"image\/jpeg"}],"twitter_card":"summary_large_image","twitter_misc":{"Est. reading time":"1 minute"},"schema":{"@context":"https:\/\/schema.org","@graph":[{"@type":"WebPage","@id":"https:\/\/librairie7l.com\/en\/produit\/le-caravage-2\/","url":"https:\/\/librairie7l.com\/en\/produit\/le-caravage-2\/","name":"Le caravage - Librairie 7L","isPartOf":{"@id":"https:\/\/librairie7l.com\/en\/#website"},"datePublished":"2026-02-14T09:16:20+00:00","dateModified":"2026-04-20T08:07:12+00:00","breadcrumb":{"@id":"https:\/\/librairie7l.com\/en\/produit\/le-caravage-2\/#breadcrumb"},"inLanguage":"en-US","potentialAction":[{"@type":"ReadAction","target":["https:\/\/librairie7l.com\/en\/produit\/le-caravage-2\/"]}]},{"@type":"BreadcrumbList","@id":"https:\/\/librairie7l.com\/en\/produit\/le-caravage-2\/#breadcrumb","itemListElement":[{"@type":"ListItem","position":1,"name":"Accueil","item":"https:\/\/librairie7l.com\/en\/"},{"@type":"ListItem","position":2,"name":"Shop","item":"https:\/\/librairie7l.com\/en\/shop\/"},{"@type":"ListItem","position":3,"name":"LE CARAVAGE"}]},{"@type":"WebSite","@id":"https:\/\/librairie7l.com\/en\/#website","url":"https:\/\/librairie7l.com\/en\/","name":"Librairie 7L","description":"Librairie fond\u00e9e en 1999 par Karl Lagerfeld \u00e0 Paris","publisher":{"@id":"https:\/\/librairie7l.com\/en\/#organization"},"potentialAction":[{"@type":"SearchAction","target":{"@type":"EntryPoint","urlTemplate":"https:\/\/librairie7l.com\/en\/?s={search_term_string}"},"query-input":"required name=search_term_string"}],"inLanguage":"en-US"},{"@type":"Organization","@id":"https:\/\/librairie7l.com\/en\/#organization","name":"Librairie 7L","url":"https:\/\/librairie7l.com\/en\/","logo":{"@type":"ImageObject","inLanguage":"en-US","@id":"https:\/\/librairie7l.com\/en\/#\/schema\/logo\/image\/","url":"https:\/\/librairie7l.com\/wp-content\/uploads\/2022\/08\/logo-1.png","contentUrl":"https:\/\/librairie7l.com\/wp-content\/uploads\/2022\/08\/logo-1.png","width":227,"height":301,"caption":"Librairie 7L"},"image":{"@id":"https:\/\/librairie7l.com\/en\/#\/schema\/logo\/image\/"}}]}},"_links":{"self":[{"href":"https:\/\/librairie7l.com\/en\/wp-json\/wp\/v2\/product\/54931"}],"collection":[{"href":"https:\/\/librairie7l.com\/en\/wp-json\/wp\/v2\/product"}],"about":[{"href":"https:\/\/librairie7l.com\/en\/wp-json\/wp\/v2\/types\/product"}],"wp:featuredmedia":[{"embeddable":true,"href":"https:\/\/librairie7l.com\/en\/wp-json\/wp\/v2\/media\/54929"}],"wp:attachment":[{"href":"https:\/\/librairie7l.com\/en\/wp-json\/wp\/v2\/media?parent=54931"}],"wp:term":[{"taxonomy":"product_cat","embeddable":true,"href":"https:\/\/librairie7l.com\/en\/wp-json\/wp\/v2\/product_cat?post=54931"},{"taxonomy":"product_tag","embeddable":true,"href":"https:\/\/librairie7l.com\/en\/wp-json\/wp\/v2\/product_tag?post=54931"}],"curies":[{"name":"wp","href":"https:\/\/api.w.org\/{rel}","templated":true}]}}