{"id":54943,"date":"2026-02-15T14:39:53","date_gmt":"2026-02-15T13:39:53","guid":{"rendered":"https:\/\/librairie7l.com\/?post_type=product&#038;p=54943"},"modified":"2026-04-04T02:27:12","modified_gmt":"2026-04-04T00:27:12","slug":"jean-michel-basquiat-fondation-beyeler-2","status":"publish","type":"product","link":"https:\/\/librairie7l.com\/en\/produit\/jean-michel-basquiat-fondation-beyeler-2\/","title":{"rendered":"JEAN-MICHEL BASQUIAT (FONDATION BEYELER)"},"content":{"rendered":"<p>\u00c0 l&#8217;occasion du cinquantenaire de sa naissance, la Fondation Beyeler consacre une vaste r\u00e9trospective \u00e0 Jean-Michel Basquiat (9\/05 &#8211; 5\/09\/2010) \u00e0 travers pr\u00e8s d&#8217;une centaine de toiles, travaux sur papier et objets provenant de mus\u00e9es et de collections particuli\u00e8res du monde entier. Ses oeuvres peupl\u00e9es de personnages semblant tout droit sortis de bandes dessin\u00e9es, de silhouettes squelettiques, d&#8217;objets quotidiens bizarres et de slogans po\u00e9tiques, frappent par leur force et par la somptuosit\u00e9 de leurs couleurs.<\/p>\n","protected":false},"excerpt":{"rendered":"<p>\u00c0 l&#8217;occasion du cinquantenaire de sa naissance, la Fondation Beyeler consacre une vaste r\u00e9trospective \u00e0 Jean-Michel Basquiat (9\/05 &#8211; 5\/09\/2010) \u00e0 travers pr\u00e8s d&#8217;une centaine de toiles, travaux sur papier et objets provenant de mus\u00e9es et de collections particuli\u00e8res du monde entier. Ses oeuvres peupl\u00e9es de personnages semblant tout droit sortis de bandes dessin\u00e9es, de [&hellip;]<\/p>\n","protected":false},"featured_media":54941,"template":"","meta":[],"product_cat":[7364,2948],"product_tag":[],"acf":[],"yoast_head":"<!-- This site is optimized with the Yoast SEO plugin v20.11 - https:\/\/yoast.com\/wordpress\/plugins\/seo\/ -->\n<title>Jean-Michel Basquiat (fondation Beyeler) - Librairie 7L<\/title>\n<meta name=\"robots\" content=\"index, follow, max-snippet:-1, max-image-preview:large, max-video-preview:-1\" \/>\n<link rel=\"canonical\" href=\"https:\/\/librairie7l.com\/en\/produit\/jean-michel-basquiat-fondation-beyeler-2\/\" \/>\n<meta property=\"og:locale\" content=\"en_US\" \/>\n<meta property=\"og:type\" content=\"article\" \/>\n<meta property=\"og:title\" content=\"Jean-Michel Basquiat (fondation Beyeler) - Librairie 7L\" \/>\n<meta property=\"og:description\" content=\"\u00c0 l&#8217;occasion du cinquantenaire de sa naissance, la Fondation Beyeler consacre une vaste r\u00e9trospective \u00e0 Jean-Michel Basquiat (9\/05 &#8211; 5\/09\/2010) \u00e0 travers pr\u00e8s d&#8217;une centaine de toiles, travaux sur papier et objets provenant de mus\u00e9es et de collections particuli\u00e8res du monde entier. Ses oeuvres peupl\u00e9es de personnages semblant tout droit sortis de bandes dessin\u00e9es, de [&hellip;]\" \/>\n<meta property=\"og:url\" content=\"https:\/\/librairie7l.com\/en\/produit\/jean-michel-basquiat-fondation-beyeler-2\/\" \/>\n<meta property=\"og:site_name\" content=\"Librairie 7L\" \/>\n<meta property=\"article:modified_time\" content=\"2026-04-04T00:27:12+00:00\" \/>\n<meta property=\"og:image\" content=\"https:\/\/librairie7l.com\/wp-content\/uploads\/2009\/12\/9783775725934_1_75.jpg\" \/>\n\t<meta property=\"og:image:width\" content=\"442\" \/>\n\t<meta property=\"og:image:height\" content=\"500\" \/>\n\t<meta property=\"og:image:type\" content=\"image\/jpeg\" \/>\n<meta name=\"twitter:card\" content=\"summary_large_image\" \/>\n<script type=\"application\/ld+json\" class=\"yoast-schema-graph\">{\"@context\":\"https:\/\/schema.org\",\"@graph\":[{\"@type\":\"WebPage\",\"@id\":\"https:\/\/librairie7l.com\/en\/produit\/jean-michel-basquiat-fondation-beyeler-2\/\",\"url\":\"https:\/\/librairie7l.com\/en\/produit\/jean-michel-basquiat-fondation-beyeler-2\/\",\"name\":\"Jean-Michel Basquiat (fondation Beyeler) - Librairie 7L\",\"isPartOf\":{\"@id\":\"https:\/\/librairie7l.com\/en\/#website\"},\"datePublished\":\"2026-02-15T13:39:53+00:00\",\"dateModified\":\"2026-04-04T00:27:12+00:00\",\"breadcrumb\":{\"@id\":\"https:\/\/librairie7l.com\/en\/produit\/jean-michel-basquiat-fondation-beyeler-2\/#breadcrumb\"},\"inLanguage\":\"en-US\",\"potentialAction\":[{\"@type\":\"ReadAction\",\"target\":[\"https:\/\/librairie7l.com\/en\/produit\/jean-michel-basquiat-fondation-beyeler-2\/\"]}]},{\"@type\":\"BreadcrumbList\",\"@id\":\"https:\/\/librairie7l.com\/en\/produit\/jean-michel-basquiat-fondation-beyeler-2\/#breadcrumb\",\"itemListElement\":[{\"@type\":\"ListItem\",\"position\":1,\"name\":\"Accueil\",\"item\":\"https:\/\/librairie7l.com\/en\/\"},{\"@type\":\"ListItem\",\"position\":2,\"name\":\"Shop\",\"item\":\"https:\/\/librairie7l.com\/en\/shop\/\"},{\"@type\":\"ListItem\",\"position\":3,\"name\":\"JEAN-MICHEL BASQUIAT (FONDATION BEYELER)\"}]},{\"@type\":\"WebSite\",\"@id\":\"https:\/\/librairie7l.com\/en\/#website\",\"url\":\"https:\/\/librairie7l.com\/en\/\",\"name\":\"Librairie 7L\",\"description\":\"Librairie fond\u00e9e en 1999 par Karl Lagerfeld \u00e0 Paris\",\"publisher\":{\"@id\":\"https:\/\/librairie7l.com\/en\/#organization\"},\"potentialAction\":[{\"@type\":\"SearchAction\",\"target\":{\"@type\":\"EntryPoint\",\"urlTemplate\":\"https:\/\/librairie7l.com\/en\/?s={search_term_string}\"},\"query-input\":\"required name=search_term_string\"}],\"inLanguage\":\"en-US\"},{\"@type\":\"Organization\",\"@id\":\"https:\/\/librairie7l.com\/en\/#organization\",\"name\":\"Librairie 7L\",\"url\":\"https:\/\/librairie7l.com\/en\/\",\"logo\":{\"@type\":\"ImageObject\",\"inLanguage\":\"en-US\",\"@id\":\"https:\/\/librairie7l.com\/en\/#\/schema\/logo\/image\/\",\"url\":\"https:\/\/librairie7l.com\/wp-content\/uploads\/2022\/08\/logo-1.png\",\"contentUrl\":\"https:\/\/librairie7l.com\/wp-content\/uploads\/2022\/08\/logo-1.png\",\"width\":227,\"height\":301,\"caption\":\"Librairie 7L\"},\"image\":{\"@id\":\"https:\/\/librairie7l.com\/en\/#\/schema\/logo\/image\/\"}}]}<\/script>\n<!-- \/ Yoast SEO plugin. -->","yoast_head_json":{"title":"Jean-Michel Basquiat (fondation Beyeler) - Librairie 7L","robots":{"index":"index","follow":"follow","max-snippet":"max-snippet:-1","max-image-preview":"max-image-preview:large","max-video-preview":"max-video-preview:-1"},"canonical":"https:\/\/librairie7l.com\/en\/produit\/jean-michel-basquiat-fondation-beyeler-2\/","og_locale":"en_US","og_type":"article","og_title":"Jean-Michel Basquiat (fondation Beyeler) - Librairie 7L","og_description":"\u00c0 l&#8217;occasion du cinquantenaire de sa naissance, la Fondation Beyeler consacre une vaste r\u00e9trospective \u00e0 Jean-Michel Basquiat (9\/05 &#8211; 5\/09\/2010) \u00e0 travers pr\u00e8s d&#8217;une centaine de toiles, travaux sur papier et objets provenant de mus\u00e9es et de collections particuli\u00e8res du monde entier. Ses oeuvres peupl\u00e9es de personnages semblant tout droit sortis de bandes dessin\u00e9es, de [&hellip;]","og_url":"https:\/\/librairie7l.com\/en\/produit\/jean-michel-basquiat-fondation-beyeler-2\/","og_site_name":"Librairie 7L","article_modified_time":"2026-04-04T00:27:12+00:00","og_image":[{"width":442,"height":500,"url":"https:\/\/librairie7l.com\/wp-content\/uploads\/2009\/12\/9783775725934_1_75.jpg","type":"image\/jpeg"}],"twitter_card":"summary_large_image","schema":{"@context":"https:\/\/schema.org","@graph":[{"@type":"WebPage","@id":"https:\/\/librairie7l.com\/en\/produit\/jean-michel-basquiat-fondation-beyeler-2\/","url":"https:\/\/librairie7l.com\/en\/produit\/jean-michel-basquiat-fondation-beyeler-2\/","name":"Jean-Michel Basquiat (fondation Beyeler) - Librairie 7L","isPartOf":{"@id":"https:\/\/librairie7l.com\/en\/#website"},"datePublished":"2026-02-15T13:39:53+00:00","dateModified":"2026-04-04T00:27:12+00:00","breadcrumb":{"@id":"https:\/\/librairie7l.com\/en\/produit\/jean-michel-basquiat-fondation-beyeler-2\/#breadcrumb"},"inLanguage":"en-US","potentialAction":[{"@type":"ReadAction","target":["https:\/\/librairie7l.com\/en\/produit\/jean-michel-basquiat-fondation-beyeler-2\/"]}]},{"@type":"BreadcrumbList","@id":"https:\/\/librairie7l.com\/en\/produit\/jean-michel-basquiat-fondation-beyeler-2\/#breadcrumb","itemListElement":[{"@type":"ListItem","position":1,"name":"Accueil","item":"https:\/\/librairie7l.com\/en\/"},{"@type":"ListItem","position":2,"name":"Shop","item":"https:\/\/librairie7l.com\/en\/shop\/"},{"@type":"ListItem","position":3,"name":"JEAN-MICHEL BASQUIAT (FONDATION BEYELER)"}]},{"@type":"WebSite","@id":"https:\/\/librairie7l.com\/en\/#website","url":"https:\/\/librairie7l.com\/en\/","name":"Librairie 7L","description":"Librairie fond\u00e9e en 1999 par Karl Lagerfeld \u00e0 Paris","publisher":{"@id":"https:\/\/librairie7l.com\/en\/#organization"},"potentialAction":[{"@type":"SearchAction","target":{"@type":"EntryPoint","urlTemplate":"https:\/\/librairie7l.com\/en\/?s={search_term_string}"},"query-input":"required name=search_term_string"}],"inLanguage":"en-US"},{"@type":"Organization","@id":"https:\/\/librairie7l.com\/en\/#organization","name":"Librairie 7L","url":"https:\/\/librairie7l.com\/en\/","logo":{"@type":"ImageObject","inLanguage":"en-US","@id":"https:\/\/librairie7l.com\/en\/#\/schema\/logo\/image\/","url":"https:\/\/librairie7l.com\/wp-content\/uploads\/2022\/08\/logo-1.png","contentUrl":"https:\/\/librairie7l.com\/wp-content\/uploads\/2022\/08\/logo-1.png","width":227,"height":301,"caption":"Librairie 7L"},"image":{"@id":"https:\/\/librairie7l.com\/en\/#\/schema\/logo\/image\/"}}]}},"_links":{"self":[{"href":"https:\/\/librairie7l.com\/en\/wp-json\/wp\/v2\/product\/54943"}],"collection":[{"href":"https:\/\/librairie7l.com\/en\/wp-json\/wp\/v2\/product"}],"about":[{"href":"https:\/\/librairie7l.com\/en\/wp-json\/wp\/v2\/types\/product"}],"wp:featuredmedia":[{"embeddable":true,"href":"https:\/\/librairie7l.com\/en\/wp-json\/wp\/v2\/media\/54941"}],"wp:attachment":[{"href":"https:\/\/librairie7l.com\/en\/wp-json\/wp\/v2\/media?parent=54943"}],"wp:term":[{"taxonomy":"product_cat","embeddable":true,"href":"https:\/\/librairie7l.com\/en\/wp-json\/wp\/v2\/product_cat?post=54943"},{"taxonomy":"product_tag","embeddable":true,"href":"https:\/\/librairie7l.com\/en\/wp-json\/wp\/v2\/product_tag?post=54943"}],"curies":[{"name":"wp","href":"https:\/\/api.w.org\/{rel}","templated":true}]}}