{"id":54956,"date":"2026-02-16T23:42:38","date_gmt":"2026-02-16T22:42:38","guid":{"rendered":"https:\/\/librairie7l.com\/?post_type=product&#038;p=54956"},"modified":"2026-04-04T01:24:50","modified_gmt":"2026-04-03T23:24:50","slug":"yves-saint-laurent-la-folie-de-laccessoire-2","status":"publish","type":"product","link":"https:\/\/librairie7l.com\/en\/produit\/yves-saint-laurent-la-folie-de-laccessoire-2\/","title":{"rendered":"YVES SAINT LAURENT : LA FOLIE DE L&#8217;ACCESSOIRE"},"content":{"rendered":"<p>De sa premi\u00e8re collection, en 1962, jusqu&#8217;\u00e0 la derni\u00e8re, en 2002, Yves Saint Laurent a con\u00e7u des accessoires uniques pour parer ses mythiques cr\u00e9ations haute couture. R\u00e9alis\u00e9 en partenariat avec la Fondation Pierre Berg\u00e9-Yves Saint Laurent, cet ouvrage est le seul, \u00e0 ce jour, \u00e0 mettre en lumi\u00e8re les superbes bijoux, chapeaux, chaussures et sacs \u00e0 main qui ont sublim\u00e9 les cr\u00e9ations de l&#8217;un des plus grands couturiers de tous les temps.<br \/>\n&#8211; Pr\u00e9sente les accessoires cultes d&#8217;Yves Saint Laurent, comme les exemples con\u00e7us pour la robe Mondrian ou les boucles d&#8217;oreilles en forme d&#8217;oiseaux inspir\u00e9es par Picasso, et d&#8217;autres moins connus, comme des ceintures, des gants ou des parures pour coiffures de mari\u00e9es.<br \/>\n&#8211; Richement illustr\u00e9, le livre pr\u00e9sente des photographies d&#8217;accessoires sp\u00e9cialement r\u00e9alis\u00e9es pour l&#8217;ouvrage et une mine de tr\u00e9sors m\u00e9connus comme des esquisses pr\u00e9paratoires, des portraits intimes de Saint Laurent en pleine cr\u00e9ation et des clich\u00e9s de mannequins dans les coulisses des d\u00e9fi l\u00e9s.<br \/>\n&#8211; Une parution co\u00efncidant avec l&#8217;inauguration de deux mus\u00e9es, l&#8217;un \u00e0 Paris, l&#8217;autre \u00e0 Marakkech, consacr\u00e9s \u00e0 l&#8217;oeuvre et \u00e0 la carri\u00e8re d&#8217;Yves Saint Laurent.<\/p>\n","protected":false},"excerpt":{"rendered":"<p>De sa premi\u00e8re collection, en 1962, jusqu&#8217;\u00e0 la derni\u00e8re, en 2002, Yves Saint Laurent a con\u00e7u des accessoires uniques pour parer ses mythiques cr\u00e9ations haute couture. R\u00e9alis\u00e9 en partenariat avec la Fondation Pierre Berg\u00e9-Yves Saint Laurent, cet ouvrage est le seul, \u00e0 ce jour, \u00e0 mettre en lumi\u00e8re les superbes bijoux, chapeaux, chaussures et sacs [&hellip;]<\/p>\n","protected":false},"featured_media":54954,"template":"","meta":[],"product_cat":[7364,2948],"product_tag":[],"acf":[],"yoast_head":"<!-- This site is optimized with the Yoast SEO plugin v20.11 - https:\/\/yoast.com\/wordpress\/plugins\/seo\/ -->\n<title>Yves Saint Laurent : La folie de l&#039;accessoire - Librairie 7L<\/title>\n<meta name=\"robots\" content=\"index, follow, max-snippet:-1, max-image-preview:large, max-video-preview:-1\" \/>\n<link rel=\"canonical\" href=\"https:\/\/librairie7l.com\/en\/produit\/yves-saint-laurent-la-folie-de-laccessoire-2\/\" \/>\n<meta property=\"og:locale\" content=\"en_US\" \/>\n<meta property=\"og:type\" content=\"article\" \/>\n<meta property=\"og:title\" content=\"Yves Saint Laurent : La folie de l&#039;accessoire - Librairie 7L\" \/>\n<meta property=\"og:description\" content=\"De sa premi\u00e8re collection, en 1962, jusqu&#8217;\u00e0 la derni\u00e8re, en 2002, Yves Saint Laurent a con\u00e7u des accessoires uniques pour parer ses mythiques cr\u00e9ations haute couture. R\u00e9alis\u00e9 en partenariat avec la Fondation Pierre Berg\u00e9-Yves Saint Laurent, cet ouvrage est le seul, \u00e0 ce jour, \u00e0 mettre en lumi\u00e8re les superbes bijoux, chapeaux, chaussures et sacs [&hellip;]\" \/>\n<meta property=\"og:url\" content=\"https:\/\/librairie7l.com\/en\/produit\/yves-saint-laurent-la-folie-de-laccessoire-2\/\" \/>\n<meta property=\"og:site_name\" content=\"Librairie 7L\" \/>\n<meta property=\"article:modified_time\" content=\"2026-04-03T23:24:50+00:00\" \/>\n<meta property=\"og:image\" content=\"https:\/\/librairie7l.com\/wp-content\/uploads\/2017\/04\/9780714872063_1_75.jpg\" \/>\n\t<meta property=\"og:image:width\" content=\"1000\" \/>\n\t<meta property=\"og:image:height\" content=\"1298\" \/>\n\t<meta property=\"og:image:type\" content=\"image\/jpeg\" \/>\n<meta name=\"twitter:card\" content=\"summary_large_image\" \/>\n<meta name=\"twitter:label1\" content=\"Est. reading time\" \/>\n\t<meta name=\"twitter:data1\" content=\"1 minute\" \/>\n<script type=\"application\/ld+json\" class=\"yoast-schema-graph\">{\"@context\":\"https:\/\/schema.org\",\"@graph\":[{\"@type\":\"WebPage\",\"@id\":\"https:\/\/librairie7l.com\/en\/produit\/yves-saint-laurent-la-folie-de-laccessoire-2\/\",\"url\":\"https:\/\/librairie7l.com\/en\/produit\/yves-saint-laurent-la-folie-de-laccessoire-2\/\",\"name\":\"Yves Saint Laurent : La folie de l'accessoire - Librairie 7L\",\"isPartOf\":{\"@id\":\"https:\/\/librairie7l.com\/en\/#website\"},\"datePublished\":\"2026-02-16T22:42:38+00:00\",\"dateModified\":\"2026-04-03T23:24:50+00:00\",\"breadcrumb\":{\"@id\":\"https:\/\/librairie7l.com\/en\/produit\/yves-saint-laurent-la-folie-de-laccessoire-2\/#breadcrumb\"},\"inLanguage\":\"en-US\",\"potentialAction\":[{\"@type\":\"ReadAction\",\"target\":[\"https:\/\/librairie7l.com\/en\/produit\/yves-saint-laurent-la-folie-de-laccessoire-2\/\"]}]},{\"@type\":\"BreadcrumbList\",\"@id\":\"https:\/\/librairie7l.com\/en\/produit\/yves-saint-laurent-la-folie-de-laccessoire-2\/#breadcrumb\",\"itemListElement\":[{\"@type\":\"ListItem\",\"position\":1,\"name\":\"Accueil\",\"item\":\"https:\/\/librairie7l.com\/en\/\"},{\"@type\":\"ListItem\",\"position\":2,\"name\":\"Shop\",\"item\":\"https:\/\/librairie7l.com\/en\/shop\/\"},{\"@type\":\"ListItem\",\"position\":3,\"name\":\"YVES SAINT LAURENT : LA FOLIE DE L&#8217;ACCESSOIRE\"}]},{\"@type\":\"WebSite\",\"@id\":\"https:\/\/librairie7l.com\/en\/#website\",\"url\":\"https:\/\/librairie7l.com\/en\/\",\"name\":\"Librairie 7L\",\"description\":\"Librairie fond\u00e9e en 1999 par Karl Lagerfeld \u00e0 Paris\",\"publisher\":{\"@id\":\"https:\/\/librairie7l.com\/en\/#organization\"},\"potentialAction\":[{\"@type\":\"SearchAction\",\"target\":{\"@type\":\"EntryPoint\",\"urlTemplate\":\"https:\/\/librairie7l.com\/en\/?s={search_term_string}\"},\"query-input\":\"required name=search_term_string\"}],\"inLanguage\":\"en-US\"},{\"@type\":\"Organization\",\"@id\":\"https:\/\/librairie7l.com\/en\/#organization\",\"name\":\"Librairie 7L\",\"url\":\"https:\/\/librairie7l.com\/en\/\",\"logo\":{\"@type\":\"ImageObject\",\"inLanguage\":\"en-US\",\"@id\":\"https:\/\/librairie7l.com\/en\/#\/schema\/logo\/image\/\",\"url\":\"https:\/\/librairie7l.com\/wp-content\/uploads\/2022\/08\/logo-1.png\",\"contentUrl\":\"https:\/\/librairie7l.com\/wp-content\/uploads\/2022\/08\/logo-1.png\",\"width\":227,\"height\":301,\"caption\":\"Librairie 7L\"},\"image\":{\"@id\":\"https:\/\/librairie7l.com\/en\/#\/schema\/logo\/image\/\"}}]}<\/script>\n<!-- \/ Yoast SEO plugin. -->","yoast_head_json":{"title":"Yves Saint Laurent : La folie de l'accessoire - Librairie 7L","robots":{"index":"index","follow":"follow","max-snippet":"max-snippet:-1","max-image-preview":"max-image-preview:large","max-video-preview":"max-video-preview:-1"},"canonical":"https:\/\/librairie7l.com\/en\/produit\/yves-saint-laurent-la-folie-de-laccessoire-2\/","og_locale":"en_US","og_type":"article","og_title":"Yves Saint Laurent : La folie de l'accessoire - Librairie 7L","og_description":"De sa premi\u00e8re collection, en 1962, jusqu&#8217;\u00e0 la derni\u00e8re, en 2002, Yves Saint Laurent a con\u00e7u des accessoires uniques pour parer ses mythiques cr\u00e9ations haute couture. R\u00e9alis\u00e9 en partenariat avec la Fondation Pierre Berg\u00e9-Yves Saint Laurent, cet ouvrage est le seul, \u00e0 ce jour, \u00e0 mettre en lumi\u00e8re les superbes bijoux, chapeaux, chaussures et sacs [&hellip;]","og_url":"https:\/\/librairie7l.com\/en\/produit\/yves-saint-laurent-la-folie-de-laccessoire-2\/","og_site_name":"Librairie 7L","article_modified_time":"2026-04-03T23:24:50+00:00","og_image":[{"width":1000,"height":1298,"url":"https:\/\/librairie7l.com\/wp-content\/uploads\/2017\/04\/9780714872063_1_75.jpg","type":"image\/jpeg"}],"twitter_card":"summary_large_image","twitter_misc":{"Est. reading time":"1 minute"},"schema":{"@context":"https:\/\/schema.org","@graph":[{"@type":"WebPage","@id":"https:\/\/librairie7l.com\/en\/produit\/yves-saint-laurent-la-folie-de-laccessoire-2\/","url":"https:\/\/librairie7l.com\/en\/produit\/yves-saint-laurent-la-folie-de-laccessoire-2\/","name":"Yves Saint Laurent : La folie de l'accessoire - Librairie 7L","isPartOf":{"@id":"https:\/\/librairie7l.com\/en\/#website"},"datePublished":"2026-02-16T22:42:38+00:00","dateModified":"2026-04-03T23:24:50+00:00","breadcrumb":{"@id":"https:\/\/librairie7l.com\/en\/produit\/yves-saint-laurent-la-folie-de-laccessoire-2\/#breadcrumb"},"inLanguage":"en-US","potentialAction":[{"@type":"ReadAction","target":["https:\/\/librairie7l.com\/en\/produit\/yves-saint-laurent-la-folie-de-laccessoire-2\/"]}]},{"@type":"BreadcrumbList","@id":"https:\/\/librairie7l.com\/en\/produit\/yves-saint-laurent-la-folie-de-laccessoire-2\/#breadcrumb","itemListElement":[{"@type":"ListItem","position":1,"name":"Accueil","item":"https:\/\/librairie7l.com\/en\/"},{"@type":"ListItem","position":2,"name":"Shop","item":"https:\/\/librairie7l.com\/en\/shop\/"},{"@type":"ListItem","position":3,"name":"YVES SAINT LAURENT : LA FOLIE DE L&#8217;ACCESSOIRE"}]},{"@type":"WebSite","@id":"https:\/\/librairie7l.com\/en\/#website","url":"https:\/\/librairie7l.com\/en\/","name":"Librairie 7L","description":"Librairie fond\u00e9e en 1999 par Karl Lagerfeld \u00e0 Paris","publisher":{"@id":"https:\/\/librairie7l.com\/en\/#organization"},"potentialAction":[{"@type":"SearchAction","target":{"@type":"EntryPoint","urlTemplate":"https:\/\/librairie7l.com\/en\/?s={search_term_string}"},"query-input":"required name=search_term_string"}],"inLanguage":"en-US"},{"@type":"Organization","@id":"https:\/\/librairie7l.com\/en\/#organization","name":"Librairie 7L","url":"https:\/\/librairie7l.com\/en\/","logo":{"@type":"ImageObject","inLanguage":"en-US","@id":"https:\/\/librairie7l.com\/en\/#\/schema\/logo\/image\/","url":"https:\/\/librairie7l.com\/wp-content\/uploads\/2022\/08\/logo-1.png","contentUrl":"https:\/\/librairie7l.com\/wp-content\/uploads\/2022\/08\/logo-1.png","width":227,"height":301,"caption":"Librairie 7L"},"image":{"@id":"https:\/\/librairie7l.com\/en\/#\/schema\/logo\/image\/"}}]}},"_links":{"self":[{"href":"https:\/\/librairie7l.com\/en\/wp-json\/wp\/v2\/product\/54956"}],"collection":[{"href":"https:\/\/librairie7l.com\/en\/wp-json\/wp\/v2\/product"}],"about":[{"href":"https:\/\/librairie7l.com\/en\/wp-json\/wp\/v2\/types\/product"}],"wp:featuredmedia":[{"embeddable":true,"href":"https:\/\/librairie7l.com\/en\/wp-json\/wp\/v2\/media\/54954"}],"wp:attachment":[{"href":"https:\/\/librairie7l.com\/en\/wp-json\/wp\/v2\/media?parent=54956"}],"wp:term":[{"taxonomy":"product_cat","embeddable":true,"href":"https:\/\/librairie7l.com\/en\/wp-json\/wp\/v2\/product_cat?post=54956"},{"taxonomy":"product_tag","embeddable":true,"href":"https:\/\/librairie7l.com\/en\/wp-json\/wp\/v2\/product_tag?post=54956"}],"curies":[{"name":"wp","href":"https:\/\/api.w.org\/{rel}","templated":true}]}}