{"id":54960,"date":"2026-02-17T01:08:23","date_gmt":"2026-02-17T00:08:23","guid":{"rendered":"https:\/\/librairie7l.com\/?post_type=product&#038;p=54960"},"modified":"2026-04-04T01:23:26","modified_gmt":"2026-04-03T23:23:26","slug":"la-tauromachie-2","status":"publish","type":"product","link":"https:\/\/librairie7l.com\/en\/produit\/la-tauromachie-2\/","title":{"rendered":"LA TAUROMACHIE"},"content":{"rendered":"<p>La Tauromaquia est une collection de sc\u00e8nes repr\u00e9sentant divers \u00e9pisodes du<br \/>\ncombat de taureaux.Goya \u00e9tait un aficionado consomm\u00e9, et il passait une<br \/>\ngrande partie de son temps avec les toreros. Aussi \u00e9tait-il l&#8217;homme le plus<br \/>\ncomp\u00e9tent du monde pour traiter \u00e0 fond la mati\u00e8re. Quoique les attitudes, les<br \/>\nposes, les d\u00e9fenses et les attaques, ou, pour parler le langage technique, les<br \/>\ndiff\u00e9rents lances et suertes soient d&#8217;une exactitude irr\u00e9prochable, Goya a<br \/>\nr\u00e9pandu sur ces sc\u00e8nes ses ombres myst\u00e9rieuses et ses couleurs fantastiques.<\/p>\n","protected":false},"excerpt":{"rendered":"<p>La Tauromaquia est une collection de sc\u00e8nes repr\u00e9sentant divers \u00e9pisodes du combat de taureaux.Goya \u00e9tait un aficionado consomm\u00e9, et il passait une grande partie de son temps avec les toreros. Aussi \u00e9tait-il l&#8217;homme le plus comp\u00e9tent du monde pour traiter \u00e0 fond la mati\u00e8re. Quoique les attitudes, les poses, les d\u00e9fenses et les attaques, ou, [&hellip;]<\/p>\n","protected":false},"featured_media":54958,"template":"","meta":[],"product_cat":[7364,2948],"product_tag":[],"acf":[],"yoast_head":"<!-- This site is optimized with the Yoast SEO plugin v20.11 - https:\/\/yoast.com\/wordpress\/plugins\/seo\/ -->\n<title>La Tauromachie - Librairie 7L<\/title>\n<meta name=\"robots\" content=\"index, follow, max-snippet:-1, max-image-preview:large, max-video-preview:-1\" \/>\n<link rel=\"canonical\" href=\"https:\/\/librairie7l.com\/en\/produit\/la-tauromachie-2\/\" \/>\n<meta property=\"og:locale\" content=\"en_US\" \/>\n<meta property=\"og:type\" content=\"article\" \/>\n<meta property=\"og:title\" content=\"La Tauromachie - Librairie 7L\" \/>\n<meta property=\"og:description\" content=\"La Tauromaquia est une collection de sc\u00e8nes repr\u00e9sentant divers \u00e9pisodes du combat de taureaux.Goya \u00e9tait un aficionado consomm\u00e9, et il passait une grande partie de son temps avec les toreros. Aussi \u00e9tait-il l&#8217;homme le plus comp\u00e9tent du monde pour traiter \u00e0 fond la mati\u00e8re. Quoique les attitudes, les poses, les d\u00e9fenses et les attaques, ou, [&hellip;]\" \/>\n<meta property=\"og:url\" content=\"https:\/\/librairie7l.com\/en\/produit\/la-tauromachie-2\/\" \/>\n<meta property=\"og:site_name\" content=\"Librairie 7L\" \/>\n<meta property=\"article:modified_time\" content=\"2026-04-03T23:23:26+00:00\" \/>\n<meta property=\"og:image\" content=\"https:\/\/librairie7l.com\/wp-content\/uploads\/2025\/06\/9791387675752_1_75.jpg\" \/>\n\t<meta property=\"og:image:width\" content=\"600\" \/>\n\t<meta property=\"og:image:height\" content=\"848\" \/>\n\t<meta property=\"og:image:type\" content=\"image\/jpeg\" \/>\n<meta name=\"twitter:card\" content=\"summary_large_image\" \/>\n<script type=\"application\/ld+json\" class=\"yoast-schema-graph\">{\"@context\":\"https:\/\/schema.org\",\"@graph\":[{\"@type\":\"WebPage\",\"@id\":\"https:\/\/librairie7l.com\/en\/produit\/la-tauromachie-2\/\",\"url\":\"https:\/\/librairie7l.com\/en\/produit\/la-tauromachie-2\/\",\"name\":\"La Tauromachie - Librairie 7L\",\"isPartOf\":{\"@id\":\"https:\/\/librairie7l.com\/en\/#website\"},\"datePublished\":\"2026-02-17T00:08:23+00:00\",\"dateModified\":\"2026-04-03T23:23:26+00:00\",\"breadcrumb\":{\"@id\":\"https:\/\/librairie7l.com\/en\/produit\/la-tauromachie-2\/#breadcrumb\"},\"inLanguage\":\"en-US\",\"potentialAction\":[{\"@type\":\"ReadAction\",\"target\":[\"https:\/\/librairie7l.com\/en\/produit\/la-tauromachie-2\/\"]}]},{\"@type\":\"BreadcrumbList\",\"@id\":\"https:\/\/librairie7l.com\/en\/produit\/la-tauromachie-2\/#breadcrumb\",\"itemListElement\":[{\"@type\":\"ListItem\",\"position\":1,\"name\":\"Accueil\",\"item\":\"https:\/\/librairie7l.com\/en\/\"},{\"@type\":\"ListItem\",\"position\":2,\"name\":\"Shop\",\"item\":\"https:\/\/librairie7l.com\/en\/shop\/\"},{\"@type\":\"ListItem\",\"position\":3,\"name\":\"LA TAUROMACHIE\"}]},{\"@type\":\"WebSite\",\"@id\":\"https:\/\/librairie7l.com\/en\/#website\",\"url\":\"https:\/\/librairie7l.com\/en\/\",\"name\":\"Librairie 7L\",\"description\":\"Librairie fond\u00e9e en 1999 par Karl Lagerfeld \u00e0 Paris\",\"publisher\":{\"@id\":\"https:\/\/librairie7l.com\/en\/#organization\"},\"potentialAction\":[{\"@type\":\"SearchAction\",\"target\":{\"@type\":\"EntryPoint\",\"urlTemplate\":\"https:\/\/librairie7l.com\/en\/?s={search_term_string}\"},\"query-input\":\"required name=search_term_string\"}],\"inLanguage\":\"en-US\"},{\"@type\":\"Organization\",\"@id\":\"https:\/\/librairie7l.com\/en\/#organization\",\"name\":\"Librairie 7L\",\"url\":\"https:\/\/librairie7l.com\/en\/\",\"logo\":{\"@type\":\"ImageObject\",\"inLanguage\":\"en-US\",\"@id\":\"https:\/\/librairie7l.com\/en\/#\/schema\/logo\/image\/\",\"url\":\"https:\/\/librairie7l.com\/wp-content\/uploads\/2022\/08\/logo-1.png\",\"contentUrl\":\"https:\/\/librairie7l.com\/wp-content\/uploads\/2022\/08\/logo-1.png\",\"width\":227,\"height\":301,\"caption\":\"Librairie 7L\"},\"image\":{\"@id\":\"https:\/\/librairie7l.com\/en\/#\/schema\/logo\/image\/\"}}]}<\/script>\n<!-- \/ Yoast SEO plugin. -->","yoast_head_json":{"title":"La Tauromachie - Librairie 7L","robots":{"index":"index","follow":"follow","max-snippet":"max-snippet:-1","max-image-preview":"max-image-preview:large","max-video-preview":"max-video-preview:-1"},"canonical":"https:\/\/librairie7l.com\/en\/produit\/la-tauromachie-2\/","og_locale":"en_US","og_type":"article","og_title":"La Tauromachie - Librairie 7L","og_description":"La Tauromaquia est une collection de sc\u00e8nes repr\u00e9sentant divers \u00e9pisodes du combat de taureaux.Goya \u00e9tait un aficionado consomm\u00e9, et il passait une grande partie de son temps avec les toreros. Aussi \u00e9tait-il l&#8217;homme le plus comp\u00e9tent du monde pour traiter \u00e0 fond la mati\u00e8re. Quoique les attitudes, les poses, les d\u00e9fenses et les attaques, ou, [&hellip;]","og_url":"https:\/\/librairie7l.com\/en\/produit\/la-tauromachie-2\/","og_site_name":"Librairie 7L","article_modified_time":"2026-04-03T23:23:26+00:00","og_image":[{"width":600,"height":848,"url":"https:\/\/librairie7l.com\/wp-content\/uploads\/2025\/06\/9791387675752_1_75.jpg","type":"image\/jpeg"}],"twitter_card":"summary_large_image","schema":{"@context":"https:\/\/schema.org","@graph":[{"@type":"WebPage","@id":"https:\/\/librairie7l.com\/en\/produit\/la-tauromachie-2\/","url":"https:\/\/librairie7l.com\/en\/produit\/la-tauromachie-2\/","name":"La Tauromachie - Librairie 7L","isPartOf":{"@id":"https:\/\/librairie7l.com\/en\/#website"},"datePublished":"2026-02-17T00:08:23+00:00","dateModified":"2026-04-03T23:23:26+00:00","breadcrumb":{"@id":"https:\/\/librairie7l.com\/en\/produit\/la-tauromachie-2\/#breadcrumb"},"inLanguage":"en-US","potentialAction":[{"@type":"ReadAction","target":["https:\/\/librairie7l.com\/en\/produit\/la-tauromachie-2\/"]}]},{"@type":"BreadcrumbList","@id":"https:\/\/librairie7l.com\/en\/produit\/la-tauromachie-2\/#breadcrumb","itemListElement":[{"@type":"ListItem","position":1,"name":"Accueil","item":"https:\/\/librairie7l.com\/en\/"},{"@type":"ListItem","position":2,"name":"Shop","item":"https:\/\/librairie7l.com\/en\/shop\/"},{"@type":"ListItem","position":3,"name":"LA TAUROMACHIE"}]},{"@type":"WebSite","@id":"https:\/\/librairie7l.com\/en\/#website","url":"https:\/\/librairie7l.com\/en\/","name":"Librairie 7L","description":"Librairie fond\u00e9e en 1999 par Karl Lagerfeld \u00e0 Paris","publisher":{"@id":"https:\/\/librairie7l.com\/en\/#organization"},"potentialAction":[{"@type":"SearchAction","target":{"@type":"EntryPoint","urlTemplate":"https:\/\/librairie7l.com\/en\/?s={search_term_string}"},"query-input":"required name=search_term_string"}],"inLanguage":"en-US"},{"@type":"Organization","@id":"https:\/\/librairie7l.com\/en\/#organization","name":"Librairie 7L","url":"https:\/\/librairie7l.com\/en\/","logo":{"@type":"ImageObject","inLanguage":"en-US","@id":"https:\/\/librairie7l.com\/en\/#\/schema\/logo\/image\/","url":"https:\/\/librairie7l.com\/wp-content\/uploads\/2022\/08\/logo-1.png","contentUrl":"https:\/\/librairie7l.com\/wp-content\/uploads\/2022\/08\/logo-1.png","width":227,"height":301,"caption":"Librairie 7L"},"image":{"@id":"https:\/\/librairie7l.com\/en\/#\/schema\/logo\/image\/"}}]}},"_links":{"self":[{"href":"https:\/\/librairie7l.com\/en\/wp-json\/wp\/v2\/product\/54960"}],"collection":[{"href":"https:\/\/librairie7l.com\/en\/wp-json\/wp\/v2\/product"}],"about":[{"href":"https:\/\/librairie7l.com\/en\/wp-json\/wp\/v2\/types\/product"}],"wp:featuredmedia":[{"embeddable":true,"href":"https:\/\/librairie7l.com\/en\/wp-json\/wp\/v2\/media\/54958"}],"wp:attachment":[{"href":"https:\/\/librairie7l.com\/en\/wp-json\/wp\/v2\/media?parent=54960"}],"wp:term":[{"taxonomy":"product_cat","embeddable":true,"href":"https:\/\/librairie7l.com\/en\/wp-json\/wp\/v2\/product_cat?post=54960"},{"taxonomy":"product_tag","embeddable":true,"href":"https:\/\/librairie7l.com\/en\/wp-json\/wp\/v2\/product_tag?post=54960"}],"curies":[{"name":"wp","href":"https:\/\/api.w.org\/{rel}","templated":true}]}}