{"id":54964,"date":"2026-02-17T01:08:27","date_gmt":"2026-02-17T00:08:27","guid":{"rendered":"https:\/\/librairie7l.com\/?post_type=product&#038;p=54964"},"modified":"2026-04-04T03:00:46","modified_gmt":"2026-04-04T01:00:46","slug":"goya-2","status":"publish","type":"product","link":"https:\/\/librairie7l.com\/en\/produit\/goya-2\/","title":{"rendered":"GOYA"},"content":{"rendered":"<p>Depuis ses portraits de cour des souverains d&#8217;Espagne jusqu&#8217;aux horribles sc\u00e8nes de guerre et de souffrance, Francisco Jos\u00e9 de Goya y Lucientes (1746-1828) s&#8217;est impos\u00e9 comme l&#8217;un des artistes espagnols les plus admir\u00e9s et les plus controvers\u00e9s. Ma\u00eetre des formes et de la lumi\u00e8re, son influence a travers\u00e9 les si\u00e8cles: il a inspir\u00e9 et fascin\u00e9 de nombreux artistes, depuis le peintre romantique Eug\u00e8ne Delacroix jusqu&#8217;aux enfants terribles du \u00abBrit art\u00bb, les fr\u00e8res Chapman.<br \/>\nN\u00e9 \u00e0 Fuendetodos, en Espagne, en 1746, Goya d\u00e9buta son apprentissage aupr\u00e8s de la famille royale d&#8217;Espagne en 1774, durant lequel il r\u00e9alisa des tapisseries, des estampes et des dessins pour les magnifiques palais et r\u00e9sidences des souverains \u00e0 travers le royaume. Il fut aussi soutenu par l&#8217;aristocratie et r\u00e9alisa \u00e0 sa demande des portraits de riches et puissants personnages peints dans un style caract\u00e9ristique, toujours plus fluide et expressif. Plus tard, apr\u00e8s avoir vaincu la maladie, l&#8217;artiste s&#8217;orienta vers des estampes et des dessins plus sombres, esquissant les pr\u00e9mices d&#8217;un univers cauchemardesque peupl\u00e9 de sorci\u00e8res, de fant\u00f4mes et autres cr\u00e9atures fantastiques.<br \/>\nCe fut toutefois gr\u00e2ce \u00e0 sa terrible repr\u00e9sentation de la guerre que Goya gagna une estime \u00e9ternelle. Ex\u00e9cut\u00e9s entre 1810 et 1820, Les D\u00e9sastres de la guerre lui furent inspir\u00e9s par les atrocit\u00e9s commises durant la lutte des Espagnols pour leur ind\u00e9pendance contre les Fran\u00e7ais et sont p\u00e9n\u00e9tr\u00e9s du plus profond de la cruaut\u00e9 et du sadisme humains. Si les tonalit\u00e9s lugubres, les traits de pinceau agit\u00e9s et l&#8217;usage violent de la lumi\u00e8re typique du baroque avec ses contrastes sombres rappellent Velazquez et Rembrandt, le sujet et la mani\u00e8re avec laquelle Goya le traite sont sans \u00e9quivalent dans leur brutalit\u00e9 et leur sinc\u00e9rit\u00e9.<br \/>\nCet ouvrage introductif, issu de la Petite Collection 2.0 propos\u00e9e par TASCHEN, explore le large \u00e9ventail de la remarquable carri\u00e8re de Goya, de ses \u00e9l\u00e9gantes peintures de cour \u00e0 ses repr\u00e9sentations proph\u00e9tiques sinistres pleines de souffrance et de grotesque. Au d\u00e9tour des pages sont abord\u00e9s ses fameux portraits, tels que Manuel Osorio Manrique de Zuniga, la splendide Maja nue et La Fusillade du 3 mai 1808, une des sc\u00e8nes de guerre les plus \u00e9mouvantes de toute l&#8217;histoire de l&#8217;art.<\/p>\n","protected":false},"excerpt":{"rendered":"<p>Depuis ses portraits de cour des souverains d&#8217;Espagne jusqu&#8217;aux horribles sc\u00e8nes de guerre et de souffrance, Francisco Jos\u00e9 de Goya y Lucientes (1746-1828) s&#8217;est impos\u00e9 comme l&#8217;un des artistes espagnols les plus admir\u00e9s et les plus controvers\u00e9s. Ma\u00eetre des formes et de la lumi\u00e8re, son influence a travers\u00e9 les si\u00e8cles: il a inspir\u00e9 et fascin\u00e9 [&hellip;]<\/p>\n","protected":false},"featured_media":54962,"template":"","meta":[],"product_cat":[7364,2948],"product_tag":[],"acf":[],"yoast_head":"<!-- This site is optimized with the Yoast SEO plugin v20.11 - https:\/\/yoast.com\/wordpress\/plugins\/seo\/ -->\n<title>Goya - Librairie 7L<\/title>\n<meta name=\"robots\" content=\"index, follow, max-snippet:-1, max-image-preview:large, max-video-preview:-1\" \/>\n<link rel=\"canonical\" href=\"https:\/\/librairie7l.com\/en\/produit\/goya-2\/\" \/>\n<meta property=\"og:locale\" content=\"en_US\" \/>\n<meta property=\"og:type\" content=\"article\" \/>\n<meta property=\"og:title\" content=\"Goya - Librairie 7L\" \/>\n<meta property=\"og:description\" content=\"Depuis ses portraits de cour des souverains d&#8217;Espagne jusqu&#8217;aux horribles sc\u00e8nes de guerre et de souffrance, Francisco Jos\u00e9 de Goya y Lucientes (1746-1828) s&#8217;est impos\u00e9 comme l&#8217;un des artistes espagnols les plus admir\u00e9s et les plus controvers\u00e9s. Ma\u00eetre des formes et de la lumi\u00e8re, son influence a travers\u00e9 les si\u00e8cles: il a inspir\u00e9 et fascin\u00e9 [&hellip;]\" \/>\n<meta property=\"og:url\" content=\"https:\/\/librairie7l.com\/en\/produit\/goya-2\/\" \/>\n<meta property=\"og:site_name\" content=\"Librairie 7L\" \/>\n<meta property=\"article:modified_time\" content=\"2026-04-04T01:00:46+00:00\" \/>\n<meta property=\"og:image\" content=\"https:\/\/librairie7l.com\/wp-content\/uploads\/2016\/01\/9783836532679_1_75.jpg\" \/>\n\t<meta property=\"og:image:width\" content=\"600\" \/>\n\t<meta property=\"og:image:height\" content=\"724\" \/>\n\t<meta property=\"og:image:type\" content=\"image\/jpeg\" \/>\n<meta name=\"twitter:card\" content=\"summary_large_image\" \/>\n<meta name=\"twitter:label1\" content=\"Est. reading time\" \/>\n\t<meta name=\"twitter:data1\" content=\"2 minutes\" \/>\n<script type=\"application\/ld+json\" class=\"yoast-schema-graph\">{\"@context\":\"https:\/\/schema.org\",\"@graph\":[{\"@type\":\"WebPage\",\"@id\":\"https:\/\/librairie7l.com\/en\/produit\/goya-2\/\",\"url\":\"https:\/\/librairie7l.com\/en\/produit\/goya-2\/\",\"name\":\"Goya - Librairie 7L\",\"isPartOf\":{\"@id\":\"https:\/\/librairie7l.com\/en\/#website\"},\"datePublished\":\"2026-02-17T00:08:27+00:00\",\"dateModified\":\"2026-04-04T01:00:46+00:00\",\"breadcrumb\":{\"@id\":\"https:\/\/librairie7l.com\/en\/produit\/goya-2\/#breadcrumb\"},\"inLanguage\":\"en-US\",\"potentialAction\":[{\"@type\":\"ReadAction\",\"target\":[\"https:\/\/librairie7l.com\/en\/produit\/goya-2\/\"]}]},{\"@type\":\"BreadcrumbList\",\"@id\":\"https:\/\/librairie7l.com\/en\/produit\/goya-2\/#breadcrumb\",\"itemListElement\":[{\"@type\":\"ListItem\",\"position\":1,\"name\":\"Accueil\",\"item\":\"https:\/\/librairie7l.com\/en\/\"},{\"@type\":\"ListItem\",\"position\":2,\"name\":\"Shop\",\"item\":\"https:\/\/librairie7l.com\/en\/shop\/\"},{\"@type\":\"ListItem\",\"position\":3,\"name\":\"GOYA\"}]},{\"@type\":\"WebSite\",\"@id\":\"https:\/\/librairie7l.com\/en\/#website\",\"url\":\"https:\/\/librairie7l.com\/en\/\",\"name\":\"Librairie 7L\",\"description\":\"Librairie fond\u00e9e en 1999 par Karl Lagerfeld \u00e0 Paris\",\"publisher\":{\"@id\":\"https:\/\/librairie7l.com\/en\/#organization\"},\"potentialAction\":[{\"@type\":\"SearchAction\",\"target\":{\"@type\":\"EntryPoint\",\"urlTemplate\":\"https:\/\/librairie7l.com\/en\/?s={search_term_string}\"},\"query-input\":\"required name=search_term_string\"}],\"inLanguage\":\"en-US\"},{\"@type\":\"Organization\",\"@id\":\"https:\/\/librairie7l.com\/en\/#organization\",\"name\":\"Librairie 7L\",\"url\":\"https:\/\/librairie7l.com\/en\/\",\"logo\":{\"@type\":\"ImageObject\",\"inLanguage\":\"en-US\",\"@id\":\"https:\/\/librairie7l.com\/en\/#\/schema\/logo\/image\/\",\"url\":\"https:\/\/librairie7l.com\/wp-content\/uploads\/2022\/08\/logo-1.png\",\"contentUrl\":\"https:\/\/librairie7l.com\/wp-content\/uploads\/2022\/08\/logo-1.png\",\"width\":227,\"height\":301,\"caption\":\"Librairie 7L\"},\"image\":{\"@id\":\"https:\/\/librairie7l.com\/en\/#\/schema\/logo\/image\/\"}}]}<\/script>\n<!-- \/ Yoast SEO plugin. -->","yoast_head_json":{"title":"Goya - Librairie 7L","robots":{"index":"index","follow":"follow","max-snippet":"max-snippet:-1","max-image-preview":"max-image-preview:large","max-video-preview":"max-video-preview:-1"},"canonical":"https:\/\/librairie7l.com\/en\/produit\/goya-2\/","og_locale":"en_US","og_type":"article","og_title":"Goya - Librairie 7L","og_description":"Depuis ses portraits de cour des souverains d&#8217;Espagne jusqu&#8217;aux horribles sc\u00e8nes de guerre et de souffrance, Francisco Jos\u00e9 de Goya y Lucientes (1746-1828) s&#8217;est impos\u00e9 comme l&#8217;un des artistes espagnols les plus admir\u00e9s et les plus controvers\u00e9s. Ma\u00eetre des formes et de la lumi\u00e8re, son influence a travers\u00e9 les si\u00e8cles: il a inspir\u00e9 et fascin\u00e9 [&hellip;]","og_url":"https:\/\/librairie7l.com\/en\/produit\/goya-2\/","og_site_name":"Librairie 7L","article_modified_time":"2026-04-04T01:00:46+00:00","og_image":[{"width":600,"height":724,"url":"https:\/\/librairie7l.com\/wp-content\/uploads\/2016\/01\/9783836532679_1_75.jpg","type":"image\/jpeg"}],"twitter_card":"summary_large_image","twitter_misc":{"Est. reading time":"2 minutes"},"schema":{"@context":"https:\/\/schema.org","@graph":[{"@type":"WebPage","@id":"https:\/\/librairie7l.com\/en\/produit\/goya-2\/","url":"https:\/\/librairie7l.com\/en\/produit\/goya-2\/","name":"Goya - Librairie 7L","isPartOf":{"@id":"https:\/\/librairie7l.com\/en\/#website"},"datePublished":"2026-02-17T00:08:27+00:00","dateModified":"2026-04-04T01:00:46+00:00","breadcrumb":{"@id":"https:\/\/librairie7l.com\/en\/produit\/goya-2\/#breadcrumb"},"inLanguage":"en-US","potentialAction":[{"@type":"ReadAction","target":["https:\/\/librairie7l.com\/en\/produit\/goya-2\/"]}]},{"@type":"BreadcrumbList","@id":"https:\/\/librairie7l.com\/en\/produit\/goya-2\/#breadcrumb","itemListElement":[{"@type":"ListItem","position":1,"name":"Accueil","item":"https:\/\/librairie7l.com\/en\/"},{"@type":"ListItem","position":2,"name":"Shop","item":"https:\/\/librairie7l.com\/en\/shop\/"},{"@type":"ListItem","position":3,"name":"GOYA"}]},{"@type":"WebSite","@id":"https:\/\/librairie7l.com\/en\/#website","url":"https:\/\/librairie7l.com\/en\/","name":"Librairie 7L","description":"Librairie fond\u00e9e en 1999 par Karl Lagerfeld \u00e0 Paris","publisher":{"@id":"https:\/\/librairie7l.com\/en\/#organization"},"potentialAction":[{"@type":"SearchAction","target":{"@type":"EntryPoint","urlTemplate":"https:\/\/librairie7l.com\/en\/?s={search_term_string}"},"query-input":"required name=search_term_string"}],"inLanguage":"en-US"},{"@type":"Organization","@id":"https:\/\/librairie7l.com\/en\/#organization","name":"Librairie 7L","url":"https:\/\/librairie7l.com\/en\/","logo":{"@type":"ImageObject","inLanguage":"en-US","@id":"https:\/\/librairie7l.com\/en\/#\/schema\/logo\/image\/","url":"https:\/\/librairie7l.com\/wp-content\/uploads\/2022\/08\/logo-1.png","contentUrl":"https:\/\/librairie7l.com\/wp-content\/uploads\/2022\/08\/logo-1.png","width":227,"height":301,"caption":"Librairie 7L"},"image":{"@id":"https:\/\/librairie7l.com\/en\/#\/schema\/logo\/image\/"}}]}},"_links":{"self":[{"href":"https:\/\/librairie7l.com\/en\/wp-json\/wp\/v2\/product\/54964"}],"collection":[{"href":"https:\/\/librairie7l.com\/en\/wp-json\/wp\/v2\/product"}],"about":[{"href":"https:\/\/librairie7l.com\/en\/wp-json\/wp\/v2\/types\/product"}],"wp:featuredmedia":[{"embeddable":true,"href":"https:\/\/librairie7l.com\/en\/wp-json\/wp\/v2\/media\/54962"}],"wp:attachment":[{"href":"https:\/\/librairie7l.com\/en\/wp-json\/wp\/v2\/media?parent=54964"}],"wp:term":[{"taxonomy":"product_cat","embeddable":true,"href":"https:\/\/librairie7l.com\/en\/wp-json\/wp\/v2\/product_cat?post=54964"},{"taxonomy":"product_tag","embeddable":true,"href":"https:\/\/librairie7l.com\/en\/wp-json\/wp\/v2\/product_tag?post=54964"}],"curies":[{"name":"wp","href":"https:\/\/api.w.org\/{rel}","templated":true}]}}