{"id":54980,"date":"2026-02-17T01:13:45","date_gmt":"2026-02-17T00:13:45","guid":{"rendered":"https:\/\/librairie7l.com\/?post_type=product&#038;p=54980"},"modified":"2026-04-03T23:50:58","modified_gmt":"2026-04-03T21:50:58","slug":"renoir-lessentiel-2","status":"publish","type":"product","link":"https:\/\/librairie7l.com\/en\/produit\/renoir-lessentiel-2\/","title":{"rendered":"RENOIR : L&#8217;ESSENTIEL"},"content":{"rendered":"<p>Jamais artiste n&#8217;a \u00e9t\u00e9 associ\u00e9 comme Auguste Renoir au bonheur de vivre, \u00e0 l&#8217;insouciance et \u00e0 la volupt\u00e9.Figure incontournable de l&#8217;impressionnisme, cr\u00e9ateur de pr\u00e8s de quatre mille toiles, il n&#8217;a cess\u00e9, tout au long de sa carri\u00e8re, de se r\u00e9inventer, depuis ses d\u00e9buts aux c\u00f4t\u00e9s de Monet, puis lors de sa p\u00e9riode dite \u00ab ingresque \u00bb et de sa p\u00e9riode \u00ab nacr\u00e9e \u00bb, marqu\u00e9e par la d\u00e9licatesse de la touche et la sensualit\u00e9 des coloris et des formes.<br \/>\nDu Bal du Moulin de la Galette au D\u00e9jeuner des canotiers, des Grandes Baigneuses aux portraits intimistes d&#8217;enfants, des natures mortes aux nus et aux paysages de M\u00e9diterran\u00e9e, Renoir a peint sans rel\u00e2che, jusqu&#8217;\u00e0 son dernier souffle.<br \/>\nLa forme originale de ce coffret permet d&#8217;observer au plus pr\u00e8s la mati\u00e8re et la couleur : accompagn\u00e9 d&#8217;un livret explicatif comprenant une introduction et des commentaires d&#8217;oeuvres, cet ouvrage \u00ab en accord\u00e9on \u00bb, tout en images, d\u00e9ploie plus d&#8217;une soixantaine de tableaux de ce peintre \u00e0 la fois inventif et classique.<\/p>\n","protected":false},"excerpt":{"rendered":"<p>Jamais artiste n&#8217;a \u00e9t\u00e9 associ\u00e9 comme Auguste Renoir au bonheur de vivre, \u00e0 l&#8217;insouciance et \u00e0 la volupt\u00e9.Figure incontournable de l&#8217;impressionnisme, cr\u00e9ateur de pr\u00e8s de quatre mille toiles, il n&#8217;a cess\u00e9, tout au long de sa carri\u00e8re, de se r\u00e9inventer, depuis ses d\u00e9buts aux c\u00f4t\u00e9s de Monet, puis lors de sa p\u00e9riode dite \u00ab ingresque [&hellip;]<\/p>\n","protected":false},"featured_media":54978,"template":"","meta":[],"product_cat":[7364,2948],"product_tag":[],"acf":[],"yoast_head":"<!-- This site is optimized with the Yoast SEO plugin v20.11 - https:\/\/yoast.com\/wordpress\/plugins\/seo\/ -->\n<title>Renoir : l&#039;essentiel - Librairie 7L<\/title>\n<meta name=\"robots\" content=\"index, follow, max-snippet:-1, max-image-preview:large, max-video-preview:-1\" \/>\n<link rel=\"canonical\" href=\"https:\/\/librairie7l.com\/en\/produit\/renoir-lessentiel-2\/\" \/>\n<meta property=\"og:locale\" content=\"en_US\" \/>\n<meta property=\"og:type\" content=\"article\" \/>\n<meta property=\"og:title\" content=\"Renoir : l&#039;essentiel - Librairie 7L\" \/>\n<meta property=\"og:description\" content=\"Jamais artiste n&#8217;a \u00e9t\u00e9 associ\u00e9 comme Auguste Renoir au bonheur de vivre, \u00e0 l&#8217;insouciance et \u00e0 la volupt\u00e9.Figure incontournable de l&#8217;impressionnisme, cr\u00e9ateur de pr\u00e8s de quatre mille toiles, il n&#8217;a cess\u00e9, tout au long de sa carri\u00e8re, de se r\u00e9inventer, depuis ses d\u00e9buts aux c\u00f4t\u00e9s de Monet, puis lors de sa p\u00e9riode dite \u00ab ingresque [&hellip;]\" \/>\n<meta property=\"og:url\" content=\"https:\/\/librairie7l.com\/en\/produit\/renoir-lessentiel-2\/\" \/>\n<meta property=\"og:site_name\" content=\"Librairie 7L\" \/>\n<meta property=\"article:modified_time\" content=\"2026-04-03T21:50:58+00:00\" \/>\n<meta property=\"og:image\" content=\"https:\/\/librairie7l.com\/wp-content\/uploads\/2023\/06\/9782754113021_1_75.jpg\" \/>\n\t<meta property=\"og:image:width\" content=\"600\" \/>\n\t<meta property=\"og:image:height\" content=\"738\" \/>\n\t<meta property=\"og:image:type\" content=\"image\/jpeg\" \/>\n<meta name=\"twitter:card\" content=\"summary_large_image\" \/>\n<meta name=\"twitter:label1\" content=\"Est. reading time\" \/>\n\t<meta name=\"twitter:data1\" content=\"1 minute\" \/>\n<script type=\"application\/ld+json\" class=\"yoast-schema-graph\">{\"@context\":\"https:\/\/schema.org\",\"@graph\":[{\"@type\":\"WebPage\",\"@id\":\"https:\/\/librairie7l.com\/en\/produit\/renoir-lessentiel-2\/\",\"url\":\"https:\/\/librairie7l.com\/en\/produit\/renoir-lessentiel-2\/\",\"name\":\"Renoir : l'essentiel - Librairie 7L\",\"isPartOf\":{\"@id\":\"https:\/\/librairie7l.com\/en\/#website\"},\"datePublished\":\"2026-02-17T00:13:45+00:00\",\"dateModified\":\"2026-04-03T21:50:58+00:00\",\"breadcrumb\":{\"@id\":\"https:\/\/librairie7l.com\/en\/produit\/renoir-lessentiel-2\/#breadcrumb\"},\"inLanguage\":\"en-US\",\"potentialAction\":[{\"@type\":\"ReadAction\",\"target\":[\"https:\/\/librairie7l.com\/en\/produit\/renoir-lessentiel-2\/\"]}]},{\"@type\":\"BreadcrumbList\",\"@id\":\"https:\/\/librairie7l.com\/en\/produit\/renoir-lessentiel-2\/#breadcrumb\",\"itemListElement\":[{\"@type\":\"ListItem\",\"position\":1,\"name\":\"Accueil\",\"item\":\"https:\/\/librairie7l.com\/en\/\"},{\"@type\":\"ListItem\",\"position\":2,\"name\":\"Shop\",\"item\":\"https:\/\/librairie7l.com\/en\/shop\/\"},{\"@type\":\"ListItem\",\"position\":3,\"name\":\"RENOIR : L&#8217;ESSENTIEL\"}]},{\"@type\":\"WebSite\",\"@id\":\"https:\/\/librairie7l.com\/en\/#website\",\"url\":\"https:\/\/librairie7l.com\/en\/\",\"name\":\"Librairie 7L\",\"description\":\"Librairie fond\u00e9e en 1999 par Karl Lagerfeld \u00e0 Paris\",\"publisher\":{\"@id\":\"https:\/\/librairie7l.com\/en\/#organization\"},\"potentialAction\":[{\"@type\":\"SearchAction\",\"target\":{\"@type\":\"EntryPoint\",\"urlTemplate\":\"https:\/\/librairie7l.com\/en\/?s={search_term_string}\"},\"query-input\":\"required name=search_term_string\"}],\"inLanguage\":\"en-US\"},{\"@type\":\"Organization\",\"@id\":\"https:\/\/librairie7l.com\/en\/#organization\",\"name\":\"Librairie 7L\",\"url\":\"https:\/\/librairie7l.com\/en\/\",\"logo\":{\"@type\":\"ImageObject\",\"inLanguage\":\"en-US\",\"@id\":\"https:\/\/librairie7l.com\/en\/#\/schema\/logo\/image\/\",\"url\":\"https:\/\/librairie7l.com\/wp-content\/uploads\/2022\/08\/logo-1.png\",\"contentUrl\":\"https:\/\/librairie7l.com\/wp-content\/uploads\/2022\/08\/logo-1.png\",\"width\":227,\"height\":301,\"caption\":\"Librairie 7L\"},\"image\":{\"@id\":\"https:\/\/librairie7l.com\/en\/#\/schema\/logo\/image\/\"}}]}<\/script>\n<!-- \/ Yoast SEO plugin. -->","yoast_head_json":{"title":"Renoir : l'essentiel - Librairie 7L","robots":{"index":"index","follow":"follow","max-snippet":"max-snippet:-1","max-image-preview":"max-image-preview:large","max-video-preview":"max-video-preview:-1"},"canonical":"https:\/\/librairie7l.com\/en\/produit\/renoir-lessentiel-2\/","og_locale":"en_US","og_type":"article","og_title":"Renoir : l'essentiel - Librairie 7L","og_description":"Jamais artiste n&#8217;a \u00e9t\u00e9 associ\u00e9 comme Auguste Renoir au bonheur de vivre, \u00e0 l&#8217;insouciance et \u00e0 la volupt\u00e9.Figure incontournable de l&#8217;impressionnisme, cr\u00e9ateur de pr\u00e8s de quatre mille toiles, il n&#8217;a cess\u00e9, tout au long de sa carri\u00e8re, de se r\u00e9inventer, depuis ses d\u00e9buts aux c\u00f4t\u00e9s de Monet, puis lors de sa p\u00e9riode dite \u00ab ingresque [&hellip;]","og_url":"https:\/\/librairie7l.com\/en\/produit\/renoir-lessentiel-2\/","og_site_name":"Librairie 7L","article_modified_time":"2026-04-03T21:50:58+00:00","og_image":[{"width":600,"height":738,"url":"https:\/\/librairie7l.com\/wp-content\/uploads\/2023\/06\/9782754113021_1_75.jpg","type":"image\/jpeg"}],"twitter_card":"summary_large_image","twitter_misc":{"Est. reading time":"1 minute"},"schema":{"@context":"https:\/\/schema.org","@graph":[{"@type":"WebPage","@id":"https:\/\/librairie7l.com\/en\/produit\/renoir-lessentiel-2\/","url":"https:\/\/librairie7l.com\/en\/produit\/renoir-lessentiel-2\/","name":"Renoir : l'essentiel - Librairie 7L","isPartOf":{"@id":"https:\/\/librairie7l.com\/en\/#website"},"datePublished":"2026-02-17T00:13:45+00:00","dateModified":"2026-04-03T21:50:58+00:00","breadcrumb":{"@id":"https:\/\/librairie7l.com\/en\/produit\/renoir-lessentiel-2\/#breadcrumb"},"inLanguage":"en-US","potentialAction":[{"@type":"ReadAction","target":["https:\/\/librairie7l.com\/en\/produit\/renoir-lessentiel-2\/"]}]},{"@type":"BreadcrumbList","@id":"https:\/\/librairie7l.com\/en\/produit\/renoir-lessentiel-2\/#breadcrumb","itemListElement":[{"@type":"ListItem","position":1,"name":"Accueil","item":"https:\/\/librairie7l.com\/en\/"},{"@type":"ListItem","position":2,"name":"Shop","item":"https:\/\/librairie7l.com\/en\/shop\/"},{"@type":"ListItem","position":3,"name":"RENOIR : L&#8217;ESSENTIEL"}]},{"@type":"WebSite","@id":"https:\/\/librairie7l.com\/en\/#website","url":"https:\/\/librairie7l.com\/en\/","name":"Librairie 7L","description":"Librairie fond\u00e9e en 1999 par Karl Lagerfeld \u00e0 Paris","publisher":{"@id":"https:\/\/librairie7l.com\/en\/#organization"},"potentialAction":[{"@type":"SearchAction","target":{"@type":"EntryPoint","urlTemplate":"https:\/\/librairie7l.com\/en\/?s={search_term_string}"},"query-input":"required name=search_term_string"}],"inLanguage":"en-US"},{"@type":"Organization","@id":"https:\/\/librairie7l.com\/en\/#organization","name":"Librairie 7L","url":"https:\/\/librairie7l.com\/en\/","logo":{"@type":"ImageObject","inLanguage":"en-US","@id":"https:\/\/librairie7l.com\/en\/#\/schema\/logo\/image\/","url":"https:\/\/librairie7l.com\/wp-content\/uploads\/2022\/08\/logo-1.png","contentUrl":"https:\/\/librairie7l.com\/wp-content\/uploads\/2022\/08\/logo-1.png","width":227,"height":301,"caption":"Librairie 7L"},"image":{"@id":"https:\/\/librairie7l.com\/en\/#\/schema\/logo\/image\/"}}]}},"_links":{"self":[{"href":"https:\/\/librairie7l.com\/en\/wp-json\/wp\/v2\/product\/54980"}],"collection":[{"href":"https:\/\/librairie7l.com\/en\/wp-json\/wp\/v2\/product"}],"about":[{"href":"https:\/\/librairie7l.com\/en\/wp-json\/wp\/v2\/types\/product"}],"wp:featuredmedia":[{"embeddable":true,"href":"https:\/\/librairie7l.com\/en\/wp-json\/wp\/v2\/media\/54978"}],"wp:attachment":[{"href":"https:\/\/librairie7l.com\/en\/wp-json\/wp\/v2\/media?parent=54980"}],"wp:term":[{"taxonomy":"product_cat","embeddable":true,"href":"https:\/\/librairie7l.com\/en\/wp-json\/wp\/v2\/product_cat?post=54980"},{"taxonomy":"product_tag","embeddable":true,"href":"https:\/\/librairie7l.com\/en\/wp-json\/wp\/v2\/product_tag?post=54980"}],"curies":[{"name":"wp","href":"https:\/\/api.w.org\/{rel}","templated":true}]}}