{"id":54984,"date":"2026-02-17T01:14:42","date_gmt":"2026-02-17T00:14:42","guid":{"rendered":"https:\/\/librairie7l.com\/?post_type=product&#038;p=54984"},"modified":"2026-04-04T01:22:05","modified_gmt":"2026-04-03T23:22:05","slug":"monet-2","status":"publish","type":"product","link":"https:\/\/librairie7l.com\/en\/produit\/monet-2\/","title":{"rendered":"MONET"},"content":{"rendered":"<p>Claude Monet, ma\u00eetre de la lumi\u00e8re et des paysages vibrants, a marqu\u00e9 \u00e0 jamais l&#8217;histoire de la peinture. Ce beau livre richement illustr\u00e9 vous plonge dans l&#8217;univers po\u00e9tique et novateur du fondateur de l&#8217;impressionnisme.<br \/>\nClaude Monet, g\u00e9nie visionnaire du XIXe si\u00e8cle, est reconnu comme le p\u00e8re de l&#8217;impressionnisme. Ce mouvement r\u00e9volutionnaire, fond\u00e9 sur la perception fugace de la lumi\u00e8re et la beaut\u00e9 du quotidien, a boulevers\u00e9 les codes classiques de la peinture. Ce livre magnifiquement illustr\u00e9 vous invite \u00e0 red\u00e9couvrir toute la richesse de son oeuvre : des ciels vaporeux de la Manche aux jardins f\u00e9eriques de Giverny, en passant par ses c\u00e9l\u00e8bres Meules, les Cath\u00e9drales de Rouen et les inoubliables Nymph\u00e9as.<\/p>\n<p>\u00c0 travers plus de 100 reproductions fid\u00e8les et un texte clair et passionnant, plongez dans l&#8217;univers color\u00e9, vibrant et \u00e9mouvant d&#8217;un artiste qui a su capter l&#8217;instant avec une sensibilit\u00e9 in\u00e9gal\u00e9e. Que vous soyez amateur d&#8217;art, curieux ou passionn\u00e9, cet ouvrage vous offre une immersion totale dans l&#8217;univers d&#8217;un peintre qui a su \u00e9lever la lumi\u00e8re au rang de sujet principal. Un voyage visuel et artistique incontournable.<\/p>\n","protected":false},"excerpt":{"rendered":"<p>Claude Monet, ma\u00eetre de la lumi\u00e8re et des paysages vibrants, a marqu\u00e9 \u00e0 jamais l&#8217;histoire de la peinture. Ce beau livre richement illustr\u00e9 vous plonge dans l&#8217;univers po\u00e9tique et novateur du fondateur de l&#8217;impressionnisme. Claude Monet, g\u00e9nie visionnaire du XIXe si\u00e8cle, est reconnu comme le p\u00e8re de l&#8217;impressionnisme. Ce mouvement r\u00e9volutionnaire, fond\u00e9 sur la perception [&hellip;]<\/p>\n","protected":false},"featured_media":54982,"template":"","meta":[],"product_cat":[7364,2948],"product_tag":[],"acf":[],"yoast_head":"<!-- This site is optimized with the Yoast SEO plugin v20.11 - https:\/\/yoast.com\/wordpress\/plugins\/seo\/ -->\n<title>Monet - Librairie 7L<\/title>\n<meta name=\"robots\" content=\"index, follow, max-snippet:-1, max-image-preview:large, max-video-preview:-1\" \/>\n<link rel=\"canonical\" href=\"https:\/\/librairie7l.com\/en\/produit\/monet-2\/\" \/>\n<meta property=\"og:locale\" content=\"en_US\" \/>\n<meta property=\"og:type\" content=\"article\" \/>\n<meta property=\"og:title\" content=\"Monet - Librairie 7L\" \/>\n<meta property=\"og:description\" content=\"Claude Monet, ma\u00eetre de la lumi\u00e8re et des paysages vibrants, a marqu\u00e9 \u00e0 jamais l&#8217;histoire de la peinture. Ce beau livre richement illustr\u00e9 vous plonge dans l&#8217;univers po\u00e9tique et novateur du fondateur de l&#8217;impressionnisme. Claude Monet, g\u00e9nie visionnaire du XIXe si\u00e8cle, est reconnu comme le p\u00e8re de l&#8217;impressionnisme. Ce mouvement r\u00e9volutionnaire, fond\u00e9 sur la perception [&hellip;]\" \/>\n<meta property=\"og:url\" content=\"https:\/\/librairie7l.com\/en\/produit\/monet-2\/\" \/>\n<meta property=\"og:site_name\" content=\"Librairie 7L\" \/>\n<meta property=\"article:modified_time\" content=\"2026-04-03T23:22:05+00:00\" \/>\n<meta property=\"og:image\" content=\"https:\/\/librairie7l.com\/wp-content\/uploads\/2025\/06\/9782809910216_1_75.jpg\" \/>\n\t<meta property=\"og:image:width\" content=\"600\" \/>\n\t<meta property=\"og:image:height\" content=\"607\" \/>\n\t<meta property=\"og:image:type\" content=\"image\/jpeg\" \/>\n<meta name=\"twitter:card\" content=\"summary_large_image\" \/>\n<meta name=\"twitter:label1\" content=\"Est. reading time\" \/>\n\t<meta name=\"twitter:data1\" content=\"1 minute\" \/>\n<script type=\"application\/ld+json\" class=\"yoast-schema-graph\">{\"@context\":\"https:\/\/schema.org\",\"@graph\":[{\"@type\":\"WebPage\",\"@id\":\"https:\/\/librairie7l.com\/en\/produit\/monet-2\/\",\"url\":\"https:\/\/librairie7l.com\/en\/produit\/monet-2\/\",\"name\":\"Monet - Librairie 7L\",\"isPartOf\":{\"@id\":\"https:\/\/librairie7l.com\/en\/#website\"},\"datePublished\":\"2026-02-17T00:14:42+00:00\",\"dateModified\":\"2026-04-03T23:22:05+00:00\",\"breadcrumb\":{\"@id\":\"https:\/\/librairie7l.com\/en\/produit\/monet-2\/#breadcrumb\"},\"inLanguage\":\"en-US\",\"potentialAction\":[{\"@type\":\"ReadAction\",\"target\":[\"https:\/\/librairie7l.com\/en\/produit\/monet-2\/\"]}]},{\"@type\":\"BreadcrumbList\",\"@id\":\"https:\/\/librairie7l.com\/en\/produit\/monet-2\/#breadcrumb\",\"itemListElement\":[{\"@type\":\"ListItem\",\"position\":1,\"name\":\"Accueil\",\"item\":\"https:\/\/librairie7l.com\/en\/\"},{\"@type\":\"ListItem\",\"position\":2,\"name\":\"Shop\",\"item\":\"https:\/\/librairie7l.com\/en\/shop\/\"},{\"@type\":\"ListItem\",\"position\":3,\"name\":\"MONET\"}]},{\"@type\":\"WebSite\",\"@id\":\"https:\/\/librairie7l.com\/en\/#website\",\"url\":\"https:\/\/librairie7l.com\/en\/\",\"name\":\"Librairie 7L\",\"description\":\"Librairie fond\u00e9e en 1999 par Karl Lagerfeld \u00e0 Paris\",\"publisher\":{\"@id\":\"https:\/\/librairie7l.com\/en\/#organization\"},\"potentialAction\":[{\"@type\":\"SearchAction\",\"target\":{\"@type\":\"EntryPoint\",\"urlTemplate\":\"https:\/\/librairie7l.com\/en\/?s={search_term_string}\"},\"query-input\":\"required name=search_term_string\"}],\"inLanguage\":\"en-US\"},{\"@type\":\"Organization\",\"@id\":\"https:\/\/librairie7l.com\/en\/#organization\",\"name\":\"Librairie 7L\",\"url\":\"https:\/\/librairie7l.com\/en\/\",\"logo\":{\"@type\":\"ImageObject\",\"inLanguage\":\"en-US\",\"@id\":\"https:\/\/librairie7l.com\/en\/#\/schema\/logo\/image\/\",\"url\":\"https:\/\/librairie7l.com\/wp-content\/uploads\/2022\/08\/logo-1.png\",\"contentUrl\":\"https:\/\/librairie7l.com\/wp-content\/uploads\/2022\/08\/logo-1.png\",\"width\":227,\"height\":301,\"caption\":\"Librairie 7L\"},\"image\":{\"@id\":\"https:\/\/librairie7l.com\/en\/#\/schema\/logo\/image\/\"}}]}<\/script>\n<!-- \/ Yoast SEO plugin. -->","yoast_head_json":{"title":"Monet - Librairie 7L","robots":{"index":"index","follow":"follow","max-snippet":"max-snippet:-1","max-image-preview":"max-image-preview:large","max-video-preview":"max-video-preview:-1"},"canonical":"https:\/\/librairie7l.com\/en\/produit\/monet-2\/","og_locale":"en_US","og_type":"article","og_title":"Monet - Librairie 7L","og_description":"Claude Monet, ma\u00eetre de la lumi\u00e8re et des paysages vibrants, a marqu\u00e9 \u00e0 jamais l&#8217;histoire de la peinture. Ce beau livre richement illustr\u00e9 vous plonge dans l&#8217;univers po\u00e9tique et novateur du fondateur de l&#8217;impressionnisme. Claude Monet, g\u00e9nie visionnaire du XIXe si\u00e8cle, est reconnu comme le p\u00e8re de l&#8217;impressionnisme. Ce mouvement r\u00e9volutionnaire, fond\u00e9 sur la perception [&hellip;]","og_url":"https:\/\/librairie7l.com\/en\/produit\/monet-2\/","og_site_name":"Librairie 7L","article_modified_time":"2026-04-03T23:22:05+00:00","og_image":[{"width":600,"height":607,"url":"https:\/\/librairie7l.com\/wp-content\/uploads\/2025\/06\/9782809910216_1_75.jpg","type":"image\/jpeg"}],"twitter_card":"summary_large_image","twitter_misc":{"Est. reading time":"1 minute"},"schema":{"@context":"https:\/\/schema.org","@graph":[{"@type":"WebPage","@id":"https:\/\/librairie7l.com\/en\/produit\/monet-2\/","url":"https:\/\/librairie7l.com\/en\/produit\/monet-2\/","name":"Monet - Librairie 7L","isPartOf":{"@id":"https:\/\/librairie7l.com\/en\/#website"},"datePublished":"2026-02-17T00:14:42+00:00","dateModified":"2026-04-03T23:22:05+00:00","breadcrumb":{"@id":"https:\/\/librairie7l.com\/en\/produit\/monet-2\/#breadcrumb"},"inLanguage":"en-US","potentialAction":[{"@type":"ReadAction","target":["https:\/\/librairie7l.com\/en\/produit\/monet-2\/"]}]},{"@type":"BreadcrumbList","@id":"https:\/\/librairie7l.com\/en\/produit\/monet-2\/#breadcrumb","itemListElement":[{"@type":"ListItem","position":1,"name":"Accueil","item":"https:\/\/librairie7l.com\/en\/"},{"@type":"ListItem","position":2,"name":"Shop","item":"https:\/\/librairie7l.com\/en\/shop\/"},{"@type":"ListItem","position":3,"name":"MONET"}]},{"@type":"WebSite","@id":"https:\/\/librairie7l.com\/en\/#website","url":"https:\/\/librairie7l.com\/en\/","name":"Librairie 7L","description":"Librairie fond\u00e9e en 1999 par Karl Lagerfeld \u00e0 Paris","publisher":{"@id":"https:\/\/librairie7l.com\/en\/#organization"},"potentialAction":[{"@type":"SearchAction","target":{"@type":"EntryPoint","urlTemplate":"https:\/\/librairie7l.com\/en\/?s={search_term_string}"},"query-input":"required name=search_term_string"}],"inLanguage":"en-US"},{"@type":"Organization","@id":"https:\/\/librairie7l.com\/en\/#organization","name":"Librairie 7L","url":"https:\/\/librairie7l.com\/en\/","logo":{"@type":"ImageObject","inLanguage":"en-US","@id":"https:\/\/librairie7l.com\/en\/#\/schema\/logo\/image\/","url":"https:\/\/librairie7l.com\/wp-content\/uploads\/2022\/08\/logo-1.png","contentUrl":"https:\/\/librairie7l.com\/wp-content\/uploads\/2022\/08\/logo-1.png","width":227,"height":301,"caption":"Librairie 7L"},"image":{"@id":"https:\/\/librairie7l.com\/en\/#\/schema\/logo\/image\/"}}]}},"_links":{"self":[{"href":"https:\/\/librairie7l.com\/en\/wp-json\/wp\/v2\/product\/54984"}],"collection":[{"href":"https:\/\/librairie7l.com\/en\/wp-json\/wp\/v2\/product"}],"about":[{"href":"https:\/\/librairie7l.com\/en\/wp-json\/wp\/v2\/types\/product"}],"wp:featuredmedia":[{"embeddable":true,"href":"https:\/\/librairie7l.com\/en\/wp-json\/wp\/v2\/media\/54982"}],"wp:attachment":[{"href":"https:\/\/librairie7l.com\/en\/wp-json\/wp\/v2\/media?parent=54984"}],"wp:term":[{"taxonomy":"product_cat","embeddable":true,"href":"https:\/\/librairie7l.com\/en\/wp-json\/wp\/v2\/product_cat?post=54984"},{"taxonomy":"product_tag","embeddable":true,"href":"https:\/\/librairie7l.com\/en\/wp-json\/wp\/v2\/product_tag?post=54984"}],"curies":[{"name":"wp","href":"https:\/\/api.w.org\/{rel}","templated":true}]}}