{"id":54988,"date":"2026-02-17T01:15:21","date_gmt":"2026-02-17T00:15:21","guid":{"rendered":"https:\/\/librairie7l.com\/?post_type=product&#038;p=54988"},"modified":"2026-04-04T01:22:23","modified_gmt":"2026-04-03T23:22:23","slug":"monet-lart-plus-grand-2","status":"publish","type":"product","link":"https:\/\/librairie7l.com\/en\/produit\/monet-lart-plus-grand-2\/","title":{"rendered":"MONET : L&#8217;ART PLUS GRAND"},"content":{"rendered":"<p>Peindre l&#8217;instant, la nature sous toutes ses formes et plus encore la lumi\u00e8re, telle est la qu\u00eate inlassable de Claude Monet, chef de file du mouvement impressionniste qui r\u00e9volutionna l&#8217;art de peindre, juxtaposant sur ses toiles une multitude de touches apparentes, fragment\u00e9es, pour capter l&#8217;infinie variation des couleurs. Toute son oeuvre s&#8217;explique par cette qu\u00eate, car c&#8217;est la lumi\u00e8re qui dessine les formes. \u00ab  Un paysage, pour moi, n&#8217;existe point en tant que paysage, puisque l&#8217;aspect en change \u00e0 chaque moment  ; mais il vit par ses alentours, par l&#8217;air et la lumi\u00e8re, qui varient continuellement.  \u00bb Immensit\u00e9s des ciels changeants de Normandie, souffle ondoyant du vent sur les champs de coquelicots, miroitements infinis du soleil sur la mer \u00e0 Bordighera, reflets f\u00e9\u00e9riques des c\u00e9l\u00e8bres nymph\u00e9as \u00e0 Giverny  : Monet s&#8217;affirme comme le peintre par excellence de la lumi\u00e8re et du plein air, l&#8217;un des artistes majeurs de l&#8217;art moderne, l&#8217;un des pr\u00e9curseurs de l&#8217;abstraction.<br \/>\nCet ouvrage consacr\u00e9 \u00e0 Monet propose une d\u00e9couverte de l&#8217;oeuvre de l&#8217;artiste, pr\u00e9sent\u00e9 dans une reliure luxueuse et in\u00e9dite : compos\u00e9e d&#8217;une couverture en vraie toile imprim\u00e9e dont le motif se prolonge en un jaspage harmonieux, elle cr\u00e9e ainsi une illusion visuelle enveloppante qui donne au livre son caract\u00e8re pr\u00e9cieux et unique. En plus d&#8217;une soixantaine d&#8217;oeuvres majeures du peintre, l&#8217;ouvrage reproduit six de ses chefs-d&#8217;oeuvre incontournables sous forme de d\u00e9pliants, qui se d\u00e9ploient en largeur ou en hauteur. Accompagn\u00e9s de notices d\u00e9taill\u00e9es, ils permettent de voir l&#8217;oeuvre en grand, d&#8217;en observer les moindres d\u00e9tails, de s&#8217;immerger dans la texture de la mati\u00e8re et dans la touche picturale.<\/p>\n","protected":false},"excerpt":{"rendered":"<p>Peindre l&#8217;instant, la nature sous toutes ses formes et plus encore la lumi\u00e8re, telle est la qu\u00eate inlassable de Claude Monet, chef de file du mouvement impressionniste qui r\u00e9volutionna l&#8217;art de peindre, juxtaposant sur ses toiles une multitude de touches apparentes, fragment\u00e9es, pour capter l&#8217;infinie variation des couleurs. Toute son oeuvre s&#8217;explique par cette qu\u00eate, [&hellip;]<\/p>\n","protected":false},"featured_media":54986,"template":"","meta":[],"product_cat":[7364,2948],"product_tag":[],"acf":[],"yoast_head":"<!-- This site is optimized with the Yoast SEO plugin v20.11 - https:\/\/yoast.com\/wordpress\/plugins\/seo\/ -->\n<title>Monet : L&#039;art plus grand - Librairie 7L<\/title>\n<meta name=\"robots\" content=\"index, follow, max-snippet:-1, max-image-preview:large, max-video-preview:-1\" \/>\n<link rel=\"canonical\" href=\"https:\/\/librairie7l.com\/en\/produit\/monet-lart-plus-grand-2\/\" \/>\n<meta property=\"og:locale\" content=\"en_US\" \/>\n<meta property=\"og:type\" content=\"article\" \/>\n<meta property=\"og:title\" content=\"Monet : L&#039;art plus grand - Librairie 7L\" \/>\n<meta property=\"og:description\" content=\"Peindre l&#8217;instant, la nature sous toutes ses formes et plus encore la lumi\u00e8re, telle est la qu\u00eate inlassable de Claude Monet, chef de file du mouvement impressionniste qui r\u00e9volutionna l&#8217;art de peindre, juxtaposant sur ses toiles une multitude de touches apparentes, fragment\u00e9es, pour capter l&#8217;infinie variation des couleurs. Toute son oeuvre s&#8217;explique par cette qu\u00eate, [&hellip;]\" \/>\n<meta property=\"og:url\" content=\"https:\/\/librairie7l.com\/en\/produit\/monet-lart-plus-grand-2\/\" \/>\n<meta property=\"og:site_name\" content=\"Librairie 7L\" \/>\n<meta property=\"article:modified_time\" content=\"2026-04-03T23:22:23+00:00\" \/>\n<meta property=\"og:image\" content=\"https:\/\/librairie7l.com\/wp-content\/uploads\/2023\/11\/9782754113724_1_75.jpg\" \/>\n\t<meta property=\"og:image:width\" content=\"871\" \/>\n\t<meta property=\"og:image:height\" content=\"600\" \/>\n\t<meta property=\"og:image:type\" content=\"image\/jpeg\" \/>\n<meta name=\"twitter:card\" content=\"summary_large_image\" \/>\n<meta name=\"twitter:label1\" content=\"Est. reading time\" \/>\n\t<meta name=\"twitter:data1\" content=\"1 minute\" \/>\n<script type=\"application\/ld+json\" class=\"yoast-schema-graph\">{\"@context\":\"https:\/\/schema.org\",\"@graph\":[{\"@type\":\"WebPage\",\"@id\":\"https:\/\/librairie7l.com\/en\/produit\/monet-lart-plus-grand-2\/\",\"url\":\"https:\/\/librairie7l.com\/en\/produit\/monet-lart-plus-grand-2\/\",\"name\":\"Monet : L'art plus grand - Librairie 7L\",\"isPartOf\":{\"@id\":\"https:\/\/librairie7l.com\/en\/#website\"},\"datePublished\":\"2026-02-17T00:15:21+00:00\",\"dateModified\":\"2026-04-03T23:22:23+00:00\",\"breadcrumb\":{\"@id\":\"https:\/\/librairie7l.com\/en\/produit\/monet-lart-plus-grand-2\/#breadcrumb\"},\"inLanguage\":\"en-US\",\"potentialAction\":[{\"@type\":\"ReadAction\",\"target\":[\"https:\/\/librairie7l.com\/en\/produit\/monet-lart-plus-grand-2\/\"]}]},{\"@type\":\"BreadcrumbList\",\"@id\":\"https:\/\/librairie7l.com\/en\/produit\/monet-lart-plus-grand-2\/#breadcrumb\",\"itemListElement\":[{\"@type\":\"ListItem\",\"position\":1,\"name\":\"Accueil\",\"item\":\"https:\/\/librairie7l.com\/en\/\"},{\"@type\":\"ListItem\",\"position\":2,\"name\":\"Shop\",\"item\":\"https:\/\/librairie7l.com\/en\/shop\/\"},{\"@type\":\"ListItem\",\"position\":3,\"name\":\"MONET : L&#8217;ART PLUS GRAND\"}]},{\"@type\":\"WebSite\",\"@id\":\"https:\/\/librairie7l.com\/en\/#website\",\"url\":\"https:\/\/librairie7l.com\/en\/\",\"name\":\"Librairie 7L\",\"description\":\"Librairie fond\u00e9e en 1999 par Karl Lagerfeld \u00e0 Paris\",\"publisher\":{\"@id\":\"https:\/\/librairie7l.com\/en\/#organization\"},\"potentialAction\":[{\"@type\":\"SearchAction\",\"target\":{\"@type\":\"EntryPoint\",\"urlTemplate\":\"https:\/\/librairie7l.com\/en\/?s={search_term_string}\"},\"query-input\":\"required name=search_term_string\"}],\"inLanguage\":\"en-US\"},{\"@type\":\"Organization\",\"@id\":\"https:\/\/librairie7l.com\/en\/#organization\",\"name\":\"Librairie 7L\",\"url\":\"https:\/\/librairie7l.com\/en\/\",\"logo\":{\"@type\":\"ImageObject\",\"inLanguage\":\"en-US\",\"@id\":\"https:\/\/librairie7l.com\/en\/#\/schema\/logo\/image\/\",\"url\":\"https:\/\/librairie7l.com\/wp-content\/uploads\/2022\/08\/logo-1.png\",\"contentUrl\":\"https:\/\/librairie7l.com\/wp-content\/uploads\/2022\/08\/logo-1.png\",\"width\":227,\"height\":301,\"caption\":\"Librairie 7L\"},\"image\":{\"@id\":\"https:\/\/librairie7l.com\/en\/#\/schema\/logo\/image\/\"}}]}<\/script>\n<!-- \/ Yoast SEO plugin. -->","yoast_head_json":{"title":"Monet : L'art plus grand - Librairie 7L","robots":{"index":"index","follow":"follow","max-snippet":"max-snippet:-1","max-image-preview":"max-image-preview:large","max-video-preview":"max-video-preview:-1"},"canonical":"https:\/\/librairie7l.com\/en\/produit\/monet-lart-plus-grand-2\/","og_locale":"en_US","og_type":"article","og_title":"Monet : L'art plus grand - Librairie 7L","og_description":"Peindre l&#8217;instant, la nature sous toutes ses formes et plus encore la lumi\u00e8re, telle est la qu\u00eate inlassable de Claude Monet, chef de file du mouvement impressionniste qui r\u00e9volutionna l&#8217;art de peindre, juxtaposant sur ses toiles une multitude de touches apparentes, fragment\u00e9es, pour capter l&#8217;infinie variation des couleurs. Toute son oeuvre s&#8217;explique par cette qu\u00eate, [&hellip;]","og_url":"https:\/\/librairie7l.com\/en\/produit\/monet-lart-plus-grand-2\/","og_site_name":"Librairie 7L","article_modified_time":"2026-04-03T23:22:23+00:00","og_image":[{"width":871,"height":600,"url":"https:\/\/librairie7l.com\/wp-content\/uploads\/2023\/11\/9782754113724_1_75.jpg","type":"image\/jpeg"}],"twitter_card":"summary_large_image","twitter_misc":{"Est. reading time":"1 minute"},"schema":{"@context":"https:\/\/schema.org","@graph":[{"@type":"WebPage","@id":"https:\/\/librairie7l.com\/en\/produit\/monet-lart-plus-grand-2\/","url":"https:\/\/librairie7l.com\/en\/produit\/monet-lart-plus-grand-2\/","name":"Monet : L'art plus grand - Librairie 7L","isPartOf":{"@id":"https:\/\/librairie7l.com\/en\/#website"},"datePublished":"2026-02-17T00:15:21+00:00","dateModified":"2026-04-03T23:22:23+00:00","breadcrumb":{"@id":"https:\/\/librairie7l.com\/en\/produit\/monet-lart-plus-grand-2\/#breadcrumb"},"inLanguage":"en-US","potentialAction":[{"@type":"ReadAction","target":["https:\/\/librairie7l.com\/en\/produit\/monet-lart-plus-grand-2\/"]}]},{"@type":"BreadcrumbList","@id":"https:\/\/librairie7l.com\/en\/produit\/monet-lart-plus-grand-2\/#breadcrumb","itemListElement":[{"@type":"ListItem","position":1,"name":"Accueil","item":"https:\/\/librairie7l.com\/en\/"},{"@type":"ListItem","position":2,"name":"Shop","item":"https:\/\/librairie7l.com\/en\/shop\/"},{"@type":"ListItem","position":3,"name":"MONET : L&#8217;ART PLUS GRAND"}]},{"@type":"WebSite","@id":"https:\/\/librairie7l.com\/en\/#website","url":"https:\/\/librairie7l.com\/en\/","name":"Librairie 7L","description":"Librairie fond\u00e9e en 1999 par Karl Lagerfeld \u00e0 Paris","publisher":{"@id":"https:\/\/librairie7l.com\/en\/#organization"},"potentialAction":[{"@type":"SearchAction","target":{"@type":"EntryPoint","urlTemplate":"https:\/\/librairie7l.com\/en\/?s={search_term_string}"},"query-input":"required name=search_term_string"}],"inLanguage":"en-US"},{"@type":"Organization","@id":"https:\/\/librairie7l.com\/en\/#organization","name":"Librairie 7L","url":"https:\/\/librairie7l.com\/en\/","logo":{"@type":"ImageObject","inLanguage":"en-US","@id":"https:\/\/librairie7l.com\/en\/#\/schema\/logo\/image\/","url":"https:\/\/librairie7l.com\/wp-content\/uploads\/2022\/08\/logo-1.png","contentUrl":"https:\/\/librairie7l.com\/wp-content\/uploads\/2022\/08\/logo-1.png","width":227,"height":301,"caption":"Librairie 7L"},"image":{"@id":"https:\/\/librairie7l.com\/en\/#\/schema\/logo\/image\/"}}]}},"_links":{"self":[{"href":"https:\/\/librairie7l.com\/en\/wp-json\/wp\/v2\/product\/54988"}],"collection":[{"href":"https:\/\/librairie7l.com\/en\/wp-json\/wp\/v2\/product"}],"about":[{"href":"https:\/\/librairie7l.com\/en\/wp-json\/wp\/v2\/types\/product"}],"wp:featuredmedia":[{"embeddable":true,"href":"https:\/\/librairie7l.com\/en\/wp-json\/wp\/v2\/media\/54986"}],"wp:attachment":[{"href":"https:\/\/librairie7l.com\/en\/wp-json\/wp\/v2\/media?parent=54988"}],"wp:term":[{"taxonomy":"product_cat","embeddable":true,"href":"https:\/\/librairie7l.com\/en\/wp-json\/wp\/v2\/product_cat?post=54988"},{"taxonomy":"product_tag","embeddable":true,"href":"https:\/\/librairie7l.com\/en\/wp-json\/wp\/v2\/product_tag?post=54988"}],"curies":[{"name":"wp","href":"https:\/\/api.w.org\/{rel}","templated":true}]}}