{"id":55000,"date":"2026-02-17T12:26:35","date_gmt":"2026-02-17T11:26:35","guid":{"rendered":"https:\/\/librairie7l.com\/?post_type=product&#038;p=55000"},"modified":"2026-04-04T01:22:22","modified_gmt":"2026-04-03T23:22:22","slug":"el-greco-3","status":"publish","type":"product","link":"https:\/\/librairie7l.com\/en\/produit\/el-greco-3\/","title":{"rendered":"EL GRECO"},"content":{"rendered":"<p>N\u00e9 en 1541 en Cr\u00e8te, Dominikos Theotok\u00f3poulos dit El Greco (1541-1614) arrive \u00e0 Venise en 1566 o\u00f9 il est fortement influenc\u00e9 par Titien et le Tintoret. Quelque temps plus tard il propose au pape de repeindre Le Jugement dernier de Michel-Ange dans l&#8217;esprit de la Contre-R\u00e9forme, ce qui lui attire les foudres des artistes romains. Ayant perdu tout espoir de faire carri\u00e8re en Italie, il va s&#8217;installer \u00e0 Tol\u00e8de en Espagne o\u00f9 il re\u00e7oit de nombreuses commandes de l&#8217;\u00c9glise et de la haute noblesse. Entre 1586 et 1588, il r\u00e9alise le monumental tableau d&#8217;autel L&#8217;Enterrement du comte d&#8217;Orgaz pour l&#8217;\u00e9glise de Santo Tom\u00e9 \u00e0 Tol\u00e8de, qui constitue un chef-d&#8217;oeuvre de la peinture europ\u00e9enne. El Greco limite sa palette \u00e0 quelques couleurs appos\u00e9es de mani\u00e8re expressive, avec une pr\u00e9f\u00e9rence pour les tons de violet, de rose, de jaune et de gris, et agence son motif dans un espace rendu dramatique par la lumi\u00e8re et les ph\u00e9nom\u00e8nes atmosph\u00e9riques. Son oeuvre a eu un impact jusque dans la peinture moderne du XXe si\u00e8cle. Pour Paul C\u00e9zanne et, plus tard, Picasso et les expressionnistes, il \u00e9tait le proph\u00e8te des Modernes. <\/p>\n<p>Ce volume contient:<br \/>\nUne chronologique d\u00e9taill\u00e9e de la vie et de l&#8217;oeuvre de l&#8217;artiste qui rend compte de son importance culturelle et artistique.<br \/>\nUne biographie concise.<br \/>\nUne centaine d&#8217;illustrations couleur accompagn\u00e9es de l\u00e9gendes explicatives.<\/p>\n","protected":false},"excerpt":{"rendered":"<p>N\u00e9 en 1541 en Cr\u00e8te, Dominikos Theotok\u00f3poulos dit El Greco (1541-1614) arrive \u00e0 Venise en 1566 o\u00f9 il est fortement influenc\u00e9 par Titien et le Tintoret. Quelque temps plus tard il propose au pape de repeindre Le Jugement dernier de Michel-Ange dans l&#8217;esprit de la Contre-R\u00e9forme, ce qui lui attire les foudres des artistes romains. [&hellip;]<\/p>\n","protected":false},"featured_media":54998,"template":"","meta":[],"product_cat":[7364,2948],"product_tag":[],"acf":[],"yoast_head":"<!-- This site is optimized with the Yoast SEO plugin v20.11 - https:\/\/yoast.com\/wordpress\/plugins\/seo\/ -->\n<title>El Greco - Librairie 7L<\/title>\n<meta name=\"robots\" content=\"index, follow, max-snippet:-1, max-image-preview:large, max-video-preview:-1\" \/>\n<link rel=\"canonical\" href=\"https:\/\/librairie7l.com\/en\/produit\/el-greco-3\/\" \/>\n<meta property=\"og:locale\" content=\"en_US\" \/>\n<meta property=\"og:type\" content=\"article\" \/>\n<meta property=\"og:title\" content=\"El Greco - Librairie 7L\" \/>\n<meta property=\"og:description\" content=\"N\u00e9 en 1541 en Cr\u00e8te, Dominikos Theotok\u00f3poulos dit El Greco (1541-1614) arrive \u00e0 Venise en 1566 o\u00f9 il est fortement influenc\u00e9 par Titien et le Tintoret. Quelque temps plus tard il propose au pape de repeindre Le Jugement dernier de Michel-Ange dans l&#8217;esprit de la Contre-R\u00e9forme, ce qui lui attire les foudres des artistes romains. [&hellip;]\" \/>\n<meta property=\"og:url\" content=\"https:\/\/librairie7l.com\/en\/produit\/el-greco-3\/\" \/>\n<meta property=\"og:site_name\" content=\"Librairie 7L\" \/>\n<meta property=\"article:modified_time\" content=\"2026-04-03T23:22:22+00:00\" \/>\n<meta property=\"og:image\" content=\"https:\/\/librairie7l.com\/wp-content\/uploads\/2014\/02\/9783836549837_1_75.jpg\" \/>\n\t<meta property=\"og:image:width\" content=\"400\" \/>\n\t<meta property=\"og:image:height\" content=\"503\" \/>\n\t<meta property=\"og:image:type\" content=\"image\/jpeg\" \/>\n<meta name=\"twitter:card\" content=\"summary_large_image\" \/>\n<meta name=\"twitter:label1\" content=\"Est. reading time\" \/>\n\t<meta name=\"twitter:data1\" content=\"1 minute\" \/>\n<script type=\"application\/ld+json\" class=\"yoast-schema-graph\">{\"@context\":\"https:\/\/schema.org\",\"@graph\":[{\"@type\":\"WebPage\",\"@id\":\"https:\/\/librairie7l.com\/en\/produit\/el-greco-3\/\",\"url\":\"https:\/\/librairie7l.com\/en\/produit\/el-greco-3\/\",\"name\":\"El Greco - Librairie 7L\",\"isPartOf\":{\"@id\":\"https:\/\/librairie7l.com\/en\/#website\"},\"datePublished\":\"2026-02-17T11:26:35+00:00\",\"dateModified\":\"2026-04-03T23:22:22+00:00\",\"breadcrumb\":{\"@id\":\"https:\/\/librairie7l.com\/en\/produit\/el-greco-3\/#breadcrumb\"},\"inLanguage\":\"en-US\",\"potentialAction\":[{\"@type\":\"ReadAction\",\"target\":[\"https:\/\/librairie7l.com\/en\/produit\/el-greco-3\/\"]}]},{\"@type\":\"BreadcrumbList\",\"@id\":\"https:\/\/librairie7l.com\/en\/produit\/el-greco-3\/#breadcrumb\",\"itemListElement\":[{\"@type\":\"ListItem\",\"position\":1,\"name\":\"Accueil\",\"item\":\"https:\/\/librairie7l.com\/en\/\"},{\"@type\":\"ListItem\",\"position\":2,\"name\":\"Shop\",\"item\":\"https:\/\/librairie7l.com\/en\/shop\/\"},{\"@type\":\"ListItem\",\"position\":3,\"name\":\"EL GRECO\"}]},{\"@type\":\"WebSite\",\"@id\":\"https:\/\/librairie7l.com\/en\/#website\",\"url\":\"https:\/\/librairie7l.com\/en\/\",\"name\":\"Librairie 7L\",\"description\":\"Librairie fond\u00e9e en 1999 par Karl Lagerfeld \u00e0 Paris\",\"publisher\":{\"@id\":\"https:\/\/librairie7l.com\/en\/#organization\"},\"potentialAction\":[{\"@type\":\"SearchAction\",\"target\":{\"@type\":\"EntryPoint\",\"urlTemplate\":\"https:\/\/librairie7l.com\/en\/?s={search_term_string}\"},\"query-input\":\"required name=search_term_string\"}],\"inLanguage\":\"en-US\"},{\"@type\":\"Organization\",\"@id\":\"https:\/\/librairie7l.com\/en\/#organization\",\"name\":\"Librairie 7L\",\"url\":\"https:\/\/librairie7l.com\/en\/\",\"logo\":{\"@type\":\"ImageObject\",\"inLanguage\":\"en-US\",\"@id\":\"https:\/\/librairie7l.com\/en\/#\/schema\/logo\/image\/\",\"url\":\"https:\/\/librairie7l.com\/wp-content\/uploads\/2022\/08\/logo-1.png\",\"contentUrl\":\"https:\/\/librairie7l.com\/wp-content\/uploads\/2022\/08\/logo-1.png\",\"width\":227,\"height\":301,\"caption\":\"Librairie 7L\"},\"image\":{\"@id\":\"https:\/\/librairie7l.com\/en\/#\/schema\/logo\/image\/\"}}]}<\/script>\n<!-- \/ Yoast SEO plugin. -->","yoast_head_json":{"title":"El Greco - Librairie 7L","robots":{"index":"index","follow":"follow","max-snippet":"max-snippet:-1","max-image-preview":"max-image-preview:large","max-video-preview":"max-video-preview:-1"},"canonical":"https:\/\/librairie7l.com\/en\/produit\/el-greco-3\/","og_locale":"en_US","og_type":"article","og_title":"El Greco - Librairie 7L","og_description":"N\u00e9 en 1541 en Cr\u00e8te, Dominikos Theotok\u00f3poulos dit El Greco (1541-1614) arrive \u00e0 Venise en 1566 o\u00f9 il est fortement influenc\u00e9 par Titien et le Tintoret. Quelque temps plus tard il propose au pape de repeindre Le Jugement dernier de Michel-Ange dans l&#8217;esprit de la Contre-R\u00e9forme, ce qui lui attire les foudres des artistes romains. [&hellip;]","og_url":"https:\/\/librairie7l.com\/en\/produit\/el-greco-3\/","og_site_name":"Librairie 7L","article_modified_time":"2026-04-03T23:22:22+00:00","og_image":[{"width":400,"height":503,"url":"https:\/\/librairie7l.com\/wp-content\/uploads\/2014\/02\/9783836549837_1_75.jpg","type":"image\/jpeg"}],"twitter_card":"summary_large_image","twitter_misc":{"Est. reading time":"1 minute"},"schema":{"@context":"https:\/\/schema.org","@graph":[{"@type":"WebPage","@id":"https:\/\/librairie7l.com\/en\/produit\/el-greco-3\/","url":"https:\/\/librairie7l.com\/en\/produit\/el-greco-3\/","name":"El Greco - Librairie 7L","isPartOf":{"@id":"https:\/\/librairie7l.com\/en\/#website"},"datePublished":"2026-02-17T11:26:35+00:00","dateModified":"2026-04-03T23:22:22+00:00","breadcrumb":{"@id":"https:\/\/librairie7l.com\/en\/produit\/el-greco-3\/#breadcrumb"},"inLanguage":"en-US","potentialAction":[{"@type":"ReadAction","target":["https:\/\/librairie7l.com\/en\/produit\/el-greco-3\/"]}]},{"@type":"BreadcrumbList","@id":"https:\/\/librairie7l.com\/en\/produit\/el-greco-3\/#breadcrumb","itemListElement":[{"@type":"ListItem","position":1,"name":"Accueil","item":"https:\/\/librairie7l.com\/en\/"},{"@type":"ListItem","position":2,"name":"Shop","item":"https:\/\/librairie7l.com\/en\/shop\/"},{"@type":"ListItem","position":3,"name":"EL GRECO"}]},{"@type":"WebSite","@id":"https:\/\/librairie7l.com\/en\/#website","url":"https:\/\/librairie7l.com\/en\/","name":"Librairie 7L","description":"Librairie fond\u00e9e en 1999 par Karl Lagerfeld \u00e0 Paris","publisher":{"@id":"https:\/\/librairie7l.com\/en\/#organization"},"potentialAction":[{"@type":"SearchAction","target":{"@type":"EntryPoint","urlTemplate":"https:\/\/librairie7l.com\/en\/?s={search_term_string}"},"query-input":"required name=search_term_string"}],"inLanguage":"en-US"},{"@type":"Organization","@id":"https:\/\/librairie7l.com\/en\/#organization","name":"Librairie 7L","url":"https:\/\/librairie7l.com\/en\/","logo":{"@type":"ImageObject","inLanguage":"en-US","@id":"https:\/\/librairie7l.com\/en\/#\/schema\/logo\/image\/","url":"https:\/\/librairie7l.com\/wp-content\/uploads\/2022\/08\/logo-1.png","contentUrl":"https:\/\/librairie7l.com\/wp-content\/uploads\/2022\/08\/logo-1.png","width":227,"height":301,"caption":"Librairie 7L"},"image":{"@id":"https:\/\/librairie7l.com\/en\/#\/schema\/logo\/image\/"}}]}},"_links":{"self":[{"href":"https:\/\/librairie7l.com\/en\/wp-json\/wp\/v2\/product\/55000"}],"collection":[{"href":"https:\/\/librairie7l.com\/en\/wp-json\/wp\/v2\/product"}],"about":[{"href":"https:\/\/librairie7l.com\/en\/wp-json\/wp\/v2\/types\/product"}],"wp:featuredmedia":[{"embeddable":true,"href":"https:\/\/librairie7l.com\/en\/wp-json\/wp\/v2\/media\/54998"}],"wp:attachment":[{"href":"https:\/\/librairie7l.com\/en\/wp-json\/wp\/v2\/media?parent=55000"}],"wp:term":[{"taxonomy":"product_cat","embeddable":true,"href":"https:\/\/librairie7l.com\/en\/wp-json\/wp\/v2\/product_cat?post=55000"},{"taxonomy":"product_tag","embeddable":true,"href":"https:\/\/librairie7l.com\/en\/wp-json\/wp\/v2\/product_tag?post=55000"}],"curies":[{"name":"wp","href":"https:\/\/api.w.org\/{rel}","templated":true}]}}