{"id":55010,"date":"2026-02-18T00:26:11","date_gmt":"2026-02-17T23:26:11","guid":{"rendered":"https:\/\/librairie7l.com\/?post_type=product&#038;p=55010"},"modified":"2026-04-03T23:50:52","modified_gmt":"2026-04-03T21:50:52","slug":"photo-poche-tome-124-2","status":"publish","type":"product","link":"https:\/\/librairie7l.com\/en\/produit\/photo-poche-tome-124-2\/","title":{"rendered":"PHOTO POCHE TOME 124"},"content":{"rendered":"<p>Julia Margaret Cameron s&#8217;initie \u00e0 la photographie. Avec autant de passion que de d\u00e9termination. Le poulailler est transform\u00e9 en studio, la cave \u00e0 charbon en chambre noire. D&#8217;abord moqu\u00e9e par une critique qu&#8217;on peut soup\u00e7onner de misogynie, elle d\u00e9veloppe une pratique photographique bien \u00e9loign\u00e9e des pr\u00e9occupations de perfectionnement technique et de r\u00e9alisme documentaire de ses contemporains. En effet, ses aspirations artistiques et picturales la conduisent \u00e0 produire des portraits de grand format, des sc\u00e8nes bibliques comme des sc\u00e8nes de genre. Auteur prolixe, elle utilise comme mod\u00e8le le cercle d&#8217;artistes et d&#8217;intellectuels qui l&#8217;entourent comme ses proches ou sa femme de chambre. Femme \u00e9mancip\u00e9e, elle fait de sa passion pour la photographie une activit\u00e9 professionnelle, exposant et commercialisant ses tirages. Photographe pr\u00e9curseur, par son soucis constant de la ma\u00eetrise de la lumi\u00e8re et du flou, par l&#8217;intensit\u00e9 \u00e9motionnelle de ses portraits, Julia Margaret Cameron suscite, d\u00e8s le d\u00e9but du vingti\u00e8me si\u00e8cle, l&#8217;admiration d&#8217;Alvin Langdon Coburn ou d&#8217;Alfred Stieglitz, et inspire tr\u00e8s largement le mouvement pictorialiste.<\/p>\n<p>Introduction et chronologie de Pamela Glasson Roberts 62 photographies reproduites en quadrichromie notices biographique et bibliographique<\/p>\n","protected":false},"excerpt":{"rendered":"<p>Julia Margaret Cameron s&#8217;initie \u00e0 la photographie. Avec autant de passion que de d\u00e9termination. Le poulailler est transform\u00e9 en studio, la cave \u00e0 charbon en chambre noire. D&#8217;abord moqu\u00e9e par une critique qu&#8217;on peut soup\u00e7onner de misogynie, elle d\u00e9veloppe une pratique photographique bien \u00e9loign\u00e9e des pr\u00e9occupations de perfectionnement technique et de r\u00e9alisme documentaire de ses [&hellip;]<\/p>\n","protected":false},"featured_media":55008,"template":"","meta":[],"product_cat":[7364,2948],"product_tag":[],"acf":[],"yoast_head":"<!-- This site is optimized with the Yoast SEO plugin v20.11 - https:\/\/yoast.com\/wordpress\/plugins\/seo\/ -->\n<title>Photo poche Tome 124 - Librairie 7L<\/title>\n<meta name=\"robots\" content=\"index, follow, max-snippet:-1, max-image-preview:large, max-video-preview:-1\" \/>\n<link rel=\"canonical\" href=\"https:\/\/librairie7l.com\/en\/produit\/photo-poche-tome-124-2\/\" \/>\n<meta property=\"og:locale\" content=\"en_US\" \/>\n<meta property=\"og:type\" content=\"article\" \/>\n<meta property=\"og:title\" content=\"Photo poche Tome 124 - Librairie 7L\" \/>\n<meta property=\"og:description\" content=\"Julia Margaret Cameron s&#8217;initie \u00e0 la photographie. Avec autant de passion que de d\u00e9termination. Le poulailler est transform\u00e9 en studio, la cave \u00e0 charbon en chambre noire. D&#8217;abord moqu\u00e9e par une critique qu&#8217;on peut soup\u00e7onner de misogynie, elle d\u00e9veloppe une pratique photographique bien \u00e9loign\u00e9e des pr\u00e9occupations de perfectionnement technique et de r\u00e9alisme documentaire de ses [&hellip;]\" \/>\n<meta property=\"og:url\" content=\"https:\/\/librairie7l.com\/en\/produit\/photo-poche-tome-124-2\/\" \/>\n<meta property=\"og:site_name\" content=\"Librairie 7L\" \/>\n<meta property=\"article:modified_time\" content=\"2026-04-03T21:50:52+00:00\" \/>\n<meta property=\"og:image\" content=\"https:\/\/librairie7l.com\/wp-content\/uploads\/2009\/05\/9782742786343_1_75.jpg\" \/>\n\t<meta property=\"og:image:width\" content=\"471\" \/>\n\t<meta property=\"og:image:height\" content=\"700\" \/>\n\t<meta property=\"og:image:type\" content=\"image\/jpeg\" \/>\n<meta name=\"twitter:card\" content=\"summary_large_image\" \/>\n<meta name=\"twitter:label1\" content=\"Est. reading time\" \/>\n\t<meta name=\"twitter:data1\" content=\"1 minute\" \/>\n<script type=\"application\/ld+json\" class=\"yoast-schema-graph\">{\"@context\":\"https:\/\/schema.org\",\"@graph\":[{\"@type\":\"WebPage\",\"@id\":\"https:\/\/librairie7l.com\/en\/produit\/photo-poche-tome-124-2\/\",\"url\":\"https:\/\/librairie7l.com\/en\/produit\/photo-poche-tome-124-2\/\",\"name\":\"Photo poche Tome 124 - Librairie 7L\",\"isPartOf\":{\"@id\":\"https:\/\/librairie7l.com\/en\/#website\"},\"datePublished\":\"2026-02-17T23:26:11+00:00\",\"dateModified\":\"2026-04-03T21:50:52+00:00\",\"breadcrumb\":{\"@id\":\"https:\/\/librairie7l.com\/en\/produit\/photo-poche-tome-124-2\/#breadcrumb\"},\"inLanguage\":\"en-US\",\"potentialAction\":[{\"@type\":\"ReadAction\",\"target\":[\"https:\/\/librairie7l.com\/en\/produit\/photo-poche-tome-124-2\/\"]}]},{\"@type\":\"BreadcrumbList\",\"@id\":\"https:\/\/librairie7l.com\/en\/produit\/photo-poche-tome-124-2\/#breadcrumb\",\"itemListElement\":[{\"@type\":\"ListItem\",\"position\":1,\"name\":\"Accueil\",\"item\":\"https:\/\/librairie7l.com\/en\/\"},{\"@type\":\"ListItem\",\"position\":2,\"name\":\"Shop\",\"item\":\"https:\/\/librairie7l.com\/en\/shop\/\"},{\"@type\":\"ListItem\",\"position\":3,\"name\":\"PHOTO POCHE TOME 124\"}]},{\"@type\":\"WebSite\",\"@id\":\"https:\/\/librairie7l.com\/en\/#website\",\"url\":\"https:\/\/librairie7l.com\/en\/\",\"name\":\"Librairie 7L\",\"description\":\"Librairie fond\u00e9e en 1999 par Karl Lagerfeld \u00e0 Paris\",\"publisher\":{\"@id\":\"https:\/\/librairie7l.com\/en\/#organization\"},\"potentialAction\":[{\"@type\":\"SearchAction\",\"target\":{\"@type\":\"EntryPoint\",\"urlTemplate\":\"https:\/\/librairie7l.com\/en\/?s={search_term_string}\"},\"query-input\":\"required name=search_term_string\"}],\"inLanguage\":\"en-US\"},{\"@type\":\"Organization\",\"@id\":\"https:\/\/librairie7l.com\/en\/#organization\",\"name\":\"Librairie 7L\",\"url\":\"https:\/\/librairie7l.com\/en\/\",\"logo\":{\"@type\":\"ImageObject\",\"inLanguage\":\"en-US\",\"@id\":\"https:\/\/librairie7l.com\/en\/#\/schema\/logo\/image\/\",\"url\":\"https:\/\/librairie7l.com\/wp-content\/uploads\/2022\/08\/logo-1.png\",\"contentUrl\":\"https:\/\/librairie7l.com\/wp-content\/uploads\/2022\/08\/logo-1.png\",\"width\":227,\"height\":301,\"caption\":\"Librairie 7L\"},\"image\":{\"@id\":\"https:\/\/librairie7l.com\/en\/#\/schema\/logo\/image\/\"}}]}<\/script>\n<!-- \/ Yoast SEO plugin. -->","yoast_head_json":{"title":"Photo poche Tome 124 - Librairie 7L","robots":{"index":"index","follow":"follow","max-snippet":"max-snippet:-1","max-image-preview":"max-image-preview:large","max-video-preview":"max-video-preview:-1"},"canonical":"https:\/\/librairie7l.com\/en\/produit\/photo-poche-tome-124-2\/","og_locale":"en_US","og_type":"article","og_title":"Photo poche Tome 124 - Librairie 7L","og_description":"Julia Margaret Cameron s&#8217;initie \u00e0 la photographie. Avec autant de passion que de d\u00e9termination. Le poulailler est transform\u00e9 en studio, la cave \u00e0 charbon en chambre noire. D&#8217;abord moqu\u00e9e par une critique qu&#8217;on peut soup\u00e7onner de misogynie, elle d\u00e9veloppe une pratique photographique bien \u00e9loign\u00e9e des pr\u00e9occupations de perfectionnement technique et de r\u00e9alisme documentaire de ses [&hellip;]","og_url":"https:\/\/librairie7l.com\/en\/produit\/photo-poche-tome-124-2\/","og_site_name":"Librairie 7L","article_modified_time":"2026-04-03T21:50:52+00:00","og_image":[{"width":471,"height":700,"url":"https:\/\/librairie7l.com\/wp-content\/uploads\/2009\/05\/9782742786343_1_75.jpg","type":"image\/jpeg"}],"twitter_card":"summary_large_image","twitter_misc":{"Est. reading time":"1 minute"},"schema":{"@context":"https:\/\/schema.org","@graph":[{"@type":"WebPage","@id":"https:\/\/librairie7l.com\/en\/produit\/photo-poche-tome-124-2\/","url":"https:\/\/librairie7l.com\/en\/produit\/photo-poche-tome-124-2\/","name":"Photo poche Tome 124 - Librairie 7L","isPartOf":{"@id":"https:\/\/librairie7l.com\/en\/#website"},"datePublished":"2026-02-17T23:26:11+00:00","dateModified":"2026-04-03T21:50:52+00:00","breadcrumb":{"@id":"https:\/\/librairie7l.com\/en\/produit\/photo-poche-tome-124-2\/#breadcrumb"},"inLanguage":"en-US","potentialAction":[{"@type":"ReadAction","target":["https:\/\/librairie7l.com\/en\/produit\/photo-poche-tome-124-2\/"]}]},{"@type":"BreadcrumbList","@id":"https:\/\/librairie7l.com\/en\/produit\/photo-poche-tome-124-2\/#breadcrumb","itemListElement":[{"@type":"ListItem","position":1,"name":"Accueil","item":"https:\/\/librairie7l.com\/en\/"},{"@type":"ListItem","position":2,"name":"Shop","item":"https:\/\/librairie7l.com\/en\/shop\/"},{"@type":"ListItem","position":3,"name":"PHOTO POCHE TOME 124"}]},{"@type":"WebSite","@id":"https:\/\/librairie7l.com\/en\/#website","url":"https:\/\/librairie7l.com\/en\/","name":"Librairie 7L","description":"Librairie fond\u00e9e en 1999 par Karl Lagerfeld \u00e0 Paris","publisher":{"@id":"https:\/\/librairie7l.com\/en\/#organization"},"potentialAction":[{"@type":"SearchAction","target":{"@type":"EntryPoint","urlTemplate":"https:\/\/librairie7l.com\/en\/?s={search_term_string}"},"query-input":"required name=search_term_string"}],"inLanguage":"en-US"},{"@type":"Organization","@id":"https:\/\/librairie7l.com\/en\/#organization","name":"Librairie 7L","url":"https:\/\/librairie7l.com\/en\/","logo":{"@type":"ImageObject","inLanguage":"en-US","@id":"https:\/\/librairie7l.com\/en\/#\/schema\/logo\/image\/","url":"https:\/\/librairie7l.com\/wp-content\/uploads\/2022\/08\/logo-1.png","contentUrl":"https:\/\/librairie7l.com\/wp-content\/uploads\/2022\/08\/logo-1.png","width":227,"height":301,"caption":"Librairie 7L"},"image":{"@id":"https:\/\/librairie7l.com\/en\/#\/schema\/logo\/image\/"}}]}},"_links":{"self":[{"href":"https:\/\/librairie7l.com\/en\/wp-json\/wp\/v2\/product\/55010"}],"collection":[{"href":"https:\/\/librairie7l.com\/en\/wp-json\/wp\/v2\/product"}],"about":[{"href":"https:\/\/librairie7l.com\/en\/wp-json\/wp\/v2\/types\/product"}],"wp:featuredmedia":[{"embeddable":true,"href":"https:\/\/librairie7l.com\/en\/wp-json\/wp\/v2\/media\/55008"}],"wp:attachment":[{"href":"https:\/\/librairie7l.com\/en\/wp-json\/wp\/v2\/media?parent=55010"}],"wp:term":[{"taxonomy":"product_cat","embeddable":true,"href":"https:\/\/librairie7l.com\/en\/wp-json\/wp\/v2\/product_cat?post=55010"},{"taxonomy":"product_tag","embeddable":true,"href":"https:\/\/librairie7l.com\/en\/wp-json\/wp\/v2\/product_tag?post=55010"}],"curies":[{"name":"wp","href":"https:\/\/api.w.org\/{rel}","templated":true}]}}